{"id":598,"date":"2017-08-23T15:31:55","date_gmt":"2017-08-23T13:31:55","guid":{"rendered":"http:\/\/www.archeoweb.ch\/villa\/?page_id=598"},"modified":"2020-04-09T07:55:28","modified_gmt":"2020-04-09T05:55:28","slug":"villa-romaine-prieure-pully-antiquite","status":"publish","type":"page","link":"https:\/\/archeolab.app\/villa\/","title":{"rendered":""},"content":{"rendered":"\n<div class=\"wp-block-image\"><figure class=\"aligncenter size-large is-resized\"><img loading=\"lazy\" decoding=\"async\" src=\"https:\/\/archeolab.app\/villa\/wp-content\/uploads\/sites\/2\/2020\/04\/LOGO_AL.app_V2.1.png\" alt=\"LOGO_AL.app_V2.1\" class=\"wp-image-2408\" width=\"198\" height=\"131\" srcset=\"https:\/\/archeolab.app\/villa\/wp-content\/uploads\/sites\/2\/2020\/04\/LOGO_AL.app_V2.1.png 792w, https:\/\/archeolab.app\/villa\/wp-content\/uploads\/sites\/2\/2020\/04\/LOGO_AL.app_V2.1-300x198.png 300w, https:\/\/archeolab.app\/villa\/wp-content\/uploads\/sites\/2\/2020\/04\/LOGO_AL.app_V2.1-768x507.png 768w\" sizes=\"auto, (max-width: 198px) 100vw, 198px\" \/><\/figure><\/div>\n\n\n\n<h1 class=\"wp-block-heading\">La villa romaine du Prieur\u00e9<\/h1>\n\n\n\n<p><strong>L\u2019Arch\u00e9oLab de Pully abrite les vestiges d\u2019un palais construit \u00e0 l\u2019\u00e9poque hadrian\u00e9enne (1<sup>er<\/sup>-2<sup>e<\/sup>&nbsp;si\u00e8cle apr. J-C) et d\u00e9couvert dans les ann\u00e9es 1970. Cette&nbsp;<em>villa<\/em>&nbsp;et les quelques objets du quotidien d\u00e9couverts lors des fouilles t\u00e9moignent parfaitement de l\u2019art de vivre \u00e0 la romaine.<\/strong><\/p>\n\n\n<figure class=\"wp-block-gallery columns-3 is-cropped\">\n<ul class=\"blocks-gallery-grid\">\n<li class=\"blocks-gallery-item\">\n<figure><a href=\"https:\/\/archeolab.app\/villa\/pully-avant-la-villa-romaine\/neolithique\/\"><img loading=\"lazy\" decoding=\"async\" class=\"alignnone wp-image-2064 size-medium\" src=\"https:\/\/archeolab.app\/villa\/wp-content\/uploads\/sites\/2\/2018\/06\/AA165-218x300.jpg\" alt=\"\" data-id=\"2064\" data-full-url=\"https:\/\/archeolab.app\/villa\/wp-content\/uploads\/sites\/2\/2018\/06\/AA165.jpg\" data-link=\"https:\/\/archeolab.app\/villa\/villa-romaine-prieure-pully-antiquite\/aa165\/\" width=\"218\" height=\"300\" srcset=\"https:\/\/archeolab.app\/villa\/wp-content\/uploads\/sites\/2\/2018\/06\/AA165-218x300.jpg 218w, https:\/\/archeolab.app\/villa\/wp-content\/uploads\/sites\/2\/2018\/06\/AA165-746x1024.jpg 746w, https:\/\/archeolab.app\/villa\/wp-content\/uploads\/sites\/2\/2018\/06\/AA165-768x1055.jpg 768w, https:\/\/archeolab.app\/villa\/wp-content\/uploads\/sites\/2\/2018\/06\/AA165-1118x1536.jpg 1118w, https:\/\/archeolab.app\/villa\/wp-content\/uploads\/sites\/2\/2018\/06\/AA165-1491x2048.jpg 1491w, https:\/\/archeolab.app\/villa\/wp-content\/uploads\/sites\/2\/2018\/06\/AA165-1200x1648.jpg 1200w, https:\/\/archeolab.app\/villa\/wp-content\/uploads\/sites\/2\/2018\/06\/AA165.jpg 1730w\" sizes=\"auto, (max-width: 218px) 100vw, 218px\" \/><figcaption class=\"blocks-gallery-item__caption\">Pully avant la villa<\/figcaption><\/a><br>\n<\/figure>\n<\/li>\n<li class=\"blocks-gallery-item\">\n<figure><a href=\"https:\/\/archeolab.app\/villa\/le-contexte\/quest-ce-quune-villa\/\"><img loading=\"lazy\" decoding=\"async\" class=\"alignnone wp-image-2032 size-medium\" src=\"https:\/\/archeolab.app\/villa\/wp-content\/uploads\/sites\/2\/2017\/08\/Fundus-300x219.jpg\" alt=\"\" data-id=\"2032\" data-full-url=\"https:\/\/archeolab.app\/villa\/wp-content\/uploads\/sites\/2\/2017\/08\/Fundus.jpg\" data-link=\"https:\/\/archeolab.app\/villa\/villa-romaine-prieure-pully-antiquite\/fundus\/\" width=\"300\" height=\"219\" srcset=\"https:\/\/archeolab.app\/villa\/wp-content\/uploads\/sites\/2\/2017\/08\/Fundus-300x219.jpg 300w, https:\/\/archeolab.app\/villa\/wp-content\/uploads\/sites\/2\/2017\/08\/Fundus-1024x749.jpg 1024w, https:\/\/archeolab.app\/villa\/wp-content\/uploads\/sites\/2\/2017\/08\/Fundus-768x561.jpg 768w, https:\/\/archeolab.app\/villa\/wp-content\/uploads\/sites\/2\/2017\/08\/Fundus-1536x1123.jpg 1536w, https:\/\/archeolab.app\/villa\/wp-content\/uploads\/sites\/2\/2017\/08\/Fundus-1200x877.jpg 1200w, https:\/\/archeolab.app\/villa\/wp-content\/uploads\/sites\/2\/2017\/08\/Fundus-1980x1447.jpg 1980w, https:\/\/archeolab.app\/villa\/wp-content\/uploads\/sites\/2\/2017\/08\/Fundus.jpg 2000w\" sizes=\"auto, (max-width: 300px) 100vw, 300px\" \/><p><\/p>\n<p>&nbsp;<\/p>\n<figcaption class=\"blocks-gallery-item__caption\">Le contexte r\u00e9gional<\/figcaption>\n<\/a><p><a href=\"https:\/\/archeolab.app\/villa\/le-contexte\/quest-ce-quune-villa\/\"><\/a><\/p>\n<p><a href=\"https:\/\/archeolab.app\/villa\/le-contexte\/quest-ce-quune-villa\/\"><\/a><\/p>\n<p><a href=\"https:\/\/archeolab.app\/villa\/le-contexte\/quest-ce-quune-villa\/\"><\/a><\/p>\n<p><a href=\"https:\/\/archeolab.app\/villa\/le-contexte\/quest-ce-quune-villa\/\"><\/a><\/p>\n<p><a href=\"https:\/\/archeolab.app\/villa\/le-contexte\/quest-ce-quune-villa\/\"><\/a><\/p>\n<p><a href=\"https:\/\/archeolab.app\/villa\/le-contexte\/quest-ce-quune-villa\/\"><\/a>\n<\/p>\n<\/figure>\n<\/li>\n<li class=\"blocks-gallery-item\">\n<figure><a href=\"https:\/\/archeolab.app\/villa\/lhistoire-de-la-villa\/premier-siecle-apres-j-c\/\"><img loading=\"lazy\" decoding=\"async\" class=\"alignnone wp-image-2049 size-large\" src=\"https:\/\/archeolab.app\/villa\/wp-content\/uploads\/sites\/2\/2017\/08\/Vue_Villa_01-1-1024x608.jpg\" alt=\"\" data-id=\"2049\" data-full-url=\"https:\/\/archeolab.app\/villa\/wp-content\/uploads\/sites\/2\/2017\/08\/Vue_Villa_01-1.jpg\" data-link=\"https:\/\/archeolab.app\/villa\/vue_villa_01-1\/\" width=\"660\" height=\"392\" srcset=\"https:\/\/archeolab.app\/villa\/wp-content\/uploads\/sites\/2\/2017\/08\/Vue_Villa_01-1-1024x608.jpg 1024w, https:\/\/archeolab.app\/villa\/wp-content\/uploads\/sites\/2\/2017\/08\/Vue_Villa_01-1-300x178.jpg 300w, https:\/\/archeolab.app\/villa\/wp-content\/uploads\/sites\/2\/2017\/08\/Vue_Villa_01-1-768x456.jpg 768w, https:\/\/archeolab.app\/villa\/wp-content\/uploads\/sites\/2\/2017\/08\/Vue_Villa_01-1-1536x912.jpg 1536w, https:\/\/archeolab.app\/villa\/wp-content\/uploads\/sites\/2\/2017\/08\/Vue_Villa_01-1-1200x713.jpg 1200w, https:\/\/archeolab.app\/villa\/wp-content\/uploads\/sites\/2\/2017\/08\/Vue_Villa_01-1-1980x1176.jpg 1980w, https:\/\/archeolab.app\/villa\/wp-content\/uploads\/sites\/2\/2017\/08\/Vue_Villa_01-1.jpg 2000w\" sizes=\"auto, (max-width: 660px) 100vw, 660px\" \/><p><\/p>\n<figcaption class=\"blocks-gallery-item__caption\">L&rsquo;histoire de la villa<\/figcaption>\n<\/a><p><a href=\"https:\/\/archeolab.app\/villa\/lhistoire-de-la-villa\/premier-siecle-apres-j-c\/\"><\/a><\/p>\n<p><a href=\"https:\/\/archeolab.app\/villa\/lhistoire-de-la-villa\/premier-siecle-apres-j-c\/\"><\/a><\/p>\n<p><a href=\"https:\/\/archeolab.app\/villa\/lhistoire-de-la-villa\/premier-siecle-apres-j-c\/\"><\/a><\/p>\n<p><a href=\"https:\/\/archeolab.app\/villa\/lhistoire-de-la-villa\/premier-siecle-apres-j-c\/\"><\/a><\/p>\n<p><a href=\"https:\/\/archeolab.app\/villa\/lhistoire-de-la-villa\/premier-siecle-apres-j-c\/\"><\/a><\/p>\n<p><a href=\"https:\/\/archeolab.app\/villa\/lhistoire-de-la-villa\/premier-siecle-apres-j-c\/\"><\/a><\/p>\n<\/figure>\n<\/li>\n<li class=\"blocks-gallery-item\">\n<figure><a href=\"https:\/\/archeolab.app\/villa\/la-vie-quotidienne-a-lepoque-romaine\/la-vie-dans-la-villa\/\"><img loading=\"lazy\" decoding=\"async\" class=\"alignnone wp-image-2051 size-medium\" src=\"https:\/\/archeolab.app\/villa\/wp-content\/uploads\/sites\/2\/2018\/01\/1466-mod-245x300.jpg\" alt=\"\" data-id=\"2051\" data-full-url=\"https:\/\/archeolab.app\/villa\/wp-content\/uploads\/sites\/2\/2018\/01\/1466-mod.jpg\" data-link=\"https:\/\/archeolab.app\/villa\/1466-mod\/\" width=\"245\" height=\"300\" srcset=\"https:\/\/archeolab.app\/villa\/wp-content\/uploads\/sites\/2\/2018\/01\/1466-mod-245x300.jpg 245w, https:\/\/archeolab.app\/villa\/wp-content\/uploads\/sites\/2\/2018\/01\/1466-mod-836x1024.jpg 836w, https:\/\/archeolab.app\/villa\/wp-content\/uploads\/sites\/2\/2018\/01\/1466-mod-768x940.jpg 768w, https:\/\/archeolab.app\/villa\/wp-content\/uploads\/sites\/2\/2018\/01\/1466-mod-1254x1536.jpg 1254w, https:\/\/archeolab.app\/villa\/wp-content\/uploads\/sites\/2\/2018\/01\/1466-mod-1200x1469.jpg 1200w, https:\/\/archeolab.app\/villa\/wp-content\/uploads\/sites\/2\/2018\/01\/1466-mod.jpg 1590w\" sizes=\"auto, (max-width: 245px) 100vw, 245px\" \/><p><\/p>\n<p>&nbsp;<\/p>\n<figcaption class=\"blocks-gallery-item__caption\">La vie quotidienne<\/figcaption>\n<\/a><p><a href=\"https:\/\/archeolab.app\/villa\/la-vie-quotidienne-a-lepoque-romaine\/la-vie-dans-la-villa\/\"><\/a><\/p>\n<p><a href=\"https:\/\/archeolab.app\/villa\/la-vie-quotidienne-a-lepoque-romaine\/la-vie-dans-la-villa\/\"><\/a><\/p>\n<p><a href=\"https:\/\/archeolab.app\/villa\/la-vie-quotidienne-a-lepoque-romaine\/la-vie-dans-la-villa\/\"><\/a><\/p>\n<p><a href=\"https:\/\/archeolab.app\/villa\/la-vie-quotidienne-a-lepoque-romaine\/la-vie-dans-la-villa\/\"><\/a><\/p>\n<p><a href=\"https:\/\/archeolab.app\/villa\/la-vie-quotidienne-a-lepoque-romaine\/la-vie-dans-la-villa\/\"><\/a><\/p>\n<p><a href=\"https:\/\/archeolab.app\/villa\/la-vie-quotidienne-a-lepoque-romaine\/la-vie-dans-la-villa\/\"><\/a>\n<\/p>\n<\/figure>\n<\/li>\n<li class=\"blocks-gallery-item\">\n<figure><a href=\"https:\/\/archeolab.app\/villa\/apres-la-villa\/antiquite-tardive\/\"><img loading=\"lazy\" decoding=\"async\" class=\"alignnone wp-image-1411 size-medium\" src=\"https:\/\/archeolab.app\/villa\/wp-content\/uploads\/sites\/2\/2017\/08\/fig002_cadastre_1689mod-243x300.jpg\" alt=\"\" data-id=\"1411\" data-full-url=\"https:\/\/archeolab.app\/villa\/wp-content\/uploads\/sites\/2\/2017\/08\/fig002_cadastre_1689mod.jpg\" data-link=\"https:\/\/archeolab.app\/villa\/fig002_cadastre_1689mod\/\" width=\"243\" height=\"300\" srcset=\"https:\/\/archeolab.app\/villa\/wp-content\/uploads\/sites\/2\/2017\/08\/fig002_cadastre_1689mod-243x300.jpg 243w, https:\/\/archeolab.app\/villa\/wp-content\/uploads\/sites\/2\/2017\/08\/fig002_cadastre_1689mod-829x1024.jpg 829w, https:\/\/archeolab.app\/villa\/wp-content\/uploads\/sites\/2\/2017\/08\/fig002_cadastre_1689mod.jpg 850w\" sizes=\"auto, (max-width: 243px) 100vw, 243px\" \/><p><\/p>\n<p>&nbsp;<\/p>\n<figcaption class=\"blocks-gallery-item__caption\">Apr\u00e8s la villa<\/figcaption>\n<\/a><p><a href=\"https:\/\/archeolab.app\/villa\/apres-la-villa\/antiquite-tardive\/\"><\/a><\/p>\n<p><a href=\"https:\/\/archeolab.app\/villa\/apres-la-villa\/antiquite-tardive\/\"><\/a><\/p>\n<p><a href=\"https:\/\/archeolab.app\/villa\/apres-la-villa\/antiquite-tardive\/\"><\/a><\/p>\n<p><a href=\"https:\/\/archeolab.app\/villa\/apres-la-villa\/antiquite-tardive\/\"><\/a><\/p>\n<p><a href=\"https:\/\/archeolab.app\/villa\/apres-la-villa\/antiquite-tardive\/\"><\/a><\/p>\n<p><a href=\"https:\/\/archeolab.app\/villa\/apres-la-villa\/antiquite-tardive\/\"><\/a><\/p>\n<p>&nbsp;<\/p>\n<\/figure>\n<\/li>\n<li class=\"blocks-gallery-item\">\n<figure><a href=\"https:\/\/archeolab.app\/villa\/lhistoire-des-decouvertes\/\"><img loading=\"lazy\" decoding=\"async\" class=\"alignnone wp-image-1410 size-medium\" src=\"https:\/\/archeolab.app\/villa\/wp-content\/uploads\/sites\/2\/2017\/08\/fig338_provisoiremod-199x300.jpg\" alt=\"\" data-id=\"1410\" data-full-url=\"https:\/\/archeolab.app\/villa\/wp-content\/uploads\/sites\/2\/2017\/08\/fig338_provisoiremod.jpg\" data-link=\"https:\/\/archeolab.app\/villa\/fig338_provisoire-3\/\" width=\"199\" height=\"300\" srcset=\"https:\/\/archeolab.app\/villa\/wp-content\/uploads\/sites\/2\/2017\/08\/fig338_provisoiremod-199x300.jpg 199w, https:\/\/archeolab.app\/villa\/wp-content\/uploads\/sites\/2\/2017\/08\/fig338_provisoiremod-679x1024.jpg 679w, https:\/\/archeolab.app\/villa\/wp-content\/uploads\/sites\/2\/2017\/08\/fig338_provisoiremod.jpg 712w\" sizes=\"auto, (max-width: 199px) 100vw, 199px\" \/><p><\/p>\n<p>&nbsp;<\/p>\n<figcaption class=\"blocks-gallery-item__caption\">L&rsquo;histoire des d\u00e9couvertes<\/figcaption>\n<\/a><p><a href=\"https:\/\/archeolab.app\/villa\/lhistoire-des-decouvertes\/\"><\/a><\/p>\n<p><a href=\"https:\/\/archeolab.app\/villa\/lhistoire-des-decouvertes\/\"><\/a><\/p>\n<p><a href=\"https:\/\/archeolab.app\/villa\/lhistoire-des-decouvertes\/\"><\/a><\/p>\n<p><a href=\"https:\/\/archeolab.app\/villa\/lhistoire-des-decouvertes\/\"><\/a><\/p>\n<p><a href=\"https:\/\/archeolab.app\/villa\/lhistoire-des-decouvertes\/\"><\/a><\/p>\n<p><a href=\"https:\/\/archeolab.app\/villa\/lhistoire-des-decouvertes\/\"><\/a><\/p>\n<p>&nbsp;<\/p>\n<\/figure>\n<\/li>\n<\/ul>\n<\/figure>","protected":false},"excerpt":{"rendered":"<p>La villa romaine du Prieur\u00e9 L\u2019Arch\u00e9oLab de Pully abrite les vestiges d\u2019un palais construit \u00e0 l\u2019\u00e9poque hadrian\u00e9enne (1er-2e&nbsp;si\u00e8cle apr. J-C) et d\u00e9couvert dans les ann\u00e9es 1970. Cette&nbsp;villa&nbsp;et les quelques objets &hellip; <a href=\"https:\/\/archeolab.app\/villa\/\" class=\"more-link\">Continuer la lecture de <span class=\"screen-reader-text\"><\/span><\/a><\/p>\n","protected":false},"author":1,"featured_media":0,"parent":0,"menu_order":0,"comment_status":"closed","ping_status":"closed","template":"","meta":{"_acf_changed":false,"footnotes":""},"class_list":["post-598","page","type-page","status-publish","hentry"],"acf":[],"yoast_head":"<!-- This site is optimized with the Yoast SEO plugin v27.5 - https:\/\/yoast.com\/product\/yoast-seo-wordpress\/ -->\n<title>La villa romaine du Prieur\u00e9<\/title>\n<meta name=\"description\" content=\"Visite virtuelle de la villa romaine de Pully, historique de sa d\u00e9couverte et informations sur l&#039;\u00e9poque romaine en Suisse Romande\" \/>\n<meta name=\"robots\" content=\"index, follow, max-snippet:-1, max-image-preview:large, max-video-preview:-1\" \/>\n<link rel=\"canonical\" href=\"https:\/\/archeolab.app\/villa\/\" \/>\n<meta property=\"og:locale\" content=\"fr_FR\" \/>\n<meta property=\"og:type\" content=\"article\" \/>\n<meta property=\"og:title\" content=\"La villa romaine du Prieur\u00e9\" \/>\n<meta property=\"og:description\" content=\"Visite virtuelle de la villa romaine de Pully, historique de sa d\u00e9couverte et informations sur l&#039;\u00e9poque romaine en Suisse Romande\" \/>\n<meta property=\"og:url\" content=\"https:\/\/archeolab.app\/villa\/\" \/>\n<meta property=\"og:site_name\" content=\"La villa romaine du Prieur\u00e9\" \/>\n<meta property=\"article:modified_time\" content=\"2020-04-09T05:55:28+00:00\" \/>\n<meta property=\"og:image\" content=\"https:\/\/archeolab.app\/villa\/wp-content\/uploads\/sites\/2\/2020\/04\/LOGO_AL.app_V2.1.png\" \/>\n<meta name=\"twitter:card\" content=\"summary_large_image\" \/>\n<script type=\"application\/ld+json\" class=\"yoast-schema-graph\">{\"@context\":\"https:\\\/\\\/schema.org\",\"@graph\":[{\"@type\":\"WebPage\",\"@id\":\"https:\\\/\\\/archeolab.app\\\/villa\\\/\",\"url\":\"https:\\\/\\\/archeolab.app\\\/villa\\\/\",\"name\":\"La villa romaine du Prieur\u00e9\",\"isPartOf\":{\"@id\":\"https:\\\/\\\/archeolab.app\\\/villa\\\/#website\"},\"primaryImageOfPage\":{\"@id\":\"https:\\\/\\\/archeolab.app\\\/villa\\\/#primaryimage\"},\"image\":{\"@id\":\"https:\\\/\\\/archeolab.app\\\/villa\\\/#primaryimage\"},\"thumbnailUrl\":\"https:\\\/\\\/archeolab.app\\\/villa\\\/wp-content\\\/uploads\\\/sites\\\/2\\\/2020\\\/04\\\/LOGO_AL.app_V2.1.png\",\"datePublished\":\"2017-08-23T13:31:55+00:00\",\"dateModified\":\"2020-04-09T05:55:28+00:00\",\"description\":\"Visite virtuelle de la villa romaine de Pully, historique de sa d\u00e9couverte et informations sur l'\u00e9poque romaine en Suisse Romande\",\"inLanguage\":\"fr-FR\",\"potentialAction\":[{\"@type\":\"ReadAction\",\"target\":[\"https:\\\/\\\/archeolab.app\\\/villa\\\/\"]}]},{\"@type\":\"ImageObject\",\"inLanguage\":\"fr-FR\",\"@id\":\"https:\\\/\\\/archeolab.app\\\/villa\\\/#primaryimage\",\"url\":\"https:\\\/\\\/archeolab.app\\\/villa\\\/wp-content\\\/uploads\\\/sites\\\/2\\\/2020\\\/04\\\/LOGO_AL.app_V2.1.png\",\"contentUrl\":\"https:\\\/\\\/archeolab.app\\\/villa\\\/wp-content\\\/uploads\\\/sites\\\/2\\\/2020\\\/04\\\/LOGO_AL.app_V2.1.png\",\"width\":792,\"height\":523,\"caption\":\"LOGO_AL.app_V2.1\"},{\"@type\":\"WebSite\",\"@id\":\"https:\\\/\\\/archeolab.app\\\/villa\\\/#website\",\"url\":\"https:\\\/\\\/archeolab.app\\\/villa\\\/\",\"name\":\"La villa romaine du Prieur\u00e9\",\"description\":\"Une visite virtuelle de la villa romaine de Pully\",\"publisher\":{\"@id\":\"https:\\\/\\\/archeolab.app\\\/villa\\\/#organization\"},\"potentialAction\":[{\"@type\":\"SearchAction\",\"target\":{\"@type\":\"EntryPoint\",\"urlTemplate\":\"https:\\\/\\\/archeolab.app\\\/villa\\\/?s={search_term_string}\"},\"query-input\":{\"@type\":\"PropertyValueSpecification\",\"valueRequired\":true,\"valueName\":\"search_term_string\"}}],\"inLanguage\":\"fr-FR\"},{\"@type\":\"Organization\",\"@id\":\"https:\\\/\\\/archeolab.app\\\/villa\\\/#organization\",\"name\":\"Arch\u00e9olab\",\"url\":\"https:\\\/\\\/archeolab.app\\\/villa\\\/\",\"logo\":{\"@type\":\"ImageObject\",\"inLanguage\":\"fr-FR\",\"@id\":\"https:\\\/\\\/archeolab.app\\\/villa\\\/#\\\/schema\\\/logo\\\/image\\\/\",\"url\":\"https:\\\/\\\/archeolab.app\\\/villa\\\/wp-content\\\/uploads\\\/sites\\\/2\\\/2020\\\/03\\\/LOGO_AL.app_small-02.png\",\"contentUrl\":\"https:\\\/\\\/archeolab.app\\\/villa\\\/wp-content\\\/uploads\\\/sites\\\/2\\\/2020\\\/03\\\/LOGO_AL.app_small-02.png\",\"width\":527,\"height\":523,\"caption\":\"Arch\u00e9olab\"},\"image\":{\"@id\":\"https:\\\/\\\/archeolab.app\\\/villa\\\/#\\\/schema\\\/logo\\\/image\\\/\"}}]}<\/script>\n<!-- \/ Yoast SEO plugin. -->","yoast_head_json":{"title":"La villa romaine du Prieur\u00e9","description":"Visite virtuelle de la villa romaine de Pully, historique de sa d\u00e9couverte et informations sur l'\u00e9poque romaine en Suisse Romande","robots":{"index":"index","follow":"follow","max-snippet":"max-snippet:-1","max-image-preview":"max-image-preview:large","max-video-preview":"max-video-preview:-1"},"canonical":"https:\/\/archeolab.app\/villa\/","og_locale":"fr_FR","og_type":"article","og_title":"La villa romaine du Prieur\u00e9","og_description":"Visite virtuelle de la villa romaine de Pully, historique de sa d\u00e9couverte et informations sur l'\u00e9poque romaine en Suisse Romande","og_url":"https:\/\/archeolab.app\/villa\/","og_site_name":"La villa romaine du Prieur\u00e9","article_modified_time":"2020-04-09T05:55:28+00:00","og_image":[{"url":"https:\/\/archeolab.app\/villa\/wp-content\/uploads\/sites\/2\/2020\/04\/LOGO_AL.app_V2.1.png","type":"","width":"","height":""}],"twitter_card":"summary_large_image","schema":{"@context":"https:\/\/schema.org","@graph":[{"@type":"WebPage","@id":"https:\/\/archeolab.app\/villa\/","url":"https:\/\/archeolab.app\/villa\/","name":"La villa romaine du Prieur\u00e9","isPartOf":{"@id":"https:\/\/archeolab.app\/villa\/#website"},"primaryImageOfPage":{"@id":"https:\/\/archeolab.app\/villa\/#primaryimage"},"image":{"@id":"https:\/\/archeolab.app\/villa\/#primaryimage"},"thumbnailUrl":"https:\/\/archeolab.app\/villa\/wp-content\/uploads\/sites\/2\/2020\/04\/LOGO_AL.app_V2.1.png","datePublished":"2017-08-23T13:31:55+00:00","dateModified":"2020-04-09T05:55:28+00:00","description":"Visite virtuelle de la villa romaine de Pully, historique de sa d\u00e9couverte et informations sur l'\u00e9poque romaine en Suisse Romande","inLanguage":"fr-FR","potentialAction":[{"@type":"ReadAction","target":["https:\/\/archeolab.app\/villa\/"]}]},{"@type":"ImageObject","inLanguage":"fr-FR","@id":"https:\/\/archeolab.app\/villa\/#primaryimage","url":"https:\/\/archeolab.app\/villa\/wp-content\/uploads\/sites\/2\/2020\/04\/LOGO_AL.app_V2.1.png","contentUrl":"https:\/\/archeolab.app\/villa\/wp-content\/uploads\/sites\/2\/2020\/04\/LOGO_AL.app_V2.1.png","width":792,"height":523,"caption":"LOGO_AL.app_V2.1"},{"@type":"WebSite","@id":"https:\/\/archeolab.app\/villa\/#website","url":"https:\/\/archeolab.app\/villa\/","name":"La villa romaine du Prieur\u00e9","description":"Une visite virtuelle de la villa romaine de Pully","publisher":{"@id":"https:\/\/archeolab.app\/villa\/#organization"},"potentialAction":[{"@type":"SearchAction","target":{"@type":"EntryPoint","urlTemplate":"https:\/\/archeolab.app\/villa\/?s={search_term_string}"},"query-input":{"@type":"PropertyValueSpecification","valueRequired":true,"valueName":"search_term_string"}}],"inLanguage":"fr-FR"},{"@type":"Organization","@id":"https:\/\/archeolab.app\/villa\/#organization","name":"Arch\u00e9olab","url":"https:\/\/archeolab.app\/villa\/","logo":{"@type":"ImageObject","inLanguage":"fr-FR","@id":"https:\/\/archeolab.app\/villa\/#\/schema\/logo\/image\/","url":"https:\/\/archeolab.app\/villa\/wp-content\/uploads\/sites\/2\/2020\/03\/LOGO_AL.app_small-02.png","contentUrl":"https:\/\/archeolab.app\/villa\/wp-content\/uploads\/sites\/2\/2020\/03\/LOGO_AL.app_small-02.png","width":527,"height":523,"caption":"Arch\u00e9olab"},"image":{"@id":"https:\/\/archeolab.app\/villa\/#\/schema\/logo\/image\/"}}]}},"_links":{"self":[{"href":"https:\/\/archeolab.app\/villa\/wp-json\/wp\/v2\/pages\/598","targetHints":{"allow":["GET"]}}],"collection":[{"href":"https:\/\/archeolab.app\/villa\/wp-json\/wp\/v2\/pages"}],"about":[{"href":"https:\/\/archeolab.app\/villa\/wp-json\/wp\/v2\/types\/page"}],"author":[{"embeddable":true,"href":"https:\/\/archeolab.app\/villa\/wp-json\/wp\/v2\/users\/1"}],"replies":[{"embeddable":true,"href":"https:\/\/archeolab.app\/villa\/wp-json\/wp\/v2\/comments?post=598"}],"version-history":[{"count":30,"href":"https:\/\/archeolab.app\/villa\/wp-json\/wp\/v2\/pages\/598\/revisions"}],"predecessor-version":[{"id":2435,"href":"https:\/\/archeolab.app\/villa\/wp-json\/wp\/v2\/pages\/598\/revisions\/2435"}],"wp:attachment":[{"href":"https:\/\/archeolab.app\/villa\/wp-json\/wp\/v2\/media?parent=598"}],"curies":[{"name":"wp","href":"https:\/\/api.w.org\/{rel}","templated":true}]}}