{"id":184,"date":"2017-08-23T09:05:21","date_gmt":"2017-08-23T07:05:21","guid":{"rendered":"http:\/\/www.archeoweb.ch\/villa\/la-vie-quotidienne-a-lepoque-romaine\/la-vie-dans-la-villa\/la-cuisine\/"},"modified":"2017-08-23T09:05:21","modified_gmt":"2017-08-23T07:05:21","slug":"la-cuisine","status":"publish","type":"page","link":"https:\/\/archeolab.app\/villa\/la-vie-quotidienne-a-lepoque-romaine\/la-vie-dans-la-villa\/la-cuisine\/","title":{"rendered":"La cuisine"},"content":{"rendered":"<p style=\"text-align: justify\">Ah, j\u2019entends votre ventre gargouiller. Vous avez un petit creux\u00a0? Allons faire un tour dans la cuisine. Vous apercevez quelques esclaves qui s\u2019affairent. Ils allument un feu sur un foyer constitu\u00e9 de petites dalles. Dessus, ils placent une marmite pour y cuisiner rago\u00fbts, pot\u00e9es et soupes. De c\u00f4t\u00e9, ils installent une broche suspendue pour cuire la viande. Et oui, vous \u00eates nos invit\u00e9s et c\u2019est jour de f\u00eate\u00a0! On cuisine ce qu\u2019il y a de meilleur pour vous\u00a0! Les esclaves sortent la plus belle vaisselle, en verre, en bronze et en argent, alors que d\u2019habitude, la famille utilise plut\u00f4t des assiettes et des gobelets en c\u00e9ramique. On retrouve ce mat\u00e9riau en milliers d\u2019exemplaires sur les sites arch\u00e9ologiques et il nous fournit de nombreuses informations chronologiques, mais aussi sur les habitudes culinaires ou encore le commerce et l\u2019artisanat.<\/p>\n<figure id=\"attachment_1121\" aria-describedby=\"caption-attachment-1121\" style=\"width: 651px\" class=\"wp-caption aligncenter\"><img loading=\"lazy\" decoding=\"async\" class=\"wp-image-1121 \" style=\"font-size: 1rem\" src=\"https:\/\/archeolab.app\/villa\/wp-content\/uploads\/sites\/2\/2017\/08\/cuisineromaine.jpg\" alt=\"\" width=\"651\" height=\"454\" srcset=\"https:\/\/archeolab.app\/villa\/wp-content\/uploads\/sites\/2\/2017\/08\/cuisineromaine.jpg 499w, https:\/\/archeolab.app\/villa\/wp-content\/uploads\/sites\/2\/2017\/08\/cuisineromaine-300x209.jpg 300w\" sizes=\"auto, (max-width: 651px) 100vw, 651px\" \/><figcaption id=\"caption-attachment-1121\" class=\"wp-caption-text\">Restitution 3D de l&rsquo;ambiance d&rsquo;une cuisine romaine. http:\/\/actu-histoireantique.over-blog.com\/page-4062205.html<\/figcaption><\/figure>\n<p style=\"text-align: justify\">Une odeur douce et \u00e9pic\u00e9e que vous n\u2019arrivez pas \u00e0 d\u00e9terminer flotte dans l\u2019air. Qu\u2019est que cela peut-il bien \u00eatre\u00a0? Vous d\u00e9cidez d\u2019examiner les diff\u00e9rents ingr\u00e9dients de la cuisine. La nourriture est surtout compos\u00e9e de c\u00e9r\u00e9ales, de pain, de fruits, de l\u00e9gumes et de champignons de nos r\u00e9gions. Pour la viande, c\u2019est essentiellement de la viande de porc, de mouton ou de ch\u00e8vre et parfois du gibier provenant de la chasse, qui est consomm\u00e9e. Il s\u2019agit donc uniquement d\u2019aliments de provenance locale. L\u2019une des esclaves vous explique que la viande est bien trop ch\u00e8re pour la plupart des habitants. C\u2019est surtout les jours de f\u00eate qu\u2019ils en mangent, tandis que les riches citoyens, comme le <em>dominus<\/em> de la <em>villa<\/em>, ont les moyens d\u2019en manger plus souvent.<\/p>\n<p style=\"text-align: justify\">Tout \u00e0 coup, une odeur particuli\u00e8rement forte se d\u00e9gage d\u2019une des amphores et vous r\u00e9primez un haut-le-coeur. Il s\u2019agit du <em>garum<\/em>, une sauce \u00e0 base de chair ou des visc\u00e8res de poisson mac\u00e9r\u00e9es dans du sel, pour relever les mets. Les Romains en sont tr\u00e8s friands\u00a0! Cette sauce, ainsi que le vin et l\u2019huile d\u2019olive, sont import\u00e9es d\u2019Espagne, d\u2019Italie, ou encore de Gr\u00e8ce\u00a0! Ils viennent vraiment de loin\u00a0!<\/p>\n<p style=\"text-align: justify\">Mmmmh\u2026.d\u2019autres odeurs vous mettent l\u2019eau \u00e0 la bouche et vous esp\u00e9rez secr\u00e8tement un soda bien frais. Et bien vous n\u2019en aurez pas\u00a0; les Romains ne connaissent bien \u00e9videmment pas cette boisson et buvaient g\u00e9n\u00e9ralement du vin, qu\u2019ils coupent avec de l\u2019eau, de la bi\u00e8re de tradition gauloise ou du lait de ch\u00e8vre et de vache. Quant aux plus riches, ils consomment volontiers de l\u2019hydromel dont le prix \u00e9tait plus \u00e9lev\u00e9 en raison de sa composition plus \u00e9labor\u00e9e.<\/p>\n<div style=\"width: 660px;\" class=\"wp-video\"><video class=\"wp-video-shortcode\" id=\"video-184-1\" width=\"660\" height=\"371\" preload=\"metadata\" controls=\"controls\"><source type=\"video\/mp4\" src=\"https:\/\/archeolab.app\/villa\/wp-content\/uploads\/sites\/2\/2017\/08\/esclaves-cuisine.mp4?_=1\" \/><a href=\"https:\/\/archeolab.app\/villa\/wp-content\/uploads\/sites\/2\/2017\/08\/esclaves-cuisine.mp4\">https:\/\/archeolab.app\/villa\/wp-content\/uploads\/sites\/2\/2017\/08\/esclaves-cuisine.mp4<\/a><\/video><\/div>\n<p>\u21d2 <a href=\"https:\/\/archeolab.app\/villa\/la-vie-quotidienne-a-lepoque-romaine\/la-vie-dans-la-villa\/la-cuisine\/lhabillement-et-la-parure\/\">L&rsquo;habillement et la parure<\/a><\/p>\n","protected":false},"excerpt":{"rendered":"<p>Ah, j\u2019entends votre ventre gargouiller. Vous avez un petit creux\u00a0? Allons faire un tour dans la cuisine. Vous apercevez quelques esclaves qui s\u2019affairent. Ils allument un feu sur un foyer &hellip; <a href=\"https:\/\/archeolab.app\/villa\/la-vie-quotidienne-a-lepoque-romaine\/la-vie-dans-la-villa\/la-cuisine\/\" class=\"more-link\">Continuer la lecture de <span class=\"screen-reader-text\">La cuisine<\/span><\/a><\/p>\n","protected":false},"author":1,"featured_media":0,"parent":179,"menu_order":4,"comment_status":"closed","ping_status":"closed","template":"","meta":{"_acf_changed":false,"footnotes":""},"class_list":["post-184","page","type-page","status-publish","hentry"],"acf":[],"yoast_head":"<!-- This site is optimized with the Yoast SEO plugin v27.5 - https:\/\/yoast.com\/product\/yoast-seo-wordpress\/ -->\n<title>La cuisine &#8226; La villa romaine du Prieur\u00e9<\/title>\n<meta name=\"robots\" content=\"index, follow, max-snippet:-1, max-image-preview:large, max-video-preview:-1\" \/>\n<link rel=\"canonical\" href=\"https:\/\/archeolab.app\/villa\/la-vie-quotidienne-a-lepoque-romaine\/la-vie-dans-la-villa\/la-cuisine\/\" \/>\n<meta property=\"og:locale\" content=\"fr_FR\" \/>\n<meta property=\"og:type\" content=\"article\" \/>\n<meta property=\"og:title\" content=\"La cuisine &#8226; La villa romaine du Prieur\u00e9\" \/>\n<meta property=\"og:description\" content=\"Ah, j\u2019entends votre ventre gargouiller. Vous avez un petit creux\u00a0? Allons faire un tour dans la cuisine. Vous apercevez quelques esclaves qui s\u2019affairent. Ils allument un feu sur un foyer &hellip; Continuer la lecture de La cuisine\" \/>\n<meta property=\"og:url\" content=\"https:\/\/archeolab.app\/villa\/la-vie-quotidienne-a-lepoque-romaine\/la-vie-dans-la-villa\/la-cuisine\/\" \/>\n<meta property=\"og:site_name\" content=\"La villa romaine du Prieur\u00e9\" \/>\n<meta property=\"og:image\" content=\"https:\/\/archeolab.app\/villa\/wp-content\/uploads\/sites\/2\/2017\/08\/cuisineromaine.jpg\" \/>\n<meta name=\"twitter:card\" content=\"summary_large_image\" \/>\n<meta name=\"twitter:label1\" content=\"Dur\u00e9e de lecture estim\u00e9e\" \/>\n\t<meta name=\"twitter:data1\" content=\"3 minutes\" \/>\n<script type=\"application\/ld+json\" class=\"yoast-schema-graph\">{\"@context\":\"https:\\\/\\\/schema.org\",\"@graph\":[{\"@type\":\"WebPage\",\"@id\":\"https:\\\/\\\/archeolab.app\\\/villa\\\/la-vie-quotidienne-a-lepoque-romaine\\\/la-vie-dans-la-villa\\\/la-cuisine\\\/\",\"url\":\"https:\\\/\\\/archeolab.app\\\/villa\\\/la-vie-quotidienne-a-lepoque-romaine\\\/la-vie-dans-la-villa\\\/la-cuisine\\\/\",\"name\":\"La cuisine &#8226; La villa romaine du Prieur\u00e9\",\"isPartOf\":{\"@id\":\"https:\\\/\\\/archeolab.app\\\/villa\\\/#website\"},\"primaryImageOfPage\":{\"@id\":\"https:\\\/\\\/archeolab.app\\\/villa\\\/la-vie-quotidienne-a-lepoque-romaine\\\/la-vie-dans-la-villa\\\/la-cuisine\\\/#primaryimage\"},\"image\":{\"@id\":\"https:\\\/\\\/archeolab.app\\\/villa\\\/la-vie-quotidienne-a-lepoque-romaine\\\/la-vie-dans-la-villa\\\/la-cuisine\\\/#primaryimage\"},\"thumbnailUrl\":\"https:\\\/\\\/archeolab.app\\\/villa\\\/wp-content\\\/uploads\\\/sites\\\/2\\\/2017\\\/08\\\/cuisineromaine.jpg\",\"datePublished\":\"2017-08-23T07:05:21+00:00\",\"breadcrumb\":{\"@id\":\"https:\\\/\\\/archeolab.app\\\/villa\\\/la-vie-quotidienne-a-lepoque-romaine\\\/la-vie-dans-la-villa\\\/la-cuisine\\\/#breadcrumb\"},\"inLanguage\":\"fr-FR\",\"potentialAction\":[{\"@type\":\"ReadAction\",\"target\":[\"https:\\\/\\\/archeolab.app\\\/villa\\\/la-vie-quotidienne-a-lepoque-romaine\\\/la-vie-dans-la-villa\\\/la-cuisine\\\/\"]}]},{\"@type\":\"ImageObject\",\"inLanguage\":\"fr-FR\",\"@id\":\"https:\\\/\\\/archeolab.app\\\/villa\\\/la-vie-quotidienne-a-lepoque-romaine\\\/la-vie-dans-la-villa\\\/la-cuisine\\\/#primaryimage\",\"url\":\"https:\\\/\\\/archeolab.app\\\/villa\\\/wp-content\\\/uploads\\\/sites\\\/2\\\/2017\\\/08\\\/cuisineromaine.jpg\",\"contentUrl\":\"https:\\\/\\\/archeolab.app\\\/villa\\\/wp-content\\\/uploads\\\/sites\\\/2\\\/2017\\\/08\\\/cuisineromaine.jpg\",\"width\":499,\"height\":348},{\"@type\":\"BreadcrumbList\",\"@id\":\"https:\\\/\\\/archeolab.app\\\/villa\\\/la-vie-quotidienne-a-lepoque-romaine\\\/la-vie-dans-la-villa\\\/la-cuisine\\\/#breadcrumb\",\"itemListElement\":[{\"@type\":\"ListItem\",\"position\":1,\"name\":\"Accueil\",\"item\":\"https:\\\/\\\/archeolab.app\\\/villa\\\/\"},{\"@type\":\"ListItem\",\"position\":2,\"name\":\"La vie quotidienne \u00e0 l\u2019\u00e9poque romaine\",\"item\":\"https:\\\/\\\/archeolab.app\\\/villa\\\/la-vie-quotidienne-a-lepoque-romaine\\\/\"},{\"@type\":\"ListItem\",\"position\":3,\"name\":\"La vie dans la villa\",\"item\":\"https:\\\/\\\/archeolab.app\\\/villa\\\/la-vie-quotidienne-a-lepoque-romaine\\\/la-vie-dans-la-villa\\\/\"},{\"@type\":\"ListItem\",\"position\":4,\"name\":\"La cuisine\"}]},{\"@type\":\"WebSite\",\"@id\":\"https:\\\/\\\/archeolab.app\\\/villa\\\/#website\",\"url\":\"https:\\\/\\\/archeolab.app\\\/villa\\\/\",\"name\":\"La villa romaine du Prieur\u00e9\",\"description\":\"Une visite virtuelle de la villa romaine de Pully\",\"publisher\":{\"@id\":\"https:\\\/\\\/archeolab.app\\\/villa\\\/#organization\"},\"potentialAction\":[{\"@type\":\"SearchAction\",\"target\":{\"@type\":\"EntryPoint\",\"urlTemplate\":\"https:\\\/\\\/archeolab.app\\\/villa\\\/?s={search_term_string}\"},\"query-input\":{\"@type\":\"PropertyValueSpecification\",\"valueRequired\":true,\"valueName\":\"search_term_string\"}}],\"inLanguage\":\"fr-FR\"},{\"@type\":\"Organization\",\"@id\":\"https:\\\/\\\/archeolab.app\\\/villa\\\/#organization\",\"name\":\"Arch\u00e9olab\",\"url\":\"https:\\\/\\\/archeolab.app\\\/villa\\\/\",\"logo\":{\"@type\":\"ImageObject\",\"inLanguage\":\"fr-FR\",\"@id\":\"https:\\\/\\\/archeolab.app\\\/villa\\\/#\\\/schema\\\/logo\\\/image\\\/\",\"url\":\"https:\\\/\\\/archeolab.app\\\/villa\\\/wp-content\\\/uploads\\\/sites\\\/2\\\/2020\\\/03\\\/LOGO_AL.app_small-02.png\",\"contentUrl\":\"https:\\\/\\\/archeolab.app\\\/villa\\\/wp-content\\\/uploads\\\/sites\\\/2\\\/2020\\\/03\\\/LOGO_AL.app_small-02.png\",\"width\":527,\"height\":523,\"caption\":\"Arch\u00e9olab\"},\"image\":{\"@id\":\"https:\\\/\\\/archeolab.app\\\/villa\\\/#\\\/schema\\\/logo\\\/image\\\/\"}}]}<\/script>\n<!-- \/ Yoast SEO plugin. -->","yoast_head_json":{"title":"La cuisine &#8226; La villa romaine du Prieur\u00e9","robots":{"index":"index","follow":"follow","max-snippet":"max-snippet:-1","max-image-preview":"max-image-preview:large","max-video-preview":"max-video-preview:-1"},"canonical":"https:\/\/archeolab.app\/villa\/la-vie-quotidienne-a-lepoque-romaine\/la-vie-dans-la-villa\/la-cuisine\/","og_locale":"fr_FR","og_type":"article","og_title":"La cuisine &#8226; La villa romaine du Prieur\u00e9","og_description":"Ah, j\u2019entends votre ventre gargouiller. Vous avez un petit creux\u00a0? Allons faire un tour dans la cuisine. Vous apercevez quelques esclaves qui s\u2019affairent. Ils allument un feu sur un foyer &hellip; Continuer la lecture de La cuisine","og_url":"https:\/\/archeolab.app\/villa\/la-vie-quotidienne-a-lepoque-romaine\/la-vie-dans-la-villa\/la-cuisine\/","og_site_name":"La villa romaine du Prieur\u00e9","og_image":[{"url":"https:\/\/archeolab.app\/villa\/wp-content\/uploads\/sites\/2\/2017\/08\/cuisineromaine.jpg","type":"","width":"","height":""}],"twitter_card":"summary_large_image","twitter_misc":{"Dur\u00e9e de lecture estim\u00e9e":"3 minutes"},"schema":{"@context":"https:\/\/schema.org","@graph":[{"@type":"WebPage","@id":"https:\/\/archeolab.app\/villa\/la-vie-quotidienne-a-lepoque-romaine\/la-vie-dans-la-villa\/la-cuisine\/","url":"https:\/\/archeolab.app\/villa\/la-vie-quotidienne-a-lepoque-romaine\/la-vie-dans-la-villa\/la-cuisine\/","name":"La cuisine &#8226; La villa romaine du Prieur\u00e9","isPartOf":{"@id":"https:\/\/archeolab.app\/villa\/#website"},"primaryImageOfPage":{"@id":"https:\/\/archeolab.app\/villa\/la-vie-quotidienne-a-lepoque-romaine\/la-vie-dans-la-villa\/la-cuisine\/#primaryimage"},"image":{"@id":"https:\/\/archeolab.app\/villa\/la-vie-quotidienne-a-lepoque-romaine\/la-vie-dans-la-villa\/la-cuisine\/#primaryimage"},"thumbnailUrl":"https:\/\/archeolab.app\/villa\/wp-content\/uploads\/sites\/2\/2017\/08\/cuisineromaine.jpg","datePublished":"2017-08-23T07:05:21+00:00","breadcrumb":{"@id":"https:\/\/archeolab.app\/villa\/la-vie-quotidienne-a-lepoque-romaine\/la-vie-dans-la-villa\/la-cuisine\/#breadcrumb"},"inLanguage":"fr-FR","potentialAction":[{"@type":"ReadAction","target":["https:\/\/archeolab.app\/villa\/la-vie-quotidienne-a-lepoque-romaine\/la-vie-dans-la-villa\/la-cuisine\/"]}]},{"@type":"ImageObject","inLanguage":"fr-FR","@id":"https:\/\/archeolab.app\/villa\/la-vie-quotidienne-a-lepoque-romaine\/la-vie-dans-la-villa\/la-cuisine\/#primaryimage","url":"https:\/\/archeolab.app\/villa\/wp-content\/uploads\/sites\/2\/2017\/08\/cuisineromaine.jpg","contentUrl":"https:\/\/archeolab.app\/villa\/wp-content\/uploads\/sites\/2\/2017\/08\/cuisineromaine.jpg","width":499,"height":348},{"@type":"BreadcrumbList","@id":"https:\/\/archeolab.app\/villa\/la-vie-quotidienne-a-lepoque-romaine\/la-vie-dans-la-villa\/la-cuisine\/#breadcrumb","itemListElement":[{"@type":"ListItem","position":1,"name":"Accueil","item":"https:\/\/archeolab.app\/villa\/"},{"@type":"ListItem","position":2,"name":"La vie quotidienne \u00e0 l\u2019\u00e9poque romaine","item":"https:\/\/archeolab.app\/villa\/la-vie-quotidienne-a-lepoque-romaine\/"},{"@type":"ListItem","position":3,"name":"La vie dans la villa","item":"https:\/\/archeolab.app\/villa\/la-vie-quotidienne-a-lepoque-romaine\/la-vie-dans-la-villa\/"},{"@type":"ListItem","position":4,"name":"La cuisine"}]},{"@type":"WebSite","@id":"https:\/\/archeolab.app\/villa\/#website","url":"https:\/\/archeolab.app\/villa\/","name":"La villa romaine du Prieur\u00e9","description":"Une visite virtuelle de la villa romaine de Pully","publisher":{"@id":"https:\/\/archeolab.app\/villa\/#organization"},"potentialAction":[{"@type":"SearchAction","target":{"@type":"EntryPoint","urlTemplate":"https:\/\/archeolab.app\/villa\/?s={search_term_string}"},"query-input":{"@type":"PropertyValueSpecification","valueRequired":true,"valueName":"search_term_string"}}],"inLanguage":"fr-FR"},{"@type":"Organization","@id":"https:\/\/archeolab.app\/villa\/#organization","name":"Arch\u00e9olab","url":"https:\/\/archeolab.app\/villa\/","logo":{"@type":"ImageObject","inLanguage":"fr-FR","@id":"https:\/\/archeolab.app\/villa\/#\/schema\/logo\/image\/","url":"https:\/\/archeolab.app\/villa\/wp-content\/uploads\/sites\/2\/2020\/03\/LOGO_AL.app_small-02.png","contentUrl":"https:\/\/archeolab.app\/villa\/wp-content\/uploads\/sites\/2\/2020\/03\/LOGO_AL.app_small-02.png","width":527,"height":523,"caption":"Arch\u00e9olab"},"image":{"@id":"https:\/\/archeolab.app\/villa\/#\/schema\/logo\/image\/"}}]}},"_links":{"self":[{"href":"https:\/\/archeolab.app\/villa\/wp-json\/wp\/v2\/pages\/184","targetHints":{"allow":["GET"]}}],"collection":[{"href":"https:\/\/archeolab.app\/villa\/wp-json\/wp\/v2\/pages"}],"about":[{"href":"https:\/\/archeolab.app\/villa\/wp-json\/wp\/v2\/types\/page"}],"author":[{"embeddable":true,"href":"https:\/\/archeolab.app\/villa\/wp-json\/wp\/v2\/users\/1"}],"replies":[{"embeddable":true,"href":"https:\/\/archeolab.app\/villa\/wp-json\/wp\/v2\/comments?post=184"}],"version-history":[{"count":0,"href":"https:\/\/archeolab.app\/villa\/wp-json\/wp\/v2\/pages\/184\/revisions"}],"up":[{"embeddable":true,"href":"https:\/\/archeolab.app\/villa\/wp-json\/wp\/v2\/pages\/179"}],"wp:attachment":[{"href":"https:\/\/archeolab.app\/villa\/wp-json\/wp\/v2\/media?parent=184"}],"curies":[{"name":"wp","href":"https:\/\/api.w.org\/{rel}","templated":true}]}}