{"id":182,"date":"2017-08-23T09:05:21","date_gmt":"2017-08-23T07:05:21","guid":{"rendered":"http:\/\/www.archeoweb.ch\/villa\/la-vie-quotidienne-a-lepoque-romaine\/la-vie-dans-la-villa\/la-maison-romaine\/"},"modified":"2020-03-26T10:27:15","modified_gmt":"2020-03-26T09:27:15","slug":"la-maison-romaine","status":"publish","type":"page","link":"https:\/\/archeolab.app\/villa\/la-vie-quotidienne-a-lepoque-romaine\/la-vie-dans-la-villa\/la-maison-romaine\/","title":{"rendered":"La maison romaine"},"content":{"rendered":"<p>Continuons la visite et allons nous promener dans cette splendide demeure.<\/p>\n<figure id=\"attachment_1202\" aria-describedby=\"caption-attachment-1202\" style=\"width: 717px\" class=\"wp-caption aligncenter\"><img loading=\"lazy\" decoding=\"async\" class=\"wp-image-1202 \" src=\"https:\/\/archeolab.app\/villa\/wp-content\/uploads\/sites\/2\/2017\/08\/Vue_Villa_01-1024x608.jpg\" alt=\"\" width=\"717\" height=\"425\" srcset=\"https:\/\/archeolab.app\/villa\/wp-content\/uploads\/sites\/2\/2017\/08\/Vue_Villa_01-1024x608.jpg 1024w, https:\/\/archeolab.app\/villa\/wp-content\/uploads\/sites\/2\/2017\/08\/Vue_Villa_01-300x178.jpg 300w, https:\/\/archeolab.app\/villa\/wp-content\/uploads\/sites\/2\/2017\/08\/Vue_Villa_01-768x456.jpg 768w, https:\/\/archeolab.app\/villa\/wp-content\/uploads\/sites\/2\/2017\/08\/Vue_Villa_01-1536x912.jpg 1536w, https:\/\/archeolab.app\/villa\/wp-content\/uploads\/sites\/2\/2017\/08\/Vue_Villa_01.jpg 2000w\" sizes=\"auto, (max-width: 717px) 100vw, 717px\" \/><figcaption id=\"caption-attachment-1202\" class=\"wp-caption-text\">Restitution de la villa romaine de Pully. Num\u00e9risation de Bernard Reymond, d&rsquo;apr\u00e8s un dessin de Pierre Andr\u00e9.<\/figcaption><\/figure>\n<p style=\"text-align: justify;\">Depuis le pavillon, nous longeons un grand couloir et d\u00e9barquons dans une magnifique cour \u00e0 ciel ouvert, bord\u00e9e sur ses quatre c\u00f4t\u00e9s d\u2019une galerie de colonnes appel\u00e9e p\u00e9ristyle. Au centre, il y a un grand bassin. Tout \u00e0 coup, vous vous rendez compte que la cour est entour\u00e9e de pi\u00e8ces et de chambres. En effet, cette cour constitue le c\u0153ur de la maison. Mais, \u00e0 votre avis, \u00e0 quoi pouvait bien servir le p\u00e9ristyle\u00a0? En plus d\u2019\u00eatre un lieu de vie et de d\u00e9tente, il permet surtout de passer d\u2019une pi\u00e8ce \u00e0 l\u2019autre tout en restant au sec et apporte de la lumi\u00e8re aux diff\u00e9rentes salles qui sont souvent d\u00e9pourvues de fen\u00eatres ou qui en poss\u00e8dent de toutes petites.<\/p>\n<p style=\"text-align: justify;\">Vous poursuivez votre chemin le long de cette cour en profitant de la fra\u00eecheur apport\u00e9e par les arbustes et par la fontaine du bassin et vous passez successivement devant les <em>triclinia<\/em>, les salles \u00e0 manger, le <em>tablinum<\/em>, un espace de travail et de r\u00e9ception du ma\u00eetre des lieux, devant les diff\u00e9rentes\u00a0<em>cubicula<\/em>, les chambres \u00e0 coucher des propri\u00e9taires et finalement dans la cuisine. Vous remarquez que ces derni\u00e8res pi\u00e8ces, m\u00eame si elles sont toutes rev\u00eatues d\u2019enduits peints, n\u2019ont pas forc\u00e9ment des d\u00e9cors figur\u00e9s et ne ressemblent en rien au magnifique pavillon avec ses belles fresques figur\u00e9es. C\u2019est tout \u00e0 fait normal\u00a0! Le <em>dominus<\/em>, le propri\u00e9taire de la <em>villa, <\/em>a apport\u00e9 un soin tout particulier aux peintures des pi\u00e8ces de r\u00e9ception qui accueilleront invit\u00e9s et h\u00f4tes de marque, afin de les impressionner par la richesse et le faste de leurs d\u00e9cors. Quant aux espaces utilitaires, qu\u2019il s\u2019agisse des couloirs, de la cuisine, des locaux de service ou des latrines, leur d\u00e9coration est plus sommaire.<\/p>\n<figure id=\"attachment_1465\" aria-describedby=\"caption-attachment-1465\" style=\"width: 269px\" class=\"wp-caption alignright\"><img loading=\"lazy\" decoding=\"async\" class=\" wp-image-1465\" src=\"https:\/\/archeolab.app\/villa\/wp-content\/uploads\/sites\/2\/2017\/08\/Scene-de-vie-villa-508x1024.jpg\" alt=\"\" width=\"269\" height=\"543\" \/><figcaption id=\"caption-attachment-1465\" class=\"wp-caption-text\">Sc\u00e8ne de vie dans le p\u00e9ristyle.\u00a0FLUTSCH (L.), NIFFELER (U.) et ROSSI (F.) (dir.), La Suisse du Pal\u00e9olithique \u00e0 l&rsquo;aube du Moyen-\u00c2ge. De l&rsquo;Homme de N\u00e9andertal \u00e0 Charlemagne, Soci\u00e9t\u00e9 suisse de pr\u00e9histoire et d&rsquo;arch\u00e9ologie, B\u00e2le, 2002, p. 143, fig. 140.<\/figcaption><\/figure>\n<p style=\"text-align: justify;\">Mais la visite n\u2019est pas finie, la <em>villa<\/em> de Pully poss\u00e8de \u00e9galement de nombreuses pi\u00e8ces, qui abritaient entre autres les chambres \u00e0 coucher des membres de la famille, mais aussi des appartements r\u00e9serv\u00e9s aux h\u00f4tes de passage. Ici aussi, la d\u00e9coration \u00e9merveille, il y a des couleurs partout et m\u00eame le sol est d\u00e9cor\u00e9 de mosa\u00efques, c\u2019est magnifique\u00a0! Enfin, sous les toits, logeaient les esclaves dans un confort tout relatif, endurant des chaleurs \u00e9touffantes l\u2019\u00e9t\u00e9 et le froid pendant l\u2019hiver.<\/p>\n<p style=\"text-align: justify;\">Finalement, depuis l\u2019une des fen\u00eatres du couloir \u00e0 l\u2019\u00e9tage vous distinguez un b\u00e2timent aux formes arrondies en contrebas. Il s\u2019agit des thermes de la maison, des bains priv\u00e9s\u00a0! Imaginez les habitants de la <em>villa<\/em> se pr\u00e9lasser dans des bassins ti\u00e8des, chauds ou froids tout en profitant de la vue grandiose que leur offre le lac L\u00e9man et les montagnes environnantes. C\u2019est l\u00e0 que vous appr\u00e9ciez toute la richesse de la <em>villa<\/em> de Pully qui se distingue par son implantation privil\u00e9gi\u00e9e mais aussi par un faste exceptionnel.<\/p>\n<figure id=\"attachment_1203\" aria-describedby=\"caption-attachment-1203\" style=\"width: 529px\" class=\"wp-caption aligncenter\"><img loading=\"lazy\" decoding=\"async\" class=\"wp-image-1203 size-full\" src=\"https:\/\/archeolab.app\/villa\/wp-content\/uploads\/sites\/2\/2017\/08\/cubiculum.jpg\" alt=\"\" width=\"529\" height=\"487\" srcset=\"https:\/\/archeolab.app\/villa\/wp-content\/uploads\/sites\/2\/2017\/08\/cubiculum.jpg 529w, https:\/\/archeolab.app\/villa\/wp-content\/uploads\/sites\/2\/2017\/08\/cubiculum-300x276.jpg 300w\" sizes=\"auto, (max-width: 529px) 100vw, 529px\" \/><figcaption id=\"caption-attachment-1203\" class=\"wp-caption-text\">Cubiculum dans la villa de P. Fannius Synistor, \u00e0 Boscoreale. https:\/\/www.metmuseum.org\/blogs\/now-at-the-met\/features\/2011\/this-weekend-in-met-history-july-2<\/figcaption><\/figure>\n<figure id=\"attachment_1204\" aria-describedby=\"caption-attachment-1204\" style=\"width: 513px\" class=\"wp-caption aligncenter\"><img loading=\"lazy\" decoding=\"async\" class=\"wp-image-1204\" src=\"https:\/\/archeolab.app\/villa\/wp-content\/uploads\/sites\/2\/2017\/08\/LrlaSPNuIrU3E5HoJzCfph42mns.jpg\" alt=\"\" width=\"513\" height=\"341\" srcset=\"https:\/\/archeolab.app\/villa\/wp-content\/uploads\/sites\/2\/2017\/08\/LrlaSPNuIrU3E5HoJzCfph42mns.jpg 400w, https:\/\/archeolab.app\/villa\/wp-content\/uploads\/sites\/2\/2017\/08\/LrlaSPNuIrU3E5HoJzCfph42mns-300x200.jpg 300w\" sizes=\"auto, (max-width: 513px) 100vw, 513px\" \/><figcaption id=\"caption-attachment-1204\" class=\"wp-caption-text\">Restitution d&rsquo;un cubiculum et de son mobilier. http:\/\/habitatevalgelon.eklablog.com\/cubiculum-a126898122<\/figcaption><\/figure>\n<p style=\"text-align: justify;\">En visitant les diff\u00e9rentes pi\u00e8ces, vous aurez certainement remarqu\u00e9 le mobilier vari\u00e9 et parfois tr\u00e8s luxueux. Les habitants de la <em>villa <\/em>n\u2019en n\u00e9gligent pas moins leur confort\u00a0: certaines pi\u00e8ces disposent d\u2019un chauffage au sol et les autres sont temp\u00e9r\u00e9es gr\u00e2ce \u00e0 des braseros portatifs, l\u2019\u00e9clairage \u00e9tait quant \u00e0 lui assur\u00e9 par des cand\u00e9labres qui supportaient des lampes \u00e0 huile. Mais le confort est aussi visuel et les murs, les plafonds et les sols \u00e9taient orn\u00e9s de motifs vari\u00e9s et tr\u00e8s color\u00e9s\u00a0! Malheureusement pour nous, les fouilles arch\u00e9ologiques ne nous permettent pas de retrouver ces meubles, qui \u00e9taient construits en bois. Ce mat\u00e9riau organique ne se conserve qu\u2019exceptionnellement dans nos r\u00e9gions. Mais nous retrouvons tout de m\u00eame les \u00e9l\u00e9ments m\u00e9talliques qui constituaient ces meubles, ainsi les attaches, serrures, charni\u00e8res, pi\u00e8ces d\u00e9coratives et les clous en fer ou en bronze, nous permettent d\u2019imaginer l\u2019aspect qu\u2019avaient les coffres, armoires, lits, fauteuils, tables etc.<\/p>\n<p style=\"text-align: justify;\">Nous pouvons m\u00eame nous faire des id\u00e9es pr\u00e9cises de ce mobilier en observant certaines fresques tr\u00e8s bien conserv\u00e9es de Pomp\u00e9i et d\u2019Herculanum repr\u00e9sentant des sc\u00e8nes de la vie quotidienne ou en observant simplement les meubles int\u00e9gralement conserv\u00e9s dans de rares cas \u00e0 Herculanum\u00a0!<\/p>\n<figure id=\"attachment_1548\" aria-describedby=\"caption-attachment-1548\" style=\"width: 525px\" class=\"wp-caption aligncenter\"><img loading=\"lazy\" decoding=\"async\" class=\"size-large wp-image-1548\" src=\"https:\/\/archeolab.app\/villa\/wp-content\/uploads\/sites\/2\/2017\/08\/Berceau-carbonise-1024x625.jpg\" alt=\"\" width=\"525\" height=\"320\" \/><figcaption id=\"caption-attachment-1548\" class=\"wp-caption-text\">Berceau carbonis\u00e9 d\u00e9couvert \u00e0 Herculanum. \u00a9 Soprintendenza Speciale per i Beni Archeologici di Napoli e Pompei \/ Trustees of the British Museum.<\/figcaption><\/figure>\n<figure id=\"attachment_1549\" aria-describedby=\"caption-attachment-1549\" style=\"width: 362px\" class=\"wp-caption aligncenter\"><img loading=\"lazy\" decoding=\"async\" class=\" wp-image-1549\" src=\"https:\/\/archeolab.app\/villa\/wp-content\/uploads\/sites\/2\/2017\/08\/Gueridon-carbonise.jpeg\" alt=\"\" width=\"362\" height=\"511\" \/><figcaption id=\"caption-attachment-1549\" class=\"wp-caption-text\">Gu\u00e9ridon carbonis\u00e9 d\u00e9couvert \u00e0 Herculanum. http:\/\/benedante.blogspot.ch\/2012\/09\/roman-furniture-from-herculaneum.html<\/figcaption><\/figure>\n<p>\u21d2 <a href=\"https:\/\/archeolab.app\/villa\/la-vie-quotidienne-a-lepoque-romaine\/la-vie-dans-la-villa\/la-cuisine\/\">La cuisine<\/a><\/p>\n","protected":false},"excerpt":{"rendered":"<p>Continuons la visite et allons nous promener dans cette splendide demeure. Depuis le pavillon, nous longeons un grand couloir et d\u00e9barquons dans une magnifique cour \u00e0 ciel ouvert, bord\u00e9e sur &hellip; <a href=\"https:\/\/archeolab.app\/villa\/la-vie-quotidienne-a-lepoque-romaine\/la-vie-dans-la-villa\/la-maison-romaine\/\" class=\"more-link\">Continuer la lecture de <span class=\"screen-reader-text\">La maison romaine<\/span><\/a><\/p>\n","protected":false},"author":1,"featured_media":0,"parent":179,"menu_order":2,"comment_status":"closed","ping_status":"closed","template":"","meta":{"_acf_changed":false,"footnotes":""},"class_list":["post-182","page","type-page","status-publish","hentry"],"acf":[],"yoast_head":"<!-- This site is optimized with the Yoast SEO plugin v27.4 - https:\/\/yoast.com\/product\/yoast-seo-wordpress\/ -->\n<title>La maison romaine &#8226; La villa romaine du Prieur\u00e9<\/title>\n<meta name=\"robots\" content=\"index, follow, max-snippet:-1, max-image-preview:large, max-video-preview:-1\" \/>\n<link rel=\"canonical\" href=\"https:\/\/archeolab.app\/villa\/la-vie-quotidienne-a-lepoque-romaine\/la-vie-dans-la-villa\/la-maison-romaine\/\" \/>\n<meta property=\"og:locale\" content=\"fr_FR\" \/>\n<meta property=\"og:type\" content=\"article\" \/>\n<meta property=\"og:title\" content=\"La maison romaine &#8226; La villa romaine du Prieur\u00e9\" \/>\n<meta property=\"og:description\" content=\"Continuons la visite et allons nous promener dans cette splendide demeure. Depuis le pavillon, nous longeons un grand couloir et d\u00e9barquons dans une magnifique cour \u00e0 ciel ouvert, bord\u00e9e sur &hellip; Continuer la lecture de La maison romaine\" \/>\n<meta property=\"og:url\" content=\"https:\/\/archeolab.app\/villa\/la-vie-quotidienne-a-lepoque-romaine\/la-vie-dans-la-villa\/la-maison-romaine\/\" \/>\n<meta property=\"og:site_name\" content=\"La villa romaine du Prieur\u00e9\" \/>\n<meta property=\"article:modified_time\" content=\"2020-03-26T09:27:15+00:00\" \/>\n<meta property=\"og:image\" content=\"https:\/\/archeolab.app\/villa\/wp-content\/uploads\/sites\/2\/2017\/08\/Vue_Villa_01-1024x608.jpg\" \/>\n<meta name=\"twitter:card\" content=\"summary_large_image\" \/>\n<meta name=\"twitter:label1\" content=\"Dur\u00e9e de lecture estim\u00e9e\" \/>\n\t<meta name=\"twitter:data1\" content=\"5 minutes\" \/>\n<script type=\"application\/ld+json\" class=\"yoast-schema-graph\">{\"@context\":\"https:\\\/\\\/schema.org\",\"@graph\":[{\"@type\":\"WebPage\",\"@id\":\"https:\\\/\\\/archeolab.app\\\/villa\\\/la-vie-quotidienne-a-lepoque-romaine\\\/la-vie-dans-la-villa\\\/la-maison-romaine\\\/\",\"url\":\"https:\\\/\\\/archeolab.app\\\/villa\\\/la-vie-quotidienne-a-lepoque-romaine\\\/la-vie-dans-la-villa\\\/la-maison-romaine\\\/\",\"name\":\"La maison romaine &#8226; La villa romaine du Prieur\u00e9\",\"isPartOf\":{\"@id\":\"https:\\\/\\\/archeolab.app\\\/villa\\\/#website\"},\"primaryImageOfPage\":{\"@id\":\"https:\\\/\\\/archeolab.app\\\/villa\\\/la-vie-quotidienne-a-lepoque-romaine\\\/la-vie-dans-la-villa\\\/la-maison-romaine\\\/#primaryimage\"},\"image\":{\"@id\":\"https:\\\/\\\/archeolab.app\\\/villa\\\/la-vie-quotidienne-a-lepoque-romaine\\\/la-vie-dans-la-villa\\\/la-maison-romaine\\\/#primaryimage\"},\"thumbnailUrl\":\"https:\\\/\\\/archeolab.app\\\/villa\\\/wp-content\\\/uploads\\\/sites\\\/2\\\/2017\\\/08\\\/Vue_Villa_01-1024x608.jpg\",\"datePublished\":\"2017-08-23T07:05:21+00:00\",\"dateModified\":\"2020-03-26T09:27:15+00:00\",\"breadcrumb\":{\"@id\":\"https:\\\/\\\/archeolab.app\\\/villa\\\/la-vie-quotidienne-a-lepoque-romaine\\\/la-vie-dans-la-villa\\\/la-maison-romaine\\\/#breadcrumb\"},\"inLanguage\":\"fr-FR\",\"potentialAction\":[{\"@type\":\"ReadAction\",\"target\":[\"https:\\\/\\\/archeolab.app\\\/villa\\\/la-vie-quotidienne-a-lepoque-romaine\\\/la-vie-dans-la-villa\\\/la-maison-romaine\\\/\"]}]},{\"@type\":\"ImageObject\",\"inLanguage\":\"fr-FR\",\"@id\":\"https:\\\/\\\/archeolab.app\\\/villa\\\/la-vie-quotidienne-a-lepoque-romaine\\\/la-vie-dans-la-villa\\\/la-maison-romaine\\\/#primaryimage\",\"url\":\"https:\\\/\\\/archeolab.app\\\/villa\\\/wp-content\\\/uploads\\\/sites\\\/2\\\/2017\\\/08\\\/Vue_Villa_01.jpg\",\"contentUrl\":\"https:\\\/\\\/archeolab.app\\\/villa\\\/wp-content\\\/uploads\\\/sites\\\/2\\\/2017\\\/08\\\/Vue_Villa_01.jpg\",\"width\":2000,\"height\":1188},{\"@type\":\"BreadcrumbList\",\"@id\":\"https:\\\/\\\/archeolab.app\\\/villa\\\/la-vie-quotidienne-a-lepoque-romaine\\\/la-vie-dans-la-villa\\\/la-maison-romaine\\\/#breadcrumb\",\"itemListElement\":[{\"@type\":\"ListItem\",\"position\":1,\"name\":\"Accueil\",\"item\":\"https:\\\/\\\/archeolab.app\\\/villa\\\/\"},{\"@type\":\"ListItem\",\"position\":2,\"name\":\"La vie quotidienne \u00e0 l\u2019\u00e9poque romaine\",\"item\":\"https:\\\/\\\/archeolab.app\\\/villa\\\/la-vie-quotidienne-a-lepoque-romaine\\\/\"},{\"@type\":\"ListItem\",\"position\":3,\"name\":\"La vie dans la villa\",\"item\":\"https:\\\/\\\/archeolab.app\\\/villa\\\/la-vie-quotidienne-a-lepoque-romaine\\\/la-vie-dans-la-villa\\\/\"},{\"@type\":\"ListItem\",\"position\":4,\"name\":\"La maison romaine\"}]},{\"@type\":\"WebSite\",\"@id\":\"https:\\\/\\\/archeolab.app\\\/villa\\\/#website\",\"url\":\"https:\\\/\\\/archeolab.app\\\/villa\\\/\",\"name\":\"La villa romaine du Prieur\u00e9\",\"description\":\"Une visite virtuelle de la villa romaine de Pully\",\"publisher\":{\"@id\":\"https:\\\/\\\/archeolab.app\\\/villa\\\/#organization\"},\"potentialAction\":[{\"@type\":\"SearchAction\",\"target\":{\"@type\":\"EntryPoint\",\"urlTemplate\":\"https:\\\/\\\/archeolab.app\\\/villa\\\/?s={search_term_string}\"},\"query-input\":{\"@type\":\"PropertyValueSpecification\",\"valueRequired\":true,\"valueName\":\"search_term_string\"}}],\"inLanguage\":\"fr-FR\"},{\"@type\":\"Organization\",\"@id\":\"https:\\\/\\\/archeolab.app\\\/villa\\\/#organization\",\"name\":\"Arch\u00e9olab\",\"url\":\"https:\\\/\\\/archeolab.app\\\/villa\\\/\",\"logo\":{\"@type\":\"ImageObject\",\"inLanguage\":\"fr-FR\",\"@id\":\"https:\\\/\\\/archeolab.app\\\/villa\\\/#\\\/schema\\\/logo\\\/image\\\/\",\"url\":\"https:\\\/\\\/archeolab.app\\\/villa\\\/wp-content\\\/uploads\\\/sites\\\/2\\\/2020\\\/03\\\/LOGO_AL.app_small-02.png\",\"contentUrl\":\"https:\\\/\\\/archeolab.app\\\/villa\\\/wp-content\\\/uploads\\\/sites\\\/2\\\/2020\\\/03\\\/LOGO_AL.app_small-02.png\",\"width\":527,\"height\":523,\"caption\":\"Arch\u00e9olab\"},\"image\":{\"@id\":\"https:\\\/\\\/archeolab.app\\\/villa\\\/#\\\/schema\\\/logo\\\/image\\\/\"}}]}<\/script>\n<!-- \/ Yoast SEO plugin. -->","yoast_head_json":{"title":"La maison romaine &#8226; La villa romaine du Prieur\u00e9","robots":{"index":"index","follow":"follow","max-snippet":"max-snippet:-1","max-image-preview":"max-image-preview:large","max-video-preview":"max-video-preview:-1"},"canonical":"https:\/\/archeolab.app\/villa\/la-vie-quotidienne-a-lepoque-romaine\/la-vie-dans-la-villa\/la-maison-romaine\/","og_locale":"fr_FR","og_type":"article","og_title":"La maison romaine &#8226; La villa romaine du Prieur\u00e9","og_description":"Continuons la visite et allons nous promener dans cette splendide demeure. Depuis le pavillon, nous longeons un grand couloir et d\u00e9barquons dans une magnifique cour \u00e0 ciel ouvert, bord\u00e9e sur &hellip; Continuer la lecture de La maison romaine","og_url":"https:\/\/archeolab.app\/villa\/la-vie-quotidienne-a-lepoque-romaine\/la-vie-dans-la-villa\/la-maison-romaine\/","og_site_name":"La villa romaine du Prieur\u00e9","article_modified_time":"2020-03-26T09:27:15+00:00","og_image":[{"url":"https:\/\/archeolab.app\/villa\/wp-content\/uploads\/sites\/2\/2017\/08\/Vue_Villa_01-1024x608.jpg","type":"","width":"","height":""}],"twitter_card":"summary_large_image","twitter_misc":{"Dur\u00e9e de lecture estim\u00e9e":"5 minutes"},"schema":{"@context":"https:\/\/schema.org","@graph":[{"@type":"WebPage","@id":"https:\/\/archeolab.app\/villa\/la-vie-quotidienne-a-lepoque-romaine\/la-vie-dans-la-villa\/la-maison-romaine\/","url":"https:\/\/archeolab.app\/villa\/la-vie-quotidienne-a-lepoque-romaine\/la-vie-dans-la-villa\/la-maison-romaine\/","name":"La maison romaine &#8226; La villa romaine du Prieur\u00e9","isPartOf":{"@id":"https:\/\/archeolab.app\/villa\/#website"},"primaryImageOfPage":{"@id":"https:\/\/archeolab.app\/villa\/la-vie-quotidienne-a-lepoque-romaine\/la-vie-dans-la-villa\/la-maison-romaine\/#primaryimage"},"image":{"@id":"https:\/\/archeolab.app\/villa\/la-vie-quotidienne-a-lepoque-romaine\/la-vie-dans-la-villa\/la-maison-romaine\/#primaryimage"},"thumbnailUrl":"https:\/\/archeolab.app\/villa\/wp-content\/uploads\/sites\/2\/2017\/08\/Vue_Villa_01-1024x608.jpg","datePublished":"2017-08-23T07:05:21+00:00","dateModified":"2020-03-26T09:27:15+00:00","breadcrumb":{"@id":"https:\/\/archeolab.app\/villa\/la-vie-quotidienne-a-lepoque-romaine\/la-vie-dans-la-villa\/la-maison-romaine\/#breadcrumb"},"inLanguage":"fr-FR","potentialAction":[{"@type":"ReadAction","target":["https:\/\/archeolab.app\/villa\/la-vie-quotidienne-a-lepoque-romaine\/la-vie-dans-la-villa\/la-maison-romaine\/"]}]},{"@type":"ImageObject","inLanguage":"fr-FR","@id":"https:\/\/archeolab.app\/villa\/la-vie-quotidienne-a-lepoque-romaine\/la-vie-dans-la-villa\/la-maison-romaine\/#primaryimage","url":"https:\/\/archeolab.app\/villa\/wp-content\/uploads\/sites\/2\/2017\/08\/Vue_Villa_01.jpg","contentUrl":"https:\/\/archeolab.app\/villa\/wp-content\/uploads\/sites\/2\/2017\/08\/Vue_Villa_01.jpg","width":2000,"height":1188},{"@type":"BreadcrumbList","@id":"https:\/\/archeolab.app\/villa\/la-vie-quotidienne-a-lepoque-romaine\/la-vie-dans-la-villa\/la-maison-romaine\/#breadcrumb","itemListElement":[{"@type":"ListItem","position":1,"name":"Accueil","item":"https:\/\/archeolab.app\/villa\/"},{"@type":"ListItem","position":2,"name":"La vie quotidienne \u00e0 l\u2019\u00e9poque romaine","item":"https:\/\/archeolab.app\/villa\/la-vie-quotidienne-a-lepoque-romaine\/"},{"@type":"ListItem","position":3,"name":"La vie dans la villa","item":"https:\/\/archeolab.app\/villa\/la-vie-quotidienne-a-lepoque-romaine\/la-vie-dans-la-villa\/"},{"@type":"ListItem","position":4,"name":"La maison romaine"}]},{"@type":"WebSite","@id":"https:\/\/archeolab.app\/villa\/#website","url":"https:\/\/archeolab.app\/villa\/","name":"La villa romaine du Prieur\u00e9","description":"Une visite virtuelle de la villa romaine de Pully","publisher":{"@id":"https:\/\/archeolab.app\/villa\/#organization"},"potentialAction":[{"@type":"SearchAction","target":{"@type":"EntryPoint","urlTemplate":"https:\/\/archeolab.app\/villa\/?s={search_term_string}"},"query-input":{"@type":"PropertyValueSpecification","valueRequired":true,"valueName":"search_term_string"}}],"inLanguage":"fr-FR"},{"@type":"Organization","@id":"https:\/\/archeolab.app\/villa\/#organization","name":"Arch\u00e9olab","url":"https:\/\/archeolab.app\/villa\/","logo":{"@type":"ImageObject","inLanguage":"fr-FR","@id":"https:\/\/archeolab.app\/villa\/#\/schema\/logo\/image\/","url":"https:\/\/archeolab.app\/villa\/wp-content\/uploads\/sites\/2\/2020\/03\/LOGO_AL.app_small-02.png","contentUrl":"https:\/\/archeolab.app\/villa\/wp-content\/uploads\/sites\/2\/2020\/03\/LOGO_AL.app_small-02.png","width":527,"height":523,"caption":"Arch\u00e9olab"},"image":{"@id":"https:\/\/archeolab.app\/villa\/#\/schema\/logo\/image\/"}}]}},"_links":{"self":[{"href":"https:\/\/archeolab.app\/villa\/wp-json\/wp\/v2\/pages\/182","targetHints":{"allow":["GET"]}}],"collection":[{"href":"https:\/\/archeolab.app\/villa\/wp-json\/wp\/v2\/pages"}],"about":[{"href":"https:\/\/archeolab.app\/villa\/wp-json\/wp\/v2\/types\/page"}],"author":[{"embeddable":true,"href":"https:\/\/archeolab.app\/villa\/wp-json\/wp\/v2\/users\/1"}],"replies":[{"embeddable":true,"href":"https:\/\/archeolab.app\/villa\/wp-json\/wp\/v2\/comments?post=182"}],"version-history":[{"count":1,"href":"https:\/\/archeolab.app\/villa\/wp-json\/wp\/v2\/pages\/182\/revisions"}],"predecessor-version":[{"id":2263,"href":"https:\/\/archeolab.app\/villa\/wp-json\/wp\/v2\/pages\/182\/revisions\/2263"}],"up":[{"embeddable":true,"href":"https:\/\/archeolab.app\/villa\/wp-json\/wp\/v2\/pages\/179"}],"wp:attachment":[{"href":"https:\/\/archeolab.app\/villa\/wp-json\/wp\/v2\/media?parent=182"}],"curies":[{"name":"wp","href":"https:\/\/api.w.org\/{rel}","templated":true}]}}