{"id":179,"date":"2017-08-23T09:05:21","date_gmt":"2017-08-23T07:05:21","guid":{"rendered":"http:\/\/www.archeoweb.ch\/villa\/la-vie-quotidienne-a-lepoque-romaine\/la-vie-dans-la-villa\/"},"modified":"2020-03-27T11:44:50","modified_gmt":"2020-03-27T10:44:50","slug":"la-vie-dans-la-villa","status":"publish","type":"page","link":"https:\/\/archeolab.app\/villa\/la-vie-quotidienne-a-lepoque-romaine\/la-vie-dans-la-villa\/","title":{"rendered":"La vie dans la villa"},"content":{"rendered":"<p style=\"text-align: justify;\">Bienvenue dans la <em>villa<\/em> romaine de Pully, la belle et grande demeure du citoyen Paulus ! Il vous accueille avec grand plaisir dans sa splendide <em>villa<\/em> afin de d\u00e9couvrir sa vie quotidienne au sein de la propri\u00e9t\u00e9. Vous avez toujours voulu savoir comment les Romains vivaient, quelles \u00e9taient leurs habitudes et ce qu\u2019ils pouvaient bien manger&nbsp;? Alors n\u2019h\u00e9sitez pas et entrez sans plus attendre dans l\u2019univers de la <em>villa<\/em> romaine de Pully !<\/p>\n\n\n<figure class=\"wp-block-gallery columns-6 is-cropped wp-block-gallery-1 is-layout-flex wp-block-gallery-is-layout-flex\"><ul class=\"blocks-gallery-grid\"><li class=\"blocks-gallery-item\"><figure><a href=\"https:\/\/archeolab.app\/villa\/la-vie-quotidienne-a-lepoque-romaine\/la-vie-dans-la-villa\/les-habitants\/\"><img loading=\"lazy\" decoding=\"async\" width=\"1024\" height=\"1000\" src=\"https:\/\/archeolab.app\/villa\/wp-content\/uploads\/sites\/2\/2017\/08\/Pavillon_05_avec_masque-1024x1000.jpg\" alt=\"\" data-id=\"2038\" data-full-url=\"https:\/\/archeolab.app\/villa\/wp-content\/uploads\/sites\/2\/2017\/08\/Pavillon_05_avec_masque.jpg\" data-link=\"https:\/\/archeolab.app\/villa\/pavillon_05_avec_masque\/\" class=\"wp-image-2038\" srcset=\"https:\/\/archeolab.app\/villa\/wp-content\/uploads\/sites\/2\/2017\/08\/Pavillon_05_avec_masque-1024x1000.jpg 1024w, https:\/\/archeolab.app\/villa\/wp-content\/uploads\/sites\/2\/2017\/08\/Pavillon_05_avec_masque-300x293.jpg 300w, https:\/\/archeolab.app\/villa\/wp-content\/uploads\/sites\/2\/2017\/08\/Pavillon_05_avec_masque-768x750.jpg 768w, https:\/\/archeolab.app\/villa\/wp-content\/uploads\/sites\/2\/2017\/08\/Pavillon_05_avec_masque-1536x1501.jpg 1536w, https:\/\/archeolab.app\/villa\/wp-content\/uploads\/sites\/2\/2017\/08\/Pavillon_05_avec_masque-1200x1172.jpg 1200w, https:\/\/archeolab.app\/villa\/wp-content\/uploads\/sites\/2\/2017\/08\/Pavillon_05_avec_masque-1980x1934.jpg 1980w, https:\/\/archeolab.app\/villa\/wp-content\/uploads\/sites\/2\/2017\/08\/Pavillon_05_avec_masque.jpg 2000w\" sizes=\"auto, (max-width: 1024px) 100vw, 1024px\" \/><figcaption class=\"blocks-gallery-item__caption\">Les habitants<\/figcaption><\/figure><\/li><li class=\"blocks-gallery-item\"><figure><a href=\"https:\/\/archeolab.app\/villa\/la-vie-quotidienne-a-lepoque-romaine\/la-vie-dans-la-villa\/la-maison-romaine\/\"><img loading=\"lazy\" decoding=\"async\" width=\"508\" height=\"1024\" src=\"https:\/\/archeolab.app\/villa\/wp-content\/uploads\/sites\/2\/2017\/08\/Scene-de-vie-villa-508x1024.jpg\" alt=\"\" data-id=\"2046\" data-full-url=\"https:\/\/archeolab.app\/villa\/wp-content\/uploads\/sites\/2\/2017\/08\/Scene-de-vie-villa-scaled.jpg\" data-link=\"https:\/\/archeolab.app\/villa\/scene-de-vie-villa\/\" class=\"wp-image-2046\" srcset=\"https:\/\/archeolab.app\/villa\/wp-content\/uploads\/sites\/2\/2017\/08\/Scene-de-vie-villa-508x1024.jpg 508w, https:\/\/archeolab.app\/villa\/wp-content\/uploads\/sites\/2\/2017\/08\/Scene-de-vie-villa-149x300.jpg 149w, https:\/\/archeolab.app\/villa\/wp-content\/uploads\/sites\/2\/2017\/08\/Scene-de-vie-villa-768x1548.jpg 768w, https:\/\/archeolab.app\/villa\/wp-content\/uploads\/sites\/2\/2017\/08\/Scene-de-vie-villa-762x1536.jpg 762w, https:\/\/archeolab.app\/villa\/wp-content\/uploads\/sites\/2\/2017\/08\/Scene-de-vie-villa-1016x2048.jpg 1016w, https:\/\/archeolab.app\/villa\/wp-content\/uploads\/sites\/2\/2017\/08\/Scene-de-vie-villa-1200x2418.jpg 1200w, https:\/\/archeolab.app\/villa\/wp-content\/uploads\/sites\/2\/2017\/08\/Scene-de-vie-villa-scaled.jpg 1270w\" sizes=\"auto, (max-width: 508px) 100vw, 508px\" \/><figcaption class=\"blocks-gallery-item__caption\">La maison romaine<\/figcaption><\/figure><\/li><li class=\"blocks-gallery-item\"><figure><a href=\"https:\/\/archeolab.app\/villa\/la-vie-quotidienne-a-lepoque-romaine\/la-vie-dans-la-villa\/la-cuisine\/\"><img loading=\"lazy\" decoding=\"async\" width=\"499\" height=\"348\" src=\"https:\/\/archeolab.app\/villa\/wp-content\/uploads\/sites\/2\/2020\/03\/cuisineromaine.jpg\" alt=\"\" data-id=\"2255\" data-full-url=\"https:\/\/archeolab.app\/villa\/wp-content\/uploads\/sites\/2\/2020\/03\/cuisineromaine.jpg\" data-link=\"https:\/\/archeolab.app\/villa\/la-vie-quotidienne-a-lepoque-romaine\/la-vie-dans-la-villa\/cuisineromaine-2\/\" class=\"wp-image-2255\" srcset=\"https:\/\/archeolab.app\/villa\/wp-content\/uploads\/sites\/2\/2020\/03\/cuisineromaine.jpg 499w, https:\/\/archeolab.app\/villa\/wp-content\/uploads\/sites\/2\/2020\/03\/cuisineromaine-300x209.jpg 300w\" sizes=\"auto, (max-width: 499px) 100vw, 499px\" \/><figcaption class=\"blocks-gallery-item__caption\">La cuisine<\/figcaption><\/figure><\/li><li class=\"blocks-gallery-item\"><figure><a href=\"https:\/\/archeolab.app\/villa\/la-vie-quotidienne-a-lepoque-romaine\/la-vie-dans-la-villa\/la-cuisine\/lhabillement-et-la-parure\/\"><img loading=\"lazy\" decoding=\"async\" width=\"771\" height=\"1024\" src=\"https:\/\/archeolab.app\/villa\/wp-content\/uploads\/sites\/2\/2020\/03\/Necessaire-toilettes-KM-1024x771-1-rotated.jpg\" alt=\"\" data-id=\"2345\" data-full-url=\"https:\/\/archeolab.app\/villa\/wp-content\/uploads\/sites\/2\/2020\/03\/Necessaire-toilettes-KM-1024x771-1-rotated.jpg\" data-link=\"https:\/\/archeolab.app\/villa\/la-vie-quotidienne-a-lepoque-romaine\/la-vie-dans-la-villa\/necessaire-toilettes-km-1024x771-1\/\" class=\"wp-image-2345\" srcset=\"https:\/\/archeolab.app\/villa\/wp-content\/uploads\/sites\/2\/2020\/03\/Necessaire-toilettes-KM-1024x771-1-rotated.jpg 771w, https:\/\/archeolab.app\/villa\/wp-content\/uploads\/sites\/2\/2020\/03\/Necessaire-toilettes-KM-1024x771-1-226x300.jpg 226w, https:\/\/archeolab.app\/villa\/wp-content\/uploads\/sites\/2\/2020\/03\/Necessaire-toilettes-KM-1024x771-1-768x1020.jpg 768w\" sizes=\"auto, (max-width: 771px) 100vw, 771px\" \/><figcaption class=\"blocks-gallery-item__caption\">L&rsquo;habillement et la parure<\/figcaption><\/figure><\/li><li class=\"blocks-gallery-item\"><figure><a href=\"https:\/\/archeolab.app\/villa\/la-vie-quotidienne-a-lepoque-romaine\/les-loisirs\/\"><img loading=\"lazy\" decoding=\"async\" width=\"690\" height=\"1024\" src=\"https:\/\/archeolab.app\/villa\/wp-content\/uploads\/sites\/2\/2020\/03\/Alma-Tadema_A_Favourite_Custom_1909_Tate_Britain-690x1024.jpg\" alt=\"\" data-id=\"2267\" data-full-url=\"https:\/\/archeolab.app\/villa\/wp-content\/uploads\/sites\/2\/2020\/03\/Alma-Tadema_A_Favourite_Custom_1909_Tate_Britain-scaled.jpg\" data-link=\"https:\/\/archeolab.app\/villa\/la-vie-quotidienne-a-lepoque-romaine\/les-loisirs\/alma-tadema_a_favourite_custom_1909_tate_britain\/\" class=\"wp-image-2267\" srcset=\"https:\/\/archeolab.app\/villa\/wp-content\/uploads\/sites\/2\/2020\/03\/Alma-Tadema_A_Favourite_Custom_1909_Tate_Britain-690x1024.jpg 690w, https:\/\/archeolab.app\/villa\/wp-content\/uploads\/sites\/2\/2020\/03\/Alma-Tadema_A_Favourite_Custom_1909_Tate_Britain-202x300.jpg 202w, https:\/\/archeolab.app\/villa\/wp-content\/uploads\/sites\/2\/2020\/03\/Alma-Tadema_A_Favourite_Custom_1909_Tate_Britain-768x1140.jpg 768w, https:\/\/archeolab.app\/villa\/wp-content\/uploads\/sites\/2\/2020\/03\/Alma-Tadema_A_Favourite_Custom_1909_Tate_Britain-1035x1536.jpg 1035w, https:\/\/archeolab.app\/villa\/wp-content\/uploads\/sites\/2\/2020\/03\/Alma-Tadema_A_Favourite_Custom_1909_Tate_Britain-1380x2048.jpg 1380w, https:\/\/archeolab.app\/villa\/wp-content\/uploads\/sites\/2\/2020\/03\/Alma-Tadema_A_Favourite_Custom_1909_Tate_Britain-scaled.jpg 1725w\" sizes=\"auto, (max-width: 690px) 100vw, 690px\" \/><figcaption class=\"blocks-gallery-item__caption\">Les loisirs<\/figcaption><\/figure><\/li><li class=\"blocks-gallery-item\"><figure><a href=\"https:\/\/archeolab.app\/villa\/la-vie-quotidienne-a-lepoque-romaine\/la-religion\/\"><img loading=\"lazy\" decoding=\"async\" width=\"1024\" height=\"724\" src=\"https:\/\/archeolab.app\/villa\/wp-content\/uploads\/sites\/2\/2020\/03\/11326_4-Quadro-d-ambiente-larario-1024x724-1.jpg\" alt=\"\" data-id=\"2344\" data-full-url=\"https:\/\/archeolab.app\/villa\/wp-content\/uploads\/sites\/2\/2020\/03\/11326_4-Quadro-d-ambiente-larario-1024x724-1.jpg\" data-link=\"https:\/\/archeolab.app\/villa\/la-vie-quotidienne-a-lepoque-romaine\/la-vie-dans-la-villa\/11326_4-quadro-d-ambiente-larario-1024x724\/\" class=\"wp-image-2344\" srcset=\"https:\/\/archeolab.app\/villa\/wp-content\/uploads\/sites\/2\/2020\/03\/11326_4-Quadro-d-ambiente-larario-1024x724-1.jpg 1024w, https:\/\/archeolab.app\/villa\/wp-content\/uploads\/sites\/2\/2020\/03\/11326_4-Quadro-d-ambiente-larario-1024x724-1-300x212.jpg 300w, https:\/\/archeolab.app\/villa\/wp-content\/uploads\/sites\/2\/2020\/03\/11326_4-Quadro-d-ambiente-larario-1024x724-1-768x543.jpg 768w\" sizes=\"auto, (max-width: 1024px) 100vw, 1024px\" \/><figcaption class=\"blocks-gallery-item__caption\">La religion<\/figcaption><\/figure><\/li><\/ul><\/figure>\n","protected":false},"excerpt":{"rendered":"<p>Bienvenue dans la villa romaine de Pully, la belle et grande demeure du citoyen Paulus ! Il vous accueille avec grand plaisir dans sa splendide villa afin de d\u00e9couvrir sa &hellip; <a href=\"https:\/\/archeolab.app\/villa\/la-vie-quotidienne-a-lepoque-romaine\/la-vie-dans-la-villa\/\" class=\"more-link\">Continuer la lecture de <span class=\"screen-reader-text\">La vie dans la villa<\/span><\/a><\/p>\n","protected":false},"author":1,"featured_media":0,"parent":178,"menu_order":1,"comment_status":"closed","ping_status":"closed","template":"","meta":{"_acf_changed":false,"footnotes":""},"class_list":["post-179","page","type-page","status-publish","hentry"],"acf":[],"yoast_head":"<!-- This site is optimized with the Yoast SEO plugin v27.5 - https:\/\/yoast.com\/product\/yoast-seo-wordpress\/ -->\n<title>La vie dans la villa &#8226; La villa romaine du Prieur\u00e9<\/title>\n<meta name=\"robots\" content=\"index, follow, max-snippet:-1, max-image-preview:large, max-video-preview:-1\" \/>\n<link rel=\"canonical\" href=\"https:\/\/archeolab.app\/villa\/la-vie-quotidienne-a-lepoque-romaine\/la-vie-dans-la-villa\/\" \/>\n<meta property=\"og:locale\" content=\"fr_FR\" \/>\n<meta property=\"og:type\" content=\"article\" \/>\n<meta property=\"og:title\" content=\"La vie dans la villa &#8226; La villa romaine du Prieur\u00e9\" \/>\n<meta property=\"og:description\" content=\"Bienvenue dans la villa romaine de Pully, la belle et grande demeure du citoyen Paulus ! Il vous accueille avec grand plaisir dans sa splendide villa afin de d\u00e9couvrir sa &hellip; Continuer la lecture de La vie dans la villa\" \/>\n<meta property=\"og:url\" content=\"https:\/\/archeolab.app\/villa\/la-vie-quotidienne-a-lepoque-romaine\/la-vie-dans-la-villa\/\" \/>\n<meta property=\"og:site_name\" content=\"La villa romaine du Prieur\u00e9\" \/>\n<meta property=\"article:modified_time\" content=\"2020-03-27T10:44:50+00:00\" \/>\n<meta property=\"og:image\" content=\"https:\/\/archeolab.app\/villa\/wp-content\/uploads\/sites\/2\/2017\/08\/Pavillon_05_avec_masque-1024x1000.jpg\" \/>\n<meta name=\"twitter:card\" content=\"summary_large_image\" \/>\n<script type=\"application\/ld+json\" class=\"yoast-schema-graph\">{\"@context\":\"https:\\\/\\\/schema.org\",\"@graph\":[{\"@type\":\"WebPage\",\"@id\":\"https:\\\/\\\/archeolab.app\\\/villa\\\/la-vie-quotidienne-a-lepoque-romaine\\\/la-vie-dans-la-villa\\\/\",\"url\":\"https:\\\/\\\/archeolab.app\\\/villa\\\/la-vie-quotidienne-a-lepoque-romaine\\\/la-vie-dans-la-villa\\\/\",\"name\":\"La vie dans la villa &#8226; La villa romaine du Prieur\u00e9\",\"isPartOf\":{\"@id\":\"https:\\\/\\\/archeolab.app\\\/villa\\\/#website\"},\"primaryImageOfPage\":{\"@id\":\"https:\\\/\\\/archeolab.app\\\/villa\\\/la-vie-quotidienne-a-lepoque-romaine\\\/la-vie-dans-la-villa\\\/#primaryimage\"},\"image\":{\"@id\":\"https:\\\/\\\/archeolab.app\\\/villa\\\/la-vie-quotidienne-a-lepoque-romaine\\\/la-vie-dans-la-villa\\\/#primaryimage\"},\"thumbnailUrl\":\"https:\\\/\\\/archeolab.app\\\/villa\\\/wp-content\\\/uploads\\\/sites\\\/2\\\/2017\\\/08\\\/Pavillon_05_avec_masque-1024x1000.jpg\",\"datePublished\":\"2017-08-23T07:05:21+00:00\",\"dateModified\":\"2020-03-27T10:44:50+00:00\",\"breadcrumb\":{\"@id\":\"https:\\\/\\\/archeolab.app\\\/villa\\\/la-vie-quotidienne-a-lepoque-romaine\\\/la-vie-dans-la-villa\\\/#breadcrumb\"},\"inLanguage\":\"fr-FR\",\"potentialAction\":[{\"@type\":\"ReadAction\",\"target\":[\"https:\\\/\\\/archeolab.app\\\/villa\\\/la-vie-quotidienne-a-lepoque-romaine\\\/la-vie-dans-la-villa\\\/\"]}]},{\"@type\":\"ImageObject\",\"inLanguage\":\"fr-FR\",\"@id\":\"https:\\\/\\\/archeolab.app\\\/villa\\\/la-vie-quotidienne-a-lepoque-romaine\\\/la-vie-dans-la-villa\\\/#primaryimage\",\"url\":\"https:\\\/\\\/archeolab.app\\\/villa\\\/wp-content\\\/uploads\\\/sites\\\/2\\\/2017\\\/08\\\/Pavillon_05_avec_masque.jpg\",\"contentUrl\":\"https:\\\/\\\/archeolab.app\\\/villa\\\/wp-content\\\/uploads\\\/sites\\\/2\\\/2017\\\/08\\\/Pavillon_05_avec_masque.jpg\",\"width\":2000,\"height\":1954,\"caption\":\"Les habitants\"},{\"@type\":\"BreadcrumbList\",\"@id\":\"https:\\\/\\\/archeolab.app\\\/villa\\\/la-vie-quotidienne-a-lepoque-romaine\\\/la-vie-dans-la-villa\\\/#breadcrumb\",\"itemListElement\":[{\"@type\":\"ListItem\",\"position\":1,\"name\":\"Accueil\",\"item\":\"https:\\\/\\\/archeolab.app\\\/villa\\\/\"},{\"@type\":\"ListItem\",\"position\":2,\"name\":\"La vie quotidienne \u00e0 l\u2019\u00e9poque romaine\",\"item\":\"https:\\\/\\\/archeolab.app\\\/villa\\\/la-vie-quotidienne-a-lepoque-romaine\\\/\"},{\"@type\":\"ListItem\",\"position\":3,\"name\":\"La vie dans la villa\"}]},{\"@type\":\"WebSite\",\"@id\":\"https:\\\/\\\/archeolab.app\\\/villa\\\/#website\",\"url\":\"https:\\\/\\\/archeolab.app\\\/villa\\\/\",\"name\":\"La villa romaine du Prieur\u00e9\",\"description\":\"Une visite virtuelle de la villa romaine de Pully\",\"publisher\":{\"@id\":\"https:\\\/\\\/archeolab.app\\\/villa\\\/#organization\"},\"potentialAction\":[{\"@type\":\"SearchAction\",\"target\":{\"@type\":\"EntryPoint\",\"urlTemplate\":\"https:\\\/\\\/archeolab.app\\\/villa\\\/?s={search_term_string}\"},\"query-input\":{\"@type\":\"PropertyValueSpecification\",\"valueRequired\":true,\"valueName\":\"search_term_string\"}}],\"inLanguage\":\"fr-FR\"},{\"@type\":\"Organization\",\"@id\":\"https:\\\/\\\/archeolab.app\\\/villa\\\/#organization\",\"name\":\"Arch\u00e9olab\",\"url\":\"https:\\\/\\\/archeolab.app\\\/villa\\\/\",\"logo\":{\"@type\":\"ImageObject\",\"inLanguage\":\"fr-FR\",\"@id\":\"https:\\\/\\\/archeolab.app\\\/villa\\\/#\\\/schema\\\/logo\\\/image\\\/\",\"url\":\"https:\\\/\\\/archeolab.app\\\/villa\\\/wp-content\\\/uploads\\\/sites\\\/2\\\/2020\\\/03\\\/LOGO_AL.app_small-02.png\",\"contentUrl\":\"https:\\\/\\\/archeolab.app\\\/villa\\\/wp-content\\\/uploads\\\/sites\\\/2\\\/2020\\\/03\\\/LOGO_AL.app_small-02.png\",\"width\":527,\"height\":523,\"caption\":\"Arch\u00e9olab\"},\"image\":{\"@id\":\"https:\\\/\\\/archeolab.app\\\/villa\\\/#\\\/schema\\\/logo\\\/image\\\/\"}}]}<\/script>\n<!-- \/ Yoast SEO plugin. -->","yoast_head_json":{"title":"La vie dans la villa &#8226; La villa romaine du Prieur\u00e9","robots":{"index":"index","follow":"follow","max-snippet":"max-snippet:-1","max-image-preview":"max-image-preview:large","max-video-preview":"max-video-preview:-1"},"canonical":"https:\/\/archeolab.app\/villa\/la-vie-quotidienne-a-lepoque-romaine\/la-vie-dans-la-villa\/","og_locale":"fr_FR","og_type":"article","og_title":"La vie dans la villa &#8226; La villa romaine du Prieur\u00e9","og_description":"Bienvenue dans la villa romaine de Pully, la belle et grande demeure du citoyen Paulus ! Il vous accueille avec grand plaisir dans sa splendide villa afin de d\u00e9couvrir sa &hellip; Continuer la lecture de La vie dans la villa","og_url":"https:\/\/archeolab.app\/villa\/la-vie-quotidienne-a-lepoque-romaine\/la-vie-dans-la-villa\/","og_site_name":"La villa romaine du Prieur\u00e9","article_modified_time":"2020-03-27T10:44:50+00:00","og_image":[{"url":"https:\/\/archeolab.app\/villa\/wp-content\/uploads\/sites\/2\/2017\/08\/Pavillon_05_avec_masque-1024x1000.jpg","type":"","width":"","height":""}],"twitter_card":"summary_large_image","schema":{"@context":"https:\/\/schema.org","@graph":[{"@type":"WebPage","@id":"https:\/\/archeolab.app\/villa\/la-vie-quotidienne-a-lepoque-romaine\/la-vie-dans-la-villa\/","url":"https:\/\/archeolab.app\/villa\/la-vie-quotidienne-a-lepoque-romaine\/la-vie-dans-la-villa\/","name":"La vie dans la villa &#8226; La villa romaine du Prieur\u00e9","isPartOf":{"@id":"https:\/\/archeolab.app\/villa\/#website"},"primaryImageOfPage":{"@id":"https:\/\/archeolab.app\/villa\/la-vie-quotidienne-a-lepoque-romaine\/la-vie-dans-la-villa\/#primaryimage"},"image":{"@id":"https:\/\/archeolab.app\/villa\/la-vie-quotidienne-a-lepoque-romaine\/la-vie-dans-la-villa\/#primaryimage"},"thumbnailUrl":"https:\/\/archeolab.app\/villa\/wp-content\/uploads\/sites\/2\/2017\/08\/Pavillon_05_avec_masque-1024x1000.jpg","datePublished":"2017-08-23T07:05:21+00:00","dateModified":"2020-03-27T10:44:50+00:00","breadcrumb":{"@id":"https:\/\/archeolab.app\/villa\/la-vie-quotidienne-a-lepoque-romaine\/la-vie-dans-la-villa\/#breadcrumb"},"inLanguage":"fr-FR","potentialAction":[{"@type":"ReadAction","target":["https:\/\/archeolab.app\/villa\/la-vie-quotidienne-a-lepoque-romaine\/la-vie-dans-la-villa\/"]}]},{"@type":"ImageObject","inLanguage":"fr-FR","@id":"https:\/\/archeolab.app\/villa\/la-vie-quotidienne-a-lepoque-romaine\/la-vie-dans-la-villa\/#primaryimage","url":"https:\/\/archeolab.app\/villa\/wp-content\/uploads\/sites\/2\/2017\/08\/Pavillon_05_avec_masque.jpg","contentUrl":"https:\/\/archeolab.app\/villa\/wp-content\/uploads\/sites\/2\/2017\/08\/Pavillon_05_avec_masque.jpg","width":2000,"height":1954,"caption":"Les habitants"},{"@type":"BreadcrumbList","@id":"https:\/\/archeolab.app\/villa\/la-vie-quotidienne-a-lepoque-romaine\/la-vie-dans-la-villa\/#breadcrumb","itemListElement":[{"@type":"ListItem","position":1,"name":"Accueil","item":"https:\/\/archeolab.app\/villa\/"},{"@type":"ListItem","position":2,"name":"La vie quotidienne \u00e0 l\u2019\u00e9poque romaine","item":"https:\/\/archeolab.app\/villa\/la-vie-quotidienne-a-lepoque-romaine\/"},{"@type":"ListItem","position":3,"name":"La vie dans la villa"}]},{"@type":"WebSite","@id":"https:\/\/archeolab.app\/villa\/#website","url":"https:\/\/archeolab.app\/villa\/","name":"La villa romaine du Prieur\u00e9","description":"Une visite virtuelle de la villa romaine de Pully","publisher":{"@id":"https:\/\/archeolab.app\/villa\/#organization"},"potentialAction":[{"@type":"SearchAction","target":{"@type":"EntryPoint","urlTemplate":"https:\/\/archeolab.app\/villa\/?s={search_term_string}"},"query-input":{"@type":"PropertyValueSpecification","valueRequired":true,"valueName":"search_term_string"}}],"inLanguage":"fr-FR"},{"@type":"Organization","@id":"https:\/\/archeolab.app\/villa\/#organization","name":"Arch\u00e9olab","url":"https:\/\/archeolab.app\/villa\/","logo":{"@type":"ImageObject","inLanguage":"fr-FR","@id":"https:\/\/archeolab.app\/villa\/#\/schema\/logo\/image\/","url":"https:\/\/archeolab.app\/villa\/wp-content\/uploads\/sites\/2\/2020\/03\/LOGO_AL.app_small-02.png","contentUrl":"https:\/\/archeolab.app\/villa\/wp-content\/uploads\/sites\/2\/2020\/03\/LOGO_AL.app_small-02.png","width":527,"height":523,"caption":"Arch\u00e9olab"},"image":{"@id":"https:\/\/archeolab.app\/villa\/#\/schema\/logo\/image\/"}}]}},"_links":{"self":[{"href":"https:\/\/archeolab.app\/villa\/wp-json\/wp\/v2\/pages\/179","targetHints":{"allow":["GET"]}}],"collection":[{"href":"https:\/\/archeolab.app\/villa\/wp-json\/wp\/v2\/pages"}],"about":[{"href":"https:\/\/archeolab.app\/villa\/wp-json\/wp\/v2\/types\/page"}],"author":[{"embeddable":true,"href":"https:\/\/archeolab.app\/villa\/wp-json\/wp\/v2\/users\/1"}],"replies":[{"embeddable":true,"href":"https:\/\/archeolab.app\/villa\/wp-json\/wp\/v2\/comments?post=179"}],"version-history":[{"count":14,"href":"https:\/\/archeolab.app\/villa\/wp-json\/wp\/v2\/pages\/179\/revisions"}],"predecessor-version":[{"id":2352,"href":"https:\/\/archeolab.app\/villa\/wp-json\/wp\/v2\/pages\/179\/revisions\/2352"}],"up":[{"embeddable":true,"href":"https:\/\/archeolab.app\/villa\/wp-json\/wp\/v2\/pages\/178"}],"wp:attachment":[{"href":"https:\/\/archeolab.app\/villa\/wp-json\/wp\/v2\/media?parent=179"}],"curies":[{"name":"wp","href":"https:\/\/api.w.org\/{rel}","templated":true}]}}