{"id":173,"date":"2017-08-23T09:05:21","date_gmt":"2017-08-23T07:05:21","guid":{"rendered":"http:\/\/www.archeoweb.ch\/villa\/lhistorique-des-fouilles\/le-20e-siecle\/des-decouvertes-exceptionnelles\/le-musee\/"},"modified":"2020-06-10T15:52:58","modified_gmt":"2020-06-10T13:52:58","slug":"le-musee","status":"publish","type":"page","link":"https:\/\/archeolab.app\/villa\/lhistoire-des-decouvertes\/le-20e-siecle\/le-musee\/","title":{"rendered":"Le mus\u00e9e hier et aujourd&rsquo;hui"},"content":{"rendered":"<figure id=\"attachment_1744\" aria-describedby=\"caption-attachment-1744\" style=\"width: 768px\" class=\"wp-caption aligncenter\"><img loading=\"lazy\" decoding=\"async\" class=\" wp-image-1744\" src=\"https:\/\/archeolab.app\/villa\/wp-content\/uploads\/sites\/2\/2018\/06\/IMG_0402-1024x768.jpg\" alt=\"\" width=\"768\" height=\"576\"><figcaption id=\"caption-attachment-1744\" class=\"wp-caption-text\">Le mus\u00e9e prot\u00e9geant les vestiges de la <em>villa<\/em> romaine a \u00e9t\u00e9 construit en 1978.&nbsp;\u00a9 Arch\u00e9oLab.<\/figcaption><\/figure>\n<p style=\"margin: 0cm; margin-bottom: .0001pt; text-align: justify;\"><span style=\"color: #333333;\">Les importantes d\u00e9couvertes faites dans les ann\u00e9es 1970 ont incit\u00e9 les autorit\u00e9s \u00e0 construire un abri-mus\u00e9e \u00e0 l\u2019emplacement m\u00eame du pavillon afin qu\u2019il soit mis en valeur. La construction du b\u00e2timent s\u2019ach\u00e8ve en 1978 et le nouveau mus\u00e9e est inaugur\u00e9 en 1981. Initialement, l\u2019exposition pr\u00e9sente des vitrines avec les objets provenant des derni\u00e8res fouilles. Elle propose \u00e9galement un diaporama explicatif. <\/span><\/p>\n<p style=\"margin: 0cm; margin-bottom: .0001pt; text-align: justify;\"><span style=\"color: #333333;\">Vingt ans plus tard, des transformations sont apport\u00e9es afin de donner un nouveau souffle \u00e0 la mus\u00e9ographie. Un&nbsp; diaporama est r\u00e9alis\u00e9 et une reconstitution virtuelle en trois dimensions est cr\u00e9\u00e9e afin de permettre aux visiteurs de&nbsp; s\u2019immerger dans la&nbsp;<em>villa<\/em>&nbsp;romaine. <\/span><\/p>\n<figure id=\"attachment_1745\" aria-describedby=\"caption-attachment-1745\" style=\"width: 805px\" class=\"wp-caption aligncenter\"><img loading=\"lazy\" decoding=\"async\" class=\" wp-image-1745\" src=\"https:\/\/archeolab.app\/villa\/wp-content\/uploads\/sites\/2\/2018\/06\/Arch\u00e9o-test_2cVRP-M.Barraz-1024x683.jpg\" alt=\"\" width=\"805\" height=\"537\"><figcaption id=\"caption-attachment-1745\" class=\"wp-caption-text\">Dans la <em>villa<\/em> romaine, on d\u00e9couvre, on teste et on apprend !&nbsp;\u00a9 Arch\u00e9oLab.<\/figcaption><\/figure>\n<p style=\"margin: 0cm; margin-bottom: .0001pt; text-align: justify;\"><span style=\"color: #333333;\">En 2008 l&rsquo;institution connait un nouvel \u00e9lan sous l&rsquo;impulsion de sa directrice, Delphine Rivier, et de sa conservatrice, Karine Meylan et devient un mus\u00e9e \u00e0 part enti\u00e8re.<\/span><\/p>\n<p style=\"margin: 0cm; margin-bottom: .0001pt; text-align: justify;\"><span style=\"color: #333333;\">Rebaptis\u00e9 l&rsquo;Arch\u00e9oLab, il cible avant tout le jeune public et les familles en offrant des expositions annuelles interactives mettant en lumi\u00e8re l&rsquo;\u00e9poque romaine et le m\u00e9tier d&rsquo;arch\u00e9ologue. De nombreuses activit\u00e9s sont \u00e9galement propos\u00e9es tout au long de l&rsquo;ann\u00e9e, tels des ateliers ludiques et p\u00e9dagogiques, des visites anim\u00e9es, etc.&nbsp;<\/span><\/p>\n<figure id=\"attachment_1746\" aria-describedby=\"caption-attachment-1746\" style=\"width: 761px\" class=\"wp-caption aligncenter\"><img loading=\"lazy\" decoding=\"async\" class=\" wp-image-1746\" src=\"https:\/\/archeolab.app\/villa\/wp-content\/uploads\/sites\/2\/2018\/06\/Arch\u00e9oLab_2_cVR-Pully_DR-1024x791.jpg\" alt=\"\" width=\"761\" height=\"588\"><figcaption id=\"caption-attachment-1746\" class=\"wp-caption-text\">Le Lab est un espace de m\u00e9diation pour le jeune public o\u00f9 l&rsquo;on d\u00e9couvre les m\u00e9tiers de l&rsquo;arch\u00e9ologie.&nbsp;\u00a9 Arch\u00e9oLab.<\/figcaption><\/figure>\n<figure id=\"attachment_1749\" aria-describedby=\"caption-attachment-1749\" style=\"width: 901px\" class=\"wp-caption aligncenter\"><img loading=\"lazy\" decoding=\"async\" class=\" wp-image-1749\" src=\"https:\/\/archeolab.app\/villa\/wp-content\/uploads\/sites\/2\/2018\/06\/20180117_121658-1024x768.jpg\" alt=\"\" width=\"901\" height=\"676\"><figcaption id=\"caption-attachment-1749\" class=\"wp-caption-text\">\u00c0 la d\u00e9couverte de la relation entre les hommes et les animaux dans l&rsquo;Antiquit\u00e9.&nbsp;\u00a9 Arch\u00e9oLab.<\/figcaption><\/figure>\n<p>\u21d2 <a href=\"https:\/\/archeolab.app\/villa\/lhistoire-des-decouvertes\/le-21e-siecle\/\">L&rsquo;incendie criminel de 2001<\/a><\/p>\n","protected":false},"excerpt":{"rendered":"<p>Les importantes d\u00e9couvertes faites dans les ann\u00e9es 1970 ont incit\u00e9 les autorit\u00e9s \u00e0 construire un abri-mus\u00e9e \u00e0 l\u2019emplacement m\u00eame du pavillon afin qu\u2019il soit mis en valeur. La construction du &hellip; <a href=\"https:\/\/archeolab.app\/villa\/lhistoire-des-decouvertes\/le-20e-siecle\/le-musee\/\" class=\"more-link\">Continuer la lecture de <span class=\"screen-reader-text\">Le mus\u00e9e hier et aujourd&rsquo;hui<\/span><\/a><\/p>\n","protected":false},"author":1,"featured_media":0,"parent":167,"menu_order":0,"comment_status":"closed","ping_status":"closed","template":"","meta":{"_acf_changed":false,"footnotes":""},"class_list":["post-173","page","type-page","status-publish","hentry"],"acf":[],"yoast_head":"<!-- This site is optimized with the Yoast SEO plugin v27.4 - https:\/\/yoast.com\/product\/yoast-seo-wordpress\/ -->\n<title>Le mus\u00e9e hier et aujourd&#039;hui &#8226; La villa romaine du Prieur\u00e9<\/title>\n<meta name=\"robots\" content=\"index, follow, max-snippet:-1, max-image-preview:large, max-video-preview:-1\" \/>\n<link rel=\"canonical\" href=\"https:\/\/archeolab.app\/villa\/lhistoire-des-decouvertes\/le-20e-siecle\/le-musee\/\" \/>\n<meta property=\"og:locale\" content=\"fr_FR\" \/>\n<meta property=\"og:type\" content=\"article\" \/>\n<meta property=\"og:title\" content=\"Le mus\u00e9e hier et aujourd&#039;hui &#8226; La villa romaine du Prieur\u00e9\" \/>\n<meta property=\"og:description\" content=\"Les importantes d\u00e9couvertes faites dans les ann\u00e9es 1970 ont incit\u00e9 les autorit\u00e9s \u00e0 construire un abri-mus\u00e9e \u00e0 l\u2019emplacement m\u00eame du pavillon afin qu\u2019il soit mis en valeur. La construction du &hellip; Continuer la lecture de Le mus\u00e9e hier et aujourd&rsquo;hui\" \/>\n<meta property=\"og:url\" content=\"https:\/\/archeolab.app\/villa\/lhistoire-des-decouvertes\/le-20e-siecle\/le-musee\/\" \/>\n<meta property=\"og:site_name\" content=\"La villa romaine du Prieur\u00e9\" \/>\n<meta property=\"article:modified_time\" content=\"2020-06-10T13:52:58+00:00\" \/>\n<meta property=\"og:image\" content=\"https:\/\/archeolab.app\/villa\/wp-content\/uploads\/sites\/2\/2018\/06\/IMG_0402-1024x768.jpg\" \/>\n<meta name=\"twitter:card\" content=\"summary_large_image\" \/>\n<meta name=\"twitter:label1\" content=\"Dur\u00e9e de lecture estim\u00e9e\" \/>\n\t<meta name=\"twitter:data1\" content=\"2 minutes\" \/>\n<script type=\"application\/ld+json\" class=\"yoast-schema-graph\">{\"@context\":\"https:\\\/\\\/schema.org\",\"@graph\":[{\"@type\":\"WebPage\",\"@id\":\"https:\\\/\\\/archeolab.app\\\/villa\\\/lhistoire-des-decouvertes\\\/le-20e-siecle\\\/le-musee\\\/\",\"url\":\"https:\\\/\\\/archeolab.app\\\/villa\\\/lhistoire-des-decouvertes\\\/le-20e-siecle\\\/le-musee\\\/\",\"name\":\"Le mus\u00e9e hier et aujourd'hui &#8226; La villa romaine du Prieur\u00e9\",\"isPartOf\":{\"@id\":\"https:\\\/\\\/archeolab.app\\\/villa\\\/#website\"},\"primaryImageOfPage\":{\"@id\":\"https:\\\/\\\/archeolab.app\\\/villa\\\/lhistoire-des-decouvertes\\\/le-20e-siecle\\\/le-musee\\\/#primaryimage\"},\"image\":{\"@id\":\"https:\\\/\\\/archeolab.app\\\/villa\\\/lhistoire-des-decouvertes\\\/le-20e-siecle\\\/le-musee\\\/#primaryimage\"},\"thumbnailUrl\":\"https:\\\/\\\/archeolab.app\\\/villa\\\/wp-content\\\/uploads\\\/sites\\\/2\\\/2018\\\/06\\\/IMG_0402-1024x768.jpg\",\"datePublished\":\"2017-08-23T07:05:21+00:00\",\"dateModified\":\"2020-06-10T13:52:58+00:00\",\"breadcrumb\":{\"@id\":\"https:\\\/\\\/archeolab.app\\\/villa\\\/lhistoire-des-decouvertes\\\/le-20e-siecle\\\/le-musee\\\/#breadcrumb\"},\"inLanguage\":\"fr-FR\",\"potentialAction\":[{\"@type\":\"ReadAction\",\"target\":[\"https:\\\/\\\/archeolab.app\\\/villa\\\/lhistoire-des-decouvertes\\\/le-20e-siecle\\\/le-musee\\\/\"]}]},{\"@type\":\"ImageObject\",\"inLanguage\":\"fr-FR\",\"@id\":\"https:\\\/\\\/archeolab.app\\\/villa\\\/lhistoire-des-decouvertes\\\/le-20e-siecle\\\/le-musee\\\/#primaryimage\",\"url\":\"https:\\\/\\\/archeolab.app\\\/villa\\\/wp-content\\\/uploads\\\/sites\\\/2\\\/2018\\\/06\\\/IMG_0402.jpg\",\"contentUrl\":\"https:\\\/\\\/archeolab.app\\\/villa\\\/wp-content\\\/uploads\\\/sites\\\/2\\\/2018\\\/06\\\/IMG_0402.jpg\",\"width\":2000,\"height\":1500},{\"@type\":\"BreadcrumbList\",\"@id\":\"https:\\\/\\\/archeolab.app\\\/villa\\\/lhistoire-des-decouvertes\\\/le-20e-siecle\\\/le-musee\\\/#breadcrumb\",\"itemListElement\":[{\"@type\":\"ListItem\",\"position\":1,\"name\":\"Accueil\",\"item\":\"https:\\\/\\\/archeolab.app\\\/villa\\\/\"},{\"@type\":\"ListItem\",\"position\":2,\"name\":\"L&rsquo;histoire des d\u00e9couvertes\",\"item\":\"https:\\\/\\\/archeolab.app\\\/villa\\\/lhistoire-des-decouvertes\\\/\"},{\"@type\":\"ListItem\",\"position\":3,\"name\":\"Le 20e si\u00e8cle\",\"item\":\"https:\\\/\\\/archeolab.app\\\/villa\\\/lhistoire-des-decouvertes\\\/le-20e-siecle\\\/\"},{\"@type\":\"ListItem\",\"position\":4,\"name\":\"Le mus\u00e9e hier et aujourd&rsquo;hui\"}]},{\"@type\":\"WebSite\",\"@id\":\"https:\\\/\\\/archeolab.app\\\/villa\\\/#website\",\"url\":\"https:\\\/\\\/archeolab.app\\\/villa\\\/\",\"name\":\"La villa romaine du Prieur\u00e9\",\"description\":\"Une visite virtuelle de la villa romaine de Pully\",\"publisher\":{\"@id\":\"https:\\\/\\\/archeolab.app\\\/villa\\\/#organization\"},\"potentialAction\":[{\"@type\":\"SearchAction\",\"target\":{\"@type\":\"EntryPoint\",\"urlTemplate\":\"https:\\\/\\\/archeolab.app\\\/villa\\\/?s={search_term_string}\"},\"query-input\":{\"@type\":\"PropertyValueSpecification\",\"valueRequired\":true,\"valueName\":\"search_term_string\"}}],\"inLanguage\":\"fr-FR\"},{\"@type\":\"Organization\",\"@id\":\"https:\\\/\\\/archeolab.app\\\/villa\\\/#organization\",\"name\":\"Arch\u00e9olab\",\"url\":\"https:\\\/\\\/archeolab.app\\\/villa\\\/\",\"logo\":{\"@type\":\"ImageObject\",\"inLanguage\":\"fr-FR\",\"@id\":\"https:\\\/\\\/archeolab.app\\\/villa\\\/#\\\/schema\\\/logo\\\/image\\\/\",\"url\":\"https:\\\/\\\/archeolab.app\\\/villa\\\/wp-content\\\/uploads\\\/sites\\\/2\\\/2020\\\/03\\\/LOGO_AL.app_small-02.png\",\"contentUrl\":\"https:\\\/\\\/archeolab.app\\\/villa\\\/wp-content\\\/uploads\\\/sites\\\/2\\\/2020\\\/03\\\/LOGO_AL.app_small-02.png\",\"width\":527,\"height\":523,\"caption\":\"Arch\u00e9olab\"},\"image\":{\"@id\":\"https:\\\/\\\/archeolab.app\\\/villa\\\/#\\\/schema\\\/logo\\\/image\\\/\"}}]}<\/script>\n<!-- \/ Yoast SEO plugin. -->","yoast_head_json":{"title":"Le mus\u00e9e hier et aujourd'hui &#8226; La villa romaine du Prieur\u00e9","robots":{"index":"index","follow":"follow","max-snippet":"max-snippet:-1","max-image-preview":"max-image-preview:large","max-video-preview":"max-video-preview:-1"},"canonical":"https:\/\/archeolab.app\/villa\/lhistoire-des-decouvertes\/le-20e-siecle\/le-musee\/","og_locale":"fr_FR","og_type":"article","og_title":"Le mus\u00e9e hier et aujourd'hui &#8226; La villa romaine du Prieur\u00e9","og_description":"Les importantes d\u00e9couvertes faites dans les ann\u00e9es 1970 ont incit\u00e9 les autorit\u00e9s \u00e0 construire un abri-mus\u00e9e \u00e0 l\u2019emplacement m\u00eame du pavillon afin qu\u2019il soit mis en valeur. La construction du &hellip; Continuer la lecture de Le mus\u00e9e hier et aujourd&rsquo;hui","og_url":"https:\/\/archeolab.app\/villa\/lhistoire-des-decouvertes\/le-20e-siecle\/le-musee\/","og_site_name":"La villa romaine du Prieur\u00e9","article_modified_time":"2020-06-10T13:52:58+00:00","og_image":[{"url":"https:\/\/archeolab.app\/villa\/wp-content\/uploads\/sites\/2\/2018\/06\/IMG_0402-1024x768.jpg","type":"","width":"","height":""}],"twitter_card":"summary_large_image","twitter_misc":{"Dur\u00e9e de lecture estim\u00e9e":"2 minutes"},"schema":{"@context":"https:\/\/schema.org","@graph":[{"@type":"WebPage","@id":"https:\/\/archeolab.app\/villa\/lhistoire-des-decouvertes\/le-20e-siecle\/le-musee\/","url":"https:\/\/archeolab.app\/villa\/lhistoire-des-decouvertes\/le-20e-siecle\/le-musee\/","name":"Le mus\u00e9e hier et aujourd'hui &#8226; La villa romaine du Prieur\u00e9","isPartOf":{"@id":"https:\/\/archeolab.app\/villa\/#website"},"primaryImageOfPage":{"@id":"https:\/\/archeolab.app\/villa\/lhistoire-des-decouvertes\/le-20e-siecle\/le-musee\/#primaryimage"},"image":{"@id":"https:\/\/archeolab.app\/villa\/lhistoire-des-decouvertes\/le-20e-siecle\/le-musee\/#primaryimage"},"thumbnailUrl":"https:\/\/archeolab.app\/villa\/wp-content\/uploads\/sites\/2\/2018\/06\/IMG_0402-1024x768.jpg","datePublished":"2017-08-23T07:05:21+00:00","dateModified":"2020-06-10T13:52:58+00:00","breadcrumb":{"@id":"https:\/\/archeolab.app\/villa\/lhistoire-des-decouvertes\/le-20e-siecle\/le-musee\/#breadcrumb"},"inLanguage":"fr-FR","potentialAction":[{"@type":"ReadAction","target":["https:\/\/archeolab.app\/villa\/lhistoire-des-decouvertes\/le-20e-siecle\/le-musee\/"]}]},{"@type":"ImageObject","inLanguage":"fr-FR","@id":"https:\/\/archeolab.app\/villa\/lhistoire-des-decouvertes\/le-20e-siecle\/le-musee\/#primaryimage","url":"https:\/\/archeolab.app\/villa\/wp-content\/uploads\/sites\/2\/2018\/06\/IMG_0402.jpg","contentUrl":"https:\/\/archeolab.app\/villa\/wp-content\/uploads\/sites\/2\/2018\/06\/IMG_0402.jpg","width":2000,"height":1500},{"@type":"BreadcrumbList","@id":"https:\/\/archeolab.app\/villa\/lhistoire-des-decouvertes\/le-20e-siecle\/le-musee\/#breadcrumb","itemListElement":[{"@type":"ListItem","position":1,"name":"Accueil","item":"https:\/\/archeolab.app\/villa\/"},{"@type":"ListItem","position":2,"name":"L&rsquo;histoire des d\u00e9couvertes","item":"https:\/\/archeolab.app\/villa\/lhistoire-des-decouvertes\/"},{"@type":"ListItem","position":3,"name":"Le 20e si\u00e8cle","item":"https:\/\/archeolab.app\/villa\/lhistoire-des-decouvertes\/le-20e-siecle\/"},{"@type":"ListItem","position":4,"name":"Le mus\u00e9e hier et aujourd&rsquo;hui"}]},{"@type":"WebSite","@id":"https:\/\/archeolab.app\/villa\/#website","url":"https:\/\/archeolab.app\/villa\/","name":"La villa romaine du Prieur\u00e9","description":"Une visite virtuelle de la villa romaine de Pully","publisher":{"@id":"https:\/\/archeolab.app\/villa\/#organization"},"potentialAction":[{"@type":"SearchAction","target":{"@type":"EntryPoint","urlTemplate":"https:\/\/archeolab.app\/villa\/?s={search_term_string}"},"query-input":{"@type":"PropertyValueSpecification","valueRequired":true,"valueName":"search_term_string"}}],"inLanguage":"fr-FR"},{"@type":"Organization","@id":"https:\/\/archeolab.app\/villa\/#organization","name":"Arch\u00e9olab","url":"https:\/\/archeolab.app\/villa\/","logo":{"@type":"ImageObject","inLanguage":"fr-FR","@id":"https:\/\/archeolab.app\/villa\/#\/schema\/logo\/image\/","url":"https:\/\/archeolab.app\/villa\/wp-content\/uploads\/sites\/2\/2020\/03\/LOGO_AL.app_small-02.png","contentUrl":"https:\/\/archeolab.app\/villa\/wp-content\/uploads\/sites\/2\/2020\/03\/LOGO_AL.app_small-02.png","width":527,"height":523,"caption":"Arch\u00e9olab"},"image":{"@id":"https:\/\/archeolab.app\/villa\/#\/schema\/logo\/image\/"}}]}},"_links":{"self":[{"href":"https:\/\/archeolab.app\/villa\/wp-json\/wp\/v2\/pages\/173","targetHints":{"allow":["GET"]}}],"collection":[{"href":"https:\/\/archeolab.app\/villa\/wp-json\/wp\/v2\/pages"}],"about":[{"href":"https:\/\/archeolab.app\/villa\/wp-json\/wp\/v2\/types\/page"}],"author":[{"embeddable":true,"href":"https:\/\/archeolab.app\/villa\/wp-json\/wp\/v2\/users\/1"}],"replies":[{"embeddable":true,"href":"https:\/\/archeolab.app\/villa\/wp-json\/wp\/v2\/comments?post=173"}],"version-history":[{"count":4,"href":"https:\/\/archeolab.app\/villa\/wp-json\/wp\/v2\/pages\/173\/revisions"}],"predecessor-version":[{"id":2454,"href":"https:\/\/archeolab.app\/villa\/wp-json\/wp\/v2\/pages\/173\/revisions\/2454"}],"up":[{"embeddable":true,"href":"https:\/\/archeolab.app\/villa\/wp-json\/wp\/v2\/pages\/167"}],"wp:attachment":[{"href":"https:\/\/archeolab.app\/villa\/wp-json\/wp\/v2\/media?parent=173"}],"curies":[{"name":"wp","href":"https:\/\/api.w.org\/{rel}","templated":true}]}}