{"id":163,"date":"2017-08-23T09:05:21","date_gmt":"2017-08-23T07:05:21","guid":{"rendered":"http:\/\/www.archeoweb.ch\/villa\/lhistorique-des-fouilles\/"},"modified":"2020-03-27T11:50:37","modified_gmt":"2020-03-27T10:50:37","slug":"lhistoire-des-decouvertes","status":"publish","type":"page","link":"https:\/\/archeolab.app\/villa\/lhistoire-des-decouvertes\/","title":{"rendered":"L&rsquo;histoire des d\u00e9couvertes"},"content":{"rendered":"<p><strong>Apr\u00e8s son abandon, la <em>villa<\/em> romaine tombe peu \u00e0 peu dans l\u2019oubli\u2026<\/strong><\/p>\n<p style=\"text-align: justify;\">Le majestueux palais devra patienter plusieurs si\u00e8cles sous terre avant d\u2019\u00eatre ramen\u00e9 \u00e0 la lumi\u00e8re par les arch\u00e9ologues. En effet, si entre le 17<sup>e<\/sup> et le 19<sup>e<\/sup> si\u00e8cle plusieurs objets arch\u00e9ologiques sont mis au jour par hasard, il faudra attendre le 20<sup>e<\/sup> si\u00e8cle pour que de v\u00e9ritables fouilles arch\u00e9ologiques soient entreprises sur le site.<\/p>\n<p><\/p>\n\n\n<figure class=\"wp-block-gallery columns-3 is-cropped wp-block-gallery-1 is-layout-flex wp-block-gallery-is-layout-flex\"><ul class=\"blocks-gallery-grid\"><li class=\"blocks-gallery-item\"><figure><a href=\"https:\/\/archeolab.app\/villa\/lhistoire-des-decouvertes\/epoque-contemporaine-du-17-au-19e-siecle\/des-decouvertes-fortuites\/\"><img loading=\"lazy\" decoding=\"async\" width=\"1024\" height=\"359\" src=\"https:\/\/archeolab.app\/villa\/wp-content\/uploads\/sites\/2\/2018\/06\/32918_d\u00e9tail_2012.03.04-c-KM_0001-mod-1024x359.jpg\" alt=\"\" data-id=\"2061\" data-link=\"https:\/\/archeolab.app\/villa\/32918_detail_2012-03-04-c-km_0001-mod-2\/\" class=\"wp-image-2061\" srcset=\"https:\/\/archeolab.app\/villa\/wp-content\/uploads\/sites\/2\/2018\/06\/32918_d\u00e9tail_2012.03.04-c-KM_0001-mod-1024x359.jpg 1024w, https:\/\/archeolab.app\/villa\/wp-content\/uploads\/sites\/2\/2018\/06\/32918_d\u00e9tail_2012.03.04-c-KM_0001-mod-300x105.jpg 300w, https:\/\/archeolab.app\/villa\/wp-content\/uploads\/sites\/2\/2018\/06\/32918_d\u00e9tail_2012.03.04-c-KM_0001-mod-768x270.jpg 768w, https:\/\/archeolab.app\/villa\/wp-content\/uploads\/sites\/2\/2018\/06\/32918_d\u00e9tail_2012.03.04-c-KM_0001-mod-1536x539.jpg 1536w, https:\/\/archeolab.app\/villa\/wp-content\/uploads\/sites\/2\/2018\/06\/32918_d\u00e9tail_2012.03.04-c-KM_0001-mod-1200x421.jpg 1200w, https:\/\/archeolab.app\/villa\/wp-content\/uploads\/sites\/2\/2018\/06\/32918_d\u00e9tail_2012.03.04-c-KM_0001-mod-1980x695.jpg 1980w, https:\/\/archeolab.app\/villa\/wp-content\/uploads\/sites\/2\/2018\/06\/32918_d\u00e9tail_2012.03.04-c-KM_0001-mod.jpg 2000w\" sizes=\"auto, (max-width: 1024px) 100vw, 1024px\" \/><figcaption class=\"blocks-gallery-item__caption\">Du 17e au 19e si\u00e8cle<\/figcaption><\/figure><\/li><li class=\"blocks-gallery-item\"><figure><a href=\"https:\/\/archeolab.app\/villa\/lhistoire-des-decouvertes\/le-20e-siecle\/la-decouverte-dalbert-naef\/\"><img loading=\"lazy\" decoding=\"async\" width=\"640\" height=\"773\" src=\"https:\/\/archeolab.app\/villa\/wp-content\/uploads\/sites\/2\/2018\/06\/Albert-Naef.jpg\" alt=\"\" data-id=\"2069\" data-link=\"https:\/\/archeolab.app\/villa\/albert-naef\/\" class=\"wp-image-2069\" srcset=\"https:\/\/archeolab.app\/villa\/wp-content\/uploads\/sites\/2\/2018\/06\/Albert-Naef.jpg 640w, https:\/\/archeolab.app\/villa\/wp-content\/uploads\/sites\/2\/2018\/06\/Albert-Naef-248x300.jpg 248w\" sizes=\"auto, (max-width: 640px) 100vw, 640px\" \/><figcaption class=\"blocks-gallery-item__caption\">Le 20e si\u00e8cle<\/figcaption><\/figure><\/li><li class=\"blocks-gallery-item\"><figure><a href=https:\/\/archeolab.app\/villa\/lhistoire-des-decouvertes\/le-20e-siecle\/le-musee\/\"><img decoding=\"async\" src=\"https:\/\/archeolab.app\/villa\/wp-content\/uploads\/sites\/2\/2018\/06\/IMG_0402.jpg\" alt=\"\" data-id=\"2294\" data-full-url=\"https:\/\/archeolab.app\/villa\/wp-content\/uploads\/sites\/2\/2020\/03\/keyimg20010416_650554_0p-data.jpg\" data-link=\"https:\/\/archeolab.app\/villa\/lhistoire-des-decouvertes\/keyimg20010416_650554_0p-data\/\" class=\"wp-image-2294\"\/><figcaption class=\"blocks-gallery-item__caption\">Le 21e si\u00e8cle<\/figcaption><\/figure><\/li><\/ul><\/figure>\n","protected":false},"excerpt":{"rendered":"<p>Apr\u00e8s son abandon, la villa romaine tombe peu \u00e0 peu dans l\u2019oubli\u2026 Le majestueux palais devra patienter plusieurs si\u00e8cles sous terre avant d\u2019\u00eatre ramen\u00e9 \u00e0 la lumi\u00e8re par les arch\u00e9ologues. &hellip; <a href=\"https:\/\/archeolab.app\/villa\/lhistoire-des-decouvertes\/\" class=\"more-link\">Continuer la lecture de <span class=\"screen-reader-text\">L&rsquo;histoire des d\u00e9couvertes<\/span><\/a><\/p>\n","protected":false},"author":1,"featured_media":0,"parent":0,"menu_order":0,"comment_status":"closed","ping_status":"closed","template":"","meta":{"_acf_changed":false,"footnotes":""},"class_list":["post-163","page","type-page","status-publish","hentry"],"acf":[],"yoast_head":"<!-- This site is optimized with the Yoast SEO plugin v27.4 - https:\/\/yoast.com\/product\/yoast-seo-wordpress\/ -->\n<title>L&#039;histoire des d\u00e9couvertes &#8226; La villa romaine du Prieur\u00e9<\/title>\n<meta name=\"robots\" content=\"index, follow, max-snippet:-1, max-image-preview:large, max-video-preview:-1\" \/>\n<link rel=\"canonical\" href=\"https:\/\/archeolab.app\/villa\/lhistoire-des-decouvertes\/\" \/>\n<meta property=\"og:locale\" content=\"fr_FR\" \/>\n<meta property=\"og:type\" content=\"article\" \/>\n<meta property=\"og:title\" content=\"L&#039;histoire des d\u00e9couvertes &#8226; La villa romaine du Prieur\u00e9\" \/>\n<meta property=\"og:description\" content=\"Apr\u00e8s son abandon, la villa romaine tombe peu \u00e0 peu dans l\u2019oubli\u2026 Le majestueux palais devra patienter plusieurs si\u00e8cles sous terre avant d\u2019\u00eatre ramen\u00e9 \u00e0 la lumi\u00e8re par les arch\u00e9ologues. &hellip; Continuer la lecture de L&rsquo;histoire des d\u00e9couvertes\" \/>\n<meta property=\"og:url\" content=\"https:\/\/archeolab.app\/villa\/lhistoire-des-decouvertes\/\" \/>\n<meta property=\"og:site_name\" content=\"La villa romaine du Prieur\u00e9\" \/>\n<meta property=\"article:modified_time\" content=\"2020-03-27T10:50:37+00:00\" \/>\n<meta property=\"og:image\" content=\"https:\/\/archeolab.app\/villa\/wp-content\/uploads\/sites\/2\/2018\/06\/32918_d\u00e9tail_2012.03.04-c-KM_0001-mod-1024x359.jpg\" \/>\n<meta name=\"twitter:card\" content=\"summary_large_image\" \/>\n<script type=\"application\/ld+json\" class=\"yoast-schema-graph\">{\"@context\":\"https:\\\/\\\/schema.org\",\"@graph\":[{\"@type\":\"WebPage\",\"@id\":\"https:\\\/\\\/archeolab.app\\\/villa\\\/lhistoire-des-decouvertes\\\/\",\"url\":\"https:\\\/\\\/archeolab.app\\\/villa\\\/lhistoire-des-decouvertes\\\/\",\"name\":\"L'histoire des d\u00e9couvertes &#8226; La villa romaine du Prieur\u00e9\",\"isPartOf\":{\"@id\":\"https:\\\/\\\/archeolab.app\\\/villa\\\/#website\"},\"primaryImageOfPage\":{\"@id\":\"https:\\\/\\\/archeolab.app\\\/villa\\\/lhistoire-des-decouvertes\\\/#primaryimage\"},\"image\":{\"@id\":\"https:\\\/\\\/archeolab.app\\\/villa\\\/lhistoire-des-decouvertes\\\/#primaryimage\"},\"thumbnailUrl\":\"https:\\\/\\\/archeolab.app\\\/villa\\\/wp-content\\\/uploads\\\/sites\\\/2\\\/2018\\\/06\\\/Albert-Naef.jpg\",\"datePublished\":\"2017-08-23T07:05:21+00:00\",\"dateModified\":\"2020-03-27T10:50:37+00:00\",\"breadcrumb\":{\"@id\":\"https:\\\/\\\/archeolab.app\\\/villa\\\/lhistoire-des-decouvertes\\\/#breadcrumb\"},\"inLanguage\":\"fr-FR\",\"potentialAction\":[{\"@type\":\"ReadAction\",\"target\":[\"https:\\\/\\\/archeolab.app\\\/villa\\\/lhistoire-des-decouvertes\\\/\"]}]},{\"@type\":\"ImageObject\",\"inLanguage\":\"fr-FR\",\"@id\":\"https:\\\/\\\/archeolab.app\\\/villa\\\/lhistoire-des-decouvertes\\\/#primaryimage\",\"url\":\"https:\\\/\\\/archeolab.app\\\/villa\\\/wp-content\\\/uploads\\\/sites\\\/2\\\/2018\\\/06\\\/Albert-Naef.jpg\",\"contentUrl\":\"https:\\\/\\\/archeolab.app\\\/villa\\\/wp-content\\\/uploads\\\/sites\\\/2\\\/2018\\\/06\\\/Albert-Naef.jpg\",\"width\":640,\"height\":773,\"caption\":\"Le 20e si\u00e8cle\"},{\"@type\":\"BreadcrumbList\",\"@id\":\"https:\\\/\\\/archeolab.app\\\/villa\\\/lhistoire-des-decouvertes\\\/#breadcrumb\",\"itemListElement\":[{\"@type\":\"ListItem\",\"position\":1,\"name\":\"Accueil\",\"item\":\"https:\\\/\\\/archeolab.app\\\/villa\\\/\"},{\"@type\":\"ListItem\",\"position\":2,\"name\":\"L&rsquo;histoire des d\u00e9couvertes\"}]},{\"@type\":\"WebSite\",\"@id\":\"https:\\\/\\\/archeolab.app\\\/villa\\\/#website\",\"url\":\"https:\\\/\\\/archeolab.app\\\/villa\\\/\",\"name\":\"La villa romaine du Prieur\u00e9\",\"description\":\"Une visite virtuelle de la villa romaine de Pully\",\"publisher\":{\"@id\":\"https:\\\/\\\/archeolab.app\\\/villa\\\/#organization\"},\"potentialAction\":[{\"@type\":\"SearchAction\",\"target\":{\"@type\":\"EntryPoint\",\"urlTemplate\":\"https:\\\/\\\/archeolab.app\\\/villa\\\/?s={search_term_string}\"},\"query-input\":{\"@type\":\"PropertyValueSpecification\",\"valueRequired\":true,\"valueName\":\"search_term_string\"}}],\"inLanguage\":\"fr-FR\"},{\"@type\":\"Organization\",\"@id\":\"https:\\\/\\\/archeolab.app\\\/villa\\\/#organization\",\"name\":\"Arch\u00e9olab\",\"url\":\"https:\\\/\\\/archeolab.app\\\/villa\\\/\",\"logo\":{\"@type\":\"ImageObject\",\"inLanguage\":\"fr-FR\",\"@id\":\"https:\\\/\\\/archeolab.app\\\/villa\\\/#\\\/schema\\\/logo\\\/image\\\/\",\"url\":\"https:\\\/\\\/archeolab.app\\\/villa\\\/wp-content\\\/uploads\\\/sites\\\/2\\\/2020\\\/03\\\/LOGO_AL.app_small-02.png\",\"contentUrl\":\"https:\\\/\\\/archeolab.app\\\/villa\\\/wp-content\\\/uploads\\\/sites\\\/2\\\/2020\\\/03\\\/LOGO_AL.app_small-02.png\",\"width\":527,\"height\":523,\"caption\":\"Arch\u00e9olab\"},\"image\":{\"@id\":\"https:\\\/\\\/archeolab.app\\\/villa\\\/#\\\/schema\\\/logo\\\/image\\\/\"}}]}<\/script>\n<!-- \/ Yoast SEO plugin. -->","yoast_head_json":{"title":"L'histoire des d\u00e9couvertes &#8226; La villa romaine du Prieur\u00e9","robots":{"index":"index","follow":"follow","max-snippet":"max-snippet:-1","max-image-preview":"max-image-preview:large","max-video-preview":"max-video-preview:-1"},"canonical":"https:\/\/archeolab.app\/villa\/lhistoire-des-decouvertes\/","og_locale":"fr_FR","og_type":"article","og_title":"L'histoire des d\u00e9couvertes &#8226; La villa romaine du Prieur\u00e9","og_description":"Apr\u00e8s son abandon, la villa romaine tombe peu \u00e0 peu dans l\u2019oubli\u2026 Le majestueux palais devra patienter plusieurs si\u00e8cles sous terre avant d\u2019\u00eatre ramen\u00e9 \u00e0 la lumi\u00e8re par les arch\u00e9ologues. &hellip; Continuer la lecture de L&rsquo;histoire des d\u00e9couvertes","og_url":"https:\/\/archeolab.app\/villa\/lhistoire-des-decouvertes\/","og_site_name":"La villa romaine du Prieur\u00e9","article_modified_time":"2020-03-27T10:50:37+00:00","og_image":[{"url":"https:\/\/archeolab.app\/villa\/wp-content\/uploads\/sites\/2\/2018\/06\/32918_d\u00e9tail_2012.03.04-c-KM_0001-mod-1024x359.jpg","type":"","width":"","height":""}],"twitter_card":"summary_large_image","schema":{"@context":"https:\/\/schema.org","@graph":[{"@type":"WebPage","@id":"https:\/\/archeolab.app\/villa\/lhistoire-des-decouvertes\/","url":"https:\/\/archeolab.app\/villa\/lhistoire-des-decouvertes\/","name":"L'histoire des d\u00e9couvertes &#8226; La villa romaine du Prieur\u00e9","isPartOf":{"@id":"https:\/\/archeolab.app\/villa\/#website"},"primaryImageOfPage":{"@id":"https:\/\/archeolab.app\/villa\/lhistoire-des-decouvertes\/#primaryimage"},"image":{"@id":"https:\/\/archeolab.app\/villa\/lhistoire-des-decouvertes\/#primaryimage"},"thumbnailUrl":"https:\/\/archeolab.app\/villa\/wp-content\/uploads\/sites\/2\/2018\/06\/Albert-Naef.jpg","datePublished":"2017-08-23T07:05:21+00:00","dateModified":"2020-03-27T10:50:37+00:00","breadcrumb":{"@id":"https:\/\/archeolab.app\/villa\/lhistoire-des-decouvertes\/#breadcrumb"},"inLanguage":"fr-FR","potentialAction":[{"@type":"ReadAction","target":["https:\/\/archeolab.app\/villa\/lhistoire-des-decouvertes\/"]}]},{"@type":"ImageObject","inLanguage":"fr-FR","@id":"https:\/\/archeolab.app\/villa\/lhistoire-des-decouvertes\/#primaryimage","url":"https:\/\/archeolab.app\/villa\/wp-content\/uploads\/sites\/2\/2018\/06\/Albert-Naef.jpg","contentUrl":"https:\/\/archeolab.app\/villa\/wp-content\/uploads\/sites\/2\/2018\/06\/Albert-Naef.jpg","width":640,"height":773,"caption":"Le 20e si\u00e8cle"},{"@type":"BreadcrumbList","@id":"https:\/\/archeolab.app\/villa\/lhistoire-des-decouvertes\/#breadcrumb","itemListElement":[{"@type":"ListItem","position":1,"name":"Accueil","item":"https:\/\/archeolab.app\/villa\/"},{"@type":"ListItem","position":2,"name":"L&rsquo;histoire des d\u00e9couvertes"}]},{"@type":"WebSite","@id":"https:\/\/archeolab.app\/villa\/#website","url":"https:\/\/archeolab.app\/villa\/","name":"La villa romaine du Prieur\u00e9","description":"Une visite virtuelle de la villa romaine de Pully","publisher":{"@id":"https:\/\/archeolab.app\/villa\/#organization"},"potentialAction":[{"@type":"SearchAction","target":{"@type":"EntryPoint","urlTemplate":"https:\/\/archeolab.app\/villa\/?s={search_term_string}"},"query-input":{"@type":"PropertyValueSpecification","valueRequired":true,"valueName":"search_term_string"}}],"inLanguage":"fr-FR"},{"@type":"Organization","@id":"https:\/\/archeolab.app\/villa\/#organization","name":"Arch\u00e9olab","url":"https:\/\/archeolab.app\/villa\/","logo":{"@type":"ImageObject","inLanguage":"fr-FR","@id":"https:\/\/archeolab.app\/villa\/#\/schema\/logo\/image\/","url":"https:\/\/archeolab.app\/villa\/wp-content\/uploads\/sites\/2\/2020\/03\/LOGO_AL.app_small-02.png","contentUrl":"https:\/\/archeolab.app\/villa\/wp-content\/uploads\/sites\/2\/2020\/03\/LOGO_AL.app_small-02.png","width":527,"height":523,"caption":"Arch\u00e9olab"},"image":{"@id":"https:\/\/archeolab.app\/villa\/#\/schema\/logo\/image\/"}}]}},"_links":{"self":[{"href":"https:\/\/archeolab.app\/villa\/wp-json\/wp\/v2\/pages\/163","targetHints":{"allow":["GET"]}}],"collection":[{"href":"https:\/\/archeolab.app\/villa\/wp-json\/wp\/v2\/pages"}],"about":[{"href":"https:\/\/archeolab.app\/villa\/wp-json\/wp\/v2\/types\/page"}],"author":[{"embeddable":true,"href":"https:\/\/archeolab.app\/villa\/wp-json\/wp\/v2\/users\/1"}],"replies":[{"embeddable":true,"href":"https:\/\/archeolab.app\/villa\/wp-json\/wp\/v2\/comments?post=163"}],"version-history":[{"count":4,"href":"https:\/\/archeolab.app\/villa\/wp-json\/wp\/v2\/pages\/163\/revisions"}],"predecessor-version":[{"id":2355,"href":"https:\/\/archeolab.app\/villa\/wp-json\/wp\/v2\/pages\/163\/revisions\/2355"}],"wp:attachment":[{"href":"https:\/\/archeolab.app\/villa\/wp-json\/wp\/v2\/media?parent=163"}],"curies":[{"name":"wp","href":"https:\/\/api.w.org\/{rel}","templated":true}]}}