{"id":162,"date":"2017-08-23T09:05:21","date_gmt":"2017-08-23T07:05:21","guid":{"rendered":"http:\/\/www.archeoweb.ch\/villa\/lhistoire-de-la-villa\/de-lantiquite-a-nos-jours\/epoque-moderne-au-16e-siecle\/un-prieure-un-peu-particulier\/"},"modified":"2020-03-26T11:01:39","modified_gmt":"2020-03-26T10:01:39","slug":"un-prieure-un-peu-particulier","status":"publish","type":"page","link":"https:\/\/archeolab.app\/villa\/apres-la-villa\/un-prieure-un-peu-particulier\/","title":{"rendered":"D\u00e8s le 16e si\u00e8cle, un Prieur\u00e9 un peu particulier"},"content":{"rendered":"<p style=\"text-align: justify;\">Au 16<sup>e<\/sup> si\u00e8cle, un nouveau b\u00e2timent vient s\u2019ajouter sur la colline, celui du Prieur\u00e9. Dans un premier temps, l\u2019\u00e9difice est bien distinct de l\u2019\u00e9glise et un grand caveau, utilis\u00e9 pour la viticulture, occupe tout le premier niveau de la moiti\u00e9 nord du b\u00e2timent. Dans un second temps, le Prieur\u00e9 est agrandi au sud jusqu\u2019\u00e0 \u00eatre reli\u00e9 \u00e0 l\u2019\u00e9difice religieux gr\u00e2ce \u00e0 des murs d\u2019enceinte.<\/p>\n<p style=\"text-align: justify;\">L\u2019\u00e9glise de Pully voit donc l\u2019ajout d\u2019un prieur\u00e9 sur ses terres. Mais il ne s\u2019agit pas d\u2019un prieur\u00e9 comme le terme le sous-entend. En effet, le \u00ab Prieur\u00e9 \u00bb n\u2019a jamais accueilli de monast\u00e8re et doit seulement son nom \u00ab au fait qu\u2019il \u00e9tait \u00e0 l\u2019origine propri\u00e9t\u00e9 des moines du Prieur\u00e9 de Payerne \u00bb (cf. Rapport de la ville de Pully). Malgr\u00e9 la charte de la reine Berthe, l\u2019\u00e9glise de Pully passe successivement sous l\u2019autorit\u00e9 de l\u2019abbaye de Saint-Maurice et celle de Payerne. Lorsque l\u2019\u00e9glise de Pully se retrouve sous la possession de Payerne, des moines de l\u2019abbatiale font construire \u00e0 Pully une maison rurale servant \u00e0 accueillir les vignerons du prieur de Payerne dans le but d\u2019exploiter les vignes pulli\u00e9ranes. Et c\u2019est pourquoi le \u00ab Prieur\u00e9 \u00bb est construit ! Les vignes de Pully \u00e9taient d\u00e9j\u00e0 r\u00e9put\u00e9es \u00e0 cette \u00e9poque, comme le confirme notamment la d\u00e9couverte des vestiges du pressoir du 14<sup>e<\/sup> si\u00e8cle.<\/p>\n<p>\u21d2 <a href=\"https:\/\/archeolab.app\/villa\/lhistoire-des-decouvertes\/\">L\u2019histoire des d\u00e9couvertes<\/a><\/p>\n","protected":false},"excerpt":{"rendered":"<p>Au 16e si\u00e8cle, un nouveau b\u00e2timent vient s\u2019ajouter sur la colline, celui du Prieur\u00e9. Dans un premier temps, l\u2019\u00e9difice est bien distinct de l\u2019\u00e9glise et un grand caveau, utilis\u00e9 pour &hellip; <a href=\"https:\/\/archeolab.app\/villa\/apres-la-villa\/un-prieure-un-peu-particulier\/\" class=\"more-link\">Continuer la lecture de <span class=\"screen-reader-text\">D\u00e8s le 16e si\u00e8cle, un Prieur\u00e9 un peu particulier<\/span><\/a><\/p>\n","protected":false},"author":1,"featured_media":0,"parent":2201,"menu_order":0,"comment_status":"closed","ping_status":"closed","template":"","meta":{"_acf_changed":false,"footnotes":""},"class_list":["post-162","page","type-page","status-publish","hentry"],"acf":[],"yoast_head":"<!-- This site is optimized with the Yoast SEO plugin v27.4 - https:\/\/yoast.com\/product\/yoast-seo-wordpress\/ -->\n<title>D\u00e8s le 16e si\u00e8cle, un Prieur\u00e9 un peu particulier &#8226; La villa romaine du Prieur\u00e9<\/title>\n<meta name=\"robots\" content=\"index, follow, max-snippet:-1, max-image-preview:large, max-video-preview:-1\" \/>\n<link rel=\"canonical\" href=\"https:\/\/archeolab.app\/villa\/apres-la-villa\/un-prieure-un-peu-particulier\/\" \/>\n<meta property=\"og:locale\" content=\"fr_FR\" \/>\n<meta property=\"og:type\" content=\"article\" \/>\n<meta property=\"og:title\" content=\"D\u00e8s le 16e si\u00e8cle, un Prieur\u00e9 un peu particulier &#8226; La villa romaine du Prieur\u00e9\" \/>\n<meta property=\"og:description\" content=\"Au 16e si\u00e8cle, un nouveau b\u00e2timent vient s\u2019ajouter sur la colline, celui du Prieur\u00e9. Dans un premier temps, l\u2019\u00e9difice est bien distinct de l\u2019\u00e9glise et un grand caveau, utilis\u00e9 pour &hellip; Continuer la lecture de D\u00e8s le 16e si\u00e8cle, un Prieur\u00e9 un peu particulier\" \/>\n<meta property=\"og:url\" content=\"https:\/\/archeolab.app\/villa\/apres-la-villa\/un-prieure-un-peu-particulier\/\" \/>\n<meta property=\"og:site_name\" content=\"La villa romaine du Prieur\u00e9\" \/>\n<meta property=\"article:modified_time\" content=\"2020-03-26T10:01:39+00:00\" \/>\n<meta name=\"twitter:card\" content=\"summary_large_image\" \/>\n<meta name=\"twitter:label1\" content=\"Dur\u00e9e de lecture estim\u00e9e\" \/>\n\t<meta name=\"twitter:data1\" content=\"1 minute\" \/>\n<script type=\"application\/ld+json\" class=\"yoast-schema-graph\">{\"@context\":\"https:\\\/\\\/schema.org\",\"@graph\":[{\"@type\":\"WebPage\",\"@id\":\"https:\\\/\\\/archeolab.app\\\/villa\\\/apres-la-villa\\\/un-prieure-un-peu-particulier\\\/\",\"url\":\"https:\\\/\\\/archeolab.app\\\/villa\\\/apres-la-villa\\\/un-prieure-un-peu-particulier\\\/\",\"name\":\"D\u00e8s le 16e si\u00e8cle, un Prieur\u00e9 un peu particulier &#8226; La villa romaine du Prieur\u00e9\",\"isPartOf\":{\"@id\":\"https:\\\/\\\/archeolab.app\\\/villa\\\/#website\"},\"datePublished\":\"2017-08-23T07:05:21+00:00\",\"dateModified\":\"2020-03-26T10:01:39+00:00\",\"breadcrumb\":{\"@id\":\"https:\\\/\\\/archeolab.app\\\/villa\\\/apres-la-villa\\\/un-prieure-un-peu-particulier\\\/#breadcrumb\"},\"inLanguage\":\"fr-FR\",\"potentialAction\":[{\"@type\":\"ReadAction\",\"target\":[\"https:\\\/\\\/archeolab.app\\\/villa\\\/apres-la-villa\\\/un-prieure-un-peu-particulier\\\/\"]}]},{\"@type\":\"BreadcrumbList\",\"@id\":\"https:\\\/\\\/archeolab.app\\\/villa\\\/apres-la-villa\\\/un-prieure-un-peu-particulier\\\/#breadcrumb\",\"itemListElement\":[{\"@type\":\"ListItem\",\"position\":1,\"name\":\"Accueil\",\"item\":\"https:\\\/\\\/archeolab.app\\\/villa\\\/\"},{\"@type\":\"ListItem\",\"position\":2,\"name\":\"Apr\u00e8s la villa\",\"item\":\"https:\\\/\\\/archeolab.app\\\/villa\\\/apres-la-villa\\\/\"},{\"@type\":\"ListItem\",\"position\":3,\"name\":\"D\u00e8s le 16e si\u00e8cle, un Prieur\u00e9 un peu particulier\"}]},{\"@type\":\"WebSite\",\"@id\":\"https:\\\/\\\/archeolab.app\\\/villa\\\/#website\",\"url\":\"https:\\\/\\\/archeolab.app\\\/villa\\\/\",\"name\":\"La villa romaine du Prieur\u00e9\",\"description\":\"Une visite virtuelle de la villa romaine de Pully\",\"publisher\":{\"@id\":\"https:\\\/\\\/archeolab.app\\\/villa\\\/#organization\"},\"potentialAction\":[{\"@type\":\"SearchAction\",\"target\":{\"@type\":\"EntryPoint\",\"urlTemplate\":\"https:\\\/\\\/archeolab.app\\\/villa\\\/?s={search_term_string}\"},\"query-input\":{\"@type\":\"PropertyValueSpecification\",\"valueRequired\":true,\"valueName\":\"search_term_string\"}}],\"inLanguage\":\"fr-FR\"},{\"@type\":\"Organization\",\"@id\":\"https:\\\/\\\/archeolab.app\\\/villa\\\/#organization\",\"name\":\"Arch\u00e9olab\",\"url\":\"https:\\\/\\\/archeolab.app\\\/villa\\\/\",\"logo\":{\"@type\":\"ImageObject\",\"inLanguage\":\"fr-FR\",\"@id\":\"https:\\\/\\\/archeolab.app\\\/villa\\\/#\\\/schema\\\/logo\\\/image\\\/\",\"url\":\"https:\\\/\\\/archeolab.app\\\/villa\\\/wp-content\\\/uploads\\\/sites\\\/2\\\/2020\\\/03\\\/LOGO_AL.app_small-02.png\",\"contentUrl\":\"https:\\\/\\\/archeolab.app\\\/villa\\\/wp-content\\\/uploads\\\/sites\\\/2\\\/2020\\\/03\\\/LOGO_AL.app_small-02.png\",\"width\":527,\"height\":523,\"caption\":\"Arch\u00e9olab\"},\"image\":{\"@id\":\"https:\\\/\\\/archeolab.app\\\/villa\\\/#\\\/schema\\\/logo\\\/image\\\/\"}}]}<\/script>\n<!-- \/ Yoast SEO plugin. -->","yoast_head_json":{"title":"D\u00e8s le 16e si\u00e8cle, un Prieur\u00e9 un peu particulier &#8226; La villa romaine du Prieur\u00e9","robots":{"index":"index","follow":"follow","max-snippet":"max-snippet:-1","max-image-preview":"max-image-preview:large","max-video-preview":"max-video-preview:-1"},"canonical":"https:\/\/archeolab.app\/villa\/apres-la-villa\/un-prieure-un-peu-particulier\/","og_locale":"fr_FR","og_type":"article","og_title":"D\u00e8s le 16e si\u00e8cle, un Prieur\u00e9 un peu particulier &#8226; La villa romaine du Prieur\u00e9","og_description":"Au 16e si\u00e8cle, un nouveau b\u00e2timent vient s\u2019ajouter sur la colline, celui du Prieur\u00e9. Dans un premier temps, l\u2019\u00e9difice est bien distinct de l\u2019\u00e9glise et un grand caveau, utilis\u00e9 pour &hellip; Continuer la lecture de D\u00e8s le 16e si\u00e8cle, un Prieur\u00e9 un peu particulier","og_url":"https:\/\/archeolab.app\/villa\/apres-la-villa\/un-prieure-un-peu-particulier\/","og_site_name":"La villa romaine du Prieur\u00e9","article_modified_time":"2020-03-26T10:01:39+00:00","twitter_card":"summary_large_image","twitter_misc":{"Dur\u00e9e de lecture estim\u00e9e":"1 minute"},"schema":{"@context":"https:\/\/schema.org","@graph":[{"@type":"WebPage","@id":"https:\/\/archeolab.app\/villa\/apres-la-villa\/un-prieure-un-peu-particulier\/","url":"https:\/\/archeolab.app\/villa\/apres-la-villa\/un-prieure-un-peu-particulier\/","name":"D\u00e8s le 16e si\u00e8cle, un Prieur\u00e9 un peu particulier &#8226; La villa romaine du Prieur\u00e9","isPartOf":{"@id":"https:\/\/archeolab.app\/villa\/#website"},"datePublished":"2017-08-23T07:05:21+00:00","dateModified":"2020-03-26T10:01:39+00:00","breadcrumb":{"@id":"https:\/\/archeolab.app\/villa\/apres-la-villa\/un-prieure-un-peu-particulier\/#breadcrumb"},"inLanguage":"fr-FR","potentialAction":[{"@type":"ReadAction","target":["https:\/\/archeolab.app\/villa\/apres-la-villa\/un-prieure-un-peu-particulier\/"]}]},{"@type":"BreadcrumbList","@id":"https:\/\/archeolab.app\/villa\/apres-la-villa\/un-prieure-un-peu-particulier\/#breadcrumb","itemListElement":[{"@type":"ListItem","position":1,"name":"Accueil","item":"https:\/\/archeolab.app\/villa\/"},{"@type":"ListItem","position":2,"name":"Apr\u00e8s la villa","item":"https:\/\/archeolab.app\/villa\/apres-la-villa\/"},{"@type":"ListItem","position":3,"name":"D\u00e8s le 16e si\u00e8cle, un Prieur\u00e9 un peu particulier"}]},{"@type":"WebSite","@id":"https:\/\/archeolab.app\/villa\/#website","url":"https:\/\/archeolab.app\/villa\/","name":"La villa romaine du Prieur\u00e9","description":"Une visite virtuelle de la villa romaine de Pully","publisher":{"@id":"https:\/\/archeolab.app\/villa\/#organization"},"potentialAction":[{"@type":"SearchAction","target":{"@type":"EntryPoint","urlTemplate":"https:\/\/archeolab.app\/villa\/?s={search_term_string}"},"query-input":{"@type":"PropertyValueSpecification","valueRequired":true,"valueName":"search_term_string"}}],"inLanguage":"fr-FR"},{"@type":"Organization","@id":"https:\/\/archeolab.app\/villa\/#organization","name":"Arch\u00e9olab","url":"https:\/\/archeolab.app\/villa\/","logo":{"@type":"ImageObject","inLanguage":"fr-FR","@id":"https:\/\/archeolab.app\/villa\/#\/schema\/logo\/image\/","url":"https:\/\/archeolab.app\/villa\/wp-content\/uploads\/sites\/2\/2020\/03\/LOGO_AL.app_small-02.png","contentUrl":"https:\/\/archeolab.app\/villa\/wp-content\/uploads\/sites\/2\/2020\/03\/LOGO_AL.app_small-02.png","width":527,"height":523,"caption":"Arch\u00e9olab"},"image":{"@id":"https:\/\/archeolab.app\/villa\/#\/schema\/logo\/image\/"}}]}},"_links":{"self":[{"href":"https:\/\/archeolab.app\/villa\/wp-json\/wp\/v2\/pages\/162","targetHints":{"allow":["GET"]}}],"collection":[{"href":"https:\/\/archeolab.app\/villa\/wp-json\/wp\/v2\/pages"}],"about":[{"href":"https:\/\/archeolab.app\/villa\/wp-json\/wp\/v2\/types\/page"}],"author":[{"embeddable":true,"href":"https:\/\/archeolab.app\/villa\/wp-json\/wp\/v2\/users\/1"}],"replies":[{"embeddable":true,"href":"https:\/\/archeolab.app\/villa\/wp-json\/wp\/v2\/comments?post=162"}],"version-history":[{"count":2,"href":"https:\/\/archeolab.app\/villa\/wp-json\/wp\/v2\/pages\/162\/revisions"}],"predecessor-version":[{"id":2278,"href":"https:\/\/archeolab.app\/villa\/wp-json\/wp\/v2\/pages\/162\/revisions\/2278"}],"up":[{"embeddable":true,"href":"https:\/\/archeolab.app\/villa\/wp-json\/wp\/v2\/pages\/2201"}],"wp:attachment":[{"href":"https:\/\/archeolab.app\/villa\/wp-json\/wp\/v2\/media?parent=162"}],"curies":[{"name":"wp","href":"https:\/\/api.w.org\/{rel}","templated":true}]}}