{"id":160,"date":"2017-08-23T09:05:21","date_gmt":"2017-08-23T07:05:21","guid":{"rendered":"http:\/\/www.archeoweb.ch\/villa\/lhistoire-de-la-villa\/de-lantiquite-a-nos-jours\/moyen-age-du-13-au-14e-siecle\/le-pressoir-a-vin\/"},"modified":"2020-03-27T11:47:06","modified_gmt":"2020-03-27T10:47:06","slug":"le-pressoir-a-vin","status":"publish","type":"page","link":"https:\/\/archeolab.app\/villa\/apres-la-villa\/le-pressoir-a-vin\/","title":{"rendered":"Le pressoir \u00e0 vin du 14e si\u00e8cle"},"content":{"rendered":"<p style=\"text-align: justify;\">Des travaux d\u2019assainissement du sous-sol dans l\u2019actuel b\u00e2timent administratif du Prieur\u00e9, r\u00e9alis\u00e9s en 1978, ont permis de d\u00e9couvrir un important assemblage de bois de ch\u00eane, vieux de plus de 700 ans, en partie conserv\u00e9 gr\u00e2ce \u00e0 l\u2019humidit\u00e9. Il s\u2019agissait d\u2019un ancien pressoir \u00e0 vin. Il fonctionnait avec un syst\u00e8me \u00e0 levier, utilis\u00e9 avant l\u2019invention des pressoirs \u00e0 vis. Il \u00e9tait constitu\u00e9 de montants verticaux arrim\u00e9s dans le sol, sur lesquels s\u2019appuyait un bras horizontal qui \u00e9tait abaiss\u00e9 pour&nbsp;presser le raisin. Les analyses dendrochronologiques ont permis de dater la construction de ce pressoir de 1393. Il se trouvait dans un b\u00e2timent \u00e0 c\u00f4t\u00e9 de l\u2019\u00e9glise et \u00e9tait probablement utilis\u00e9 par les moines.<\/p>\n<figure id=\"attachment_1154\" aria-describedby=\"caption-attachment-1154\" style=\"width: 565px\" class=\"wp-caption aligncenter\"><img loading=\"lazy\" decoding=\"async\" class=\"wp-image-1154 \" src=\"https:\/\/archeolab.app\/villa\/wp-content\/uploads\/sites\/2\/2017\/08\/gaQUhgR0KK0i59UwYw_thumb_30a6-995x1024.jpg\" alt=\"\" width=\"565\" height=\"581\"><figcaption id=\"caption-attachment-1154\" class=\"wp-caption-text\">Plan de localisation des \u00e9l\u00e9ments du pressoir de Pully. MAY CASTELLA (C.) (dir.), La villa romaine du Prieur\u00e9 \u00e0 Pully et ses peintures murales. Fouilles de 1971-1976 et 2002-2004, Cahiers d\u2019arch\u00e9ologie romande, Lausanne, 2013, p. 354, fig. 415.<\/figcaption><\/figure>\n<figure id=\"attachment_1432\" aria-describedby=\"caption-attachment-1432\" style=\"width: 579px\" class=\"wp-caption aligncenter\"><img loading=\"lazy\" decoding=\"async\" class=\"wp-image-1432 \" src=\"https:\/\/archeolab.app\/villa\/wp-content\/uploads\/sites\/2\/2017\/08\/fig416mod-1-1024x682.jpg\" alt=\"\" width=\"579\" height=\"386\"><figcaption id=\"caption-attachment-1432\" class=\"wp-caption-text\">Restitution du pressoir \u00e0 levier. Les vestiges retrouv\u00e9s sont les \u00e9l\u00e9ments du bas. MAY CASTELLA (C.) (dir.), La villa romaine du Prieur\u00e9 \u00e0 Pully et ses peintures murales. Fouilles de 1971-1976 et 2002-2004, Cahiers d\u2019arch\u00e9ologie romande, Lausanne, 2013, p. 354, fig. 416.<\/figcaption><\/figure>\n<p><a href=\"https:\/\/archeolab.app\/villa\/apres-la-villa\/un-prieure-un-peu-particulier\/\">\u21d2 D\u00e8s le 16e si\u00e8cle, un prieur\u00e9 un peu particulier<\/a><\/p>\n","protected":false},"excerpt":{"rendered":"<p>Des travaux d\u2019assainissement du sous-sol dans l\u2019actuel b\u00e2timent administratif du Prieur\u00e9, r\u00e9alis\u00e9s en 1978, ont permis de d\u00e9couvrir un important assemblage de bois de ch\u00eane, vieux de plus de 700 &hellip; <a href=\"https:\/\/archeolab.app\/villa\/apres-la-villa\/le-pressoir-a-vin\/\" class=\"more-link\">Continuer la lecture de <span class=\"screen-reader-text\">Le pressoir \u00e0 vin du 14e si\u00e8cle<\/span><\/a><\/p>\n","protected":false},"author":1,"featured_media":0,"parent":2201,"menu_order":0,"comment_status":"closed","ping_status":"closed","template":"","meta":{"_acf_changed":false,"footnotes":""},"class_list":["post-160","page","type-page","status-publish","hentry"],"acf":[],"yoast_head":"<!-- This site is optimized with the Yoast SEO plugin v27.5 - https:\/\/yoast.com\/product\/yoast-seo-wordpress\/ -->\n<title>Le pressoir \u00e0 vin du 14e si\u00e8cle &#8226; La villa romaine du Prieur\u00e9<\/title>\n<meta name=\"robots\" content=\"index, follow, max-snippet:-1, max-image-preview:large, max-video-preview:-1\" \/>\n<link rel=\"canonical\" href=\"https:\/\/archeolab.app\/villa\/apres-la-villa\/le-pressoir-a-vin\/\" \/>\n<meta property=\"og:locale\" content=\"fr_FR\" \/>\n<meta property=\"og:type\" content=\"article\" \/>\n<meta property=\"og:title\" content=\"Le pressoir \u00e0 vin du 14e si\u00e8cle &#8226; La villa romaine du Prieur\u00e9\" \/>\n<meta property=\"og:description\" content=\"Des travaux d\u2019assainissement du sous-sol dans l\u2019actuel b\u00e2timent administratif du Prieur\u00e9, r\u00e9alis\u00e9s en 1978, ont permis de d\u00e9couvrir un important assemblage de bois de ch\u00eane, vieux de plus de 700 &hellip; Continuer la lecture de Le pressoir \u00e0 vin du 14e si\u00e8cle\" \/>\n<meta property=\"og:url\" content=\"https:\/\/archeolab.app\/villa\/apres-la-villa\/le-pressoir-a-vin\/\" \/>\n<meta property=\"og:site_name\" content=\"La villa romaine du Prieur\u00e9\" \/>\n<meta property=\"article:modified_time\" content=\"2020-03-27T10:47:06+00:00\" \/>\n<meta property=\"og:image\" content=\"https:\/\/archeolab.app\/villa\/wp-content\/uploads\/sites\/2\/2017\/08\/gaQUhgR0KK0i59UwYw_thumb_30a6-995x1024.jpg\" \/>\n<meta name=\"twitter:card\" content=\"summary_large_image\" \/>\n<meta name=\"twitter:label1\" content=\"Dur\u00e9e de lecture estim\u00e9e\" \/>\n\t<meta name=\"twitter:data1\" content=\"1 minute\" \/>\n<script type=\"application\/ld+json\" class=\"yoast-schema-graph\">{\"@context\":\"https:\\\/\\\/schema.org\",\"@graph\":[{\"@type\":\"WebPage\",\"@id\":\"https:\\\/\\\/archeolab.app\\\/villa\\\/apres-la-villa\\\/le-pressoir-a-vin\\\/\",\"url\":\"https:\\\/\\\/archeolab.app\\\/villa\\\/apres-la-villa\\\/le-pressoir-a-vin\\\/\",\"name\":\"Le pressoir \u00e0 vin du 14e si\u00e8cle &#8226; La villa romaine du Prieur\u00e9\",\"isPartOf\":{\"@id\":\"https:\\\/\\\/archeolab.app\\\/villa\\\/#website\"},\"primaryImageOfPage\":{\"@id\":\"https:\\\/\\\/archeolab.app\\\/villa\\\/apres-la-villa\\\/le-pressoir-a-vin\\\/#primaryimage\"},\"image\":{\"@id\":\"https:\\\/\\\/archeolab.app\\\/villa\\\/apres-la-villa\\\/le-pressoir-a-vin\\\/#primaryimage\"},\"thumbnailUrl\":\"https:\\\/\\\/archeolab.app\\\/villa\\\/wp-content\\\/uploads\\\/sites\\\/2\\\/2017\\\/08\\\/gaQUhgR0KK0i59UwYw_thumb_30a6-995x1024.jpg\",\"datePublished\":\"2017-08-23T07:05:21+00:00\",\"dateModified\":\"2020-03-27T10:47:06+00:00\",\"breadcrumb\":{\"@id\":\"https:\\\/\\\/archeolab.app\\\/villa\\\/apres-la-villa\\\/le-pressoir-a-vin\\\/#breadcrumb\"},\"inLanguage\":\"fr-FR\",\"potentialAction\":[{\"@type\":\"ReadAction\",\"target\":[\"https:\\\/\\\/archeolab.app\\\/villa\\\/apres-la-villa\\\/le-pressoir-a-vin\\\/\"]}]},{\"@type\":\"ImageObject\",\"inLanguage\":\"fr-FR\",\"@id\":\"https:\\\/\\\/archeolab.app\\\/villa\\\/apres-la-villa\\\/le-pressoir-a-vin\\\/#primaryimage\",\"url\":\"https:\\\/\\\/archeolab.app\\\/villa\\\/wp-content\\\/uploads\\\/sites\\\/2\\\/2017\\\/08\\\/gaQUhgR0KK0i59UwYw_thumb_30a6.jpg\",\"contentUrl\":\"https:\\\/\\\/archeolab.app\\\/villa\\\/wp-content\\\/uploads\\\/sites\\\/2\\\/2017\\\/08\\\/gaQUhgR0KK0i59UwYw_thumb_30a6.jpg\",\"width\":995,\"height\":1024,\"caption\":\"Plan de localisation des \u00e9l\u00e9ments du pressoir de Pully. MAY CASTELLA (C.) (dir.), La villa romaine du Prieur\u00e9 \u00e0 Pully et ses peintures murales. Fouilles de 1971-1976 et 2002-2004, Cahiers d\u2019arch\u00e9ologie romande, Lausanne, 2013, p. 354, fig. 415.\"},{\"@type\":\"BreadcrumbList\",\"@id\":\"https:\\\/\\\/archeolab.app\\\/villa\\\/apres-la-villa\\\/le-pressoir-a-vin\\\/#breadcrumb\",\"itemListElement\":[{\"@type\":\"ListItem\",\"position\":1,\"name\":\"Accueil\",\"item\":\"https:\\\/\\\/archeolab.app\\\/villa\\\/\"},{\"@type\":\"ListItem\",\"position\":2,\"name\":\"Apr\u00e8s la villa\",\"item\":\"https:\\\/\\\/archeolab.app\\\/villa\\\/apres-la-villa\\\/\"},{\"@type\":\"ListItem\",\"position\":3,\"name\":\"Le pressoir \u00e0 vin du 14e si\u00e8cle\"}]},{\"@type\":\"WebSite\",\"@id\":\"https:\\\/\\\/archeolab.app\\\/villa\\\/#website\",\"url\":\"https:\\\/\\\/archeolab.app\\\/villa\\\/\",\"name\":\"La villa romaine du Prieur\u00e9\",\"description\":\"Une visite virtuelle de la villa romaine de Pully\",\"publisher\":{\"@id\":\"https:\\\/\\\/archeolab.app\\\/villa\\\/#organization\"},\"potentialAction\":[{\"@type\":\"SearchAction\",\"target\":{\"@type\":\"EntryPoint\",\"urlTemplate\":\"https:\\\/\\\/archeolab.app\\\/villa\\\/?s={search_term_string}\"},\"query-input\":{\"@type\":\"PropertyValueSpecification\",\"valueRequired\":true,\"valueName\":\"search_term_string\"}}],\"inLanguage\":\"fr-FR\"},{\"@type\":\"Organization\",\"@id\":\"https:\\\/\\\/archeolab.app\\\/villa\\\/#organization\",\"name\":\"Arch\u00e9olab\",\"url\":\"https:\\\/\\\/archeolab.app\\\/villa\\\/\",\"logo\":{\"@type\":\"ImageObject\",\"inLanguage\":\"fr-FR\",\"@id\":\"https:\\\/\\\/archeolab.app\\\/villa\\\/#\\\/schema\\\/logo\\\/image\\\/\",\"url\":\"https:\\\/\\\/archeolab.app\\\/villa\\\/wp-content\\\/uploads\\\/sites\\\/2\\\/2020\\\/03\\\/LOGO_AL.app_small-02.png\",\"contentUrl\":\"https:\\\/\\\/archeolab.app\\\/villa\\\/wp-content\\\/uploads\\\/sites\\\/2\\\/2020\\\/03\\\/LOGO_AL.app_small-02.png\",\"width\":527,\"height\":523,\"caption\":\"Arch\u00e9olab\"},\"image\":{\"@id\":\"https:\\\/\\\/archeolab.app\\\/villa\\\/#\\\/schema\\\/logo\\\/image\\\/\"}}]}<\/script>\n<!-- \/ Yoast SEO plugin. -->","yoast_head_json":{"title":"Le pressoir \u00e0 vin du 14e si\u00e8cle &#8226; La villa romaine du Prieur\u00e9","robots":{"index":"index","follow":"follow","max-snippet":"max-snippet:-1","max-image-preview":"max-image-preview:large","max-video-preview":"max-video-preview:-1"},"canonical":"https:\/\/archeolab.app\/villa\/apres-la-villa\/le-pressoir-a-vin\/","og_locale":"fr_FR","og_type":"article","og_title":"Le pressoir \u00e0 vin du 14e si\u00e8cle &#8226; La villa romaine du Prieur\u00e9","og_description":"Des travaux d\u2019assainissement du sous-sol dans l\u2019actuel b\u00e2timent administratif du Prieur\u00e9, r\u00e9alis\u00e9s en 1978, ont permis de d\u00e9couvrir un important assemblage de bois de ch\u00eane, vieux de plus de 700 &hellip; Continuer la lecture de Le pressoir \u00e0 vin du 14e si\u00e8cle","og_url":"https:\/\/archeolab.app\/villa\/apres-la-villa\/le-pressoir-a-vin\/","og_site_name":"La villa romaine du Prieur\u00e9","article_modified_time":"2020-03-27T10:47:06+00:00","og_image":[{"url":"https:\/\/archeolab.app\/villa\/wp-content\/uploads\/sites\/2\/2017\/08\/gaQUhgR0KK0i59UwYw_thumb_30a6-995x1024.jpg","type":"","width":"","height":""}],"twitter_card":"summary_large_image","twitter_misc":{"Dur\u00e9e de lecture estim\u00e9e":"1 minute"},"schema":{"@context":"https:\/\/schema.org","@graph":[{"@type":"WebPage","@id":"https:\/\/archeolab.app\/villa\/apres-la-villa\/le-pressoir-a-vin\/","url":"https:\/\/archeolab.app\/villa\/apres-la-villa\/le-pressoir-a-vin\/","name":"Le pressoir \u00e0 vin du 14e si\u00e8cle &#8226; La villa romaine du Prieur\u00e9","isPartOf":{"@id":"https:\/\/archeolab.app\/villa\/#website"},"primaryImageOfPage":{"@id":"https:\/\/archeolab.app\/villa\/apres-la-villa\/le-pressoir-a-vin\/#primaryimage"},"image":{"@id":"https:\/\/archeolab.app\/villa\/apres-la-villa\/le-pressoir-a-vin\/#primaryimage"},"thumbnailUrl":"https:\/\/archeolab.app\/villa\/wp-content\/uploads\/sites\/2\/2017\/08\/gaQUhgR0KK0i59UwYw_thumb_30a6-995x1024.jpg","datePublished":"2017-08-23T07:05:21+00:00","dateModified":"2020-03-27T10:47:06+00:00","breadcrumb":{"@id":"https:\/\/archeolab.app\/villa\/apres-la-villa\/le-pressoir-a-vin\/#breadcrumb"},"inLanguage":"fr-FR","potentialAction":[{"@type":"ReadAction","target":["https:\/\/archeolab.app\/villa\/apres-la-villa\/le-pressoir-a-vin\/"]}]},{"@type":"ImageObject","inLanguage":"fr-FR","@id":"https:\/\/archeolab.app\/villa\/apres-la-villa\/le-pressoir-a-vin\/#primaryimage","url":"https:\/\/archeolab.app\/villa\/wp-content\/uploads\/sites\/2\/2017\/08\/gaQUhgR0KK0i59UwYw_thumb_30a6.jpg","contentUrl":"https:\/\/archeolab.app\/villa\/wp-content\/uploads\/sites\/2\/2017\/08\/gaQUhgR0KK0i59UwYw_thumb_30a6.jpg","width":995,"height":1024,"caption":"Plan de localisation des \u00e9l\u00e9ments du pressoir de Pully. MAY CASTELLA (C.) (dir.), La villa romaine du Prieur\u00e9 \u00e0 Pully et ses peintures murales. Fouilles de 1971-1976 et 2002-2004, Cahiers d\u2019arch\u00e9ologie romande, Lausanne, 2013, p. 354, fig. 415."},{"@type":"BreadcrumbList","@id":"https:\/\/archeolab.app\/villa\/apres-la-villa\/le-pressoir-a-vin\/#breadcrumb","itemListElement":[{"@type":"ListItem","position":1,"name":"Accueil","item":"https:\/\/archeolab.app\/villa\/"},{"@type":"ListItem","position":2,"name":"Apr\u00e8s la villa","item":"https:\/\/archeolab.app\/villa\/apres-la-villa\/"},{"@type":"ListItem","position":3,"name":"Le pressoir \u00e0 vin du 14e si\u00e8cle"}]},{"@type":"WebSite","@id":"https:\/\/archeolab.app\/villa\/#website","url":"https:\/\/archeolab.app\/villa\/","name":"La villa romaine du Prieur\u00e9","description":"Une visite virtuelle de la villa romaine de Pully","publisher":{"@id":"https:\/\/archeolab.app\/villa\/#organization"},"potentialAction":[{"@type":"SearchAction","target":{"@type":"EntryPoint","urlTemplate":"https:\/\/archeolab.app\/villa\/?s={search_term_string}"},"query-input":{"@type":"PropertyValueSpecification","valueRequired":true,"valueName":"search_term_string"}}],"inLanguage":"fr-FR"},{"@type":"Organization","@id":"https:\/\/archeolab.app\/villa\/#organization","name":"Arch\u00e9olab","url":"https:\/\/archeolab.app\/villa\/","logo":{"@type":"ImageObject","inLanguage":"fr-FR","@id":"https:\/\/archeolab.app\/villa\/#\/schema\/logo\/image\/","url":"https:\/\/archeolab.app\/villa\/wp-content\/uploads\/sites\/2\/2020\/03\/LOGO_AL.app_small-02.png","contentUrl":"https:\/\/archeolab.app\/villa\/wp-content\/uploads\/sites\/2\/2020\/03\/LOGO_AL.app_small-02.png","width":527,"height":523,"caption":"Arch\u00e9olab"},"image":{"@id":"https:\/\/archeolab.app\/villa\/#\/schema\/logo\/image\/"}}]}},"_links":{"self":[{"href":"https:\/\/archeolab.app\/villa\/wp-json\/wp\/v2\/pages\/160","targetHints":{"allow":["GET"]}}],"collection":[{"href":"https:\/\/archeolab.app\/villa\/wp-json\/wp\/v2\/pages"}],"about":[{"href":"https:\/\/archeolab.app\/villa\/wp-json\/wp\/v2\/types\/page"}],"author":[{"embeddable":true,"href":"https:\/\/archeolab.app\/villa\/wp-json\/wp\/v2\/users\/1"}],"replies":[{"embeddable":true,"href":"https:\/\/archeolab.app\/villa\/wp-json\/wp\/v2\/comments?post=160"}],"version-history":[{"count":4,"href":"https:\/\/archeolab.app\/villa\/wp-json\/wp\/v2\/pages\/160\/revisions"}],"predecessor-version":[{"id":2353,"href":"https:\/\/archeolab.app\/villa\/wp-json\/wp\/v2\/pages\/160\/revisions\/2353"}],"up":[{"embeddable":true,"href":"https:\/\/archeolab.app\/villa\/wp-json\/wp\/v2\/pages\/2201"}],"wp:attachment":[{"href":"https:\/\/archeolab.app\/villa\/wp-json\/wp\/v2\/media?parent=160"}],"curies":[{"name":"wp","href":"https:\/\/api.w.org\/{rel}","templated":true}]}}