{"id":158,"date":"2017-08-23T09:05:21","date_gmt":"2017-08-23T07:05:21","guid":{"rendered":"http:\/\/www.archeoweb.ch\/villa\/lhistoire-de-la-villa\/de-lantiquite-a-nos-jours\/moyen-age-du-11-au-12e-siecle\/"},"modified":"2020-03-30T15:06:39","modified_gmt":"2020-03-30T13:06:39","slug":"moyen-age-du-11-au-16e-siecle","status":"publish","type":"page","link":"https:\/\/archeolab.app\/villa\/apres-la-villa\/moyen-age-du-11-au-16e-siecle\/","title":{"rendered":"Du 11e au 16e si\u00e8cle, transformations de l&rsquo;\u00e9glise"},"content":{"rendered":"<p style=\"text-align: justify;\">Aux alentours des 11<sup>e<\/sup> et 12<sup>e<\/sup> si\u00e8cles, la premi\u00e8re \u00e9glise subit plusieurs transformations. Un ch\u0153ur absidial semi-circulaire, de style roman, remplace le pr\u00e9c\u00e9dent ch\u0153ur \u00e0 chevet droit. \u00c0 c\u00f4t\u00e9 de la tour, un petit b\u00e2timent est \u00e9difi\u00e9, jouant probablement le r\u00f4le de sacristie.<\/p>\n<figure id=\"attachment_1417\" aria-describedby=\"caption-attachment-1417\" style=\"width: 586px\" class=\"wp-caption aligncenter\"><img loading=\"lazy\" decoding=\"async\" class=\"wp-image-1417 \" src=\"https:\/\/archeolab.app\/villa\/wp-content\/uploads\/sites\/2\/2017\/08\/Plan-seconde-\u00e9glise-11-12eme-1024x915.jpg\" alt=\"\" width=\"586\" height=\"523\"><figcaption id=\"caption-attachment-1417\" class=\"wp-caption-text\">Plan de la seconde \u00e9glise paroissiale, \u00e0 grande abside (11<sup>e<\/sup>-12<sup>e<\/sup> si\u00e8cles). MAY CASTELLA (C.) (dir.), La villa romaine du Prieur\u00e9 \u00e0 Pully et ses peintures murales. Fouilles de 1971-1976 et 2002-2004, Cahiers d\u2019arch\u00e9ologie romande, Lausanne, 2013, p. 352, fig. 413.<\/figcaption><\/figure>\n<p style=\"text-align: justify;\">C&rsquo;est au cours des 13e et 14e si\u00e8cles que l\u2019\u00e9glise conna\u00eet le plus de remaniements. En un sens g\u00e9n\u00e9ral, toute l\u2019\u00e9glise est agrandie, probablement pour subvenir aux besoins d\u2019une population grandissante.<\/p>\n<p style=\"text-align: justify;\">Gr\u00e2ce aux sources \u00e9crites, nous disposons de dates pr\u00e9cises. Ainsi, la nef est \u00e9largie au nord et une chapelle dite de Praroman y est ajout\u00e9e en 1506, contenant un autel particulier. En 1517, le ch\u0153ur roman est remplac\u00e9 par une abside polygonale plus large et plus haute. Le niveau de la nef est rehauss\u00e9 pour correspondre au nouveau ch\u0153ur et une nouvelle sacristie prend la place de l\u2019annexe adoss\u00e9e \u00e0 la tour.<\/p>\n<figure id=\"attachment_1418\" aria-describedby=\"caption-attachment-1418\" style=\"width: 611px\" class=\"wp-caption aligncenter\"><img loading=\"lazy\" decoding=\"async\" class=\"wp-image-1418 \" src=\"https:\/\/archeolab.app\/villa\/wp-content\/uploads\/sites\/2\/2017\/08\/Adjonction-chapelle-Praroman-16eme-1024x902.jpg\" alt=\"\" width=\"611\" height=\"538\"><figcaption id=\"caption-attachment-1418\" class=\"wp-caption-text\">Adjonction de la chapelle Praroman (1506) et transformations au cours du 16<sup>e<\/sup> si\u00e8cle. MAY CASTELLA (C.) (dir.), La villa romaine du Prieur\u00e9 \u00e0 Pully et ses peintures murales. Fouilles de 1971-1976 et 2002-2004, Cahiers d\u2019arch\u00e9ologie romande, Lausanne, 2013, p. 352, fig. 414.<\/figcaption><\/figure>\n<p>\u21d2 <a href=\"https:\/\/archeolab.app\/villa\/apres-la-villa\/le-pressoir-a-vin\/\">Le pressoir \u00e0 vin du 14e si\u00e8cle<\/a><\/p>\n","protected":false},"excerpt":{"rendered":"<p>Aux alentours des 11e et 12e si\u00e8cles, la premi\u00e8re \u00e9glise subit plusieurs transformations. Un ch\u0153ur absidial semi-circulaire, de style roman, remplace le pr\u00e9c\u00e9dent ch\u0153ur \u00e0 chevet droit. \u00c0 c\u00f4t\u00e9 de &hellip; <a href=\"https:\/\/archeolab.app\/villa\/apres-la-villa\/moyen-age-du-11-au-16e-siecle\/\" class=\"more-link\">Continuer la lecture de <span class=\"screen-reader-text\">Du 11e au 16e si\u00e8cle, transformations de l&rsquo;\u00e9glise<\/span><\/a><\/p>\n","protected":false},"author":1,"featured_media":0,"parent":2201,"menu_order":4,"comment_status":"closed","ping_status":"closed","template":"","meta":{"_acf_changed":false,"footnotes":""},"class_list":["post-158","page","type-page","status-publish","hentry"],"acf":[],"yoast_head":"<!-- This site is optimized with the Yoast SEO plugin v27.5 - https:\/\/yoast.com\/product\/yoast-seo-wordpress\/ -->\n<title>Du 11e au 16e si\u00e8cle, transformations de l&#039;\u00e9glise &#8226; La villa romaine du Prieur\u00e9<\/title>\n<meta name=\"robots\" content=\"index, follow, max-snippet:-1, max-image-preview:large, max-video-preview:-1\" \/>\n<link rel=\"canonical\" href=\"https:\/\/archeolab.app\/villa\/apres-la-villa\/moyen-age-du-11-au-16e-siecle\/\" \/>\n<meta property=\"og:locale\" content=\"fr_FR\" \/>\n<meta property=\"og:type\" content=\"article\" \/>\n<meta property=\"og:title\" content=\"Du 11e au 16e si\u00e8cle, transformations de l&#039;\u00e9glise &#8226; La villa romaine du Prieur\u00e9\" \/>\n<meta property=\"og:description\" content=\"Aux alentours des 11e et 12e si\u00e8cles, la premi\u00e8re \u00e9glise subit plusieurs transformations. Un ch\u0153ur absidial semi-circulaire, de style roman, remplace le pr\u00e9c\u00e9dent ch\u0153ur \u00e0 chevet droit. \u00c0 c\u00f4t\u00e9 de &hellip; Continuer la lecture de Du 11e au 16e si\u00e8cle, transformations de l&rsquo;\u00e9glise\" \/>\n<meta property=\"og:url\" content=\"https:\/\/archeolab.app\/villa\/apres-la-villa\/moyen-age-du-11-au-16e-siecle\/\" \/>\n<meta property=\"og:site_name\" content=\"La villa romaine du Prieur\u00e9\" \/>\n<meta property=\"article:modified_time\" content=\"2020-03-30T13:06:39+00:00\" \/>\n<meta property=\"og:image\" content=\"https:\/\/archeolab.app\/villa\/wp-content\/uploads\/sites\/2\/2017\/08\/Plan-seconde-\u00e9glise-11-12eme-1024x915.jpg\" \/>\n<meta name=\"twitter:card\" content=\"summary_large_image\" \/>\n<meta name=\"twitter:label1\" content=\"Dur\u00e9e de lecture estim\u00e9e\" \/>\n\t<meta name=\"twitter:data1\" content=\"1 minute\" \/>\n<script type=\"application\/ld+json\" class=\"yoast-schema-graph\">{\"@context\":\"https:\\\/\\\/schema.org\",\"@graph\":[{\"@type\":\"WebPage\",\"@id\":\"https:\\\/\\\/archeolab.app\\\/villa\\\/apres-la-villa\\\/moyen-age-du-11-au-16e-siecle\\\/\",\"url\":\"https:\\\/\\\/archeolab.app\\\/villa\\\/apres-la-villa\\\/moyen-age-du-11-au-16e-siecle\\\/\",\"name\":\"Du 11e au 16e si\u00e8cle, transformations de l'\u00e9glise &#8226; La villa romaine du Prieur\u00e9\",\"isPartOf\":{\"@id\":\"https:\\\/\\\/archeolab.app\\\/villa\\\/#website\"},\"primaryImageOfPage\":{\"@id\":\"https:\\\/\\\/archeolab.app\\\/villa\\\/apres-la-villa\\\/moyen-age-du-11-au-16e-siecle\\\/#primaryimage\"},\"image\":{\"@id\":\"https:\\\/\\\/archeolab.app\\\/villa\\\/apres-la-villa\\\/moyen-age-du-11-au-16e-siecle\\\/#primaryimage\"},\"thumbnailUrl\":\"https:\\\/\\\/archeolab.app\\\/villa\\\/wp-content\\\/uploads\\\/sites\\\/2\\\/2017\\\/08\\\/Adjonction-chapelle-Praroman-16eme-1024x902.jpg\",\"datePublished\":\"2017-08-23T07:05:21+00:00\",\"dateModified\":\"2020-03-30T13:06:39+00:00\",\"breadcrumb\":{\"@id\":\"https:\\\/\\\/archeolab.app\\\/villa\\\/apres-la-villa\\\/moyen-age-du-11-au-16e-siecle\\\/#breadcrumb\"},\"inLanguage\":\"fr-FR\",\"potentialAction\":[{\"@type\":\"ReadAction\",\"target\":[\"https:\\\/\\\/archeolab.app\\\/villa\\\/apres-la-villa\\\/moyen-age-du-11-au-16e-siecle\\\/\"]}]},{\"@type\":\"ImageObject\",\"inLanguage\":\"fr-FR\",\"@id\":\"https:\\\/\\\/archeolab.app\\\/villa\\\/apres-la-villa\\\/moyen-age-du-11-au-16e-siecle\\\/#primaryimage\",\"url\":\"https:\\\/\\\/archeolab.app\\\/villa\\\/wp-content\\\/uploads\\\/sites\\\/2\\\/2017\\\/08\\\/Adjonction-chapelle-Praroman-16eme.jpg\",\"contentUrl\":\"https:\\\/\\\/archeolab.app\\\/villa\\\/wp-content\\\/uploads\\\/sites\\\/2\\\/2017\\\/08\\\/Adjonction-chapelle-Praroman-16eme.jpg\",\"width\":1448,\"height\":1276},{\"@type\":\"BreadcrumbList\",\"@id\":\"https:\\\/\\\/archeolab.app\\\/villa\\\/apres-la-villa\\\/moyen-age-du-11-au-16e-siecle\\\/#breadcrumb\",\"itemListElement\":[{\"@type\":\"ListItem\",\"position\":1,\"name\":\"Accueil\",\"item\":\"https:\\\/\\\/archeolab.app\\\/villa\\\/\"},{\"@type\":\"ListItem\",\"position\":2,\"name\":\"Apr\u00e8s la villa\",\"item\":\"https:\\\/\\\/archeolab.app\\\/villa\\\/apres-la-villa\\\/\"},{\"@type\":\"ListItem\",\"position\":3,\"name\":\"Du 11e au 16e si\u00e8cle, transformations de l&rsquo;\u00e9glise\"}]},{\"@type\":\"WebSite\",\"@id\":\"https:\\\/\\\/archeolab.app\\\/villa\\\/#website\",\"url\":\"https:\\\/\\\/archeolab.app\\\/villa\\\/\",\"name\":\"La villa romaine du Prieur\u00e9\",\"description\":\"Une visite virtuelle de la villa romaine de Pully\",\"publisher\":{\"@id\":\"https:\\\/\\\/archeolab.app\\\/villa\\\/#organization\"},\"potentialAction\":[{\"@type\":\"SearchAction\",\"target\":{\"@type\":\"EntryPoint\",\"urlTemplate\":\"https:\\\/\\\/archeolab.app\\\/villa\\\/?s={search_term_string}\"},\"query-input\":{\"@type\":\"PropertyValueSpecification\",\"valueRequired\":true,\"valueName\":\"search_term_string\"}}],\"inLanguage\":\"fr-FR\"},{\"@type\":\"Organization\",\"@id\":\"https:\\\/\\\/archeolab.app\\\/villa\\\/#organization\",\"name\":\"Arch\u00e9olab\",\"url\":\"https:\\\/\\\/archeolab.app\\\/villa\\\/\",\"logo\":{\"@type\":\"ImageObject\",\"inLanguage\":\"fr-FR\",\"@id\":\"https:\\\/\\\/archeolab.app\\\/villa\\\/#\\\/schema\\\/logo\\\/image\\\/\",\"url\":\"https:\\\/\\\/archeolab.app\\\/villa\\\/wp-content\\\/uploads\\\/sites\\\/2\\\/2020\\\/03\\\/LOGO_AL.app_small-02.png\",\"contentUrl\":\"https:\\\/\\\/archeolab.app\\\/villa\\\/wp-content\\\/uploads\\\/sites\\\/2\\\/2020\\\/03\\\/LOGO_AL.app_small-02.png\",\"width\":527,\"height\":523,\"caption\":\"Arch\u00e9olab\"},\"image\":{\"@id\":\"https:\\\/\\\/archeolab.app\\\/villa\\\/#\\\/schema\\\/logo\\\/image\\\/\"}}]}<\/script>\n<!-- \/ Yoast SEO plugin. -->","yoast_head_json":{"title":"Du 11e au 16e si\u00e8cle, transformations de l'\u00e9glise &#8226; La villa romaine du Prieur\u00e9","robots":{"index":"index","follow":"follow","max-snippet":"max-snippet:-1","max-image-preview":"max-image-preview:large","max-video-preview":"max-video-preview:-1"},"canonical":"https:\/\/archeolab.app\/villa\/apres-la-villa\/moyen-age-du-11-au-16e-siecle\/","og_locale":"fr_FR","og_type":"article","og_title":"Du 11e au 16e si\u00e8cle, transformations de l'\u00e9glise &#8226; La villa romaine du Prieur\u00e9","og_description":"Aux alentours des 11e et 12e si\u00e8cles, la premi\u00e8re \u00e9glise subit plusieurs transformations. Un ch\u0153ur absidial semi-circulaire, de style roman, remplace le pr\u00e9c\u00e9dent ch\u0153ur \u00e0 chevet droit. \u00c0 c\u00f4t\u00e9 de &hellip; Continuer la lecture de Du 11e au 16e si\u00e8cle, transformations de l&rsquo;\u00e9glise","og_url":"https:\/\/archeolab.app\/villa\/apres-la-villa\/moyen-age-du-11-au-16e-siecle\/","og_site_name":"La villa romaine du Prieur\u00e9","article_modified_time":"2020-03-30T13:06:39+00:00","og_image":[{"url":"https:\/\/archeolab.app\/villa\/wp-content\/uploads\/sites\/2\/2017\/08\/Plan-seconde-\u00e9glise-11-12eme-1024x915.jpg","type":"","width":"","height":""}],"twitter_card":"summary_large_image","twitter_misc":{"Dur\u00e9e de lecture estim\u00e9e":"1 minute"},"schema":{"@context":"https:\/\/schema.org","@graph":[{"@type":"WebPage","@id":"https:\/\/archeolab.app\/villa\/apres-la-villa\/moyen-age-du-11-au-16e-siecle\/","url":"https:\/\/archeolab.app\/villa\/apres-la-villa\/moyen-age-du-11-au-16e-siecle\/","name":"Du 11e au 16e si\u00e8cle, transformations de l'\u00e9glise &#8226; La villa romaine du Prieur\u00e9","isPartOf":{"@id":"https:\/\/archeolab.app\/villa\/#website"},"primaryImageOfPage":{"@id":"https:\/\/archeolab.app\/villa\/apres-la-villa\/moyen-age-du-11-au-16e-siecle\/#primaryimage"},"image":{"@id":"https:\/\/archeolab.app\/villa\/apres-la-villa\/moyen-age-du-11-au-16e-siecle\/#primaryimage"},"thumbnailUrl":"https:\/\/archeolab.app\/villa\/wp-content\/uploads\/sites\/2\/2017\/08\/Adjonction-chapelle-Praroman-16eme-1024x902.jpg","datePublished":"2017-08-23T07:05:21+00:00","dateModified":"2020-03-30T13:06:39+00:00","breadcrumb":{"@id":"https:\/\/archeolab.app\/villa\/apres-la-villa\/moyen-age-du-11-au-16e-siecle\/#breadcrumb"},"inLanguage":"fr-FR","potentialAction":[{"@type":"ReadAction","target":["https:\/\/archeolab.app\/villa\/apres-la-villa\/moyen-age-du-11-au-16e-siecle\/"]}]},{"@type":"ImageObject","inLanguage":"fr-FR","@id":"https:\/\/archeolab.app\/villa\/apres-la-villa\/moyen-age-du-11-au-16e-siecle\/#primaryimage","url":"https:\/\/archeolab.app\/villa\/wp-content\/uploads\/sites\/2\/2017\/08\/Adjonction-chapelle-Praroman-16eme.jpg","contentUrl":"https:\/\/archeolab.app\/villa\/wp-content\/uploads\/sites\/2\/2017\/08\/Adjonction-chapelle-Praroman-16eme.jpg","width":1448,"height":1276},{"@type":"BreadcrumbList","@id":"https:\/\/archeolab.app\/villa\/apres-la-villa\/moyen-age-du-11-au-16e-siecle\/#breadcrumb","itemListElement":[{"@type":"ListItem","position":1,"name":"Accueil","item":"https:\/\/archeolab.app\/villa\/"},{"@type":"ListItem","position":2,"name":"Apr\u00e8s la villa","item":"https:\/\/archeolab.app\/villa\/apres-la-villa\/"},{"@type":"ListItem","position":3,"name":"Du 11e au 16e si\u00e8cle, transformations de l&rsquo;\u00e9glise"}]},{"@type":"WebSite","@id":"https:\/\/archeolab.app\/villa\/#website","url":"https:\/\/archeolab.app\/villa\/","name":"La villa romaine du Prieur\u00e9","description":"Une visite virtuelle de la villa romaine de Pully","publisher":{"@id":"https:\/\/archeolab.app\/villa\/#organization"},"potentialAction":[{"@type":"SearchAction","target":{"@type":"EntryPoint","urlTemplate":"https:\/\/archeolab.app\/villa\/?s={search_term_string}"},"query-input":{"@type":"PropertyValueSpecification","valueRequired":true,"valueName":"search_term_string"}}],"inLanguage":"fr-FR"},{"@type":"Organization","@id":"https:\/\/archeolab.app\/villa\/#organization","name":"Arch\u00e9olab","url":"https:\/\/archeolab.app\/villa\/","logo":{"@type":"ImageObject","inLanguage":"fr-FR","@id":"https:\/\/archeolab.app\/villa\/#\/schema\/logo\/image\/","url":"https:\/\/archeolab.app\/villa\/wp-content\/uploads\/sites\/2\/2020\/03\/LOGO_AL.app_small-02.png","contentUrl":"https:\/\/archeolab.app\/villa\/wp-content\/uploads\/sites\/2\/2020\/03\/LOGO_AL.app_small-02.png","width":527,"height":523,"caption":"Arch\u00e9olab"},"image":{"@id":"https:\/\/archeolab.app\/villa\/#\/schema\/logo\/image\/"}}]}},"_links":{"self":[{"href":"https:\/\/archeolab.app\/villa\/wp-json\/wp\/v2\/pages\/158","targetHints":{"allow":["GET"]}}],"collection":[{"href":"https:\/\/archeolab.app\/villa\/wp-json\/wp\/v2\/pages"}],"about":[{"href":"https:\/\/archeolab.app\/villa\/wp-json\/wp\/v2\/types\/page"}],"author":[{"embeddable":true,"href":"https:\/\/archeolab.app\/villa\/wp-json\/wp\/v2\/users\/1"}],"replies":[{"embeddable":true,"href":"https:\/\/archeolab.app\/villa\/wp-json\/wp\/v2\/comments?post=158"}],"version-history":[{"count":7,"href":"https:\/\/archeolab.app\/villa\/wp-json\/wp\/v2\/pages\/158\/revisions"}],"predecessor-version":[{"id":2375,"href":"https:\/\/archeolab.app\/villa\/wp-json\/wp\/v2\/pages\/158\/revisions\/2375"}],"up":[{"embeddable":true,"href":"https:\/\/archeolab.app\/villa\/wp-json\/wp\/v2\/pages\/2201"}],"wp:attachment":[{"href":"https:\/\/archeolab.app\/villa\/wp-json\/wp\/v2\/media?parent=158"}],"curies":[{"name":"wp","href":"https:\/\/api.w.org\/{rel}","templated":true}]}}