{"id":152,"date":"2017-08-23T09:05:21","date_gmt":"2017-08-23T07:05:21","guid":{"rendered":"http:\/\/www.archeoweb.ch\/villa\/lhistoire-de-la-villa\/epoque-romaine\/3e-siecle-ap-j-c\/une-villa-unique\/"},"modified":"2020-03-26T10:09:40","modified_gmt":"2020-03-26T09:09:40","slug":"une-villa-unique","status":"publish","type":"page","link":"https:\/\/archeolab.app\/villa\/lhistoire-de-la-villa\/troisieme-siecle-apres-j-c\/une-villa-unique\/","title":{"rendered":"Une villa unique"},"content":{"rendered":"<p style=\"text-align: justify;\">La particularit\u00e9 de la <em>villa<\/em> r\u00e9side dans l\u2019agencement des deux pavillons en h\u00e9micycle. Ces deux pi\u00e8ces sont uniques dans notre r\u00e9gion\u00a0! Les autres riches<em> villae<\/em> pr\u00e9sentant la m\u00eame architecture sont construites en Italie et notamment \u00e0 Pomp\u00e9i. C\u2019est notamment l\u00e0-bas que certains s\u00e9nateurs et des riches magistrats romains poss\u00e9daient leur maison secondaire. Les pavillons sont particuliers car ils sont ouverts sur un c\u00f4t\u00e9, en direction de l\u2019ext\u00e9rieur, un peu comme une grande v\u00e9randa. Il s\u2019agissait de pi\u00e8ces d\u2019\u00e9t\u00e9, o\u00f9 les propri\u00e9taires pouvaient \u00eatre dehors, admirer la belle vue sur nos montagnes, tout en profitant d\u2019un peu de fra\u00eecheur.<\/p>\n<figure id=\"attachment_1493\" aria-describedby=\"caption-attachment-1493\" style=\"width: 633px\" class=\"wp-caption aligncenter\"><img loading=\"lazy\" decoding=\"async\" class=\" wp-image-1493\" src=\"https:\/\/archeolab.app\/villa\/wp-content\/uploads\/sites\/2\/2017\/08\/Pomp\u00e9i-2-1024x854.jpg\" alt=\"\" width=\"633\" height=\"528\" \/><figcaption id=\"caption-attachment-1493\" class=\"wp-caption-text\">Fresque de la maison de Lucius Fronto \u00e0 Pomp\u00e9i qui repr\u00e9sente une villa \u00e9tag\u00e9e sur les flancs d&rsquo;une colline et constitu\u00e9e de plusieurs pavillons orient\u00e9s face au lac, tous pr\u00e9c\u00e9d\u00e9s d&rsquo;un portique \u00e0 colonnade.\u00a0MAY CASTELLA (C.) (dir.), La <em>villa<\/em> romaine du Prieur\u00e9 \u00e0 Pully et ses peintures murales. Fouilles de 1971-1976 et 2002-2004, Cahiers d\u2019arch\u00e9ologie romande, Lausanne, 2013, p. 286, fig. 348.<\/figcaption><\/figure>\n<p>\u21d2 <a href=\"https:\/\/archeolab.app\/villa\/la-vie-quotidienne-a-lepoque-romaine\/la-vie-dans-la-villa\/\">La vie quotidienne<\/a><\/p>\n","protected":false},"excerpt":{"rendered":"<p>La particularit\u00e9 de la villa r\u00e9side dans l\u2019agencement des deux pavillons en h\u00e9micycle. Ces deux pi\u00e8ces sont uniques dans notre r\u00e9gion\u00a0! Les autres riches villae pr\u00e9sentant la m\u00eame architecture sont &hellip; <a href=\"https:\/\/archeolab.app\/villa\/lhistoire-de-la-villa\/troisieme-siecle-apres-j-c\/une-villa-unique\/\" class=\"more-link\">Continuer la lecture de <span class=\"screen-reader-text\">Une villa unique<\/span><\/a><\/p>\n","protected":false},"author":1,"featured_media":0,"parent":150,"menu_order":0,"comment_status":"closed","ping_status":"closed","template":"","meta":{"_acf_changed":false,"footnotes":""},"class_list":["post-152","page","type-page","status-publish","hentry"],"acf":[],"yoast_head":"<!-- This site is optimized with the Yoast SEO plugin v27.5 - https:\/\/yoast.com\/product\/yoast-seo-wordpress\/ -->\n<title>Une villa unique &#8226; La villa romaine du Prieur\u00e9<\/title>\n<meta name=\"robots\" content=\"index, follow, max-snippet:-1, max-image-preview:large, max-video-preview:-1\" \/>\n<link rel=\"canonical\" href=\"https:\/\/archeolab.app\/villa\/lhistoire-de-la-villa\/troisieme-siecle-apres-j-c\/une-villa-unique\/\" \/>\n<meta property=\"og:locale\" content=\"fr_FR\" \/>\n<meta property=\"og:type\" content=\"article\" \/>\n<meta property=\"og:title\" content=\"Une villa unique &#8226; La villa romaine du Prieur\u00e9\" \/>\n<meta property=\"og:description\" content=\"La particularit\u00e9 de la villa r\u00e9side dans l\u2019agencement des deux pavillons en h\u00e9micycle. Ces deux pi\u00e8ces sont uniques dans notre r\u00e9gion\u00a0! Les autres riches villae pr\u00e9sentant la m\u00eame architecture sont &hellip; Continuer la lecture de Une villa unique\" \/>\n<meta property=\"og:url\" content=\"https:\/\/archeolab.app\/villa\/lhistoire-de-la-villa\/troisieme-siecle-apres-j-c\/une-villa-unique\/\" \/>\n<meta property=\"og:site_name\" content=\"La villa romaine du Prieur\u00e9\" \/>\n<meta property=\"article:modified_time\" content=\"2020-03-26T09:09:40+00:00\" \/>\n<meta property=\"og:image\" content=\"https:\/\/archeolab.app\/villa\/wp-content\/uploads\/sites\/2\/2017\/08\/Pomp\u00e9i-2-1024x854.jpg\" \/>\n<meta name=\"twitter:card\" content=\"summary_large_image\" \/>\n<meta name=\"twitter:label1\" content=\"Dur\u00e9e de lecture estim\u00e9e\" \/>\n\t<meta name=\"twitter:data1\" content=\"1 minute\" \/>\n<script type=\"application\/ld+json\" class=\"yoast-schema-graph\">{\"@context\":\"https:\\\/\\\/schema.org\",\"@graph\":[{\"@type\":\"WebPage\",\"@id\":\"https:\\\/\\\/archeolab.app\\\/villa\\\/lhistoire-de-la-villa\\\/troisieme-siecle-apres-j-c\\\/une-villa-unique\\\/\",\"url\":\"https:\\\/\\\/archeolab.app\\\/villa\\\/lhistoire-de-la-villa\\\/troisieme-siecle-apres-j-c\\\/une-villa-unique\\\/\",\"name\":\"Une villa unique &#8226; La villa romaine du Prieur\u00e9\",\"isPartOf\":{\"@id\":\"https:\\\/\\\/archeolab.app\\\/villa\\\/#website\"},\"datePublished\":\"2017-08-23T07:05:21+00:00\",\"dateModified\":\"2020-03-26T09:09:40+00:00\",\"breadcrumb\":{\"@id\":\"https:\\\/\\\/archeolab.app\\\/villa\\\/lhistoire-de-la-villa\\\/troisieme-siecle-apres-j-c\\\/une-villa-unique\\\/#breadcrumb\"},\"inLanguage\":\"fr-FR\",\"potentialAction\":[{\"@type\":\"ReadAction\",\"target\":[\"https:\\\/\\\/archeolab.app\\\/villa\\\/lhistoire-de-la-villa\\\/troisieme-siecle-apres-j-c\\\/une-villa-unique\\\/\"]}]},{\"@type\":\"BreadcrumbList\",\"@id\":\"https:\\\/\\\/archeolab.app\\\/villa\\\/lhistoire-de-la-villa\\\/troisieme-siecle-apres-j-c\\\/une-villa-unique\\\/#breadcrumb\",\"itemListElement\":[{\"@type\":\"ListItem\",\"position\":1,\"name\":\"Accueil\",\"item\":\"https:\\\/\\\/archeolab.app\\\/villa\\\/\"},{\"@type\":\"ListItem\",\"position\":2,\"name\":\"L\u2019histoire de la villa\",\"item\":\"https:\\\/\\\/archeolab.app\\\/villa\\\/lhistoire-de-la-villa\\\/\"},{\"@type\":\"ListItem\",\"position\":3,\"name\":\"Le troisi\u00e8me si\u00e8cle apr\u00e8s J.-C.\",\"item\":\"https:\\\/\\\/archeolab.app\\\/villa\\\/lhistoire-de-la-villa\\\/troisieme-siecle-apres-j-c\\\/\"},{\"@type\":\"ListItem\",\"position\":4,\"name\":\"Une villa unique\"}]},{\"@type\":\"WebSite\",\"@id\":\"https:\\\/\\\/archeolab.app\\\/villa\\\/#website\",\"url\":\"https:\\\/\\\/archeolab.app\\\/villa\\\/\",\"name\":\"La villa romaine du Prieur\u00e9\",\"description\":\"Une visite virtuelle de la villa romaine de Pully\",\"publisher\":{\"@id\":\"https:\\\/\\\/archeolab.app\\\/villa\\\/#organization\"},\"potentialAction\":[{\"@type\":\"SearchAction\",\"target\":{\"@type\":\"EntryPoint\",\"urlTemplate\":\"https:\\\/\\\/archeolab.app\\\/villa\\\/?s={search_term_string}\"},\"query-input\":{\"@type\":\"PropertyValueSpecification\",\"valueRequired\":true,\"valueName\":\"search_term_string\"}}],\"inLanguage\":\"fr-FR\"},{\"@type\":\"Organization\",\"@id\":\"https:\\\/\\\/archeolab.app\\\/villa\\\/#organization\",\"name\":\"Arch\u00e9olab\",\"url\":\"https:\\\/\\\/archeolab.app\\\/villa\\\/\",\"logo\":{\"@type\":\"ImageObject\",\"inLanguage\":\"fr-FR\",\"@id\":\"https:\\\/\\\/archeolab.app\\\/villa\\\/#\\\/schema\\\/logo\\\/image\\\/\",\"url\":\"https:\\\/\\\/archeolab.app\\\/villa\\\/wp-content\\\/uploads\\\/sites\\\/2\\\/2020\\\/03\\\/LOGO_AL.app_small-02.png\",\"contentUrl\":\"https:\\\/\\\/archeolab.app\\\/villa\\\/wp-content\\\/uploads\\\/sites\\\/2\\\/2020\\\/03\\\/LOGO_AL.app_small-02.png\",\"width\":527,\"height\":523,\"caption\":\"Arch\u00e9olab\"},\"image\":{\"@id\":\"https:\\\/\\\/archeolab.app\\\/villa\\\/#\\\/schema\\\/logo\\\/image\\\/\"}}]}<\/script>\n<!-- \/ Yoast SEO plugin. -->","yoast_head_json":{"title":"Une villa unique &#8226; La villa romaine du Prieur\u00e9","robots":{"index":"index","follow":"follow","max-snippet":"max-snippet:-1","max-image-preview":"max-image-preview:large","max-video-preview":"max-video-preview:-1"},"canonical":"https:\/\/archeolab.app\/villa\/lhistoire-de-la-villa\/troisieme-siecle-apres-j-c\/une-villa-unique\/","og_locale":"fr_FR","og_type":"article","og_title":"Une villa unique &#8226; La villa romaine du Prieur\u00e9","og_description":"La particularit\u00e9 de la villa r\u00e9side dans l\u2019agencement des deux pavillons en h\u00e9micycle. Ces deux pi\u00e8ces sont uniques dans notre r\u00e9gion\u00a0! Les autres riches villae pr\u00e9sentant la m\u00eame architecture sont &hellip; Continuer la lecture de Une villa unique","og_url":"https:\/\/archeolab.app\/villa\/lhistoire-de-la-villa\/troisieme-siecle-apres-j-c\/une-villa-unique\/","og_site_name":"La villa romaine du Prieur\u00e9","article_modified_time":"2020-03-26T09:09:40+00:00","og_image":[{"url":"https:\/\/archeolab.app\/villa\/wp-content\/uploads\/sites\/2\/2017\/08\/Pomp\u00e9i-2-1024x854.jpg","type":"","width":"","height":""}],"twitter_card":"summary_large_image","twitter_misc":{"Dur\u00e9e de lecture estim\u00e9e":"1 minute"},"schema":{"@context":"https:\/\/schema.org","@graph":[{"@type":"WebPage","@id":"https:\/\/archeolab.app\/villa\/lhistoire-de-la-villa\/troisieme-siecle-apres-j-c\/une-villa-unique\/","url":"https:\/\/archeolab.app\/villa\/lhistoire-de-la-villa\/troisieme-siecle-apres-j-c\/une-villa-unique\/","name":"Une villa unique &#8226; La villa romaine du Prieur\u00e9","isPartOf":{"@id":"https:\/\/archeolab.app\/villa\/#website"},"datePublished":"2017-08-23T07:05:21+00:00","dateModified":"2020-03-26T09:09:40+00:00","breadcrumb":{"@id":"https:\/\/archeolab.app\/villa\/lhistoire-de-la-villa\/troisieme-siecle-apres-j-c\/une-villa-unique\/#breadcrumb"},"inLanguage":"fr-FR","potentialAction":[{"@type":"ReadAction","target":["https:\/\/archeolab.app\/villa\/lhistoire-de-la-villa\/troisieme-siecle-apres-j-c\/une-villa-unique\/"]}]},{"@type":"BreadcrumbList","@id":"https:\/\/archeolab.app\/villa\/lhistoire-de-la-villa\/troisieme-siecle-apres-j-c\/une-villa-unique\/#breadcrumb","itemListElement":[{"@type":"ListItem","position":1,"name":"Accueil","item":"https:\/\/archeolab.app\/villa\/"},{"@type":"ListItem","position":2,"name":"L\u2019histoire de la villa","item":"https:\/\/archeolab.app\/villa\/lhistoire-de-la-villa\/"},{"@type":"ListItem","position":3,"name":"Le troisi\u00e8me si\u00e8cle apr\u00e8s J.-C.","item":"https:\/\/archeolab.app\/villa\/lhistoire-de-la-villa\/troisieme-siecle-apres-j-c\/"},{"@type":"ListItem","position":4,"name":"Une villa unique"}]},{"@type":"WebSite","@id":"https:\/\/archeolab.app\/villa\/#website","url":"https:\/\/archeolab.app\/villa\/","name":"La villa romaine du Prieur\u00e9","description":"Une visite virtuelle de la villa romaine de Pully","publisher":{"@id":"https:\/\/archeolab.app\/villa\/#organization"},"potentialAction":[{"@type":"SearchAction","target":{"@type":"EntryPoint","urlTemplate":"https:\/\/archeolab.app\/villa\/?s={search_term_string}"},"query-input":{"@type":"PropertyValueSpecification","valueRequired":true,"valueName":"search_term_string"}}],"inLanguage":"fr-FR"},{"@type":"Organization","@id":"https:\/\/archeolab.app\/villa\/#organization","name":"Arch\u00e9olab","url":"https:\/\/archeolab.app\/villa\/","logo":{"@type":"ImageObject","inLanguage":"fr-FR","@id":"https:\/\/archeolab.app\/villa\/#\/schema\/logo\/image\/","url":"https:\/\/archeolab.app\/villa\/wp-content\/uploads\/sites\/2\/2020\/03\/LOGO_AL.app_small-02.png","contentUrl":"https:\/\/archeolab.app\/villa\/wp-content\/uploads\/sites\/2\/2020\/03\/LOGO_AL.app_small-02.png","width":527,"height":523,"caption":"Arch\u00e9olab"},"image":{"@id":"https:\/\/archeolab.app\/villa\/#\/schema\/logo\/image\/"}}]}},"_links":{"self":[{"href":"https:\/\/archeolab.app\/villa\/wp-json\/wp\/v2\/pages\/152","targetHints":{"allow":["GET"]}}],"collection":[{"href":"https:\/\/archeolab.app\/villa\/wp-json\/wp\/v2\/pages"}],"about":[{"href":"https:\/\/archeolab.app\/villa\/wp-json\/wp\/v2\/types\/page"}],"author":[{"embeddable":true,"href":"https:\/\/archeolab.app\/villa\/wp-json\/wp\/v2\/users\/1"}],"replies":[{"embeddable":true,"href":"https:\/\/archeolab.app\/villa\/wp-json\/wp\/v2\/comments?post=152"}],"version-history":[{"count":3,"href":"https:\/\/archeolab.app\/villa\/wp-json\/wp\/v2\/pages\/152\/revisions"}],"predecessor-version":[{"id":2250,"href":"https:\/\/archeolab.app\/villa\/wp-json\/wp\/v2\/pages\/152\/revisions\/2250"}],"up":[{"embeddable":true,"href":"https:\/\/archeolab.app\/villa\/wp-json\/wp\/v2\/pages\/150"}],"wp:attachment":[{"href":"https:\/\/archeolab.app\/villa\/wp-json\/wp\/v2\/media?parent=152"}],"curies":[{"name":"wp","href":"https:\/\/api.w.org\/{rel}","templated":true}]}}