{"id":150,"date":"2017-08-23T09:05:21","date_gmt":"2017-08-23T07:05:21","guid":{"rendered":"http:\/\/www.archeoweb.ch\/villa\/lhistoire-de-la-villa\/epoque-romaine\/3e-siecle-ap-j-c\/"},"modified":"2020-03-26T13:28:03","modified_gmt":"2020-03-26T12:28:03","slug":"troisieme-siecle-apres-j-c","status":"publish","type":"page","link":"https:\/\/archeolab.app\/villa\/lhistoire-de-la-villa\/troisieme-siecle-apres-j-c\/","title":{"rendered":"Le troisi\u00e8me si\u00e8cle apr\u00e8s J.-C."},"content":{"rendered":"<figure id=\"attachment_1463\" aria-describedby=\"caption-attachment-1463\" style=\"width: 661px\" class=\"wp-caption aligncenter\"><img loading=\"lazy\" decoding=\"async\" class=\"wp-image-1463 \" src=\"https:\/\/archeolab.app\/villa\/wp-content\/uploads\/sites\/2\/2017\/08\/Etablissements-ruraux-2eme-siecle-1024x657.jpg\" alt=\"\" width=\"661\" height=\"424\" \/><figcaption id=\"caption-attachment-1463\" class=\"wp-caption-text\">Etablissements ruraux des 2<sup>e<\/sup>-3<sup>e\u00a0<\/sup>si\u00e8cles.\u00a0FLUTSCH (L.), NIFFELER (U.) et ROSSI (F.) (dir.), La Suisse du Pal\u00e9olithique \u00e0 l&rsquo;aube du Moyen-\u00c2ge. De l&rsquo;Homme de N\u00e9andertal \u00e0 Charlemagne, Soci\u00e9t\u00e9 suisse de pr\u00e9histoire et d&rsquo;arch\u00e9ologie, B\u00e2le, 2002, p. 138, fig. 132.<\/figcaption><\/figure>\n<p style=\"text-align: justify;\">Les habitants de cette riche demeure apportent tr\u00e8s peu de modifications au cours de ce si\u00e8cle, puisque le plan de la <em>villa<\/em> reste le m\u00eame.\u00a0Seule la fa\u00e7ade occidentale des bains est r\u00e9nov\u00e9e afin de d\u00e9velopper un meilleur syst\u00e8me d\u2019\u00e9coulement des eaux. Bien que la<em> villa<\/em> continue d\u2019\u00eatre habit\u00e9e, elle subit peu \u00e0 peu les affres du temps. Certaines parties de la demeure subissent un incendie\u00a0: c\u2019est le cas de la \u00ab\u00a0tour\u00a0\u00bb (C8) qui est enti\u00e8rement d\u00e9truite par un incendie, comme le prouve de nombreux d\u00e9bris de cendres, sous lesquels se cachait une belle d\u00e9couverte pour les arch\u00e9ologues\u00a0: un tr\u00e9sor mon\u00e9taire\u00a0!<\/p>\n<figure id=\"attachment_1645\" aria-describedby=\"caption-attachment-1645\" style=\"width: 525px\" class=\"wp-caption aligncenter\"><img loading=\"lazy\" decoding=\"async\" class=\"size-large wp-image-1645\" src=\"https:\/\/archeolab.app\/villa\/wp-content\/uploads\/sites\/2\/2018\/01\/57360-mod-675x1024.jpg\" alt=\"\" width=\"525\" height=\"796\" \/><figcaption id=\"caption-attachment-1645\" class=\"wp-caption-text\">Plan des vestiges de la villa avec mise en \u00e9vidence de la \u00ab\u00a0tour\u00a0\u00bb appel\u00e9e C8. MAY CASTELLA (C.)\u00a0\u00bbLes villae de Lousonna et des campagnes environnantes\u00a0\u00bb, in M\u00e9moire vive: La r\u00e9gion lausannoise avant l&rsquo;an mil, 19, 2010, p. 52.<\/figcaption><\/figure>\n<p><a href=\"https:\/\/archeolab.app\/villa\/lhistoire-de-la-villa\/troisieme-siecle-apres-j-c\/le-tresor-de-la-villa\/\">\u21d2 Le tr\u00e9sor de la villa<\/a><\/p>\n","protected":false},"excerpt":{"rendered":"<p>Les habitants de cette riche demeure apportent tr\u00e8s peu de modifications au cours de ce si\u00e8cle, puisque le plan de la villa reste le m\u00eame.\u00a0Seule la fa\u00e7ade occidentale des bains &hellip; <a href=\"https:\/\/archeolab.app\/villa\/lhistoire-de-la-villa\/troisieme-siecle-apres-j-c\/\" class=\"more-link\">Continuer la lecture de <span class=\"screen-reader-text\">Le troisi\u00e8me si\u00e8cle apr\u00e8s J.-C.<\/span><\/a><\/p>\n","protected":false},"author":1,"featured_media":0,"parent":132,"menu_order":3,"comment_status":"closed","ping_status":"closed","template":"","meta":{"_acf_changed":false,"footnotes":""},"class_list":["post-150","page","type-page","status-publish","hentry"],"acf":[],"yoast_head":"<!-- This site is optimized with the Yoast SEO plugin v27.5 - https:\/\/yoast.com\/product\/yoast-seo-wordpress\/ -->\n<title>Le troisi\u00e8me si\u00e8cle apr\u00e8s J.-C. &#8226; La villa romaine du Prieur\u00e9<\/title>\n<meta name=\"robots\" content=\"index, follow, max-snippet:-1, max-image-preview:large, max-video-preview:-1\" \/>\n<link rel=\"canonical\" href=\"https:\/\/archeolab.app\/villa\/lhistoire-de-la-villa\/troisieme-siecle-apres-j-c\/\" \/>\n<meta property=\"og:locale\" content=\"fr_FR\" \/>\n<meta property=\"og:type\" content=\"article\" \/>\n<meta property=\"og:title\" content=\"Le troisi\u00e8me si\u00e8cle apr\u00e8s J.-C. &#8226; La villa romaine du Prieur\u00e9\" \/>\n<meta property=\"og:description\" content=\"Les habitants de cette riche demeure apportent tr\u00e8s peu de modifications au cours de ce si\u00e8cle, puisque le plan de la villa reste le m\u00eame.\u00a0Seule la fa\u00e7ade occidentale des bains &hellip; Continuer la lecture de Le troisi\u00e8me si\u00e8cle apr\u00e8s J.-C.\" \/>\n<meta property=\"og:url\" content=\"https:\/\/archeolab.app\/villa\/lhistoire-de-la-villa\/troisieme-siecle-apres-j-c\/\" \/>\n<meta property=\"og:site_name\" content=\"La villa romaine du Prieur\u00e9\" \/>\n<meta property=\"article:modified_time\" content=\"2020-03-26T12:28:03+00:00\" \/>\n<meta property=\"og:image\" content=\"https:\/\/archeolab.app\/villa\/wp-content\/uploads\/sites\/2\/2017\/08\/Etablissements-ruraux-2eme-siecle-1024x657.jpg\" \/>\n<meta name=\"twitter:card\" content=\"summary_large_image\" \/>\n<meta name=\"twitter:label1\" content=\"Dur\u00e9e de lecture estim\u00e9e\" \/>\n\t<meta name=\"twitter:data1\" content=\"1 minute\" \/>\n<script type=\"application\/ld+json\" class=\"yoast-schema-graph\">{\"@context\":\"https:\\\/\\\/schema.org\",\"@graph\":[{\"@type\":\"WebPage\",\"@id\":\"https:\\\/\\\/archeolab.app\\\/villa\\\/lhistoire-de-la-villa\\\/troisieme-siecle-apres-j-c\\\/\",\"url\":\"https:\\\/\\\/archeolab.app\\\/villa\\\/lhistoire-de-la-villa\\\/troisieme-siecle-apres-j-c\\\/\",\"name\":\"Le troisi\u00e8me si\u00e8cle apr\u00e8s J.-C. &#8226; La villa romaine du Prieur\u00e9\",\"isPartOf\":{\"@id\":\"https:\\\/\\\/archeolab.app\\\/villa\\\/#website\"},\"primaryImageOfPage\":{\"@id\":\"https:\\\/\\\/archeolab.app\\\/villa\\\/lhistoire-de-la-villa\\\/troisieme-siecle-apres-j-c\\\/#primaryimage\"},\"image\":{\"@id\":\"https:\\\/\\\/archeolab.app\\\/villa\\\/lhistoire-de-la-villa\\\/troisieme-siecle-apres-j-c\\\/#primaryimage\"},\"thumbnailUrl\":\"https:\\\/\\\/archeolab.app\\\/villa\\\/wp-content\\\/uploads\\\/sites\\\/2\\\/2017\\\/08\\\/Etablissements-ruraux-2eme-siecle-1024x657.jpg\",\"datePublished\":\"2017-08-23T07:05:21+00:00\",\"dateModified\":\"2020-03-26T12:28:03+00:00\",\"breadcrumb\":{\"@id\":\"https:\\\/\\\/archeolab.app\\\/villa\\\/lhistoire-de-la-villa\\\/troisieme-siecle-apres-j-c\\\/#breadcrumb\"},\"inLanguage\":\"fr-FR\",\"potentialAction\":[{\"@type\":\"ReadAction\",\"target\":[\"https:\\\/\\\/archeolab.app\\\/villa\\\/lhistoire-de-la-villa\\\/troisieme-siecle-apres-j-c\\\/\"]}]},{\"@type\":\"ImageObject\",\"inLanguage\":\"fr-FR\",\"@id\":\"https:\\\/\\\/archeolab.app\\\/villa\\\/lhistoire-de-la-villa\\\/troisieme-siecle-apres-j-c\\\/#primaryimage\",\"url\":\"https:\\\/\\\/archeolab.app\\\/villa\\\/wp-content\\\/uploads\\\/sites\\\/2\\\/2017\\\/08\\\/Etablissements-ruraux-2eme-siecle.jpg\",\"contentUrl\":\"https:\\\/\\\/archeolab.app\\\/villa\\\/wp-content\\\/uploads\\\/sites\\\/2\\\/2017\\\/08\\\/Etablissements-ruraux-2eme-siecle.jpg\",\"width\":2000,\"height\":1283,\"caption\":\"Apr\u00e8s la villa\"},{\"@type\":\"BreadcrumbList\",\"@id\":\"https:\\\/\\\/archeolab.app\\\/villa\\\/lhistoire-de-la-villa\\\/troisieme-siecle-apres-j-c\\\/#breadcrumb\",\"itemListElement\":[{\"@type\":\"ListItem\",\"position\":1,\"name\":\"Accueil\",\"item\":\"https:\\\/\\\/archeolab.app\\\/villa\\\/\"},{\"@type\":\"ListItem\",\"position\":2,\"name\":\"L\u2019histoire de la villa\",\"item\":\"https:\\\/\\\/archeolab.app\\\/villa\\\/lhistoire-de-la-villa\\\/\"},{\"@type\":\"ListItem\",\"position\":3,\"name\":\"Le troisi\u00e8me si\u00e8cle apr\u00e8s J.-C.\"}]},{\"@type\":\"WebSite\",\"@id\":\"https:\\\/\\\/archeolab.app\\\/villa\\\/#website\",\"url\":\"https:\\\/\\\/archeolab.app\\\/villa\\\/\",\"name\":\"La villa romaine du Prieur\u00e9\",\"description\":\"Une visite virtuelle de la villa romaine de Pully\",\"publisher\":{\"@id\":\"https:\\\/\\\/archeolab.app\\\/villa\\\/#organization\"},\"potentialAction\":[{\"@type\":\"SearchAction\",\"target\":{\"@type\":\"EntryPoint\",\"urlTemplate\":\"https:\\\/\\\/archeolab.app\\\/villa\\\/?s={search_term_string}\"},\"query-input\":{\"@type\":\"PropertyValueSpecification\",\"valueRequired\":true,\"valueName\":\"search_term_string\"}}],\"inLanguage\":\"fr-FR\"},{\"@type\":\"Organization\",\"@id\":\"https:\\\/\\\/archeolab.app\\\/villa\\\/#organization\",\"name\":\"Arch\u00e9olab\",\"url\":\"https:\\\/\\\/archeolab.app\\\/villa\\\/\",\"logo\":{\"@type\":\"ImageObject\",\"inLanguage\":\"fr-FR\",\"@id\":\"https:\\\/\\\/archeolab.app\\\/villa\\\/#\\\/schema\\\/logo\\\/image\\\/\",\"url\":\"https:\\\/\\\/archeolab.app\\\/villa\\\/wp-content\\\/uploads\\\/sites\\\/2\\\/2020\\\/03\\\/LOGO_AL.app_small-02.png\",\"contentUrl\":\"https:\\\/\\\/archeolab.app\\\/villa\\\/wp-content\\\/uploads\\\/sites\\\/2\\\/2020\\\/03\\\/LOGO_AL.app_small-02.png\",\"width\":527,\"height\":523,\"caption\":\"Arch\u00e9olab\"},\"image\":{\"@id\":\"https:\\\/\\\/archeolab.app\\\/villa\\\/#\\\/schema\\\/logo\\\/image\\\/\"}}]}<\/script>\n<!-- \/ Yoast SEO plugin. -->","yoast_head_json":{"title":"Le troisi\u00e8me si\u00e8cle apr\u00e8s J.-C. &#8226; La villa romaine du Prieur\u00e9","robots":{"index":"index","follow":"follow","max-snippet":"max-snippet:-1","max-image-preview":"max-image-preview:large","max-video-preview":"max-video-preview:-1"},"canonical":"https:\/\/archeolab.app\/villa\/lhistoire-de-la-villa\/troisieme-siecle-apres-j-c\/","og_locale":"fr_FR","og_type":"article","og_title":"Le troisi\u00e8me si\u00e8cle apr\u00e8s J.-C. &#8226; La villa romaine du Prieur\u00e9","og_description":"Les habitants de cette riche demeure apportent tr\u00e8s peu de modifications au cours de ce si\u00e8cle, puisque le plan de la villa reste le m\u00eame.\u00a0Seule la fa\u00e7ade occidentale des bains &hellip; Continuer la lecture de Le troisi\u00e8me si\u00e8cle apr\u00e8s J.-C.","og_url":"https:\/\/archeolab.app\/villa\/lhistoire-de-la-villa\/troisieme-siecle-apres-j-c\/","og_site_name":"La villa romaine du Prieur\u00e9","article_modified_time":"2020-03-26T12:28:03+00:00","og_image":[{"url":"https:\/\/archeolab.app\/villa\/wp-content\/uploads\/sites\/2\/2017\/08\/Etablissements-ruraux-2eme-siecle-1024x657.jpg","type":"","width":"","height":""}],"twitter_card":"summary_large_image","twitter_misc":{"Dur\u00e9e de lecture estim\u00e9e":"1 minute"},"schema":{"@context":"https:\/\/schema.org","@graph":[{"@type":"WebPage","@id":"https:\/\/archeolab.app\/villa\/lhistoire-de-la-villa\/troisieme-siecle-apres-j-c\/","url":"https:\/\/archeolab.app\/villa\/lhistoire-de-la-villa\/troisieme-siecle-apres-j-c\/","name":"Le troisi\u00e8me si\u00e8cle apr\u00e8s J.-C. &#8226; La villa romaine du Prieur\u00e9","isPartOf":{"@id":"https:\/\/archeolab.app\/villa\/#website"},"primaryImageOfPage":{"@id":"https:\/\/archeolab.app\/villa\/lhistoire-de-la-villa\/troisieme-siecle-apres-j-c\/#primaryimage"},"image":{"@id":"https:\/\/archeolab.app\/villa\/lhistoire-de-la-villa\/troisieme-siecle-apres-j-c\/#primaryimage"},"thumbnailUrl":"https:\/\/archeolab.app\/villa\/wp-content\/uploads\/sites\/2\/2017\/08\/Etablissements-ruraux-2eme-siecle-1024x657.jpg","datePublished":"2017-08-23T07:05:21+00:00","dateModified":"2020-03-26T12:28:03+00:00","breadcrumb":{"@id":"https:\/\/archeolab.app\/villa\/lhistoire-de-la-villa\/troisieme-siecle-apres-j-c\/#breadcrumb"},"inLanguage":"fr-FR","potentialAction":[{"@type":"ReadAction","target":["https:\/\/archeolab.app\/villa\/lhistoire-de-la-villa\/troisieme-siecle-apres-j-c\/"]}]},{"@type":"ImageObject","inLanguage":"fr-FR","@id":"https:\/\/archeolab.app\/villa\/lhistoire-de-la-villa\/troisieme-siecle-apres-j-c\/#primaryimage","url":"https:\/\/archeolab.app\/villa\/wp-content\/uploads\/sites\/2\/2017\/08\/Etablissements-ruraux-2eme-siecle.jpg","contentUrl":"https:\/\/archeolab.app\/villa\/wp-content\/uploads\/sites\/2\/2017\/08\/Etablissements-ruraux-2eme-siecle.jpg","width":2000,"height":1283,"caption":"Apr\u00e8s la villa"},{"@type":"BreadcrumbList","@id":"https:\/\/archeolab.app\/villa\/lhistoire-de-la-villa\/troisieme-siecle-apres-j-c\/#breadcrumb","itemListElement":[{"@type":"ListItem","position":1,"name":"Accueil","item":"https:\/\/archeolab.app\/villa\/"},{"@type":"ListItem","position":2,"name":"L\u2019histoire de la villa","item":"https:\/\/archeolab.app\/villa\/lhistoire-de-la-villa\/"},{"@type":"ListItem","position":3,"name":"Le troisi\u00e8me si\u00e8cle apr\u00e8s J.-C."}]},{"@type":"WebSite","@id":"https:\/\/archeolab.app\/villa\/#website","url":"https:\/\/archeolab.app\/villa\/","name":"La villa romaine du Prieur\u00e9","description":"Une visite virtuelle de la villa romaine de Pully","publisher":{"@id":"https:\/\/archeolab.app\/villa\/#organization"},"potentialAction":[{"@type":"SearchAction","target":{"@type":"EntryPoint","urlTemplate":"https:\/\/archeolab.app\/villa\/?s={search_term_string}"},"query-input":{"@type":"PropertyValueSpecification","valueRequired":true,"valueName":"search_term_string"}}],"inLanguage":"fr-FR"},{"@type":"Organization","@id":"https:\/\/archeolab.app\/villa\/#organization","name":"Arch\u00e9olab","url":"https:\/\/archeolab.app\/villa\/","logo":{"@type":"ImageObject","inLanguage":"fr-FR","@id":"https:\/\/archeolab.app\/villa\/#\/schema\/logo\/image\/","url":"https:\/\/archeolab.app\/villa\/wp-content\/uploads\/sites\/2\/2020\/03\/LOGO_AL.app_small-02.png","contentUrl":"https:\/\/archeolab.app\/villa\/wp-content\/uploads\/sites\/2\/2020\/03\/LOGO_AL.app_small-02.png","width":527,"height":523,"caption":"Arch\u00e9olab"},"image":{"@id":"https:\/\/archeolab.app\/villa\/#\/schema\/logo\/image\/"}}]}},"_links":{"self":[{"href":"https:\/\/archeolab.app\/villa\/wp-json\/wp\/v2\/pages\/150","targetHints":{"allow":["GET"]}}],"collection":[{"href":"https:\/\/archeolab.app\/villa\/wp-json\/wp\/v2\/pages"}],"about":[{"href":"https:\/\/archeolab.app\/villa\/wp-json\/wp\/v2\/types\/page"}],"author":[{"embeddable":true,"href":"https:\/\/archeolab.app\/villa\/wp-json\/wp\/v2\/users\/1"}],"replies":[{"embeddable":true,"href":"https:\/\/archeolab.app\/villa\/wp-json\/wp\/v2\/comments?post=150"}],"version-history":[{"count":5,"href":"https:\/\/archeolab.app\/villa\/wp-json\/wp\/v2\/pages\/150\/revisions"}],"predecessor-version":[{"id":2336,"href":"https:\/\/archeolab.app\/villa\/wp-json\/wp\/v2\/pages\/150\/revisions\/2336"}],"up":[{"embeddable":true,"href":"https:\/\/archeolab.app\/villa\/wp-json\/wp\/v2\/pages\/132"}],"wp:attachment":[{"href":"https:\/\/archeolab.app\/villa\/wp-json\/wp\/v2\/media?parent=150"}],"curies":[{"name":"wp","href":"https:\/\/api.w.org\/{rel}","templated":true}]}}