{"id":146,"date":"2017-08-23T09:05:21","date_gmt":"2017-08-23T07:05:21","guid":{"rendered":"http:\/\/www.archeoweb.ch\/villa\/lhistoire-de-la-villa\/epoque-romaine\/le-siecle-dor-de-la-villa\/la-decoration-dans-la-villa-la-peinture-murale-et-la-mosaique\/"},"modified":"2020-03-26T09:52:39","modified_gmt":"2020-03-26T08:52:39","slug":"la-decoration-dans-la-villa-la-peinture-murale-et-la-mosaique","status":"publish","type":"page","link":"https:\/\/archeolab.app\/villa\/lhistoire-de-la-villa\/le-siecle-dor-de-la-villa\/la-decoration-dans-la-villa-la-peinture-murale-et-la-mosaique\/","title":{"rendered":"La d\u00e9coration dans la villa : la peinture murale et la mosa\u00efque"},"content":{"rendered":"<p style=\"text-align: justify;\">La <em>villa<\/em> de Pully est remarquable en particulier par son riche d\u00e9cor de peinture murale. La plus c\u00e9l\u00e8bre est celle de la course de chars qui ornait la partie inf\u00e9rieure des murs du pavillon. Elle est longue de plus de 15 m\u00e8tres, ce qui en fait la plus longue peinture murale conserv\u00e9e au nord des Alpes. \u00c0 l\u2019\u00e9tage, un autre d\u00e9cor repr\u00e9sentait une sc\u00e8ne de chasse.<\/p>\n<p style=\"text-align: justify;\">Regardez bien autour de vous et imaginez que, contrairement \u00e0 aujourd\u2019hui, tous les murs \u00e9taient peints, ainsi que les plafonds et les colonnes.<\/p>\n<figure id=\"attachment_1452\" aria-describedby=\"caption-attachment-1452\" style=\"width: 611px\" class=\"wp-caption aligncenter\"><img loading=\"lazy\" decoding=\"async\" class=\"wp-image-1452 \" src=\"https:\/\/archeolab.app\/villa\/wp-content\/uploads\/sites\/2\/2017\/08\/Fragment-de-fresque-au-d\u00e9cor-de-fleurs_c-Fibbi_Aeppli-demander-autorisation-de-publicationmod-1024x808.jpg\" alt=\"\" width=\"611\" height=\"482\" \/><figcaption id=\"caption-attachment-1452\" class=\"wp-caption-text\">Fragment de fresque au d\u00e9cor de fleurs. \u00a9 Fibbi Aeppli<\/figcaption><\/figure>\n<p style=\"text-align: justify;\">Les sols \u00e9taient recouverts de mosa\u00efques. On a d\u00e9couvert plus de quatre d\u00e9cors diff\u00e9rents, appartenant aux \u00e9tages sup\u00e9rieurs. La principale mosa\u00efque poss\u00e8de un d\u00e9cor en \u00ab\u00a0nids d\u2019abeille\u00a0\u00bb, typique des ateliers de Vienne, en France.<\/p>\n<figure id=\"attachment_1293\" aria-describedby=\"caption-attachment-1293\" style=\"width: 525px\" class=\"wp-caption aligncenter\"><img loading=\"lazy\" decoding=\"async\" class=\"wp-image-1293 size-large\" src=\"https:\/\/archeolab.app\/villa\/wp-content\/uploads\/sites\/2\/2017\/08\/Essai-vitrine-1mod-1024x932.jpg\" alt=\"\" width=\"525\" height=\"478\" srcset=\"https:\/\/archeolab.app\/villa\/wp-content\/uploads\/sites\/2\/2017\/08\/Essai-vitrine-1mod-1024x932.jpg 1024w, https:\/\/archeolab.app\/villa\/wp-content\/uploads\/sites\/2\/2017\/08\/Essai-vitrine-1mod-300x273.jpg 300w, https:\/\/archeolab.app\/villa\/wp-content\/uploads\/sites\/2\/2017\/08\/Essai-vitrine-1mod-768x699.jpg 768w, https:\/\/archeolab.app\/villa\/wp-content\/uploads\/sites\/2\/2017\/08\/Essai-vitrine-1mod-1536x1398.jpg 1536w, https:\/\/archeolab.app\/villa\/wp-content\/uploads\/sites\/2\/2017\/08\/Essai-vitrine-1mod-1200x1092.jpg 1200w, https:\/\/archeolab.app\/villa\/wp-content\/uploads\/sites\/2\/2017\/08\/Essai-vitrine-1mod-1980x1802.jpg 1980w, https:\/\/archeolab.app\/villa\/wp-content\/uploads\/sites\/2\/2017\/08\/Essai-vitrine-1mod.jpg 2000w\" sizes=\"auto, (max-width: 525px) 100vw, 525px\" \/><figcaption id=\"caption-attachment-1293\" class=\"wp-caption-text\">Fragments de d\u00e9cors.\u00a0\u00a9 Arch\u00e9oLab,<\/figcaption><\/figure>\n<p style=\"text-align: justify;\">Tous ces \u00e9l\u00e9ments d\u00e9coratifs prouvent la richesse de cette demeure et t\u00e9moignent du go\u00fbt raffin\u00e9 de leur propri\u00e9taire.<\/p>\n<p>\u21d2 <a href=\"https:\/\/archeolab.app\/villa\/lhistoire-de-la-villa\/le-siecle-dor-de-la-villa\/leau-dans-la-villa\/\">L&rsquo;eau dans la <em>villa<\/em><\/a><\/p>\n","protected":false},"excerpt":{"rendered":"<p>La villa de Pully est remarquable en particulier par son riche d\u00e9cor de peinture murale. La plus c\u00e9l\u00e8bre est celle de la course de chars qui ornait la partie inf\u00e9rieure &hellip; <a href=\"https:\/\/archeolab.app\/villa\/lhistoire-de-la-villa\/le-siecle-dor-de-la-villa\/la-decoration-dans-la-villa-la-peinture-murale-et-la-mosaique\/\" class=\"more-link\">Continuer la lecture de <span class=\"screen-reader-text\">La d\u00e9coration dans la villa : la peinture murale et la mosa\u00efque<\/span><\/a><\/p>\n","protected":false},"author":1,"featured_media":0,"parent":145,"menu_order":1,"comment_status":"closed","ping_status":"closed","template":"","meta":{"_acf_changed":false,"footnotes":""},"class_list":["post-146","page","type-page","status-publish","hentry"],"acf":[],"yoast_head":"<!-- This site is optimized with the Yoast SEO plugin v27.5 - https:\/\/yoast.com\/product\/yoast-seo-wordpress\/ -->\n<title>La d\u00e9coration dans la villa : la peinture murale et la mosa\u00efque &#8226; La villa romaine du Prieur\u00e9<\/title>\n<meta name=\"robots\" content=\"index, follow, max-snippet:-1, max-image-preview:large, max-video-preview:-1\" \/>\n<link rel=\"canonical\" href=\"https:\/\/archeolab.app\/villa\/lhistoire-de-la-villa\/le-siecle-dor-de-la-villa\/la-decoration-dans-la-villa-la-peinture-murale-et-la-mosaique\/\" \/>\n<meta property=\"og:locale\" content=\"fr_FR\" \/>\n<meta property=\"og:type\" content=\"article\" \/>\n<meta property=\"og:title\" content=\"La d\u00e9coration dans la villa : la peinture murale et la mosa\u00efque &#8226; La villa romaine du Prieur\u00e9\" \/>\n<meta property=\"og:description\" content=\"La villa de Pully est remarquable en particulier par son riche d\u00e9cor de peinture murale. La plus c\u00e9l\u00e8bre est celle de la course de chars qui ornait la partie inf\u00e9rieure &hellip; Continuer la lecture de La d\u00e9coration dans la villa : la peinture murale et la mosa\u00efque\" \/>\n<meta property=\"og:url\" content=\"https:\/\/archeolab.app\/villa\/lhistoire-de-la-villa\/le-siecle-dor-de-la-villa\/la-decoration-dans-la-villa-la-peinture-murale-et-la-mosaique\/\" \/>\n<meta property=\"og:site_name\" content=\"La villa romaine du Prieur\u00e9\" \/>\n<meta property=\"article:modified_time\" content=\"2020-03-26T08:52:39+00:00\" \/>\n<meta property=\"og:image\" content=\"https:\/\/archeolab.app\/villa\/wp-content\/uploads\/sites\/2\/2017\/08\/Fragment-de-fresque-au-d\u00e9cor-de-fleurs_c-Fibbi_Aeppli-demander-autorisation-de-publicationmod-1024x808.jpg\" \/>\n<meta name=\"twitter:card\" content=\"summary_large_image\" \/>\n<meta name=\"twitter:label1\" content=\"Dur\u00e9e de lecture estim\u00e9e\" \/>\n\t<meta name=\"twitter:data1\" content=\"1 minute\" \/>\n<script type=\"application\/ld+json\" class=\"yoast-schema-graph\">{\"@context\":\"https:\\\/\\\/schema.org\",\"@graph\":[{\"@type\":\"WebPage\",\"@id\":\"https:\\\/\\\/archeolab.app\\\/villa\\\/lhistoire-de-la-villa\\\/le-siecle-dor-de-la-villa\\\/la-decoration-dans-la-villa-la-peinture-murale-et-la-mosaique\\\/\",\"url\":\"https:\\\/\\\/archeolab.app\\\/villa\\\/lhistoire-de-la-villa\\\/le-siecle-dor-de-la-villa\\\/la-decoration-dans-la-villa-la-peinture-murale-et-la-mosaique\\\/\",\"name\":\"La d\u00e9coration dans la villa : la peinture murale et la mosa\u00efque &#8226; La villa romaine du Prieur\u00e9\",\"isPartOf\":{\"@id\":\"https:\\\/\\\/archeolab.app\\\/villa\\\/#website\"},\"primaryImageOfPage\":{\"@id\":\"https:\\\/\\\/archeolab.app\\\/villa\\\/lhistoire-de-la-villa\\\/le-siecle-dor-de-la-villa\\\/la-decoration-dans-la-villa-la-peinture-murale-et-la-mosaique\\\/#primaryimage\"},\"image\":{\"@id\":\"https:\\\/\\\/archeolab.app\\\/villa\\\/lhistoire-de-la-villa\\\/le-siecle-dor-de-la-villa\\\/la-decoration-dans-la-villa-la-peinture-murale-et-la-mosaique\\\/#primaryimage\"},\"thumbnailUrl\":\"https:\\\/\\\/archeolab.app\\\/villa\\\/wp-content\\\/uploads\\\/sites\\\/2\\\/2017\\\/08\\\/Essai-vitrine-1mod-1024x932.jpg\",\"datePublished\":\"2017-08-23T07:05:21+00:00\",\"dateModified\":\"2020-03-26T08:52:39+00:00\",\"breadcrumb\":{\"@id\":\"https:\\\/\\\/archeolab.app\\\/villa\\\/lhistoire-de-la-villa\\\/le-siecle-dor-de-la-villa\\\/la-decoration-dans-la-villa-la-peinture-murale-et-la-mosaique\\\/#breadcrumb\"},\"inLanguage\":\"fr-FR\",\"potentialAction\":[{\"@type\":\"ReadAction\",\"target\":[\"https:\\\/\\\/archeolab.app\\\/villa\\\/lhistoire-de-la-villa\\\/le-siecle-dor-de-la-villa\\\/la-decoration-dans-la-villa-la-peinture-murale-et-la-mosaique\\\/\"]}]},{\"@type\":\"ImageObject\",\"inLanguage\":\"fr-FR\",\"@id\":\"https:\\\/\\\/archeolab.app\\\/villa\\\/lhistoire-de-la-villa\\\/le-siecle-dor-de-la-villa\\\/la-decoration-dans-la-villa-la-peinture-murale-et-la-mosaique\\\/#primaryimage\",\"url\":\"https:\\\/\\\/archeolab.app\\\/villa\\\/wp-content\\\/uploads\\\/sites\\\/2\\\/2017\\\/08\\\/Essai-vitrine-1mod.jpg\",\"contentUrl\":\"https:\\\/\\\/archeolab.app\\\/villa\\\/wp-content\\\/uploads\\\/sites\\\/2\\\/2017\\\/08\\\/Essai-vitrine-1mod.jpg\",\"width\":2000,\"height\":1820,\"caption\":\"La peinture murale et la mosa\u00eeque\"},{\"@type\":\"BreadcrumbList\",\"@id\":\"https:\\\/\\\/archeolab.app\\\/villa\\\/lhistoire-de-la-villa\\\/le-siecle-dor-de-la-villa\\\/la-decoration-dans-la-villa-la-peinture-murale-et-la-mosaique\\\/#breadcrumb\",\"itemListElement\":[{\"@type\":\"ListItem\",\"position\":1,\"name\":\"Accueil\",\"item\":\"https:\\\/\\\/archeolab.app\\\/villa\\\/\"},{\"@type\":\"ListItem\",\"position\":2,\"name\":\"L\u2019histoire de la villa\",\"item\":\"https:\\\/\\\/archeolab.app\\\/villa\\\/lhistoire-de-la-villa\\\/\"},{\"@type\":\"ListItem\",\"position\":3,\"name\":\"Le si\u00e8cle d\u2019or de la villa\",\"item\":\"https:\\\/\\\/archeolab.app\\\/villa\\\/lhistoire-de-la-villa\\\/le-siecle-dor-de-la-villa\\\/\"},{\"@type\":\"ListItem\",\"position\":4,\"name\":\"La d\u00e9coration dans la villa : la peinture murale et la mosa\u00efque\"}]},{\"@type\":\"WebSite\",\"@id\":\"https:\\\/\\\/archeolab.app\\\/villa\\\/#website\",\"url\":\"https:\\\/\\\/archeolab.app\\\/villa\\\/\",\"name\":\"La villa romaine du Prieur\u00e9\",\"description\":\"Une visite virtuelle de la villa romaine de Pully\",\"publisher\":{\"@id\":\"https:\\\/\\\/archeolab.app\\\/villa\\\/#organization\"},\"potentialAction\":[{\"@type\":\"SearchAction\",\"target\":{\"@type\":\"EntryPoint\",\"urlTemplate\":\"https:\\\/\\\/archeolab.app\\\/villa\\\/?s={search_term_string}\"},\"query-input\":{\"@type\":\"PropertyValueSpecification\",\"valueRequired\":true,\"valueName\":\"search_term_string\"}}],\"inLanguage\":\"fr-FR\"},{\"@type\":\"Organization\",\"@id\":\"https:\\\/\\\/archeolab.app\\\/villa\\\/#organization\",\"name\":\"Arch\u00e9olab\",\"url\":\"https:\\\/\\\/archeolab.app\\\/villa\\\/\",\"logo\":{\"@type\":\"ImageObject\",\"inLanguage\":\"fr-FR\",\"@id\":\"https:\\\/\\\/archeolab.app\\\/villa\\\/#\\\/schema\\\/logo\\\/image\\\/\",\"url\":\"https:\\\/\\\/archeolab.app\\\/villa\\\/wp-content\\\/uploads\\\/sites\\\/2\\\/2020\\\/03\\\/LOGO_AL.app_small-02.png\",\"contentUrl\":\"https:\\\/\\\/archeolab.app\\\/villa\\\/wp-content\\\/uploads\\\/sites\\\/2\\\/2020\\\/03\\\/LOGO_AL.app_small-02.png\",\"width\":527,\"height\":523,\"caption\":\"Arch\u00e9olab\"},\"image\":{\"@id\":\"https:\\\/\\\/archeolab.app\\\/villa\\\/#\\\/schema\\\/logo\\\/image\\\/\"}}]}<\/script>\n<!-- \/ Yoast SEO plugin. -->","yoast_head_json":{"title":"La d\u00e9coration dans la villa : la peinture murale et la mosa\u00efque &#8226; La villa romaine du Prieur\u00e9","robots":{"index":"index","follow":"follow","max-snippet":"max-snippet:-1","max-image-preview":"max-image-preview:large","max-video-preview":"max-video-preview:-1"},"canonical":"https:\/\/archeolab.app\/villa\/lhistoire-de-la-villa\/le-siecle-dor-de-la-villa\/la-decoration-dans-la-villa-la-peinture-murale-et-la-mosaique\/","og_locale":"fr_FR","og_type":"article","og_title":"La d\u00e9coration dans la villa : la peinture murale et la mosa\u00efque &#8226; La villa romaine du Prieur\u00e9","og_description":"La villa de Pully est remarquable en particulier par son riche d\u00e9cor de peinture murale. La plus c\u00e9l\u00e8bre est celle de la course de chars qui ornait la partie inf\u00e9rieure &hellip; Continuer la lecture de La d\u00e9coration dans la villa : la peinture murale et la mosa\u00efque","og_url":"https:\/\/archeolab.app\/villa\/lhistoire-de-la-villa\/le-siecle-dor-de-la-villa\/la-decoration-dans-la-villa-la-peinture-murale-et-la-mosaique\/","og_site_name":"La villa romaine du Prieur\u00e9","article_modified_time":"2020-03-26T08:52:39+00:00","og_image":[{"url":"https:\/\/archeolab.app\/villa\/wp-content\/uploads\/sites\/2\/2017\/08\/Fragment-de-fresque-au-d\u00e9cor-de-fleurs_c-Fibbi_Aeppli-demander-autorisation-de-publicationmod-1024x808.jpg","type":"","width":"","height":""}],"twitter_card":"summary_large_image","twitter_misc":{"Dur\u00e9e de lecture estim\u00e9e":"1 minute"},"schema":{"@context":"https:\/\/schema.org","@graph":[{"@type":"WebPage","@id":"https:\/\/archeolab.app\/villa\/lhistoire-de-la-villa\/le-siecle-dor-de-la-villa\/la-decoration-dans-la-villa-la-peinture-murale-et-la-mosaique\/","url":"https:\/\/archeolab.app\/villa\/lhistoire-de-la-villa\/le-siecle-dor-de-la-villa\/la-decoration-dans-la-villa-la-peinture-murale-et-la-mosaique\/","name":"La d\u00e9coration dans la villa : la peinture murale et la mosa\u00efque &#8226; La villa romaine du Prieur\u00e9","isPartOf":{"@id":"https:\/\/archeolab.app\/villa\/#website"},"primaryImageOfPage":{"@id":"https:\/\/archeolab.app\/villa\/lhistoire-de-la-villa\/le-siecle-dor-de-la-villa\/la-decoration-dans-la-villa-la-peinture-murale-et-la-mosaique\/#primaryimage"},"image":{"@id":"https:\/\/archeolab.app\/villa\/lhistoire-de-la-villa\/le-siecle-dor-de-la-villa\/la-decoration-dans-la-villa-la-peinture-murale-et-la-mosaique\/#primaryimage"},"thumbnailUrl":"https:\/\/archeolab.app\/villa\/wp-content\/uploads\/sites\/2\/2017\/08\/Essai-vitrine-1mod-1024x932.jpg","datePublished":"2017-08-23T07:05:21+00:00","dateModified":"2020-03-26T08:52:39+00:00","breadcrumb":{"@id":"https:\/\/archeolab.app\/villa\/lhistoire-de-la-villa\/le-siecle-dor-de-la-villa\/la-decoration-dans-la-villa-la-peinture-murale-et-la-mosaique\/#breadcrumb"},"inLanguage":"fr-FR","potentialAction":[{"@type":"ReadAction","target":["https:\/\/archeolab.app\/villa\/lhistoire-de-la-villa\/le-siecle-dor-de-la-villa\/la-decoration-dans-la-villa-la-peinture-murale-et-la-mosaique\/"]}]},{"@type":"ImageObject","inLanguage":"fr-FR","@id":"https:\/\/archeolab.app\/villa\/lhistoire-de-la-villa\/le-siecle-dor-de-la-villa\/la-decoration-dans-la-villa-la-peinture-murale-et-la-mosaique\/#primaryimage","url":"https:\/\/archeolab.app\/villa\/wp-content\/uploads\/sites\/2\/2017\/08\/Essai-vitrine-1mod.jpg","contentUrl":"https:\/\/archeolab.app\/villa\/wp-content\/uploads\/sites\/2\/2017\/08\/Essai-vitrine-1mod.jpg","width":2000,"height":1820,"caption":"La peinture murale et la mosa\u00eeque"},{"@type":"BreadcrumbList","@id":"https:\/\/archeolab.app\/villa\/lhistoire-de-la-villa\/le-siecle-dor-de-la-villa\/la-decoration-dans-la-villa-la-peinture-murale-et-la-mosaique\/#breadcrumb","itemListElement":[{"@type":"ListItem","position":1,"name":"Accueil","item":"https:\/\/archeolab.app\/villa\/"},{"@type":"ListItem","position":2,"name":"L\u2019histoire de la villa","item":"https:\/\/archeolab.app\/villa\/lhistoire-de-la-villa\/"},{"@type":"ListItem","position":3,"name":"Le si\u00e8cle d\u2019or de la villa","item":"https:\/\/archeolab.app\/villa\/lhistoire-de-la-villa\/le-siecle-dor-de-la-villa\/"},{"@type":"ListItem","position":4,"name":"La d\u00e9coration dans la villa : la peinture murale et la mosa\u00efque"}]},{"@type":"WebSite","@id":"https:\/\/archeolab.app\/villa\/#website","url":"https:\/\/archeolab.app\/villa\/","name":"La villa romaine du Prieur\u00e9","description":"Une visite virtuelle de la villa romaine de Pully","publisher":{"@id":"https:\/\/archeolab.app\/villa\/#organization"},"potentialAction":[{"@type":"SearchAction","target":{"@type":"EntryPoint","urlTemplate":"https:\/\/archeolab.app\/villa\/?s={search_term_string}"},"query-input":{"@type":"PropertyValueSpecification","valueRequired":true,"valueName":"search_term_string"}}],"inLanguage":"fr-FR"},{"@type":"Organization","@id":"https:\/\/archeolab.app\/villa\/#organization","name":"Arch\u00e9olab","url":"https:\/\/archeolab.app\/villa\/","logo":{"@type":"ImageObject","inLanguage":"fr-FR","@id":"https:\/\/archeolab.app\/villa\/#\/schema\/logo\/image\/","url":"https:\/\/archeolab.app\/villa\/wp-content\/uploads\/sites\/2\/2020\/03\/LOGO_AL.app_small-02.png","contentUrl":"https:\/\/archeolab.app\/villa\/wp-content\/uploads\/sites\/2\/2020\/03\/LOGO_AL.app_small-02.png","width":527,"height":523,"caption":"Arch\u00e9olab"},"image":{"@id":"https:\/\/archeolab.app\/villa\/#\/schema\/logo\/image\/"}}]}},"_links":{"self":[{"href":"https:\/\/archeolab.app\/villa\/wp-json\/wp\/v2\/pages\/146","targetHints":{"allow":["GET"]}}],"collection":[{"href":"https:\/\/archeolab.app\/villa\/wp-json\/wp\/v2\/pages"}],"about":[{"href":"https:\/\/archeolab.app\/villa\/wp-json\/wp\/v2\/types\/page"}],"author":[{"embeddable":true,"href":"https:\/\/archeolab.app\/villa\/wp-json\/wp\/v2\/users\/1"}],"replies":[{"embeddable":true,"href":"https:\/\/archeolab.app\/villa\/wp-json\/wp\/v2\/comments?post=146"}],"version-history":[{"count":1,"href":"https:\/\/archeolab.app\/villa\/wp-json\/wp\/v2\/pages\/146\/revisions"}],"predecessor-version":[{"id":2230,"href":"https:\/\/archeolab.app\/villa\/wp-json\/wp\/v2\/pages\/146\/revisions\/2230"}],"up":[{"embeddable":true,"href":"https:\/\/archeolab.app\/villa\/wp-json\/wp\/v2\/pages\/145"}],"wp:attachment":[{"href":"https:\/\/archeolab.app\/villa\/wp-json\/wp\/v2\/media?parent=146"}],"curies":[{"name":"wp","href":"https:\/\/api.w.org\/{rel}","templated":true}]}}