{"id":140,"date":"2017-08-23T09:05:21","date_gmt":"2017-08-23T07:05:21","guid":{"rendered":"http:\/\/www.archeoweb.ch\/villa\/lhistoire-de-la-villa\/epoque-romaine\/1er-siecle-ap-j-c\/"},"modified":"2020-03-30T14:56:14","modified_gmt":"2020-03-30T12:56:14","slug":"premier-siecle-apres-j-c","status":"publish","type":"page","link":"https:\/\/archeolab.app\/villa\/lhistoire-de-la-villa\/premier-siecle-apres-j-c\/","title":{"rendered":"Le premier si\u00e8cle ap. J.-C."},"content":{"rendered":"<p style=\"text-align: justify;\">La colline du Prieur\u00e9 accueille, d\u00e8s le 1<sup>er<\/sup> si\u00e8cle de notre \u00e8re, une luxueuse demeure romaine, appel\u00e9e \u00e0 l\u2019\u00e9poque\u00a0<em>villa<\/em>. L\u2019emplacement est id\u00e9al, \u00e0 seulement 5 km du\u00a0<em>vicus <\/em>(l\u2019\u00e9quivalent d\u2019un bourg) de Lousonna<em>, <\/em>l\u2019antique Lausanne et \u00e0 proximit\u00e9 de la grande voie commerciale terrestre reliant l\u2019Italie \u00e0 la Gaule par le col du Grand-Saint-Bernard, mais aussi de la voie lacustre permettant, par le Rh\u00f4ne, de gagner la M\u00e9diterran\u00e9e. De plus, l\u2019endroit offre une vue imprenable sur les Alpes et le L\u00e9man.<\/p>\n<figure id=\"attachment_1478\" aria-describedby=\"caption-attachment-1478\" style=\"width: 570px\" class=\"wp-caption aligncenter\"><img loading=\"lazy\" decoding=\"async\" class=\" wp-image-1478\" src=\"https:\/\/archeolab.app\/villa\/wp-content\/uploads\/sites\/2\/2017\/08\/Villa-Pully-1er-siecle-1024x846.jpg\" alt=\"\" width=\"570\" height=\"471\" \/><figcaption id=\"caption-attachment-1478\" class=\"wp-caption-text\">En rouge, plan d&rsquo;ensemble des premiers vestiges de la villa (d\u00e8s 50 ap. J.-C.); en bleu, transformations de la fin du 1<sup>er<\/sup> si\u00e8cle. <strong>A<\/strong>: long corridor; <strong>B<\/strong>: cour, avec l&rsquo;angle du premier bassin; <strong>C<\/strong>: pi\u00e8ces d&rsquo;habitation; <strong>D<\/strong>: thermes; <strong>E<\/strong>: pavillon en h\u00e9micycle.\u00a0REYMOND (S.), BROILLET-RAMJOUE (E.) (dir.), La villa romaine et ses peintures murales, Mus\u00e9es de Pully \/ Soci\u00e9t\u00e9 suisse de pr\u00e9histoire et d&rsquo;arch\u00e9ologie, Pully, 2001, p. 17, fig. 15.<\/figcaption><\/figure>\n<p>\u21d2 <a href=\"https:\/\/archeolab.app\/villa\/lhistoire-de-la-villa\/le-siecle-dor-de-la-villa\/\">Le si\u00e8cle d&rsquo;or de la villa<\/a><\/p>\n","protected":false},"excerpt":{"rendered":"<p>La colline du Prieur\u00e9 accueille, d\u00e8s le 1er si\u00e8cle de notre \u00e8re, une luxueuse demeure romaine, appel\u00e9e \u00e0 l\u2019\u00e9poque\u00a0villa. L\u2019emplacement est id\u00e9al, \u00e0 seulement 5 km du\u00a0vicus (l\u2019\u00e9quivalent d\u2019un bourg) &hellip; <a href=\"https:\/\/archeolab.app\/villa\/lhistoire-de-la-villa\/premier-siecle-apres-j-c\/\" class=\"more-link\">Continuer la lecture de <span class=\"screen-reader-text\">Le premier si\u00e8cle ap. J.-C.<\/span><\/a><\/p>\n","protected":false},"author":1,"featured_media":0,"parent":132,"menu_order":1,"comment_status":"closed","ping_status":"closed","template":"","meta":{"_acf_changed":false,"footnotes":""},"class_list":["post-140","page","type-page","status-publish","hentry"],"acf":[],"yoast_head":"<!-- This site is optimized with the Yoast SEO plugin v27.5 - https:\/\/yoast.com\/product\/yoast-seo-wordpress\/ -->\n<title>Le premier si\u00e8cle ap. J.-C. &#8226; La villa romaine du Prieur\u00e9<\/title>\n<meta name=\"robots\" content=\"index, follow, max-snippet:-1, max-image-preview:large, max-video-preview:-1\" \/>\n<link rel=\"canonical\" href=\"https:\/\/archeolab.app\/villa\/lhistoire-de-la-villa\/premier-siecle-apres-j-c\/\" \/>\n<meta property=\"og:locale\" content=\"fr_FR\" \/>\n<meta property=\"og:type\" content=\"article\" \/>\n<meta property=\"og:title\" content=\"Le premier si\u00e8cle ap. J.-C. &#8226; La villa romaine du Prieur\u00e9\" \/>\n<meta property=\"og:description\" content=\"La colline du Prieur\u00e9 accueille, d\u00e8s le 1er si\u00e8cle de notre \u00e8re, une luxueuse demeure romaine, appel\u00e9e \u00e0 l\u2019\u00e9poque\u00a0villa. L\u2019emplacement est id\u00e9al, \u00e0 seulement 5 km du\u00a0vicus (l\u2019\u00e9quivalent d\u2019un bourg) &hellip; Continuer la lecture de Le premier si\u00e8cle ap. J.-C.\" \/>\n<meta property=\"og:url\" content=\"https:\/\/archeolab.app\/villa\/lhistoire-de-la-villa\/premier-siecle-apres-j-c\/\" \/>\n<meta property=\"og:site_name\" content=\"La villa romaine du Prieur\u00e9\" \/>\n<meta property=\"article:modified_time\" content=\"2020-03-30T12:56:14+00:00\" \/>\n<meta property=\"og:image\" content=\"https:\/\/archeolab.app\/villa\/wp-content\/uploads\/sites\/2\/2017\/08\/Villa-Pully-1er-siecle-1024x846.jpg\" \/>\n<meta name=\"twitter:card\" content=\"summary_large_image\" \/>\n<meta name=\"twitter:label1\" content=\"Dur\u00e9e de lecture estim\u00e9e\" \/>\n\t<meta name=\"twitter:data1\" content=\"1 minute\" \/>\n<script type=\"application\/ld+json\" class=\"yoast-schema-graph\">{\"@context\":\"https:\\\/\\\/schema.org\",\"@graph\":[{\"@type\":\"WebPage\",\"@id\":\"https:\\\/\\\/archeolab.app\\\/villa\\\/lhistoire-de-la-villa\\\/premier-siecle-apres-j-c\\\/\",\"url\":\"https:\\\/\\\/archeolab.app\\\/villa\\\/lhistoire-de-la-villa\\\/premier-siecle-apres-j-c\\\/\",\"name\":\"Le premier si\u00e8cle ap. J.-C. &#8226; La villa romaine du Prieur\u00e9\",\"isPartOf\":{\"@id\":\"https:\\\/\\\/archeolab.app\\\/villa\\\/#website\"},\"primaryImageOfPage\":{\"@id\":\"https:\\\/\\\/archeolab.app\\\/villa\\\/lhistoire-de-la-villa\\\/premier-siecle-apres-j-c\\\/#primaryimage\"},\"image\":{\"@id\":\"https:\\\/\\\/archeolab.app\\\/villa\\\/lhistoire-de-la-villa\\\/premier-siecle-apres-j-c\\\/#primaryimage\"},\"thumbnailUrl\":\"https:\\\/\\\/archeolab.app\\\/villa\\\/wp-content\\\/uploads\\\/sites\\\/2\\\/2017\\\/08\\\/Villa-Pully-1er-siecle-1024x846.jpg\",\"datePublished\":\"2017-08-23T07:05:21+00:00\",\"dateModified\":\"2020-03-30T12:56:14+00:00\",\"breadcrumb\":{\"@id\":\"https:\\\/\\\/archeolab.app\\\/villa\\\/lhistoire-de-la-villa\\\/premier-siecle-apres-j-c\\\/#breadcrumb\"},\"inLanguage\":\"fr-FR\",\"potentialAction\":[{\"@type\":\"ReadAction\",\"target\":[\"https:\\\/\\\/archeolab.app\\\/villa\\\/lhistoire-de-la-villa\\\/premier-siecle-apres-j-c\\\/\"]}]},{\"@type\":\"ImageObject\",\"inLanguage\":\"fr-FR\",\"@id\":\"https:\\\/\\\/archeolab.app\\\/villa\\\/lhistoire-de-la-villa\\\/premier-siecle-apres-j-c\\\/#primaryimage\",\"url\":\"https:\\\/\\\/archeolab.app\\\/villa\\\/wp-content\\\/uploads\\\/sites\\\/2\\\/2017\\\/08\\\/Villa-Pully-1er-siecle.jpg\",\"contentUrl\":\"https:\\\/\\\/archeolab.app\\\/villa\\\/wp-content\\\/uploads\\\/sites\\\/2\\\/2017\\\/08\\\/Villa-Pully-1er-siecle.jpg\",\"width\":1298,\"height\":1073},{\"@type\":\"BreadcrumbList\",\"@id\":\"https:\\\/\\\/archeolab.app\\\/villa\\\/lhistoire-de-la-villa\\\/premier-siecle-apres-j-c\\\/#breadcrumb\",\"itemListElement\":[{\"@type\":\"ListItem\",\"position\":1,\"name\":\"Accueil\",\"item\":\"https:\\\/\\\/archeolab.app\\\/villa\\\/\"},{\"@type\":\"ListItem\",\"position\":2,\"name\":\"L\u2019histoire de la villa\",\"item\":\"https:\\\/\\\/archeolab.app\\\/villa\\\/lhistoire-de-la-villa\\\/\"},{\"@type\":\"ListItem\",\"position\":3,\"name\":\"Le premier si\u00e8cle ap. J.-C.\"}]},{\"@type\":\"WebSite\",\"@id\":\"https:\\\/\\\/archeolab.app\\\/villa\\\/#website\",\"url\":\"https:\\\/\\\/archeolab.app\\\/villa\\\/\",\"name\":\"La villa romaine du Prieur\u00e9\",\"description\":\"Une visite virtuelle de la villa romaine de Pully\",\"publisher\":{\"@id\":\"https:\\\/\\\/archeolab.app\\\/villa\\\/#organization\"},\"potentialAction\":[{\"@type\":\"SearchAction\",\"target\":{\"@type\":\"EntryPoint\",\"urlTemplate\":\"https:\\\/\\\/archeolab.app\\\/villa\\\/?s={search_term_string}\"},\"query-input\":{\"@type\":\"PropertyValueSpecification\",\"valueRequired\":true,\"valueName\":\"search_term_string\"}}],\"inLanguage\":\"fr-FR\"},{\"@type\":\"Organization\",\"@id\":\"https:\\\/\\\/archeolab.app\\\/villa\\\/#organization\",\"name\":\"Arch\u00e9olab\",\"url\":\"https:\\\/\\\/archeolab.app\\\/villa\\\/\",\"logo\":{\"@type\":\"ImageObject\",\"inLanguage\":\"fr-FR\",\"@id\":\"https:\\\/\\\/archeolab.app\\\/villa\\\/#\\\/schema\\\/logo\\\/image\\\/\",\"url\":\"https:\\\/\\\/archeolab.app\\\/villa\\\/wp-content\\\/uploads\\\/sites\\\/2\\\/2020\\\/03\\\/LOGO_AL.app_small-02.png\",\"contentUrl\":\"https:\\\/\\\/archeolab.app\\\/villa\\\/wp-content\\\/uploads\\\/sites\\\/2\\\/2020\\\/03\\\/LOGO_AL.app_small-02.png\",\"width\":527,\"height\":523,\"caption\":\"Arch\u00e9olab\"},\"image\":{\"@id\":\"https:\\\/\\\/archeolab.app\\\/villa\\\/#\\\/schema\\\/logo\\\/image\\\/\"}}]}<\/script>\n<!-- \/ Yoast SEO plugin. -->","yoast_head_json":{"title":"Le premier si\u00e8cle ap. J.-C. &#8226; La villa romaine du Prieur\u00e9","robots":{"index":"index","follow":"follow","max-snippet":"max-snippet:-1","max-image-preview":"max-image-preview:large","max-video-preview":"max-video-preview:-1"},"canonical":"https:\/\/archeolab.app\/villa\/lhistoire-de-la-villa\/premier-siecle-apres-j-c\/","og_locale":"fr_FR","og_type":"article","og_title":"Le premier si\u00e8cle ap. J.-C. &#8226; La villa romaine du Prieur\u00e9","og_description":"La colline du Prieur\u00e9 accueille, d\u00e8s le 1er si\u00e8cle de notre \u00e8re, une luxueuse demeure romaine, appel\u00e9e \u00e0 l\u2019\u00e9poque\u00a0villa. L\u2019emplacement est id\u00e9al, \u00e0 seulement 5 km du\u00a0vicus (l\u2019\u00e9quivalent d\u2019un bourg) &hellip; Continuer la lecture de Le premier si\u00e8cle ap. J.-C.","og_url":"https:\/\/archeolab.app\/villa\/lhistoire-de-la-villa\/premier-siecle-apres-j-c\/","og_site_name":"La villa romaine du Prieur\u00e9","article_modified_time":"2020-03-30T12:56:14+00:00","og_image":[{"url":"https:\/\/archeolab.app\/villa\/wp-content\/uploads\/sites\/2\/2017\/08\/Villa-Pully-1er-siecle-1024x846.jpg","type":"","width":"","height":""}],"twitter_card":"summary_large_image","twitter_misc":{"Dur\u00e9e de lecture estim\u00e9e":"1 minute"},"schema":{"@context":"https:\/\/schema.org","@graph":[{"@type":"WebPage","@id":"https:\/\/archeolab.app\/villa\/lhistoire-de-la-villa\/premier-siecle-apres-j-c\/","url":"https:\/\/archeolab.app\/villa\/lhistoire-de-la-villa\/premier-siecle-apres-j-c\/","name":"Le premier si\u00e8cle ap. J.-C. &#8226; La villa romaine du Prieur\u00e9","isPartOf":{"@id":"https:\/\/archeolab.app\/villa\/#website"},"primaryImageOfPage":{"@id":"https:\/\/archeolab.app\/villa\/lhistoire-de-la-villa\/premier-siecle-apres-j-c\/#primaryimage"},"image":{"@id":"https:\/\/archeolab.app\/villa\/lhistoire-de-la-villa\/premier-siecle-apres-j-c\/#primaryimage"},"thumbnailUrl":"https:\/\/archeolab.app\/villa\/wp-content\/uploads\/sites\/2\/2017\/08\/Villa-Pully-1er-siecle-1024x846.jpg","datePublished":"2017-08-23T07:05:21+00:00","dateModified":"2020-03-30T12:56:14+00:00","breadcrumb":{"@id":"https:\/\/archeolab.app\/villa\/lhistoire-de-la-villa\/premier-siecle-apres-j-c\/#breadcrumb"},"inLanguage":"fr-FR","potentialAction":[{"@type":"ReadAction","target":["https:\/\/archeolab.app\/villa\/lhistoire-de-la-villa\/premier-siecle-apres-j-c\/"]}]},{"@type":"ImageObject","inLanguage":"fr-FR","@id":"https:\/\/archeolab.app\/villa\/lhistoire-de-la-villa\/premier-siecle-apres-j-c\/#primaryimage","url":"https:\/\/archeolab.app\/villa\/wp-content\/uploads\/sites\/2\/2017\/08\/Villa-Pully-1er-siecle.jpg","contentUrl":"https:\/\/archeolab.app\/villa\/wp-content\/uploads\/sites\/2\/2017\/08\/Villa-Pully-1er-siecle.jpg","width":1298,"height":1073},{"@type":"BreadcrumbList","@id":"https:\/\/archeolab.app\/villa\/lhistoire-de-la-villa\/premier-siecle-apres-j-c\/#breadcrumb","itemListElement":[{"@type":"ListItem","position":1,"name":"Accueil","item":"https:\/\/archeolab.app\/villa\/"},{"@type":"ListItem","position":2,"name":"L\u2019histoire de la villa","item":"https:\/\/archeolab.app\/villa\/lhistoire-de-la-villa\/"},{"@type":"ListItem","position":3,"name":"Le premier si\u00e8cle ap. J.-C."}]},{"@type":"WebSite","@id":"https:\/\/archeolab.app\/villa\/#website","url":"https:\/\/archeolab.app\/villa\/","name":"La villa romaine du Prieur\u00e9","description":"Une visite virtuelle de la villa romaine de Pully","publisher":{"@id":"https:\/\/archeolab.app\/villa\/#organization"},"potentialAction":[{"@type":"SearchAction","target":{"@type":"EntryPoint","urlTemplate":"https:\/\/archeolab.app\/villa\/?s={search_term_string}"},"query-input":{"@type":"PropertyValueSpecification","valueRequired":true,"valueName":"search_term_string"}}],"inLanguage":"fr-FR"},{"@type":"Organization","@id":"https:\/\/archeolab.app\/villa\/#organization","name":"Arch\u00e9olab","url":"https:\/\/archeolab.app\/villa\/","logo":{"@type":"ImageObject","inLanguage":"fr-FR","@id":"https:\/\/archeolab.app\/villa\/#\/schema\/logo\/image\/","url":"https:\/\/archeolab.app\/villa\/wp-content\/uploads\/sites\/2\/2020\/03\/LOGO_AL.app_small-02.png","contentUrl":"https:\/\/archeolab.app\/villa\/wp-content\/uploads\/sites\/2\/2020\/03\/LOGO_AL.app_small-02.png","width":527,"height":523,"caption":"Arch\u00e9olab"},"image":{"@id":"https:\/\/archeolab.app\/villa\/#\/schema\/logo\/image\/"}}]}},"_links":{"self":[{"href":"https:\/\/archeolab.app\/villa\/wp-json\/wp\/v2\/pages\/140","targetHints":{"allow":["GET"]}}],"collection":[{"href":"https:\/\/archeolab.app\/villa\/wp-json\/wp\/v2\/pages"}],"about":[{"href":"https:\/\/archeolab.app\/villa\/wp-json\/wp\/v2\/types\/page"}],"author":[{"embeddable":true,"href":"https:\/\/archeolab.app\/villa\/wp-json\/wp\/v2\/users\/1"}],"replies":[{"embeddable":true,"href":"https:\/\/archeolab.app\/villa\/wp-json\/wp\/v2\/comments?post=140"}],"version-history":[{"count":4,"href":"https:\/\/archeolab.app\/villa\/wp-json\/wp\/v2\/pages\/140\/revisions"}],"predecessor-version":[{"id":2372,"href":"https:\/\/archeolab.app\/villa\/wp-json\/wp\/v2\/pages\/140\/revisions\/2372"}],"up":[{"embeddable":true,"href":"https:\/\/archeolab.app\/villa\/wp-json\/wp\/v2\/pages\/132"}],"wp:attachment":[{"href":"https:\/\/archeolab.app\/villa\/wp-json\/wp\/v2\/media?parent=140"}],"curies":[{"name":"wp","href":"https:\/\/api.w.org\/{rel}","templated":true}]}}