{"id":138,"date":"2017-08-23T09:05:21","date_gmt":"2017-08-23T07:05:21","guid":{"rendered":"http:\/\/www.archeoweb.ch\/villa\/lhistoire-de-la-villa\/pully-avant-la-villa-romaine\/age-du-bronze-et-du-fer\/"},"modified":"2020-03-26T11:42:05","modified_gmt":"2020-03-26T10:42:05","slug":"age-du-bronze-et-du-fer","status":"publish","type":"page","link":"https:\/\/archeolab.app\/villa\/pully-avant-la-villa-romaine\/age-du-bronze-et-du-fer\/","title":{"rendered":"L&rsquo;\u00e2ge du bronze et du fer"},"content":{"rendered":"<p style=\"text-align: justify;\">Contrairement au N\u00e9olithique, l\u2019\u00e2ge du bronze et l\u2019\u00e2ge du fer restent mal connus sur le territoire de Pully. Seuls quelques tombes et objets datant de cette p\u00e9riode ont \u00e9t\u00e9 retrouv\u00e9s, essentiellement des vases, des outils et des objets m\u00e9talliques d\u00e9pos\u00e9s dans les s\u00e9pultures. Une d\u00e9couverte se d\u00e9marque tout de m\u00eame : celle d\u2019un bracelet en bronze, dat\u00e9 de 300 av. J.-C. (\u00e2ge du fer) trouv\u00e9 au nord de Pully.<\/p>\n<p style=\"text-align: justify;\">M\u00eame si ces quelques trouvailles arch\u00e9ologiques restent assez pauvres, elles sont la preuve de l\u2019occupation du territoire de Pully, du N\u00e9olithique jusqu\u2019\u00e0 l\u2019\u00e9poque romaine.<\/p>\n<p>\u21d2 <a href=\"https:\/\/archeolab.app\/villa\/le-contexte\/quest-ce-quune-villa\/\">Le contexte r\u00e9gional<\/a><\/p>\n","protected":false},"excerpt":{"rendered":"<p>Contrairement au N\u00e9olithique, l\u2019\u00e2ge du bronze et l\u2019\u00e2ge du fer restent mal connus sur le territoire de Pully. Seuls quelques tombes et objets datant de cette p\u00e9riode ont \u00e9t\u00e9 retrouv\u00e9s, &hellip; <a href=\"https:\/\/archeolab.app\/villa\/pully-avant-la-villa-romaine\/age-du-bronze-et-du-fer\/\" class=\"more-link\">Continuer la lecture de <span class=\"screen-reader-text\">L&rsquo;\u00e2ge du bronze et du fer<\/span><\/a><\/p>\n","protected":false},"author":1,"featured_media":0,"parent":133,"menu_order":2,"comment_status":"closed","ping_status":"closed","template":"","meta":{"_acf_changed":false,"footnotes":""},"class_list":["post-138","page","type-page","status-publish","hentry"],"acf":[],"yoast_head":"<!-- This site is optimized with the Yoast SEO plugin v27.5 - https:\/\/yoast.com\/product\/yoast-seo-wordpress\/ -->\n<title>L&#039;\u00e2ge du bronze et du fer &#8226; La villa romaine du Prieur\u00e9<\/title>\n<meta name=\"robots\" content=\"index, follow, max-snippet:-1, max-image-preview:large, max-video-preview:-1\" \/>\n<link rel=\"canonical\" href=\"https:\/\/archeolab.app\/villa\/pully-avant-la-villa-romaine\/age-du-bronze-et-du-fer\/\" \/>\n<meta property=\"og:locale\" content=\"fr_FR\" \/>\n<meta property=\"og:type\" content=\"article\" \/>\n<meta property=\"og:title\" content=\"L&#039;\u00e2ge du bronze et du fer &#8226; La villa romaine du Prieur\u00e9\" \/>\n<meta property=\"og:description\" content=\"Contrairement au N\u00e9olithique, l\u2019\u00e2ge du bronze et l\u2019\u00e2ge du fer restent mal connus sur le territoire de Pully. Seuls quelques tombes et objets datant de cette p\u00e9riode ont \u00e9t\u00e9 retrouv\u00e9s, &hellip; Continuer la lecture de L&rsquo;\u00e2ge du bronze et du fer\" \/>\n<meta property=\"og:url\" content=\"https:\/\/archeolab.app\/villa\/pully-avant-la-villa-romaine\/age-du-bronze-et-du-fer\/\" \/>\n<meta property=\"og:site_name\" content=\"La villa romaine du Prieur\u00e9\" \/>\n<meta property=\"article:modified_time\" content=\"2020-03-26T10:42:05+00:00\" \/>\n<meta name=\"twitter:card\" content=\"summary_large_image\" \/>\n<meta name=\"twitter:label1\" content=\"Dur\u00e9e de lecture estim\u00e9e\" \/>\n\t<meta name=\"twitter:data1\" content=\"1 minute\" \/>\n<script type=\"application\/ld+json\" class=\"yoast-schema-graph\">{\"@context\":\"https:\\\/\\\/schema.org\",\"@graph\":[{\"@type\":\"WebPage\",\"@id\":\"https:\\\/\\\/archeolab.app\\\/villa\\\/pully-avant-la-villa-romaine\\\/age-du-bronze-et-du-fer\\\/\",\"url\":\"https:\\\/\\\/archeolab.app\\\/villa\\\/pully-avant-la-villa-romaine\\\/age-du-bronze-et-du-fer\\\/\",\"name\":\"L'\u00e2ge du bronze et du fer &#8226; La villa romaine du Prieur\u00e9\",\"isPartOf\":{\"@id\":\"https:\\\/\\\/archeolab.app\\\/villa\\\/#website\"},\"datePublished\":\"2017-08-23T07:05:21+00:00\",\"dateModified\":\"2020-03-26T10:42:05+00:00\",\"breadcrumb\":{\"@id\":\"https:\\\/\\\/archeolab.app\\\/villa\\\/pully-avant-la-villa-romaine\\\/age-du-bronze-et-du-fer\\\/#breadcrumb\"},\"inLanguage\":\"fr-FR\",\"potentialAction\":[{\"@type\":\"ReadAction\",\"target\":[\"https:\\\/\\\/archeolab.app\\\/villa\\\/pully-avant-la-villa-romaine\\\/age-du-bronze-et-du-fer\\\/\"]}]},{\"@type\":\"BreadcrumbList\",\"@id\":\"https:\\\/\\\/archeolab.app\\\/villa\\\/pully-avant-la-villa-romaine\\\/age-du-bronze-et-du-fer\\\/#breadcrumb\",\"itemListElement\":[{\"@type\":\"ListItem\",\"position\":1,\"name\":\"Accueil\",\"item\":\"https:\\\/\\\/archeolab.app\\\/villa\\\/\"},{\"@type\":\"ListItem\",\"position\":2,\"name\":\"Pully avant la villa\",\"item\":\"https:\\\/\\\/archeolab.app\\\/villa\\\/pully-avant-la-villa-romaine\\\/\"},{\"@type\":\"ListItem\",\"position\":3,\"name\":\"L&rsquo;\u00e2ge du bronze et du fer\"}]},{\"@type\":\"WebSite\",\"@id\":\"https:\\\/\\\/archeolab.app\\\/villa\\\/#website\",\"url\":\"https:\\\/\\\/archeolab.app\\\/villa\\\/\",\"name\":\"La villa romaine du Prieur\u00e9\",\"description\":\"Une visite virtuelle de la villa romaine de Pully\",\"publisher\":{\"@id\":\"https:\\\/\\\/archeolab.app\\\/villa\\\/#organization\"},\"potentialAction\":[{\"@type\":\"SearchAction\",\"target\":{\"@type\":\"EntryPoint\",\"urlTemplate\":\"https:\\\/\\\/archeolab.app\\\/villa\\\/?s={search_term_string}\"},\"query-input\":{\"@type\":\"PropertyValueSpecification\",\"valueRequired\":true,\"valueName\":\"search_term_string\"}}],\"inLanguage\":\"fr-FR\"},{\"@type\":\"Organization\",\"@id\":\"https:\\\/\\\/archeolab.app\\\/villa\\\/#organization\",\"name\":\"Arch\u00e9olab\",\"url\":\"https:\\\/\\\/archeolab.app\\\/villa\\\/\",\"logo\":{\"@type\":\"ImageObject\",\"inLanguage\":\"fr-FR\",\"@id\":\"https:\\\/\\\/archeolab.app\\\/villa\\\/#\\\/schema\\\/logo\\\/image\\\/\",\"url\":\"https:\\\/\\\/archeolab.app\\\/villa\\\/wp-content\\\/uploads\\\/sites\\\/2\\\/2020\\\/03\\\/LOGO_AL.app_small-02.png\",\"contentUrl\":\"https:\\\/\\\/archeolab.app\\\/villa\\\/wp-content\\\/uploads\\\/sites\\\/2\\\/2020\\\/03\\\/LOGO_AL.app_small-02.png\",\"width\":527,\"height\":523,\"caption\":\"Arch\u00e9olab\"},\"image\":{\"@id\":\"https:\\\/\\\/archeolab.app\\\/villa\\\/#\\\/schema\\\/logo\\\/image\\\/\"}}]}<\/script>\n<!-- \/ Yoast SEO plugin. -->","yoast_head_json":{"title":"L'\u00e2ge du bronze et du fer &#8226; La villa romaine du Prieur\u00e9","robots":{"index":"index","follow":"follow","max-snippet":"max-snippet:-1","max-image-preview":"max-image-preview:large","max-video-preview":"max-video-preview:-1"},"canonical":"https:\/\/archeolab.app\/villa\/pully-avant-la-villa-romaine\/age-du-bronze-et-du-fer\/","og_locale":"fr_FR","og_type":"article","og_title":"L'\u00e2ge du bronze et du fer &#8226; La villa romaine du Prieur\u00e9","og_description":"Contrairement au N\u00e9olithique, l\u2019\u00e2ge du bronze et l\u2019\u00e2ge du fer restent mal connus sur le territoire de Pully. Seuls quelques tombes et objets datant de cette p\u00e9riode ont \u00e9t\u00e9 retrouv\u00e9s, &hellip; Continuer la lecture de L&rsquo;\u00e2ge du bronze et du fer","og_url":"https:\/\/archeolab.app\/villa\/pully-avant-la-villa-romaine\/age-du-bronze-et-du-fer\/","og_site_name":"La villa romaine du Prieur\u00e9","article_modified_time":"2020-03-26T10:42:05+00:00","twitter_card":"summary_large_image","twitter_misc":{"Dur\u00e9e de lecture estim\u00e9e":"1 minute"},"schema":{"@context":"https:\/\/schema.org","@graph":[{"@type":"WebPage","@id":"https:\/\/archeolab.app\/villa\/pully-avant-la-villa-romaine\/age-du-bronze-et-du-fer\/","url":"https:\/\/archeolab.app\/villa\/pully-avant-la-villa-romaine\/age-du-bronze-et-du-fer\/","name":"L'\u00e2ge du bronze et du fer &#8226; La villa romaine du Prieur\u00e9","isPartOf":{"@id":"https:\/\/archeolab.app\/villa\/#website"},"datePublished":"2017-08-23T07:05:21+00:00","dateModified":"2020-03-26T10:42:05+00:00","breadcrumb":{"@id":"https:\/\/archeolab.app\/villa\/pully-avant-la-villa-romaine\/age-du-bronze-et-du-fer\/#breadcrumb"},"inLanguage":"fr-FR","potentialAction":[{"@type":"ReadAction","target":["https:\/\/archeolab.app\/villa\/pully-avant-la-villa-romaine\/age-du-bronze-et-du-fer\/"]}]},{"@type":"BreadcrumbList","@id":"https:\/\/archeolab.app\/villa\/pully-avant-la-villa-romaine\/age-du-bronze-et-du-fer\/#breadcrumb","itemListElement":[{"@type":"ListItem","position":1,"name":"Accueil","item":"https:\/\/archeolab.app\/villa\/"},{"@type":"ListItem","position":2,"name":"Pully avant la villa","item":"https:\/\/archeolab.app\/villa\/pully-avant-la-villa-romaine\/"},{"@type":"ListItem","position":3,"name":"L&rsquo;\u00e2ge du bronze et du fer"}]},{"@type":"WebSite","@id":"https:\/\/archeolab.app\/villa\/#website","url":"https:\/\/archeolab.app\/villa\/","name":"La villa romaine du Prieur\u00e9","description":"Une visite virtuelle de la villa romaine de Pully","publisher":{"@id":"https:\/\/archeolab.app\/villa\/#organization"},"potentialAction":[{"@type":"SearchAction","target":{"@type":"EntryPoint","urlTemplate":"https:\/\/archeolab.app\/villa\/?s={search_term_string}"},"query-input":{"@type":"PropertyValueSpecification","valueRequired":true,"valueName":"search_term_string"}}],"inLanguage":"fr-FR"},{"@type":"Organization","@id":"https:\/\/archeolab.app\/villa\/#organization","name":"Arch\u00e9olab","url":"https:\/\/archeolab.app\/villa\/","logo":{"@type":"ImageObject","inLanguage":"fr-FR","@id":"https:\/\/archeolab.app\/villa\/#\/schema\/logo\/image\/","url":"https:\/\/archeolab.app\/villa\/wp-content\/uploads\/sites\/2\/2020\/03\/LOGO_AL.app_small-02.png","contentUrl":"https:\/\/archeolab.app\/villa\/wp-content\/uploads\/sites\/2\/2020\/03\/LOGO_AL.app_small-02.png","width":527,"height":523,"caption":"Arch\u00e9olab"},"image":{"@id":"https:\/\/archeolab.app\/villa\/#\/schema\/logo\/image\/"}}]}},"_links":{"self":[{"href":"https:\/\/archeolab.app\/villa\/wp-json\/wp\/v2\/pages\/138","targetHints":{"allow":["GET"]}}],"collection":[{"href":"https:\/\/archeolab.app\/villa\/wp-json\/wp\/v2\/pages"}],"about":[{"href":"https:\/\/archeolab.app\/villa\/wp-json\/wp\/v2\/types\/page"}],"author":[{"embeddable":true,"href":"https:\/\/archeolab.app\/villa\/wp-json\/wp\/v2\/users\/1"}],"replies":[{"embeddable":true,"href":"https:\/\/archeolab.app\/villa\/wp-json\/wp\/v2\/comments?post=138"}],"version-history":[{"count":3,"href":"https:\/\/archeolab.app\/villa\/wp-json\/wp\/v2\/pages\/138\/revisions"}],"predecessor-version":[{"id":2311,"href":"https:\/\/archeolab.app\/villa\/wp-json\/wp\/v2\/pages\/138\/revisions\/2311"}],"up":[{"embeddable":true,"href":"https:\/\/archeolab.app\/villa\/wp-json\/wp\/v2\/pages\/133"}],"wp:attachment":[{"href":"https:\/\/archeolab.app\/villa\/wp-json\/wp\/v2\/media?parent=138"}],"curies":[{"name":"wp","href":"https:\/\/api.w.org\/{rel}","templated":true}]}}