{"id":563,"date":"2020-07-07T08:21:05","date_gmt":"2020-07-07T06:21:05","guid":{"rendered":"https:\/\/archeolab.app\/histoires\/?page_id=563"},"modified":"2023-05-26T09:59:08","modified_gmt":"2023-05-26T07:59:08","slug":"credits","status":"publish","type":"page","link":"https:\/\/archeolab.app\/histoires\/credits\/","title":{"rendered":"Cr\u00e9dits"},"content":{"rendered":"\n<div class=\"wp-block-group\"><div class=\"wp-block-group__inner-container is-layout-flow wp-block-group-is-layout-flow\">\n<header class=\"entry-header\"><header class=\"entry-header\"><header class=\"entry-header\"><header class=\"entry-header\"><\/header><\/header><\/header><\/header>\n<h4>S\u016bra, femme du N\u00e9olithique<\/h4>\n<ul>\n<li><strong>Figure 1.1<\/strong><br \/>L\u2019arch\u00e9ologue Albert Naef sur la fouille du cimeti\u00e8re n\u00e9olithique de <br \/>Pully-Chamblandes en 1910.<br \/>Source : Rodolphe Archibald Reiss, photographie sur verre.<br \/>\u00a9Archives cantonales vaudoises, Chavannes-pr\u00e8s-Renens<\/li>\n<li><strong>Figure 1.2<\/strong><br \/>Hache \u00e0 talon pointu de type carnac\u00e9en et hache-marteau perfor\u00e9e en pierre polie du N\u00e9olithique moyen. Longueur de la hache : 19.4 cm. Vidy (Lausanne).<br \/>Source : GALLAY, A. (dir.), <em>Des Alpes au L\u00e9man. Images de la pr\u00e9histoire<\/em>, 2006, p. 115.<\/li>\n<li><strong>Figure 1.3<\/strong><br \/>Collier : perles en jayet, perles cylindriques et discoi\u0308des en calcaire. Ne\u0301olithique moyen, 4300-4000 av. J.-C. Longueur des perles discoi\u0308de : environ 10 mm. Chamblandes (Pully, VD).<br \/>Source : GALLAY, A. (dir.), <em>Des Alpes au L\u00e9man. Images de la pr\u00e9histoire<\/em>, 2006, p. 152.<\/li>\n<\/ul>\n<h4>Pollius, propri\u00e9taire de la villa romaine<\/h4>\n<ul>\n<li><strong>Figure 2.1<\/strong><br \/>Restitution de la villa romaine de Pully.<br \/>Source : Num\u00e9risation de Bernard Reymond, d\u2019apr\u00e8s un dessin de Pierre Andr\u00e9.<\/li>\n<li><strong>Figure 2.2<\/strong><br \/>Vue a\u00e9rienne de l\u2019h\u00e9micycle durant la fouille de la villa romaine.<br \/>Source : MAY CASTELLA, C. (dir.), <em>La villa romaine du Prieur\u00e9 \u00e0 Pully et ses peintures murales\u00a0: Fouilles de 1971-1976 et 2002-2004<\/em>, 2013, p. 21, fig. 8.<\/li>\n<li><strong>Figure 2.3<br \/><\/strong>Illustration de la villa romaine par Bernard Reymond.<br \/>Source : Bernard Reymond.<\/li>\n<li><strong>Figure 2.4<br \/><\/strong>D\u00e9tail de la fresque de l\u2019h\u00e9micycle : aurige vainqueur sur son char.<br \/>Source : <em>Les Romains en Suisse romande<\/em>, Calendrier de la loterie romande 1989. <br \/>\u00a9Loterie romande<\/li>\n<li><strong>Figure 2.5<br \/><\/strong>Reconstitution de l\u2019espace avec l\u2019h\u00e9micycle : en rouge, plan d\u2019ensemble de la villa au 2\u00e8me si\u00e8cle.<br \/>Source : REYMOND, S., BROILLET-RAMJOUE, E. (dir.), <em>La villa romaine et ses peintures murales<\/em>, 2001, p. 17, fig. 15.<\/li>\n<\/ul>\n<h4>Godomar, aristocrate burgonde install\u00e9 \u00e0 Pully<\/h4>\n<ul>\n<li><strong>Figure 3.1<\/strong><br \/>R\u00e9partition des d\u00e9couvertes arch\u00e9ologiques mises en lien avec l\u2019installation des Burgondes \u00e0 l\u2019int\u00e9rieur des limites de leurs royaumes.\u00a0<br \/>Source : STEINER L. et al., \u00abBurgondes (Lyon, Gen\u00e8ve)\u00bb, dans : <em style=\"font-size: inherit;\">Arch\u00e9oth\u00e9ma &#8211; Revue d\u2019histoire et d\u2019arch\u00e9ologie<\/em><span style=\"font-size: inherit;\"><span style=\"font-size: inherit;\">, n\u00b025, novembre-d\u00e9cembre 2012, p. 21.<\/span><\/span><\/li>\n<li><strong>Figure 3.2<\/strong><br \/>Plaque-boucle de ceinture en fer damasquin\u00e9e d\u2019argent et de bronze. 8e si\u00e8cle apr\u00e8s J.-C. Fouilles de la n\u00e9cropole des \u00ab D\u00e9sertes \u00bb, Pully, 1937.<br \/>Source : Arch\u00e9oLab.<\/li>\n<li><strong>Figure 3.3<\/strong><br \/>Cr\u00e2ne burgonde d\u00e9form\u00e9.<br \/>Source : <em>Arch\u00e9oth\u00e9ma &#8211; Revue d\u2019histoire et d\u2019arch\u00e9ologie<\/em>, n\u00b025, novembre-d\u00e9cembre 2012, p. 25.<\/li>\n<li><strong>Figure 3.4<\/strong><br \/>Audience chez un noble du Haut Moyen \u00c2ge.<br \/>Source : WINDLER, R., <em>SPM : La Suisse du pal\u00e9olithique \u00e0 l&rsquo;aube du Moyen-\u00c2ge : de l&rsquo;homme de N\u00e9andertal \u00e0 Charlemagne, Haut Moyen-\u00c2ge, <\/em>vol. 6, 2005, p. 62.<\/li>\n<\/ul>\n<h4>Edward, p\u00e8lerin anglais de passage \u00e0 Pully<\/h4>\n<ul>\n<li><strong>Figure 4.1<\/strong><br \/>Cath\u00e9drale de Cantorb\u00e9ry, lieu de d\u00e9part du p\u00e8lerinage, et Basilique Saint-Pierre, destination finale des p\u00e8lerins arriv\u00e9s \u00e0 Rome.<br \/>Source 1 : Wikip\u00e9dia, l&rsquo;encyclop\u00e9die libre, [en ligne], <em>Cath\u00e9drale de Canterbury<\/em>, URL\u00a0: <a href=\"https:\/\/fr.wikipedia.org\/wiki\/Cath%C3%A9drale_de_Canterbury\">https:\/\/fr.wikipedia.org\/wiki\/Cath\u00e9drale_de_Canterbury<\/a>. (consult\u00e9 le mars 10 mars 2020).<br \/>Source 2 : Academic, [en ligne], <em>Basilique Saint Pierre de Rome<\/em>, URL\u00a0: <a href=\"https:\/\/fracademic.com\/dic.nsf\/frwiki\/187086\">https:\/\/fracademic.com\/dic.nsf\/frwiki\/187086<\/a>. (consult\u00e9 le 14 avril 2020).<\/li>\n<li><strong>Figure 4.2<\/strong><br \/>Parcours de la\u00a0<em>via Francigena<\/em>\u00a0en Suisse.<br \/>Source : GR\u00c9GOIRE, J-Y., <em style=\"font-size: inherit;\">La Via Francigena, sur la trace des p\u00e8lerins de Canterbury \u00e0 Rome<\/em><span style=\"font-size: inherit;\">, 2010.<\/span><\/li>\n<li><strong>Figure 4.3<\/strong><br \/>Chemin du Grand-Saint-Bernard.<br \/>Source : GR\u00c9GOIRE, J-Y., <em>La Via Francigena, sur la trace des p\u00e8lerins de Canterbury \u00e0 Rome<\/em>, 2010, p. 76.<\/li>\n<\/ul>\n<h4>Ardorel, moine du prieur\u00e9 de Payerne s\u00e9journant \u00e0 Pully<\/h4>\n<ul>\n<li><strong>Figure 5.1<\/strong><br \/>Les b\u00e2timents du Prieur\u00e9, photographie a\u00e9rienne.<br \/>Source : Direction de l\u2019urbanisme et environnement, <em>Pully &#8211; les b\u00e2timents du Prieur\u00e9, rapport historique<\/em>, 2010.<\/li>\n<li><strong>Figure 5.2<\/strong><br \/>Cadastre de Pully datant de 1689, le plus ancien conserv\u00e9.<br \/>Source : MAY CASTELLA, C. (dir.), <em>La villa romaine du Prieur\u00e9 \u00e0 Pully et ses peintures murales\u00a0: Fouilles de 1971-1976 et 2002-2004, 2013, <\/em>p. 15, fig. 2.<\/li>\n<li><strong>Figure 5.3<\/strong><br \/>La culture de la vigne, psautier de Normandie, vers 1180.<br \/>Source : Biblioth\u00e8que royale La Haye. <br \/>\u00a9Keystone<\/li>\n<li><strong>Figure 5.4<\/strong><br \/>Restitution du pressoir \u00e0 levier. Les vestiges retrouv\u00e9s sont les \u00e9l\u00e9ments du bas.<br \/>Source : MAY CASTELLA, C. (dir.), <em>La villa romaine du Prieur\u00e9 \u00e0 Pully et ses peintures murales\u00a0: Fouilles de 1971-1976 et 2002-2004,<\/em> 2013, p. 354, fig. 416.<\/li>\n<\/ul>\n<h4>Pernon Cherbaz, la \u00ab sorci\u00e8re de Pully \u00bb<\/h4>\n<ul>\n<li><strong>Figure 6.1<\/strong><br \/>WATERHOUSE, J-W.,\u00a0<em>Le cercle magique<\/em>, huile sur toile, 1886, 183 x 127 cm, Tate Britain, Londres.<br \/>Source : Wikip\u00e9dia, l&rsquo;encyclop\u00e9die libre, [en ligne], <em>The Magic Circle<\/em>, URL :\u00a0<a href=\"https:\/\/commons.wikimedia.org\/wiki\/File:John_William_Waterhouse_-_Magic_Circle.JPG\">https:\/\/commons.wikimedia.org\/wiki\/File:John_William_Waterhouse_-_Magic_Circle.JPG<\/a>. (consult\u00e9 le mars 10 mars 2020).<\/li>\n<li><strong>Figure 6.2<\/strong><br \/>Repr\u00e9sentation moderne (19e s.) de la torture et de la recherche de la marque du diable. Gravure sur bois d\u2019apr\u00e8s un dessin de Ferdinand Piloty (1828-95).<br \/>Source : OSTORERO, M., <em>La chasse aux sorci\u00e8res dans le Pays de Vaud<\/em>, 2011, fig. 35.<\/li>\n<li><strong>Figure 6.3<\/strong><br \/>Satan baptise un nouveau sorcier. GUAZZO, F. M., <em style=\"font-size: inherit;\">Compendium maleficarum<\/em><span style=\"font-size: inherit;\">, Milan, 1608. <\/span><br \/>Source : <span style=\"font-size: inherit;\">OSTORERO, M., <\/span><em style=\"font-size: inherit;\">La chasse aux sorci\u00e8res dans le Pays de Vaud<\/em><span style=\"font-size: inherit;\"><span style=\"font-size: inherit;\">, 2011, fig. 14.<\/span><\/span><\/li>\n<li><strong>Figure 6.4<\/strong><br \/><span style=\"color: #000000;\">Ex\u00e9cution de sorci\u00e8res au b\u00fbcher.<\/span><br \/><span style=\"color: #000000;\">Source : OSTORERO, M., <em>La chasse aux sorci\u00e8res dans le Pays de Vaud<\/em>, 2011, fig. 1.<\/span><\/li>\n<\/ul>\n<h4>Samson Reymondin, r\u00e9volutionnaire pulli\u00e9ran<\/h4>\n<ul>\n<li><strong>Figure 7.1<\/strong><br \/>BOLOMEY B-S.,\u00a0<em>Reymondin<\/em>, 1803, dessin sur papier, 11 x 10 cm.<br \/>Source : \u00a9Collections du Mus\u00e9e historique de Lausanne (d\u00e9p\u00f4t Mus\u00e9e de l\u2019Elys\u00e9e)<\/li>\n<li><strong>Enregistrement audio<\/strong><br \/>Samson Reymondin \u2013\u00a0<i>Adresse du pays de Vaud par l\u2019un de leurs concitoy<\/i><em>ens.<br \/><\/em>Voix : Marc Duret, Arch\u00e9oLab.<\/li>\n<li><strong>Figure 7.2<\/strong><br \/>Textes r\u00e9volutionnaires vaudois.<br \/>Source : Chessex, P., et al., <em>La Suisse &amp; [et] la R\u00e9volution fran\u00e7aise : images, caricatures, pamphlets<\/em>, 1989, p. 41.<\/li>\n<li><strong>Figure 7.3<\/strong><br \/>Caricature repr\u00e9sentant la R\u00e9volution vaudoise personnifi\u00e9e par la femme au centre qui repousse l\u2019ours bernois hors du Pays de Vaud.<br \/>Source : Balthasar Anton Dunker, <em>La Chasse des Ours, Manqu\u00e9e<\/em>, 1790-1803, Mus\u00e9e historique de Lausanne. Dans : Chessex, P., et al., <em>La Suisse &amp; [et] la R\u00e9volution fran\u00e7aise : images, caricatures, pamphlets<\/em>, 1989, p. 92.<\/li>\n<\/ul>\n<h4>Louis Dominique, soldat pulli\u00e9ran<\/h4>\n<ul>\n<li><strong>Figure 8.1<\/strong><br \/>Drapeau de la R\u00e9publique helv\u00e9tique.<br \/>Source : Wikip\u00e9dia, l&rsquo;encyclop\u00e9die libre, [en ligne], <em>R\u00e9publique helv\u00e9tique<\/em>, URL\u00a0: <a href=\"https:\/\/fr.wikipedia.org\/wiki\/R%C3%A9publique_helv%C3%A9tique\">https:\/\/fr.wikipedia.org\/wiki\/R\u00e9publique_helv\u00e9tique<\/a>. (consult\u00e9 le 3 mars 2020).<\/li>\n<li><strong>Figure 8.2<\/strong><br \/>Fusilier de la 3<sup>e<\/sup>\u00a0demi-brigade helv\u00e9tique.<br \/>Source : TORNARE, A-J.,\u00a0<em>Les Vaudois de Napol\u00e9on : des pyramides \u00e0 Waterloo : 1798-1815<\/em>, 2003, p. 38.<\/li>\n<li><strong>Figure 8.3<\/strong><br \/>Cadastre de Pully datant de 1689, le plus ancien conserv\u00e9.\u00a0<br \/>Source : MAY CASTELLA, C. (dir.), <em>La villa romaine du Prieur\u00e9 \u00e0 Pully et ses peintures murales\u00a0: Fouilles de 1971-1976 et 2002-2004, <\/em>2013, p. 15, fig. 2.<\/li>\n<li><strong>Figure 8.4<\/strong><br \/>Louis Joyeux,\u00a0<em>Village de Pully<\/em>, gravure, vers 1800.<br \/>Source : Mus\u00e9e d&rsquo;art de Pully.<\/li>\n<\/ul>\n<h4>C. F. Ramuz, \u00e9crivain<\/h4>\n<ul>\n<li><strong>Enregistrement audio<br \/><\/strong>Charles Ferdinand Ramuz &#8211;\u00a0<em>Pully 1940<\/em><br \/>Source : La voix de C. F. Ramuz, \u00e9ditions Paroles, sous le patronage de la Fondation Ramuz, Lausanne, 1972.<\/li>\n<li><strong>Figure 9.1<\/strong><br \/>La<em> Muette<\/em>, maison de C.F. Ramuz de 1930 \u00e0 1947.<br \/>Source : NICOLLIER, M., \u00ab Pully fait fi de la controverse: c&rsquo;est oui au mus\u00e9e <br \/>Ramuz \u00bb, dans : <em>Tribune de Gen\u00e8ve<\/em>, 22 juin 2017, URL : <a href=\"https:\/\/www.tdg.ch\/culture\/pully-fi-controverse-c-oui-musee-ramuz\/story\/12980381\">https:\/\/www.tdg.ch\/culture\/pully-fi-controverse-c-oui-musee-ramuz\/story\/12980381<\/a> (consult\u00e9 le 7 avril 2020). <br \/>\u00a9Gerald Bosshard &#8211; A.<\/li>\n<li><strong>Figure 9.2<\/strong><br \/>Portrait de Charles Ferdinand Ramuz devant La Muette.<br \/>Source : \u00a9Fondation Charles Ferdinand RAMUZ<\/li>\n<li><strong>Figure 9.3<\/strong><br \/>Article sur Pully \u00e9crit par C.F. Ramuz dans le\u00a0<em>Journal de Pully<\/em>\u00a0du 26 septembre 1930.<br \/>Source : RAMUZ, C. F., \u00ab Vieux Pays \u00bb, dans : <em>Journal de Pully<\/em>, 26 septembre 1930.<\/li>\n<\/ul>\n<h4>Julien A. Perret, syndic de Pully<\/h4>\n<ul>\n<li><strong>Figure 10.1<\/strong><br \/>Julien A. Perret, syndic de Pully, lors de la r\u00e9ception annuelle pour les citoyens de 20 ans en d\u00e9cembre 1986. <br \/>Source : \u00a9Archives cantonales vaudoises (cote 3232)<\/li>\n<li><strong>Figure 10.2<\/strong><br \/>Vue a\u00e9rienne du quartier de la gare en 1980.<br \/>Source : \u00ab Voyage dans le temps &#8211; images a\u00e9riennes \u00bb, [en ligne], <em>Office f\u00e9d\u00e9ral de la topographie swisstopo<\/em>, URL\u00a0: <a href=\"https:\/\/www.swisstopo.admin.ch\/fr\/cartes-donnees-en-ligne\/cartes-geodonnees-en-ligne\/voyage-dans-le-temps-images.html\">https:\/\/www.swisstopo.admin.ch\/fr\/cartes-donnees-en-ligne\/cartes-geodonnees-en-ligne\/voyage-dans-le-temps-images.html<\/a>. (consult\u00e9 le 7 avril 2020).<\/li>\n<li><strong>Figure 10.3<\/strong><br \/>Vue a\u00e9rienne du quartier de la gare en 1992.<br \/>Source : \u00ab Voyage dans le temps &#8211; images a\u00e9riennes \u00bb, [en ligne], <em>Office f\u00e9d\u00e9ral de la topographie swisstopo<\/em>, URL\u00a0: <a href=\"https:\/\/www.swisstopo.admin.ch\/fr\/cartes-donnees-en-ligne\/cartes-geodonnees-en-ligne\/voyage-dans-le-temps-images.html\">https:\/\/www.swisstopo.admin.ch\/fr\/cartes-donnees-en-ligne\/cartes-geodonnees-en-ligne\/voyage-dans-le-temps-images.html<\/a>. (consult\u00e9 le 7 avril 2020).<\/li>\n<li><strong>Figure 10.4<\/strong><br \/>Blason de la ville d\u2019Obernai en France.<br \/>Source : Wikip\u00e9dia, l&rsquo;encyclop\u00e9die libre, [en ligne], <em>Obernai<\/em>, URL\u00a0: <a href=\"https:\/\/fr.wikipedia.org\/wiki\/Obernai\">https:\/\/fr.wikipedia.org\/wiki\/Obernai<\/a>. (consult\u00e9 le 7 avril 2020).<\/li>\n<li><strong>Figure 10.5<\/strong><br \/>Le centre d\u2019Obernai, ville jumel\u00e9e \u00e0 Pully.<br \/>Source : Mon week-end en Alsace, [en ligne], <em>Visiter Obernai, ville de la Route des Vins d\u2019Alsace<\/em>, URL\u00a0: <a href=\"https:\/\/www.mon-week-end-en-alsace.com\/adresse\/obernai-route-vins-alsace\/\">https:\/\/www.mon-week-end-en-alsace.com\/adresse\/obernai-route-vins-alsace\/<\/a>. (consult\u00e9 le 7 avril 2020). \u00a9Mon week-end en Alsace.<\/li>\n<\/ul>\n<\/div><\/div>\n","protected":false},"excerpt":{"rendered":"<p>S\u016bra, femme du N\u00e9olithique Figure 1.1L\u2019arch\u00e9ologue Albert Naef sur la fouille du cimeti\u00e8re n\u00e9olithique de Pully-Chamblandes en 1910.Source : Rodolphe Archibald Reiss, photographie sur verre.\u00a9Archives cantonales vaudoises, Chavannes-pr\u00e8s-Renens Figure 1.2Hache &hellip; <a href=\"https:\/\/archeolab.app\/histoires\/credits\/\" class=\"more-link\">Continuer la lecture de <span class=\"screen-reader-text\">Cr\u00e9dits<\/span><\/a><\/p>\n","protected":false},"author":2,"featured_media":0,"parent":0,"menu_order":110,"comment_status":"closed","ping_status":"closed","template":"","meta":{"_acf_changed":false,"footnotes":""},"class_list":["post-563","page","type-page","status-publish","hentry"],"acf":[],"yoast_head":"<!-- This site is optimized with the Yoast SEO plugin v27.4 - https:\/\/yoast.com\/product\/yoast-seo-wordpress\/ -->\n<title>Cr\u00e9dits - Pully en histoires<\/title>\n<meta name=\"robots\" content=\"index, follow, max-snippet:-1, max-image-preview:large, max-video-preview:-1\" \/>\n<link rel=\"canonical\" href=\"https:\/\/archeolab.app\/histoires\/credits\/\" \/>\n<meta property=\"og:locale\" content=\"fr_FR\" \/>\n<meta property=\"og:type\" content=\"article\" \/>\n<meta property=\"og:title\" content=\"Cr\u00e9dits - Pully en histoires\" \/>\n<meta property=\"og:description\" content=\"S\u016bra, femme du N\u00e9olithique Figure 1.1L\u2019arch\u00e9ologue Albert Naef sur la fouille du cimeti\u00e8re n\u00e9olithique de Pully-Chamblandes en 1910.Source : Rodolphe Archibald Reiss, photographie sur verre.\u00a9Archives cantonales vaudoises, Chavannes-pr\u00e8s-Renens Figure 1.2Hache &hellip; Continuer la lecture de Cr\u00e9dits\" \/>\n<meta property=\"og:url\" content=\"https:\/\/archeolab.app\/histoires\/credits\/\" \/>\n<meta property=\"og:site_name\" content=\"Pully en histoires\" \/>\n<meta property=\"article:publisher\" content=\"https:\/\/www.facebook.com\/archeolabpully\/\" \/>\n<meta property=\"article:modified_time\" content=\"2023-05-26T07:59:08+00:00\" \/>\n<meta property=\"og:image\" content=\"https:\/\/archeolab.app\/histoires\/wp-content\/uploads\/sites\/4\/2020\/05\/CAD_1689_42_payerne_pressoir.jpg\" \/>\n\t<meta property=\"og:image:width\" content=\"753\" \/>\n\t<meta property=\"og:image:height\" content=\"591\" \/>\n\t<meta property=\"og:image:type\" content=\"image\/jpeg\" \/>\n<meta name=\"twitter:card\" content=\"summary_large_image\" \/>\n<meta name=\"twitter:label1\" content=\"Dur\u00e9e de lecture estim\u00e9e\" \/>\n\t<meta name=\"twitter:data1\" content=\"7 minutes\" \/>\n<script type=\"application\/ld+json\" class=\"yoast-schema-graph\">{\"@context\":\"https:\\\/\\\/schema.org\",\"@graph\":[{\"@type\":\"WebPage\",\"@id\":\"https:\\\/\\\/archeolab.app\\\/histoires\\\/credits\\\/\",\"url\":\"https:\\\/\\\/archeolab.app\\\/histoires\\\/credits\\\/\",\"name\":\"Cr\u00e9dits - Pully en histoires\",\"isPartOf\":{\"@id\":\"https:\\\/\\\/archeolab.app\\\/histoires\\\/#website\"},\"datePublished\":\"2020-07-07T06:21:05+00:00\",\"dateModified\":\"2023-05-26T07:59:08+00:00\",\"breadcrumb\":{\"@id\":\"https:\\\/\\\/archeolab.app\\\/histoires\\\/credits\\\/#breadcrumb\"},\"inLanguage\":\"fr-FR\",\"potentialAction\":[{\"@type\":\"ReadAction\",\"target\":[\"https:\\\/\\\/archeolab.app\\\/histoires\\\/credits\\\/\"]}]},{\"@type\":\"BreadcrumbList\",\"@id\":\"https:\\\/\\\/archeolab.app\\\/histoires\\\/credits\\\/#breadcrumb\",\"itemListElement\":[{\"@type\":\"ListItem\",\"position\":1,\"name\":\"Accueil\",\"item\":\"https:\\\/\\\/archeolab.app\\\/histoires\\\/\"},{\"@type\":\"ListItem\",\"position\":2,\"name\":\"Cr\u00e9dits\"}]},{\"@type\":\"WebSite\",\"@id\":\"https:\\\/\\\/archeolab.app\\\/histoires\\\/#website\",\"url\":\"https:\\\/\\\/archeolab.app\\\/histoires\\\/\",\"name\":\"Pully en histoires\",\"description\":\"Balade historique dans les rues de Pully\",\"publisher\":{\"@id\":\"https:\\\/\\\/archeolab.app\\\/histoires\\\/#organization\"},\"potentialAction\":[{\"@type\":\"SearchAction\",\"target\":{\"@type\":\"EntryPoint\",\"urlTemplate\":\"https:\\\/\\\/archeolab.app\\\/histoires\\\/?s={search_term_string}\"},\"query-input\":{\"@type\":\"PropertyValueSpecification\",\"valueRequired\":true,\"valueName\":\"search_term_string\"}}],\"inLanguage\":\"fr-FR\"},{\"@type\":\"Organization\",\"@id\":\"https:\\\/\\\/archeolab.app\\\/histoires\\\/#organization\",\"name\":\"Arch\u00e9oLab\",\"alternateName\":\"Mus\u00e9es de Pully\",\"url\":\"https:\\\/\\\/archeolab.app\\\/histoires\\\/\",\"logo\":{\"@type\":\"ImageObject\",\"inLanguage\":\"fr-FR\",\"@id\":\"https:\\\/\\\/archeolab.app\\\/histoires\\\/#\\\/schema\\\/logo\\\/image\\\/\",\"url\":\"https:\\\/\\\/archeolab.app\\\/histoires\\\/wp-content\\\/uploads\\\/sites\\\/4\\\/2020\\\/03\\\/cropped-LOGO_AL.png\",\"contentUrl\":\"https:\\\/\\\/archeolab.app\\\/histoires\\\/wp-content\\\/uploads\\\/sites\\\/4\\\/2020\\\/03\\\/cropped-LOGO_AL.png\",\"width\":512,\"height\":512,\"caption\":\"Arch\u00e9oLab\"},\"image\":{\"@id\":\"https:\\\/\\\/archeolab.app\\\/histoires\\\/#\\\/schema\\\/logo\\\/image\\\/\"},\"sameAs\":[\"https:\\\/\\\/www.facebook.com\\\/archeolabpully\\\/\",\"https:\\\/\\\/www.instagram.com\\\/archeolabpully\\\/\",\"https:\\\/\\\/www.youtube.com\\\/channel\\\/UCUpFtKmSa837az_bM1foKjQ?app=desktop\"]}]}<\/script>\n<!-- \/ Yoast SEO plugin. -->","yoast_head_json":{"title":"Cr\u00e9dits - Pully en histoires","robots":{"index":"index","follow":"follow","max-snippet":"max-snippet:-1","max-image-preview":"max-image-preview:large","max-video-preview":"max-video-preview:-1"},"canonical":"https:\/\/archeolab.app\/histoires\/credits\/","og_locale":"fr_FR","og_type":"article","og_title":"Cr\u00e9dits - Pully en histoires","og_description":"S\u016bra, femme du N\u00e9olithique Figure 1.1L\u2019arch\u00e9ologue Albert Naef sur la fouille du cimeti\u00e8re n\u00e9olithique de Pully-Chamblandes en 1910.Source : Rodolphe Archibald Reiss, photographie sur verre.\u00a9Archives cantonales vaudoises, Chavannes-pr\u00e8s-Renens Figure 1.2Hache &hellip; Continuer la lecture de Cr\u00e9dits","og_url":"https:\/\/archeolab.app\/histoires\/credits\/","og_site_name":"Pully en histoires","article_publisher":"https:\/\/www.facebook.com\/archeolabpully\/","article_modified_time":"2023-05-26T07:59:08+00:00","og_image":[{"width":753,"height":591,"url":"https:\/\/archeolab.app\/histoires\/wp-content\/uploads\/sites\/4\/2020\/05\/CAD_1689_42_payerne_pressoir.jpg","type":"image\/jpeg"}],"twitter_card":"summary_large_image","twitter_misc":{"Dur\u00e9e de lecture estim\u00e9e":"7 minutes"},"schema":{"@context":"https:\/\/schema.org","@graph":[{"@type":"WebPage","@id":"https:\/\/archeolab.app\/histoires\/credits\/","url":"https:\/\/archeolab.app\/histoires\/credits\/","name":"Cr\u00e9dits - Pully en histoires","isPartOf":{"@id":"https:\/\/archeolab.app\/histoires\/#website"},"datePublished":"2020-07-07T06:21:05+00:00","dateModified":"2023-05-26T07:59:08+00:00","breadcrumb":{"@id":"https:\/\/archeolab.app\/histoires\/credits\/#breadcrumb"},"inLanguage":"fr-FR","potentialAction":[{"@type":"ReadAction","target":["https:\/\/archeolab.app\/histoires\/credits\/"]}]},{"@type":"BreadcrumbList","@id":"https:\/\/archeolab.app\/histoires\/credits\/#breadcrumb","itemListElement":[{"@type":"ListItem","position":1,"name":"Accueil","item":"https:\/\/archeolab.app\/histoires\/"},{"@type":"ListItem","position":2,"name":"Cr\u00e9dits"}]},{"@type":"WebSite","@id":"https:\/\/archeolab.app\/histoires\/#website","url":"https:\/\/archeolab.app\/histoires\/","name":"Pully en histoires","description":"Balade historique dans les rues de Pully","publisher":{"@id":"https:\/\/archeolab.app\/histoires\/#organization"},"potentialAction":[{"@type":"SearchAction","target":{"@type":"EntryPoint","urlTemplate":"https:\/\/archeolab.app\/histoires\/?s={search_term_string}"},"query-input":{"@type":"PropertyValueSpecification","valueRequired":true,"valueName":"search_term_string"}}],"inLanguage":"fr-FR"},{"@type":"Organization","@id":"https:\/\/archeolab.app\/histoires\/#organization","name":"Arch\u00e9oLab","alternateName":"Mus\u00e9es de Pully","url":"https:\/\/archeolab.app\/histoires\/","logo":{"@type":"ImageObject","inLanguage":"fr-FR","@id":"https:\/\/archeolab.app\/histoires\/#\/schema\/logo\/image\/","url":"https:\/\/archeolab.app\/histoires\/wp-content\/uploads\/sites\/4\/2020\/03\/cropped-LOGO_AL.png","contentUrl":"https:\/\/archeolab.app\/histoires\/wp-content\/uploads\/sites\/4\/2020\/03\/cropped-LOGO_AL.png","width":512,"height":512,"caption":"Arch\u00e9oLab"},"image":{"@id":"https:\/\/archeolab.app\/histoires\/#\/schema\/logo\/image\/"},"sameAs":["https:\/\/www.facebook.com\/archeolabpully\/","https:\/\/www.instagram.com\/archeolabpully\/","https:\/\/www.youtube.com\/channel\/UCUpFtKmSa837az_bM1foKjQ?app=desktop"]}]}},"_links":{"self":[{"href":"https:\/\/archeolab.app\/histoires\/wp-json\/wp\/v2\/pages\/563","targetHints":{"allow":["GET"]}}],"collection":[{"href":"https:\/\/archeolab.app\/histoires\/wp-json\/wp\/v2\/pages"}],"about":[{"href":"https:\/\/archeolab.app\/histoires\/wp-json\/wp\/v2\/types\/page"}],"author":[{"embeddable":true,"href":"https:\/\/archeolab.app\/histoires\/wp-json\/wp\/v2\/users\/2"}],"replies":[{"embeddable":true,"href":"https:\/\/archeolab.app\/histoires\/wp-json\/wp\/v2\/comments?post=563"}],"version-history":[{"count":26,"href":"https:\/\/archeolab.app\/histoires\/wp-json\/wp\/v2\/pages\/563\/revisions"}],"predecessor-version":[{"id":850,"href":"https:\/\/archeolab.app\/histoires\/wp-json\/wp\/v2\/pages\/563\/revisions\/850"}],"wp:attachment":[{"href":"https:\/\/archeolab.app\/histoires\/wp-json\/wp\/v2\/media?parent=563"}],"curies":[{"name":"wp","href":"https:\/\/api.w.org\/{rel}","templated":true}]}}