{"id":656,"date":"2017-09-04T09:35:49","date_gmt":"2017-09-04T07:35:49","guid":{"rendered":"http:\/\/www.archeoweb.ch\/expo\/archeonimaux\/les-fables\/esope-la-cigale-et-la-fourmi\/"},"modified":"2020-03-30T14:10:12","modified_gmt":"2020-03-30T12:10:12","slug":"esope-la-cigale-et-la-fourmi","status":"publish","type":"page","link":"https:\/\/archeolab.app\/archeonimaux\/les-fables\/esope-la-cigale-et-la-fourmi\/","title":{"rendered":"Histoires de cigales et de fourmis"},"content":{"rendered":"<p style=\"text-align: justify;\"><strong>\u00c9sope, La cigale et les fourmis<\/strong><\/p>\n<p style=\"text-align: justify;\">C\u2019\u00e9tait l\u2019hiver\u00a0; le grain \u00e9tait mouill\u00e9 et les fourmis le faisaient s\u00e9cher. Une cigale qui avait faim leur demanda \u00e0 manger. \u00ab\u00a0Pourquoi, lui dirent-elles, n\u2019as-tu pas fait de provisions pendant l\u2019\u00e9t\u00e9\u00a0?<\/p>\n<p style=\"text-align: justify;\">&#8211; Je n\u2019\u00e9tais pas oisive, dit-elle, je chantais en artiste.<\/p>\n<p style=\"text-align: justify;\">&#8211; Ah l\u2019\u00e9t\u00e9, tu \u00e9tais musicienne repartirent les fourmis en riant\u00a0; en hiver fais-toi danseuse.\u00a0\u00bb<\/p>\n<p style=\"text-align: justify;\"><em>Il ne faut \u00eatre n\u00e9gligent en rien, sous peine de s\u2019exposer aux chagrins et aux p\u00e9rils.<\/em><\/p>\n<p style=\"text-align: justify;\"><strong>Ph\u00e8dre, La fourmi et la mouche<\/strong><\/p>\n<p style=\"text-align: justify;\">La Fourmi et la Mouche contestaient assez vivement de leur prix. La Mouche commenc\u0327a ainsi : \u00ab Peux-tu bien comparer ta position a\u0300 la mienne ? Dans les sacrifices, je gou\u0302te la premie\u0300re les entrailles des victimes ; je m\u2019arre\u0302te sur les autels, et je parcours tous les temples. Je me pose sur le front des rois, et, quand il me plai\u0302t, je cueille un baiser sur la bouche la plus chaste : je ne fais rien et je jouis de tout. Est-il dans ton existence quelque chose a\u0300 comparer, campagnarde ?<\/p>\n<p style=\"text-align: justify;\">&#8211; Sans doute, dit la Fourmi, il est glorieux de sie\u0301ger au banquet des dieux, mais comme convive, et non comme parasite. Tu habites les autels; mais, de\u0300s que l\u2019on t\u2019y aperc\u0327oit, on te chasse. Tu parles de rois, de baisers surpris aux dames : folle ! tu te vantes de ce que, par pudeur, tu devrais cacher. Tu ne fais rien ; aussi, venu le besoin, tu n\u2019as rien. Tandis que j\u2019amasse avec ardeur du grain pour mon hiver, je te vois, le long des murs, te nourrir de viles ordures. L\u2019e\u0301te\u0301, tu m\u2019e\u0301tourdis ; pourquoi te tais-tu donc l\u2019hiver ? Lorsque le froid te saisit et te tue, je rentre saine et sauve dans ma demeure, ou\u0300 est l\u2019abondance. En voila\u0300 assez, je crois, pour rabattre ton orgueil. \u00bb<\/p>\n<p style=\"text-align: justify;\"><em>Cette fable nous apprend a\u0300 connai\u0302tre deux caracte\u0300res diffe\u0301rents : l\u2019homme qui fait parade de faux avantages, et celui dont la vertu brille d\u2019un solide e\u0301clat.<\/em><\/p>\n<p style=\"text-align: justify;\"><strong>Jean de la Fontaine, La cigale et la fourmi<\/strong><\/p>\n<p style=\"text-align: justify;\">La cigale, ayant chant\u00e9 tout l\u2019\u00e9t\u00e9, se trouva fort d\u00e9pourvue quand la bise fut venue. Pas un seul petit morceau de mouche ou de vermisseau. Elle alla crier famine chez la fourmi sa voisine, la priant de lui pr\u00eater quelque grain pour subsister jusqu&rsquo;\u00e0 la saison nouvelle.<\/p>\n<p style=\"text-align: justify;\">\u00ab Je vous paierai, lui dit-elle, avant l\u2019ao\u00fbt, foi d\u2019animal, int\u00e9r\u00eat et principal \u00bb.<\/p>\n<p style=\"text-align: justify;\">La fourmi n&rsquo;est pas pr\u00eateuse ; c&rsquo;est l\u00e0 son moindre d\u00e9faut.<\/p>\n<p style=\"text-align: justify;\">\u00ab Que faisiez-vous au temps chaud ? \u00bb dit-elle \u00e0 cette emprunteuse.<\/p>\n<p style=\"text-align: justify;\">\u00ab\u00a0Nuit et jour \u00e0 tout venant je chantais, ne vous d\u00e9plaise\u00a0\u00bb.<\/p>\n<p style=\"text-align: justify;\">\u00ab Vous chantiez ? j\u2019en suis fort aise : et bien ! dansez maintenant \u00bb.<\/p>\n<p>\u21d2 <a href=\"https:\/\/www.archeolab.app\/archeonimaux\/les-fables\/le-chien\/\">Histoires de chiens<\/a><\/p>\n","protected":false},"excerpt":{"rendered":"<p>\u00c9sope, La cigale et les fourmis C\u2019\u00e9tait l\u2019hiver\u00a0; le grain \u00e9tait mouill\u00e9 et les fourmis le faisaient s\u00e9cher. Une cigale qui avait faim leur demanda \u00e0 manger. \u00ab\u00a0Pourquoi, lui dirent-elles, &hellip; <a href=\"https:\/\/archeolab.app\/archeonimaux\/les-fables\/esope-la-cigale-et-la-fourmi\/\" class=\"more-link\">Continuer la lecture de <span class=\"screen-reader-text\">Histoires de cigales et de fourmis<\/span><\/a><\/p>\n","protected":false},"author":1,"featured_media":0,"parent":652,"menu_order":4,"comment_status":"closed","ping_status":"closed","template":"","meta":{"_acf_changed":false,"footnotes":""},"class_list":["post-656","page","type-page","status-publish","hentry"],"acf":[],"yoast_head":"<!-- This site is optimized with the Yoast SEO plugin v27.5 - https:\/\/yoast.com\/product\/yoast-seo-wordpress\/ -->\n<title>Histoires de cigales et de fourmis - Arch\u00e9onimaux<\/title>\n<meta name=\"robots\" content=\"index, follow, max-snippet:-1, max-image-preview:large, max-video-preview:-1\" \/>\n<link rel=\"canonical\" href=\"https:\/\/archeolab.app\/archeonimaux\/les-fables\/esope-la-cigale-et-la-fourmi\/\" \/>\n<meta property=\"og:locale\" content=\"fr_FR\" \/>\n<meta property=\"og:type\" content=\"article\" \/>\n<meta property=\"og:title\" content=\"Histoires de cigales et de fourmis - Arch\u00e9onimaux\" \/>\n<meta property=\"og:description\" content=\"\u00c9sope, La cigale et les fourmis C\u2019\u00e9tait l\u2019hiver\u00a0; le grain \u00e9tait mouill\u00e9 et les fourmis le faisaient s\u00e9cher. Une cigale qui avait faim leur demanda \u00e0 manger. \u00ab\u00a0Pourquoi, lui dirent-elles, &hellip; Continuer la lecture de Histoires de cigales et de fourmis\" \/>\n<meta property=\"og:url\" content=\"https:\/\/archeolab.app\/archeonimaux\/les-fables\/esope-la-cigale-et-la-fourmi\/\" \/>\n<meta property=\"og:site_name\" content=\"Arch\u00e9onimaux\" \/>\n<meta property=\"article:modified_time\" content=\"2020-03-30T12:10:12+00:00\" \/>\n<meta name=\"twitter:card\" content=\"summary_large_image\" \/>\n<meta name=\"twitter:label1\" content=\"Dur\u00e9e de lecture estim\u00e9e\" \/>\n\t<meta name=\"twitter:data1\" content=\"2 minutes\" \/>\n<script type=\"application\/ld+json\" class=\"yoast-schema-graph\">{\"@context\":\"https:\\\/\\\/schema.org\",\"@graph\":[{\"@type\":\"WebPage\",\"@id\":\"https:\\\/\\\/archeolab.app\\\/archeonimaux\\\/les-fables\\\/esope-la-cigale-et-la-fourmi\\\/\",\"url\":\"https:\\\/\\\/archeolab.app\\\/archeonimaux\\\/les-fables\\\/esope-la-cigale-et-la-fourmi\\\/\",\"name\":\"Histoires de cigales et de fourmis - Arch\u00e9onimaux\",\"isPartOf\":{\"@id\":\"https:\\\/\\\/archeolab.app\\\/archeonimaux\\\/#website\"},\"datePublished\":\"2017-09-04T07:35:49+00:00\",\"dateModified\":\"2020-03-30T12:10:12+00:00\",\"breadcrumb\":{\"@id\":\"https:\\\/\\\/archeolab.app\\\/archeonimaux\\\/les-fables\\\/esope-la-cigale-et-la-fourmi\\\/#breadcrumb\"},\"inLanguage\":\"fr-FR\",\"potentialAction\":[{\"@type\":\"ReadAction\",\"target\":[\"https:\\\/\\\/archeolab.app\\\/archeonimaux\\\/les-fables\\\/esope-la-cigale-et-la-fourmi\\\/\"]}]},{\"@type\":\"BreadcrumbList\",\"@id\":\"https:\\\/\\\/archeolab.app\\\/archeonimaux\\\/les-fables\\\/esope-la-cigale-et-la-fourmi\\\/#breadcrumb\",\"itemListElement\":[{\"@type\":\"ListItem\",\"position\":1,\"name\":\"Accueil\",\"item\":\"https:\\\/\\\/archeolab.app\\\/archeonimaux\\\/\"},{\"@type\":\"ListItem\",\"position\":2,\"name\":\"Les fables\",\"item\":\"https:\\\/\\\/archeolab.app\\\/archeonimaux\\\/les-fables\\\/\"},{\"@type\":\"ListItem\",\"position\":3,\"name\":\"Histoires de cigales et de fourmis\"}]},{\"@type\":\"WebSite\",\"@id\":\"https:\\\/\\\/archeolab.app\\\/archeonimaux\\\/#website\",\"url\":\"https:\\\/\\\/archeolab.app\\\/archeonimaux\\\/\",\"name\":\"Arch\u00e9onimaux\",\"description\":\"Pour tout savoir sur nos amies les b\u00eates dans l&#039;Antiquit\u00e9\",\"potentialAction\":[{\"@type\":\"SearchAction\",\"target\":{\"@type\":\"EntryPoint\",\"urlTemplate\":\"https:\\\/\\\/archeolab.app\\\/archeonimaux\\\/?s={search_term_string}\"},\"query-input\":{\"@type\":\"PropertyValueSpecification\",\"valueRequired\":true,\"valueName\":\"search_term_string\"}}],\"inLanguage\":\"fr-FR\"}]}<\/script>\n<!-- \/ Yoast SEO plugin. -->","yoast_head_json":{"title":"Histoires de cigales et de fourmis - Arch\u00e9onimaux","robots":{"index":"index","follow":"follow","max-snippet":"max-snippet:-1","max-image-preview":"max-image-preview:large","max-video-preview":"max-video-preview:-1"},"canonical":"https:\/\/archeolab.app\/archeonimaux\/les-fables\/esope-la-cigale-et-la-fourmi\/","og_locale":"fr_FR","og_type":"article","og_title":"Histoires de cigales et de fourmis - Arch\u00e9onimaux","og_description":"\u00c9sope, La cigale et les fourmis C\u2019\u00e9tait l\u2019hiver\u00a0; le grain \u00e9tait mouill\u00e9 et les fourmis le faisaient s\u00e9cher. Une cigale qui avait faim leur demanda \u00e0 manger. \u00ab\u00a0Pourquoi, lui dirent-elles, &hellip; Continuer la lecture de Histoires de cigales et de fourmis","og_url":"https:\/\/archeolab.app\/archeonimaux\/les-fables\/esope-la-cigale-et-la-fourmi\/","og_site_name":"Arch\u00e9onimaux","article_modified_time":"2020-03-30T12:10:12+00:00","twitter_card":"summary_large_image","twitter_misc":{"Dur\u00e9e de lecture estim\u00e9e":"2 minutes"},"schema":{"@context":"https:\/\/schema.org","@graph":[{"@type":"WebPage","@id":"https:\/\/archeolab.app\/archeonimaux\/les-fables\/esope-la-cigale-et-la-fourmi\/","url":"https:\/\/archeolab.app\/archeonimaux\/les-fables\/esope-la-cigale-et-la-fourmi\/","name":"Histoires de cigales et de fourmis - Arch\u00e9onimaux","isPartOf":{"@id":"https:\/\/archeolab.app\/archeonimaux\/#website"},"datePublished":"2017-09-04T07:35:49+00:00","dateModified":"2020-03-30T12:10:12+00:00","breadcrumb":{"@id":"https:\/\/archeolab.app\/archeonimaux\/les-fables\/esope-la-cigale-et-la-fourmi\/#breadcrumb"},"inLanguage":"fr-FR","potentialAction":[{"@type":"ReadAction","target":["https:\/\/archeolab.app\/archeonimaux\/les-fables\/esope-la-cigale-et-la-fourmi\/"]}]},{"@type":"BreadcrumbList","@id":"https:\/\/archeolab.app\/archeonimaux\/les-fables\/esope-la-cigale-et-la-fourmi\/#breadcrumb","itemListElement":[{"@type":"ListItem","position":1,"name":"Accueil","item":"https:\/\/archeolab.app\/archeonimaux\/"},{"@type":"ListItem","position":2,"name":"Les fables","item":"https:\/\/archeolab.app\/archeonimaux\/les-fables\/"},{"@type":"ListItem","position":3,"name":"Histoires de cigales et de fourmis"}]},{"@type":"WebSite","@id":"https:\/\/archeolab.app\/archeonimaux\/#website","url":"https:\/\/archeolab.app\/archeonimaux\/","name":"Arch\u00e9onimaux","description":"Pour tout savoir sur nos amies les b\u00eates dans l&#039;Antiquit\u00e9","potentialAction":[{"@type":"SearchAction","target":{"@type":"EntryPoint","urlTemplate":"https:\/\/archeolab.app\/archeonimaux\/?s={search_term_string}"},"query-input":{"@type":"PropertyValueSpecification","valueRequired":true,"valueName":"search_term_string"}}],"inLanguage":"fr-FR"}]}},"_links":{"self":[{"href":"https:\/\/archeolab.app\/archeonimaux\/wp-json\/wp\/v2\/pages\/656","targetHints":{"allow":["GET"]}}],"collection":[{"href":"https:\/\/archeolab.app\/archeonimaux\/wp-json\/wp\/v2\/pages"}],"about":[{"href":"https:\/\/archeolab.app\/archeonimaux\/wp-json\/wp\/v2\/types\/page"}],"author":[{"embeddable":true,"href":"https:\/\/archeolab.app\/archeonimaux\/wp-json\/wp\/v2\/users\/1"}],"replies":[{"embeddable":true,"href":"https:\/\/archeolab.app\/archeonimaux\/wp-json\/wp\/v2\/comments?post=656"}],"version-history":[{"count":6,"href":"https:\/\/archeolab.app\/archeonimaux\/wp-json\/wp\/v2\/pages\/656\/revisions"}],"predecessor-version":[{"id":1647,"href":"https:\/\/archeolab.app\/archeonimaux\/wp-json\/wp\/v2\/pages\/656\/revisions\/1647"}],"up":[{"embeddable":true,"href":"https:\/\/archeolab.app\/archeonimaux\/wp-json\/wp\/v2\/pages\/652"}],"wp:attachment":[{"href":"https:\/\/archeolab.app\/archeonimaux\/wp-json\/wp\/v2\/media?parent=656"}],"curies":[{"name":"wp","href":"https:\/\/api.w.org\/{rel}","templated":true}]}}