{"id":651,"date":"2017-09-04T09:35:49","date_gmt":"2017-09-04T07:35:49","guid":{"rendered":"http:\/\/www.archeoweb.ch\/expo\/archeonimaux\/portraits-danimaux\/les-insectes\/labeille\/"},"modified":"2020-03-26T14:38:23","modified_gmt":"2020-03-26T13:38:23","slug":"labeille","status":"publish","type":"page","link":"https:\/\/archeolab.app\/archeonimaux\/portraits-danimaux\/labeille\/","title":{"rendered":"L\u2019abeille"},"content":{"rendered":"<p style=\"text-align: justify;\"><strong>Omnipr\u00e9sente dans la vie quotidienne des Grecs, l\u2019abeille entretenait aussi avec le monde des dieux des relations extr\u00eamement \u00e9troites.<\/strong><\/p>\n<p style=\"text-align: justify;\">Si la cigale est l\u2019incarnation de la musicienne insouciante, l\u2019abeille est pour les Anciens celle de l\u2019organisation, du travail, du talent et de la puret\u00e9\u00a0! Organis\u00e9e et travailleuse, elle l\u2019est puisqu\u2019elle produit le miel, au terme d\u2019un travail qui restait, aux yeux des Grecs, assez myst\u00e9rieux. Partageuse, elle acceptait en plus de donner son pr\u00e9cieux tr\u00e9sor aux hommes. C\u2019est un insecte parfait\u2026<\/p>\n<figure id=\"attachment_1125\" aria-describedby=\"caption-attachment-1125\" style=\"width: 440px\" class=\"wp-caption aligncenter\"><img loading=\"lazy\" decoding=\"async\" class=\"wp-image-1125 \" src=\"https:\/\/www.archeolab.app\/archeonimaux\/wp-content\/uploads\/sites\/3\/2018\/01\/fig.13-mod.jpg\" alt=\"\" width=\"440\" height=\"397\" \/><figcaption id=\"caption-attachment-1125\" class=\"wp-caption-text\">Abeille au revers d\u2019un t\u00e9tradrachme d\u2019argent d\u2019\u00c9ph\u00e8se (Asie Mineure), d\u00e9but du IV<sup>e<\/sup> si\u00e8cle avant J.-C.<\/figcaption><\/figure>\n<p style=\"text-align: justify;\">Ce miel dor\u00e9 \u00e9tait consid\u00e9r\u00e9 aussi comme l\u2019aliment dont \u00e9taient nourris les dieux, lors de leur prime enfance. Devenus adultes,\u00a0 ils continuaient \u00e0 l\u2019accepter en offrande, dans les sacrifices non sanglants, et \u00e0 en boire, \u2013 sous forme de nectar et d\u2019ambroisie \u2013, lors des banquets qu\u2019ils tenaient sur l\u2019Olympe.<\/p>\n<p style=\"text-align: justify;\">Excellent pour l\u2019inspiration des po\u00e8tes et des devins, le miel, source de glucides extr\u00eamement importante dans le r\u00e9gime grec, \u00e9tait consid\u00e9r\u00e9 comme une substance d\u2019immortalit\u00e9\u00a0!<\/p>\n<p>\u21d2 <a href=\"https:\/\/www.archeolab.app\/archeonimaux\/les-fables\/\">Les fables<\/a><\/p>\n","protected":false},"excerpt":{"rendered":"<p>Omnipr\u00e9sente dans la vie quotidienne des Grecs, l\u2019abeille entretenait aussi avec le monde des dieux des relations extr\u00eamement \u00e9troites. Si la cigale est l\u2019incarnation de la musicienne insouciante, l\u2019abeille est &hellip; <a href=\"https:\/\/archeolab.app\/archeonimaux\/portraits-danimaux\/labeille\/\" class=\"more-link\">Continuer la lecture de <span class=\"screen-reader-text\">L\u2019abeille<\/span><\/a><\/p>\n","protected":false},"author":1,"featured_media":0,"parent":636,"menu_order":7,"comment_status":"closed","ping_status":"closed","template":"","meta":{"_acf_changed":false,"footnotes":""},"class_list":["post-651","page","type-page","status-publish","hentry"],"acf":[],"yoast_head":"<!-- This site is optimized with the Yoast SEO plugin v27.5 - https:\/\/yoast.com\/product\/yoast-seo-wordpress\/ -->\n<title>L\u2019abeille - Arch\u00e9onimaux<\/title>\n<meta name=\"robots\" content=\"index, follow, max-snippet:-1, max-image-preview:large, max-video-preview:-1\" \/>\n<link rel=\"canonical\" href=\"https:\/\/archeolab.app\/archeonimaux\/portraits-danimaux\/labeille\/\" \/>\n<meta property=\"og:locale\" content=\"fr_FR\" \/>\n<meta property=\"og:type\" content=\"article\" \/>\n<meta property=\"og:title\" content=\"L\u2019abeille - Arch\u00e9onimaux\" \/>\n<meta property=\"og:description\" content=\"Omnipr\u00e9sente dans la vie quotidienne des Grecs, l\u2019abeille entretenait aussi avec le monde des dieux des relations extr\u00eamement \u00e9troites. Si la cigale est l\u2019incarnation de la musicienne insouciante, l\u2019abeille est &hellip; Continuer la lecture de L\u2019abeille\" \/>\n<meta property=\"og:url\" content=\"https:\/\/archeolab.app\/archeonimaux\/portraits-danimaux\/labeille\/\" \/>\n<meta property=\"og:site_name\" content=\"Arch\u00e9onimaux\" \/>\n<meta property=\"article:modified_time\" content=\"2020-03-26T13:38:23+00:00\" \/>\n<meta property=\"og:image\" content=\"https:\/\/www.archeolab.app\/archeonimaux\/wp-content\/uploads\/sites\/3\/2018\/01\/fig.13-mod.jpg\" \/>\n<meta name=\"twitter:card\" content=\"summary_large_image\" \/>\n<meta name=\"twitter:label1\" content=\"Dur\u00e9e de lecture estim\u00e9e\" \/>\n\t<meta name=\"twitter:data1\" content=\"1 minute\" \/>\n<script type=\"application\/ld+json\" class=\"yoast-schema-graph\">{\"@context\":\"https:\\\/\\\/schema.org\",\"@graph\":[{\"@type\":\"WebPage\",\"@id\":\"https:\\\/\\\/archeolab.app\\\/archeonimaux\\\/portraits-danimaux\\\/labeille\\\/\",\"url\":\"https:\\\/\\\/archeolab.app\\\/archeonimaux\\\/portraits-danimaux\\\/labeille\\\/\",\"name\":\"L\u2019abeille - Arch\u00e9onimaux\",\"isPartOf\":{\"@id\":\"https:\\\/\\\/archeolab.app\\\/archeonimaux\\\/#website\"},\"primaryImageOfPage\":{\"@id\":\"https:\\\/\\\/archeolab.app\\\/archeonimaux\\\/portraits-danimaux\\\/labeille\\\/#primaryimage\"},\"image\":{\"@id\":\"https:\\\/\\\/archeolab.app\\\/archeonimaux\\\/portraits-danimaux\\\/labeille\\\/#primaryimage\"},\"thumbnailUrl\":\"https:\\\/\\\/www.archeolab.app\\\/archeonimaux\\\/wp-content\\\/uploads\\\/sites\\\/3\\\/2018\\\/01\\\/fig.13-mod.jpg\",\"datePublished\":\"2017-09-04T07:35:49+00:00\",\"dateModified\":\"2020-03-26T13:38:23+00:00\",\"breadcrumb\":{\"@id\":\"https:\\\/\\\/archeolab.app\\\/archeonimaux\\\/portraits-danimaux\\\/labeille\\\/#breadcrumb\"},\"inLanguage\":\"fr-FR\",\"potentialAction\":[{\"@type\":\"ReadAction\",\"target\":[\"https:\\\/\\\/archeolab.app\\\/archeonimaux\\\/portraits-danimaux\\\/labeille\\\/\"]}]},{\"@type\":\"ImageObject\",\"inLanguage\":\"fr-FR\",\"@id\":\"https:\\\/\\\/archeolab.app\\\/archeonimaux\\\/portraits-danimaux\\\/labeille\\\/#primaryimage\",\"url\":\"https:\\\/\\\/www.archeolab.app\\\/archeonimaux\\\/wp-content\\\/uploads\\\/sites\\\/3\\\/2018\\\/01\\\/fig.13-mod.jpg\",\"contentUrl\":\"https:\\\/\\\/www.archeolab.app\\\/archeonimaux\\\/wp-content\\\/uploads\\\/sites\\\/3\\\/2018\\\/01\\\/fig.13-mod.jpg\"},{\"@type\":\"BreadcrumbList\",\"@id\":\"https:\\\/\\\/archeolab.app\\\/archeonimaux\\\/portraits-danimaux\\\/labeille\\\/#breadcrumb\",\"itemListElement\":[{\"@type\":\"ListItem\",\"position\":1,\"name\":\"Accueil\",\"item\":\"https:\\\/\\\/archeolab.app\\\/archeonimaux\\\/\"},{\"@type\":\"ListItem\",\"position\":2,\"name\":\"Portraits d\u2019animaux\",\"item\":\"https:\\\/\\\/archeolab.app\\\/archeonimaux\\\/portraits-danimaux\\\/\"},{\"@type\":\"ListItem\",\"position\":3,\"name\":\"L\u2019abeille\"}]},{\"@type\":\"WebSite\",\"@id\":\"https:\\\/\\\/archeolab.app\\\/archeonimaux\\\/#website\",\"url\":\"https:\\\/\\\/archeolab.app\\\/archeonimaux\\\/\",\"name\":\"Arch\u00e9onimaux\",\"description\":\"Pour tout savoir sur nos amies les b\u00eates dans l&#039;Antiquit\u00e9\",\"potentialAction\":[{\"@type\":\"SearchAction\",\"target\":{\"@type\":\"EntryPoint\",\"urlTemplate\":\"https:\\\/\\\/archeolab.app\\\/archeonimaux\\\/?s={search_term_string}\"},\"query-input\":{\"@type\":\"PropertyValueSpecification\",\"valueRequired\":true,\"valueName\":\"search_term_string\"}}],\"inLanguage\":\"fr-FR\"}]}<\/script>\n<!-- \/ Yoast SEO plugin. -->","yoast_head_json":{"title":"L\u2019abeille - Arch\u00e9onimaux","robots":{"index":"index","follow":"follow","max-snippet":"max-snippet:-1","max-image-preview":"max-image-preview:large","max-video-preview":"max-video-preview:-1"},"canonical":"https:\/\/archeolab.app\/archeonimaux\/portraits-danimaux\/labeille\/","og_locale":"fr_FR","og_type":"article","og_title":"L\u2019abeille - Arch\u00e9onimaux","og_description":"Omnipr\u00e9sente dans la vie quotidienne des Grecs, l\u2019abeille entretenait aussi avec le monde des dieux des relations extr\u00eamement \u00e9troites. Si la cigale est l\u2019incarnation de la musicienne insouciante, l\u2019abeille est &hellip; Continuer la lecture de L\u2019abeille","og_url":"https:\/\/archeolab.app\/archeonimaux\/portraits-danimaux\/labeille\/","og_site_name":"Arch\u00e9onimaux","article_modified_time":"2020-03-26T13:38:23+00:00","og_image":[{"url":"https:\/\/www.archeolab.app\/archeonimaux\/wp-content\/uploads\/sites\/3\/2018\/01\/fig.13-mod.jpg","type":"","width":"","height":""}],"twitter_card":"summary_large_image","twitter_misc":{"Dur\u00e9e de lecture estim\u00e9e":"1 minute"},"schema":{"@context":"https:\/\/schema.org","@graph":[{"@type":"WebPage","@id":"https:\/\/archeolab.app\/archeonimaux\/portraits-danimaux\/labeille\/","url":"https:\/\/archeolab.app\/archeonimaux\/portraits-danimaux\/labeille\/","name":"L\u2019abeille - Arch\u00e9onimaux","isPartOf":{"@id":"https:\/\/archeolab.app\/archeonimaux\/#website"},"primaryImageOfPage":{"@id":"https:\/\/archeolab.app\/archeonimaux\/portraits-danimaux\/labeille\/#primaryimage"},"image":{"@id":"https:\/\/archeolab.app\/archeonimaux\/portraits-danimaux\/labeille\/#primaryimage"},"thumbnailUrl":"https:\/\/www.archeolab.app\/archeonimaux\/wp-content\/uploads\/sites\/3\/2018\/01\/fig.13-mod.jpg","datePublished":"2017-09-04T07:35:49+00:00","dateModified":"2020-03-26T13:38:23+00:00","breadcrumb":{"@id":"https:\/\/archeolab.app\/archeonimaux\/portraits-danimaux\/labeille\/#breadcrumb"},"inLanguage":"fr-FR","potentialAction":[{"@type":"ReadAction","target":["https:\/\/archeolab.app\/archeonimaux\/portraits-danimaux\/labeille\/"]}]},{"@type":"ImageObject","inLanguage":"fr-FR","@id":"https:\/\/archeolab.app\/archeonimaux\/portraits-danimaux\/labeille\/#primaryimage","url":"https:\/\/www.archeolab.app\/archeonimaux\/wp-content\/uploads\/sites\/3\/2018\/01\/fig.13-mod.jpg","contentUrl":"https:\/\/www.archeolab.app\/archeonimaux\/wp-content\/uploads\/sites\/3\/2018\/01\/fig.13-mod.jpg"},{"@type":"BreadcrumbList","@id":"https:\/\/archeolab.app\/archeonimaux\/portraits-danimaux\/labeille\/#breadcrumb","itemListElement":[{"@type":"ListItem","position":1,"name":"Accueil","item":"https:\/\/archeolab.app\/archeonimaux\/"},{"@type":"ListItem","position":2,"name":"Portraits d\u2019animaux","item":"https:\/\/archeolab.app\/archeonimaux\/portraits-danimaux\/"},{"@type":"ListItem","position":3,"name":"L\u2019abeille"}]},{"@type":"WebSite","@id":"https:\/\/archeolab.app\/archeonimaux\/#website","url":"https:\/\/archeolab.app\/archeonimaux\/","name":"Arch\u00e9onimaux","description":"Pour tout savoir sur nos amies les b\u00eates dans l&#039;Antiquit\u00e9","potentialAction":[{"@type":"SearchAction","target":{"@type":"EntryPoint","urlTemplate":"https:\/\/archeolab.app\/archeonimaux\/?s={search_term_string}"},"query-input":{"@type":"PropertyValueSpecification","valueRequired":true,"valueName":"search_term_string"}}],"inLanguage":"fr-FR"}]}},"_links":{"self":[{"href":"https:\/\/archeolab.app\/archeonimaux\/wp-json\/wp\/v2\/pages\/651","targetHints":{"allow":["GET"]}}],"collection":[{"href":"https:\/\/archeolab.app\/archeonimaux\/wp-json\/wp\/v2\/pages"}],"about":[{"href":"https:\/\/archeolab.app\/archeonimaux\/wp-json\/wp\/v2\/types\/page"}],"author":[{"embeddable":true,"href":"https:\/\/archeolab.app\/archeonimaux\/wp-json\/wp\/v2\/users\/1"}],"replies":[{"embeddable":true,"href":"https:\/\/archeolab.app\/archeonimaux\/wp-json\/wp\/v2\/comments?post=651"}],"version-history":[{"count":1,"href":"https:\/\/archeolab.app\/archeonimaux\/wp-json\/wp\/v2\/pages\/651\/revisions"}],"predecessor-version":[{"id":1584,"href":"https:\/\/archeolab.app\/archeonimaux\/wp-json\/wp\/v2\/pages\/651\/revisions\/1584"}],"up":[{"embeddable":true,"href":"https:\/\/archeolab.app\/archeonimaux\/wp-json\/wp\/v2\/pages\/636"}],"wp:attachment":[{"href":"https:\/\/archeolab.app\/archeonimaux\/wp-json\/wp\/v2\/media?parent=651"}],"curies":[{"name":"wp","href":"https:\/\/api.w.org\/{rel}","templated":true}]}}