{"id":650,"date":"2017-09-04T09:35:49","date_gmt":"2017-09-04T07:35:49","guid":{"rendered":"http:\/\/www.archeoweb.ch\/expo\/archeonimaux\/portraits-danimaux\/les-insectes\/la-mouche\/"},"modified":"2020-03-26T14:38:09","modified_gmt":"2020-03-26T13:38:09","slug":"la-mouche","status":"publish","type":"page","link":"https:\/\/archeolab.app\/archeonimaux\/portraits-danimaux\/la-mouche\/","title":{"rendered":"La mouche"},"content":{"rendered":"<p style=\"text-align: justify;\"><strong>En Gr\u00e8ce, en p\u00e9riode de fortes chaleurs, les mouches pouvaient constituer une v\u00e9ritable plaie pour les participants aux sacrifices ou aux rassemblements athl\u00e9tiques.<\/strong><\/p>\n<p style=\"text-align: justify;\">Pour r\u00e9duire cet inconv\u00e9nient, les Grecs sacrifiaient \u00e0 la divinit\u00e9 locale, \u2013 en sacrifice pr\u00e9liminaire, avant l\u2019ouverture des c\u00e9r\u00e9monies proprement dites \u2013, un bovid\u00e9. Les mouches s\u2019agglutinaient sur l\u2019animal, lib\u00e9rant l\u2019assistance de leur encombrante pr\u00e9sence. Les jeux et les sacrifices pouvaient ainsi se d\u00e9rouler en toute tranquillit\u00e9.<\/p>\n<p style=\"text-align: justify;\">\u21d2 <a href=\"https:\/\/www.archeolab.app\/archeonimaux\/portraits-danimaux\/labeille\/\">L&rsquo;abeille<\/a><\/p>\n","protected":false},"excerpt":{"rendered":"<p>En Gr\u00e8ce, en p\u00e9riode de fortes chaleurs, les mouches pouvaient constituer une v\u00e9ritable plaie pour les participants aux sacrifices ou aux rassemblements athl\u00e9tiques. Pour r\u00e9duire cet inconv\u00e9nient, les Grecs sacrifiaient &hellip; <a href=\"https:\/\/archeolab.app\/archeonimaux\/portraits-danimaux\/la-mouche\/\" class=\"more-link\">Continuer la lecture de <span class=\"screen-reader-text\">La mouche<\/span><\/a><\/p>\n","protected":false},"author":1,"featured_media":0,"parent":636,"menu_order":6,"comment_status":"closed","ping_status":"closed","template":"","meta":{"_acf_changed":false,"footnotes":""},"class_list":["post-650","page","type-page","status-publish","hentry"],"acf":[],"yoast_head":"<!-- This site is optimized with the Yoast SEO plugin v27.5 - https:\/\/yoast.com\/product\/yoast-seo-wordpress\/ -->\n<title>La mouche - Arch\u00e9onimaux<\/title>\n<meta name=\"robots\" content=\"index, follow, max-snippet:-1, max-image-preview:large, max-video-preview:-1\" \/>\n<link rel=\"canonical\" href=\"https:\/\/archeolab.app\/archeonimaux\/portraits-danimaux\/la-mouche\/\" \/>\n<meta property=\"og:locale\" content=\"fr_FR\" \/>\n<meta property=\"og:type\" content=\"article\" \/>\n<meta property=\"og:title\" content=\"La mouche - Arch\u00e9onimaux\" \/>\n<meta property=\"og:description\" content=\"En Gr\u00e8ce, en p\u00e9riode de fortes chaleurs, les mouches pouvaient constituer une v\u00e9ritable plaie pour les participants aux sacrifices ou aux rassemblements athl\u00e9tiques. Pour r\u00e9duire cet inconv\u00e9nient, les Grecs sacrifiaient &hellip; Continuer la lecture de La mouche\" \/>\n<meta property=\"og:url\" content=\"https:\/\/archeolab.app\/archeonimaux\/portraits-danimaux\/la-mouche\/\" \/>\n<meta property=\"og:site_name\" content=\"Arch\u00e9onimaux\" \/>\n<meta property=\"article:modified_time\" content=\"2020-03-26T13:38:09+00:00\" \/>\n<meta name=\"twitter:card\" content=\"summary_large_image\" \/>\n<script type=\"application\/ld+json\" class=\"yoast-schema-graph\">{\"@context\":\"https:\\\/\\\/schema.org\",\"@graph\":[{\"@type\":\"WebPage\",\"@id\":\"https:\\\/\\\/archeolab.app\\\/archeonimaux\\\/portraits-danimaux\\\/la-mouche\\\/\",\"url\":\"https:\\\/\\\/archeolab.app\\\/archeonimaux\\\/portraits-danimaux\\\/la-mouche\\\/\",\"name\":\"La mouche - Arch\u00e9onimaux\",\"isPartOf\":{\"@id\":\"https:\\\/\\\/archeolab.app\\\/archeonimaux\\\/#website\"},\"datePublished\":\"2017-09-04T07:35:49+00:00\",\"dateModified\":\"2020-03-26T13:38:09+00:00\",\"breadcrumb\":{\"@id\":\"https:\\\/\\\/archeolab.app\\\/archeonimaux\\\/portraits-danimaux\\\/la-mouche\\\/#breadcrumb\"},\"inLanguage\":\"fr-FR\",\"potentialAction\":[{\"@type\":\"ReadAction\",\"target\":[\"https:\\\/\\\/archeolab.app\\\/archeonimaux\\\/portraits-danimaux\\\/la-mouche\\\/\"]}]},{\"@type\":\"BreadcrumbList\",\"@id\":\"https:\\\/\\\/archeolab.app\\\/archeonimaux\\\/portraits-danimaux\\\/la-mouche\\\/#breadcrumb\",\"itemListElement\":[{\"@type\":\"ListItem\",\"position\":1,\"name\":\"Accueil\",\"item\":\"https:\\\/\\\/archeolab.app\\\/archeonimaux\\\/\"},{\"@type\":\"ListItem\",\"position\":2,\"name\":\"Portraits d\u2019animaux\",\"item\":\"https:\\\/\\\/archeolab.app\\\/archeonimaux\\\/portraits-danimaux\\\/\"},{\"@type\":\"ListItem\",\"position\":3,\"name\":\"La mouche\"}]},{\"@type\":\"WebSite\",\"@id\":\"https:\\\/\\\/archeolab.app\\\/archeonimaux\\\/#website\",\"url\":\"https:\\\/\\\/archeolab.app\\\/archeonimaux\\\/\",\"name\":\"Arch\u00e9onimaux\",\"description\":\"Pour tout savoir sur nos amies les b\u00eates dans l&#039;Antiquit\u00e9\",\"potentialAction\":[{\"@type\":\"SearchAction\",\"target\":{\"@type\":\"EntryPoint\",\"urlTemplate\":\"https:\\\/\\\/archeolab.app\\\/archeonimaux\\\/?s={search_term_string}\"},\"query-input\":{\"@type\":\"PropertyValueSpecification\",\"valueRequired\":true,\"valueName\":\"search_term_string\"}}],\"inLanguage\":\"fr-FR\"}]}<\/script>\n<!-- \/ Yoast SEO plugin. -->","yoast_head_json":{"title":"La mouche - Arch\u00e9onimaux","robots":{"index":"index","follow":"follow","max-snippet":"max-snippet:-1","max-image-preview":"max-image-preview:large","max-video-preview":"max-video-preview:-1"},"canonical":"https:\/\/archeolab.app\/archeonimaux\/portraits-danimaux\/la-mouche\/","og_locale":"fr_FR","og_type":"article","og_title":"La mouche - Arch\u00e9onimaux","og_description":"En Gr\u00e8ce, en p\u00e9riode de fortes chaleurs, les mouches pouvaient constituer une v\u00e9ritable plaie pour les participants aux sacrifices ou aux rassemblements athl\u00e9tiques. Pour r\u00e9duire cet inconv\u00e9nient, les Grecs sacrifiaient &hellip; Continuer la lecture de La mouche","og_url":"https:\/\/archeolab.app\/archeonimaux\/portraits-danimaux\/la-mouche\/","og_site_name":"Arch\u00e9onimaux","article_modified_time":"2020-03-26T13:38:09+00:00","twitter_card":"summary_large_image","schema":{"@context":"https:\/\/schema.org","@graph":[{"@type":"WebPage","@id":"https:\/\/archeolab.app\/archeonimaux\/portraits-danimaux\/la-mouche\/","url":"https:\/\/archeolab.app\/archeonimaux\/portraits-danimaux\/la-mouche\/","name":"La mouche - Arch\u00e9onimaux","isPartOf":{"@id":"https:\/\/archeolab.app\/archeonimaux\/#website"},"datePublished":"2017-09-04T07:35:49+00:00","dateModified":"2020-03-26T13:38:09+00:00","breadcrumb":{"@id":"https:\/\/archeolab.app\/archeonimaux\/portraits-danimaux\/la-mouche\/#breadcrumb"},"inLanguage":"fr-FR","potentialAction":[{"@type":"ReadAction","target":["https:\/\/archeolab.app\/archeonimaux\/portraits-danimaux\/la-mouche\/"]}]},{"@type":"BreadcrumbList","@id":"https:\/\/archeolab.app\/archeonimaux\/portraits-danimaux\/la-mouche\/#breadcrumb","itemListElement":[{"@type":"ListItem","position":1,"name":"Accueil","item":"https:\/\/archeolab.app\/archeonimaux\/"},{"@type":"ListItem","position":2,"name":"Portraits d\u2019animaux","item":"https:\/\/archeolab.app\/archeonimaux\/portraits-danimaux\/"},{"@type":"ListItem","position":3,"name":"La mouche"}]},{"@type":"WebSite","@id":"https:\/\/archeolab.app\/archeonimaux\/#website","url":"https:\/\/archeolab.app\/archeonimaux\/","name":"Arch\u00e9onimaux","description":"Pour tout savoir sur nos amies les b\u00eates dans l&#039;Antiquit\u00e9","potentialAction":[{"@type":"SearchAction","target":{"@type":"EntryPoint","urlTemplate":"https:\/\/archeolab.app\/archeonimaux\/?s={search_term_string}"},"query-input":{"@type":"PropertyValueSpecification","valueRequired":true,"valueName":"search_term_string"}}],"inLanguage":"fr-FR"}]}},"_links":{"self":[{"href":"https:\/\/archeolab.app\/archeonimaux\/wp-json\/wp\/v2\/pages\/650","targetHints":{"allow":["GET"]}}],"collection":[{"href":"https:\/\/archeolab.app\/archeonimaux\/wp-json\/wp\/v2\/pages"}],"about":[{"href":"https:\/\/archeolab.app\/archeonimaux\/wp-json\/wp\/v2\/types\/page"}],"author":[{"embeddable":true,"href":"https:\/\/archeolab.app\/archeonimaux\/wp-json\/wp\/v2\/users\/1"}],"replies":[{"embeddable":true,"href":"https:\/\/archeolab.app\/archeonimaux\/wp-json\/wp\/v2\/comments?post=650"}],"version-history":[{"count":1,"href":"https:\/\/archeolab.app\/archeonimaux\/wp-json\/wp\/v2\/pages\/650\/revisions"}],"predecessor-version":[{"id":1583,"href":"https:\/\/archeolab.app\/archeonimaux\/wp-json\/wp\/v2\/pages\/650\/revisions\/1583"}],"up":[{"embeddable":true,"href":"https:\/\/archeolab.app\/archeonimaux\/wp-json\/wp\/v2\/pages\/636"}],"wp:attachment":[{"href":"https:\/\/archeolab.app\/archeonimaux\/wp-json\/wp\/v2\/media?parent=650"}],"curies":[{"name":"wp","href":"https:\/\/api.w.org\/{rel}","templated":true}]}}