{"id":647,"date":"2017-09-04T09:35:49","date_gmt":"2017-09-04T07:35:49","guid":{"rendered":"http:\/\/www.archeoweb.ch\/expo\/archeonimaux\/portraits-danimaux\/les-equides\/le-cheval\/"},"modified":"2020-03-30T14:04:16","modified_gmt":"2020-03-30T12:04:16","slug":"le-cheval","status":"publish","type":"page","link":"https:\/\/archeolab.app\/archeonimaux\/portraits-danimaux\/les-equides\/le-cheval\/","title":{"rendered":"Le cheval"},"content":{"rendered":"<p style=\"text-align: justify;\"><strong>Le cheval, bien co\u00fbteux, est un animal dont il faut prendre soin. Les lettres de l\u2019\u00c9gypte gr\u00e9co-romaine regorgent de t\u00e9moignages d\u2019affection vis-\u00e0-vis de la plus \u00ab\u00a0noble conqu\u00eate de l\u2019homme\u00a0\u00bb.<\/strong><\/p>\n<p style=\"text-align: justify;\">Lettre d\u2019Ammonios \u00e0 sa s\u0153ur\u00a0: \u00ab\u00a0Ammonios \u00e0 Tachnoumi, sa s\u0153ur, bien le bonjour. Avant tout, je te souhaite une bonne sant\u00e9 et j\u2019adresse des d\u00e9votions pour toi chaque jour. J\u2019embrasse bien fort mon excellent fils L\u00e9on. Je vais bien, ainsi que mon cheval et M\u00e9las\u00a0\u00bb.<\/p>\n<figure id=\"attachment_1115\" aria-describedby=\"caption-attachment-1115\" style=\"width: 525px\" class=\"wp-caption aligncenter\"><img loading=\"lazy\" decoding=\"async\" class=\"wp-image-1115 size-large\" src=\"https:\/\/www.archeolab.app\/archeonimaux\/wp-content\/uploads\/sites\/3\/2018\/01\/fig.28-mod-777x1024.jpg\" alt=\"\" width=\"525\" height=\"692\" \/><figcaption id=\"caption-attachment-1115\" class=\"wp-caption-text\">Relief montrant un cavalier et son cheval. Marbre de Paros, I<sup>er<\/sup> si\u00e8cle avant J.-C., Metropolitan Museum, inv. 07.286.111.<\/figcaption><\/figure>\n<p style=\"text-align: justify;\">\u00ab\u00a0P\u00e9t\u00e9eus, qui \u00e9crit cette lettre pour moi, te salue bien fort, ainsi que ta femme, ta fille et Bassus, ton cheval\u00a0\u00bb. Dans une lettre, Dionysios demande qu\u2019on transmette ses salutations \u00e0 son cheval\u00a0: \u00ab\u00a0Adresse bien des salutations \u00e0 ta bonne \u00e9pouse, \u00e0 Julia, au cheval ainsi qu\u2019\u00e0 Tib\u00e9ris, avec lesquels je souhaite de te retrouver en bonne sant\u00e9\u00a0\u00bb.<\/p>\n<p style=\"text-align: justify;\">Le cheval se voit ainsi mis exactement sur le m\u00eame plan que la famille et les amis, ce qui ne manque pas de sel\u2026<\/p>\n<figure id=\"attachment_1186\" aria-describedby=\"caption-attachment-1186\" style=\"width: 525px\" class=\"wp-caption aligncenter\"><img loading=\"lazy\" decoding=\"async\" class=\"wp-image-1186 size-large\" src=\"https:\/\/www.archeolab.app\/archeonimaux\/wp-content\/uploads\/sites\/3\/2018\/01\/fig.29-mod-1024x791.jpg\" alt=\"\" width=\"525\" height=\"406\" \/><figcaption id=\"caption-attachment-1186\" class=\"wp-caption-text\">Les soins qu\u2019un cavalier apporte \u00e0 son cheval. Coupe \u00e0 figures rouges, attribu\u00e9e \u00e0 On\u00e9simos, fin du V<sup>e<\/sup> si\u00e8cle avant J.-C., Metropolitan Museum, inv. 1989.281.71.<\/figcaption><\/figure>\n<pre style=\"text-align: justify;\">Traductions des lettres\u00a0: Cl. Gorteman, \u00ab\u00a0Sollicitude et amour pour les animaux dans l\u2019\u00c9gypte gr\u00e9co-romaine\u00a0\u00bb, <em>ChrE<\/em> 32 (1957), p. 101-120.<\/pre>\n<p>\u21d2 <a href=\"https:\/\/www.archeolab.app\/archeonimaux\/le-chacal\/\">Le chacal<\/a><\/p>\n","protected":false},"excerpt":{"rendered":"<p>Le cheval, bien co\u00fbteux, est un animal dont il faut prendre soin. Les lettres de l\u2019\u00c9gypte gr\u00e9co-romaine regorgent de t\u00e9moignages d\u2019affection vis-\u00e0-vis de la plus \u00ab\u00a0noble conqu\u00eate de l\u2019homme\u00a0\u00bb. Lettre &hellip; <a href=\"https:\/\/archeolab.app\/archeonimaux\/portraits-danimaux\/les-equides\/le-cheval\/\" class=\"more-link\">Continuer la lecture de <span class=\"screen-reader-text\">Le cheval<\/span><\/a><\/p>\n","protected":false},"author":1,"featured_media":0,"parent":645,"menu_order":0,"comment_status":"closed","ping_status":"closed","template":"","meta":{"_acf_changed":false,"footnotes":""},"class_list":["post-647","page","type-page","status-publish","hentry"],"acf":[],"yoast_head":"<!-- This site is optimized with the Yoast SEO plugin v27.6 - https:\/\/yoast.com\/product\/yoast-seo-wordpress\/ -->\n<title>Le cheval - Arch\u00e9onimaux<\/title>\n<meta name=\"robots\" content=\"index, follow, max-snippet:-1, max-image-preview:large, max-video-preview:-1\" \/>\n<link rel=\"canonical\" href=\"https:\/\/archeolab.app\/archeonimaux\/portraits-danimaux\/les-equides\/le-cheval\/\" \/>\n<meta property=\"og:locale\" content=\"fr_FR\" \/>\n<meta property=\"og:type\" content=\"article\" \/>\n<meta property=\"og:title\" content=\"Le cheval - Arch\u00e9onimaux\" \/>\n<meta property=\"og:description\" content=\"Le cheval, bien co\u00fbteux, est un animal dont il faut prendre soin. Les lettres de l\u2019\u00c9gypte gr\u00e9co-romaine regorgent de t\u00e9moignages d\u2019affection vis-\u00e0-vis de la plus \u00ab\u00a0noble conqu\u00eate de l\u2019homme\u00a0\u00bb. Lettre &hellip; Continuer la lecture de Le cheval\" \/>\n<meta property=\"og:url\" content=\"https:\/\/archeolab.app\/archeonimaux\/portraits-danimaux\/les-equides\/le-cheval\/\" \/>\n<meta property=\"og:site_name\" content=\"Arch\u00e9onimaux\" \/>\n<meta property=\"article:modified_time\" content=\"2020-03-30T12:04:16+00:00\" \/>\n<meta property=\"og:image\" content=\"https:\/\/www.archeolab.app\/archeonimaux\/wp-content\/uploads\/sites\/3\/2018\/01\/fig.28-mod-777x1024.jpg\" \/>\n<meta name=\"twitter:card\" content=\"summary_large_image\" \/>\n<meta name=\"twitter:label1\" content=\"Dur\u00e9e de lecture estim\u00e9e\" \/>\n\t<meta name=\"twitter:data1\" content=\"1 minute\" \/>\n<script type=\"application\/ld+json\" class=\"yoast-schema-graph\">{\"@context\":\"https:\\\/\\\/schema.org\",\"@graph\":[{\"@type\":\"WebPage\",\"@id\":\"https:\\\/\\\/archeolab.app\\\/archeonimaux\\\/portraits-danimaux\\\/les-equides\\\/le-cheval\\\/\",\"url\":\"https:\\\/\\\/archeolab.app\\\/archeonimaux\\\/portraits-danimaux\\\/les-equides\\\/le-cheval\\\/\",\"name\":\"Le cheval - Arch\u00e9onimaux\",\"isPartOf\":{\"@id\":\"https:\\\/\\\/archeolab.app\\\/archeonimaux\\\/#website\"},\"primaryImageOfPage\":{\"@id\":\"https:\\\/\\\/archeolab.app\\\/archeonimaux\\\/portraits-danimaux\\\/les-equides\\\/le-cheval\\\/#primaryimage\"},\"image\":{\"@id\":\"https:\\\/\\\/archeolab.app\\\/archeonimaux\\\/portraits-danimaux\\\/les-equides\\\/le-cheval\\\/#primaryimage\"},\"thumbnailUrl\":\"https:\\\/\\\/www.archeolab.app\\\/archeonimaux\\\/wp-content\\\/uploads\\\/sites\\\/3\\\/2018\\\/01\\\/fig.28-mod-777x1024.jpg\",\"datePublished\":\"2017-09-04T07:35:49+00:00\",\"dateModified\":\"2020-03-30T12:04:16+00:00\",\"breadcrumb\":{\"@id\":\"https:\\\/\\\/archeolab.app\\\/archeonimaux\\\/portraits-danimaux\\\/les-equides\\\/le-cheval\\\/#breadcrumb\"},\"inLanguage\":\"fr-FR\",\"potentialAction\":[{\"@type\":\"ReadAction\",\"target\":[\"https:\\\/\\\/archeolab.app\\\/archeonimaux\\\/portraits-danimaux\\\/les-equides\\\/le-cheval\\\/\"]}]},{\"@type\":\"ImageObject\",\"inLanguage\":\"fr-FR\",\"@id\":\"https:\\\/\\\/archeolab.app\\\/archeonimaux\\\/portraits-danimaux\\\/les-equides\\\/le-cheval\\\/#primaryimage\",\"url\":\"https:\\\/\\\/www.archeolab.app\\\/archeonimaux\\\/wp-content\\\/uploads\\\/sites\\\/3\\\/2018\\\/01\\\/fig.28-mod-777x1024.jpg\",\"contentUrl\":\"https:\\\/\\\/www.archeolab.app\\\/archeonimaux\\\/wp-content\\\/uploads\\\/sites\\\/3\\\/2018\\\/01\\\/fig.28-mod-777x1024.jpg\"},{\"@type\":\"BreadcrumbList\",\"@id\":\"https:\\\/\\\/archeolab.app\\\/archeonimaux\\\/portraits-danimaux\\\/les-equides\\\/le-cheval\\\/#breadcrumb\",\"itemListElement\":[{\"@type\":\"ListItem\",\"position\":1,\"name\":\"Accueil\",\"item\":\"https:\\\/\\\/archeolab.app\\\/archeonimaux\\\/\"},{\"@type\":\"ListItem\",\"position\":2,\"name\":\"Portraits d\u2019animaux\",\"item\":\"https:\\\/\\\/archeolab.app\\\/archeonimaux\\\/portraits-danimaux\\\/\"},{\"@type\":\"ListItem\",\"position\":3,\"name\":\"Les \u00e9quid\u00e9s\",\"item\":\"https:\\\/\\\/archeolab.app\\\/archeonimaux\\\/portraits-danimaux\\\/les-equides\\\/\"},{\"@type\":\"ListItem\",\"position\":4,\"name\":\"Le cheval\"}]},{\"@type\":\"WebSite\",\"@id\":\"https:\\\/\\\/archeolab.app\\\/archeonimaux\\\/#website\",\"url\":\"https:\\\/\\\/archeolab.app\\\/archeonimaux\\\/\",\"name\":\"Arch\u00e9onimaux\",\"description\":\"Pour tout savoir sur nos amies les b\u00eates dans l&#039;Antiquit\u00e9\",\"potentialAction\":[{\"@type\":\"SearchAction\",\"target\":{\"@type\":\"EntryPoint\",\"urlTemplate\":\"https:\\\/\\\/archeolab.app\\\/archeonimaux\\\/?s={search_term_string}\"},\"query-input\":{\"@type\":\"PropertyValueSpecification\",\"valueRequired\":true,\"valueName\":\"search_term_string\"}}],\"inLanguage\":\"fr-FR\"}]}<\/script>\n<!-- \/ Yoast SEO plugin. -->","yoast_head_json":{"title":"Le cheval - Arch\u00e9onimaux","robots":{"index":"index","follow":"follow","max-snippet":"max-snippet:-1","max-image-preview":"max-image-preview:large","max-video-preview":"max-video-preview:-1"},"canonical":"https:\/\/archeolab.app\/archeonimaux\/portraits-danimaux\/les-equides\/le-cheval\/","og_locale":"fr_FR","og_type":"article","og_title":"Le cheval - Arch\u00e9onimaux","og_description":"Le cheval, bien co\u00fbteux, est un animal dont il faut prendre soin. Les lettres de l\u2019\u00c9gypte gr\u00e9co-romaine regorgent de t\u00e9moignages d\u2019affection vis-\u00e0-vis de la plus \u00ab\u00a0noble conqu\u00eate de l\u2019homme\u00a0\u00bb. Lettre &hellip; Continuer la lecture de Le cheval","og_url":"https:\/\/archeolab.app\/archeonimaux\/portraits-danimaux\/les-equides\/le-cheval\/","og_site_name":"Arch\u00e9onimaux","article_modified_time":"2020-03-30T12:04:16+00:00","og_image":[{"url":"https:\/\/www.archeolab.app\/archeonimaux\/wp-content\/uploads\/sites\/3\/2018\/01\/fig.28-mod-777x1024.jpg","type":"","width":"","height":""}],"twitter_card":"summary_large_image","twitter_misc":{"Dur\u00e9e de lecture estim\u00e9e":"1 minute"},"schema":{"@context":"https:\/\/schema.org","@graph":[{"@type":"WebPage","@id":"https:\/\/archeolab.app\/archeonimaux\/portraits-danimaux\/les-equides\/le-cheval\/","url":"https:\/\/archeolab.app\/archeonimaux\/portraits-danimaux\/les-equides\/le-cheval\/","name":"Le cheval - Arch\u00e9onimaux","isPartOf":{"@id":"https:\/\/archeolab.app\/archeonimaux\/#website"},"primaryImageOfPage":{"@id":"https:\/\/archeolab.app\/archeonimaux\/portraits-danimaux\/les-equides\/le-cheval\/#primaryimage"},"image":{"@id":"https:\/\/archeolab.app\/archeonimaux\/portraits-danimaux\/les-equides\/le-cheval\/#primaryimage"},"thumbnailUrl":"https:\/\/www.archeolab.app\/archeonimaux\/wp-content\/uploads\/sites\/3\/2018\/01\/fig.28-mod-777x1024.jpg","datePublished":"2017-09-04T07:35:49+00:00","dateModified":"2020-03-30T12:04:16+00:00","breadcrumb":{"@id":"https:\/\/archeolab.app\/archeonimaux\/portraits-danimaux\/les-equides\/le-cheval\/#breadcrumb"},"inLanguage":"fr-FR","potentialAction":[{"@type":"ReadAction","target":["https:\/\/archeolab.app\/archeonimaux\/portraits-danimaux\/les-equides\/le-cheval\/"]}]},{"@type":"ImageObject","inLanguage":"fr-FR","@id":"https:\/\/archeolab.app\/archeonimaux\/portraits-danimaux\/les-equides\/le-cheval\/#primaryimage","url":"https:\/\/www.archeolab.app\/archeonimaux\/wp-content\/uploads\/sites\/3\/2018\/01\/fig.28-mod-777x1024.jpg","contentUrl":"https:\/\/www.archeolab.app\/archeonimaux\/wp-content\/uploads\/sites\/3\/2018\/01\/fig.28-mod-777x1024.jpg"},{"@type":"BreadcrumbList","@id":"https:\/\/archeolab.app\/archeonimaux\/portraits-danimaux\/les-equides\/le-cheval\/#breadcrumb","itemListElement":[{"@type":"ListItem","position":1,"name":"Accueil","item":"https:\/\/archeolab.app\/archeonimaux\/"},{"@type":"ListItem","position":2,"name":"Portraits d\u2019animaux","item":"https:\/\/archeolab.app\/archeonimaux\/portraits-danimaux\/"},{"@type":"ListItem","position":3,"name":"Les \u00e9quid\u00e9s","item":"https:\/\/archeolab.app\/archeonimaux\/portraits-danimaux\/les-equides\/"},{"@type":"ListItem","position":4,"name":"Le cheval"}]},{"@type":"WebSite","@id":"https:\/\/archeolab.app\/archeonimaux\/#website","url":"https:\/\/archeolab.app\/archeonimaux\/","name":"Arch\u00e9onimaux","description":"Pour tout savoir sur nos amies les b\u00eates dans l&#039;Antiquit\u00e9","potentialAction":[{"@type":"SearchAction","target":{"@type":"EntryPoint","urlTemplate":"https:\/\/archeolab.app\/archeonimaux\/?s={search_term_string}"},"query-input":{"@type":"PropertyValueSpecification","valueRequired":true,"valueName":"search_term_string"}}],"inLanguage":"fr-FR"}]}},"_links":{"self":[{"href":"https:\/\/archeolab.app\/archeonimaux\/wp-json\/wp\/v2\/pages\/647","targetHints":{"allow":["GET"]}}],"collection":[{"href":"https:\/\/archeolab.app\/archeonimaux\/wp-json\/wp\/v2\/pages"}],"about":[{"href":"https:\/\/archeolab.app\/archeonimaux\/wp-json\/wp\/v2\/types\/page"}],"author":[{"embeddable":true,"href":"https:\/\/archeolab.app\/archeonimaux\/wp-json\/wp\/v2\/users\/1"}],"replies":[{"embeddable":true,"href":"https:\/\/archeolab.app\/archeonimaux\/wp-json\/wp\/v2\/comments?post=647"}],"version-history":[{"count":2,"href":"https:\/\/archeolab.app\/archeonimaux\/wp-json\/wp\/v2\/pages\/647\/revisions"}],"predecessor-version":[{"id":1643,"href":"https:\/\/archeolab.app\/archeonimaux\/wp-json\/wp\/v2\/pages\/647\/revisions\/1643"}],"up":[{"embeddable":true,"href":"https:\/\/archeolab.app\/archeonimaux\/wp-json\/wp\/v2\/pages\/645"}],"wp:attachment":[{"href":"https:\/\/archeolab.app\/archeonimaux\/wp-json\/wp\/v2\/media?parent=647"}],"curies":[{"name":"wp","href":"https:\/\/api.w.org\/{rel}","templated":true}]}}