{"id":646,"date":"2017-09-04T09:35:49","date_gmt":"2017-09-04T07:35:49","guid":{"rendered":"http:\/\/www.archeoweb.ch\/expo\/archeonimaux\/portraits-danimaux\/les-equides\/lane\/"},"modified":"2020-03-26T14:37:32","modified_gmt":"2020-03-26T13:37:32","slug":"lane","status":"publish","type":"page","link":"https:\/\/archeolab.app\/archeonimaux\/portraits-danimaux\/les-equides\/lane\/","title":{"rendered":"L\u2019\u00e2ne"},"content":{"rendered":"<p style=\"text-align: justify;\"><strong>En M\u00e9sopotamie, d\u00e8s le II<sup>e<\/sup> mill\u00e9naire avant J.-C., l\u2019\u00e2ne est un animal royal auquel le roi aime se comparer.<\/strong><\/p>\n<p style=\"text-align: justify;\">Ainsi le roi Sulgi qui dans un de ses hymnes dit\u00a0: \u00ab\u00a0Je suis un mulet pr\u00eat pour la route, un cheval agitant sa queue sur le chemin, un \u00e2ne \u00e9talon du dieu Sakan avide de course\u00a0\u00bb.<\/p>\n<p style=\"text-align: justify;\">D\u00e8s cette \u00e9poque, chevaucher un \u00e2ne ou un mulet est un privil\u00e8ge de dignitaire, sinon de roi. Ceci n\u2019est pas sans rappeler l\u2019entr\u00e9e du Christ \u00e0 J\u00e9rusalem, \u00e0 dos d\u2019\u00e2ne.<\/p>\n<p style=\"text-align: justify;\">L\u2019\u00e2ne b\u00e9n\u00e9ficiait aussi de s\u00e9pultures particuli\u00e8res, parfois plac\u00e9es \u00e0 l\u2019int\u00e9rieur de temples.<\/p>\n<p>\u21d2 <a href=\"https:\/\/www.archeolab.app\/archeonimaux\/portraits-danimaux\/les-equides\/le-cheval\/\">Le cheval<\/a><\/p>\n","protected":false},"excerpt":{"rendered":"<p>En M\u00e9sopotamie, d\u00e8s le IIe mill\u00e9naire avant J.-C., l\u2019\u00e2ne est un animal royal auquel le roi aime se comparer. Ainsi le roi Sulgi qui dans un de ses hymnes dit\u00a0: &hellip; <a href=\"https:\/\/archeolab.app\/archeonimaux\/portraits-danimaux\/les-equides\/lane\/\" class=\"more-link\">Continuer la lecture de <span class=\"screen-reader-text\">L\u2019\u00e2ne<\/span><\/a><\/p>\n","protected":false},"author":1,"featured_media":0,"parent":645,"menu_order":0,"comment_status":"closed","ping_status":"closed","template":"","meta":{"_acf_changed":false,"footnotes":""},"class_list":["post-646","page","type-page","status-publish","hentry"],"acf":[],"yoast_head":"<!-- This site is optimized with the Yoast SEO plugin v27.6 - https:\/\/yoast.com\/product\/yoast-seo-wordpress\/ -->\n<title>L\u2019\u00e2ne - Arch\u00e9onimaux<\/title>\n<meta name=\"robots\" content=\"index, follow, max-snippet:-1, max-image-preview:large, max-video-preview:-1\" \/>\n<link rel=\"canonical\" href=\"https:\/\/archeolab.app\/archeonimaux\/portraits-danimaux\/les-equides\/lane\/\" \/>\n<meta property=\"og:locale\" content=\"fr_FR\" \/>\n<meta property=\"og:type\" content=\"article\" \/>\n<meta property=\"og:title\" content=\"L\u2019\u00e2ne - Arch\u00e9onimaux\" \/>\n<meta property=\"og:description\" content=\"En M\u00e9sopotamie, d\u00e8s le IIe mill\u00e9naire avant J.-C., l\u2019\u00e2ne est un animal royal auquel le roi aime se comparer. Ainsi le roi Sulgi qui dans un de ses hymnes dit\u00a0: &hellip; Continuer la lecture de L\u2019\u00e2ne\" \/>\n<meta property=\"og:url\" content=\"https:\/\/archeolab.app\/archeonimaux\/portraits-danimaux\/les-equides\/lane\/\" \/>\n<meta property=\"og:site_name\" content=\"Arch\u00e9onimaux\" \/>\n<meta property=\"article:modified_time\" content=\"2020-03-26T13:37:32+00:00\" \/>\n<meta name=\"twitter:card\" content=\"summary_large_image\" \/>\n<meta name=\"twitter:label1\" content=\"Dur\u00e9e de lecture estim\u00e9e\" \/>\n\t<meta name=\"twitter:data1\" content=\"1 minute\" \/>\n<script type=\"application\/ld+json\" class=\"yoast-schema-graph\">{\"@context\":\"https:\\\/\\\/schema.org\",\"@graph\":[{\"@type\":\"WebPage\",\"@id\":\"https:\\\/\\\/archeolab.app\\\/archeonimaux\\\/portraits-danimaux\\\/les-equides\\\/lane\\\/\",\"url\":\"https:\\\/\\\/archeolab.app\\\/archeonimaux\\\/portraits-danimaux\\\/les-equides\\\/lane\\\/\",\"name\":\"L\u2019\u00e2ne - Arch\u00e9onimaux\",\"isPartOf\":{\"@id\":\"https:\\\/\\\/archeolab.app\\\/archeonimaux\\\/#website\"},\"datePublished\":\"2017-09-04T07:35:49+00:00\",\"dateModified\":\"2020-03-26T13:37:32+00:00\",\"breadcrumb\":{\"@id\":\"https:\\\/\\\/archeolab.app\\\/archeonimaux\\\/portraits-danimaux\\\/les-equides\\\/lane\\\/#breadcrumb\"},\"inLanguage\":\"fr-FR\",\"potentialAction\":[{\"@type\":\"ReadAction\",\"target\":[\"https:\\\/\\\/archeolab.app\\\/archeonimaux\\\/portraits-danimaux\\\/les-equides\\\/lane\\\/\"]}]},{\"@type\":\"BreadcrumbList\",\"@id\":\"https:\\\/\\\/archeolab.app\\\/archeonimaux\\\/portraits-danimaux\\\/les-equides\\\/lane\\\/#breadcrumb\",\"itemListElement\":[{\"@type\":\"ListItem\",\"position\":1,\"name\":\"Accueil\",\"item\":\"https:\\\/\\\/archeolab.app\\\/archeonimaux\\\/\"},{\"@type\":\"ListItem\",\"position\":2,\"name\":\"Portraits d\u2019animaux\",\"item\":\"https:\\\/\\\/archeolab.app\\\/archeonimaux\\\/portraits-danimaux\\\/\"},{\"@type\":\"ListItem\",\"position\":3,\"name\":\"Les \u00e9quid\u00e9s\",\"item\":\"https:\\\/\\\/archeolab.app\\\/archeonimaux\\\/portraits-danimaux\\\/les-equides\\\/\"},{\"@type\":\"ListItem\",\"position\":4,\"name\":\"L\u2019\u00e2ne\"}]},{\"@type\":\"WebSite\",\"@id\":\"https:\\\/\\\/archeolab.app\\\/archeonimaux\\\/#website\",\"url\":\"https:\\\/\\\/archeolab.app\\\/archeonimaux\\\/\",\"name\":\"Arch\u00e9onimaux\",\"description\":\"Pour tout savoir sur nos amies les b\u00eates dans l&#039;Antiquit\u00e9\",\"potentialAction\":[{\"@type\":\"SearchAction\",\"target\":{\"@type\":\"EntryPoint\",\"urlTemplate\":\"https:\\\/\\\/archeolab.app\\\/archeonimaux\\\/?s={search_term_string}\"},\"query-input\":{\"@type\":\"PropertyValueSpecification\",\"valueRequired\":true,\"valueName\":\"search_term_string\"}}],\"inLanguage\":\"fr-FR\"}]}<\/script>\n<!-- \/ Yoast SEO plugin. -->","yoast_head_json":{"title":"L\u2019\u00e2ne - Arch\u00e9onimaux","robots":{"index":"index","follow":"follow","max-snippet":"max-snippet:-1","max-image-preview":"max-image-preview:large","max-video-preview":"max-video-preview:-1"},"canonical":"https:\/\/archeolab.app\/archeonimaux\/portraits-danimaux\/les-equides\/lane\/","og_locale":"fr_FR","og_type":"article","og_title":"L\u2019\u00e2ne - Arch\u00e9onimaux","og_description":"En M\u00e9sopotamie, d\u00e8s le IIe mill\u00e9naire avant J.-C., l\u2019\u00e2ne est un animal royal auquel le roi aime se comparer. Ainsi le roi Sulgi qui dans un de ses hymnes dit\u00a0: &hellip; Continuer la lecture de L\u2019\u00e2ne","og_url":"https:\/\/archeolab.app\/archeonimaux\/portraits-danimaux\/les-equides\/lane\/","og_site_name":"Arch\u00e9onimaux","article_modified_time":"2020-03-26T13:37:32+00:00","twitter_card":"summary_large_image","twitter_misc":{"Dur\u00e9e de lecture estim\u00e9e":"1 minute"},"schema":{"@context":"https:\/\/schema.org","@graph":[{"@type":"WebPage","@id":"https:\/\/archeolab.app\/archeonimaux\/portraits-danimaux\/les-equides\/lane\/","url":"https:\/\/archeolab.app\/archeonimaux\/portraits-danimaux\/les-equides\/lane\/","name":"L\u2019\u00e2ne - Arch\u00e9onimaux","isPartOf":{"@id":"https:\/\/archeolab.app\/archeonimaux\/#website"},"datePublished":"2017-09-04T07:35:49+00:00","dateModified":"2020-03-26T13:37:32+00:00","breadcrumb":{"@id":"https:\/\/archeolab.app\/archeonimaux\/portraits-danimaux\/les-equides\/lane\/#breadcrumb"},"inLanguage":"fr-FR","potentialAction":[{"@type":"ReadAction","target":["https:\/\/archeolab.app\/archeonimaux\/portraits-danimaux\/les-equides\/lane\/"]}]},{"@type":"BreadcrumbList","@id":"https:\/\/archeolab.app\/archeonimaux\/portraits-danimaux\/les-equides\/lane\/#breadcrumb","itemListElement":[{"@type":"ListItem","position":1,"name":"Accueil","item":"https:\/\/archeolab.app\/archeonimaux\/"},{"@type":"ListItem","position":2,"name":"Portraits d\u2019animaux","item":"https:\/\/archeolab.app\/archeonimaux\/portraits-danimaux\/"},{"@type":"ListItem","position":3,"name":"Les \u00e9quid\u00e9s","item":"https:\/\/archeolab.app\/archeonimaux\/portraits-danimaux\/les-equides\/"},{"@type":"ListItem","position":4,"name":"L\u2019\u00e2ne"}]},{"@type":"WebSite","@id":"https:\/\/archeolab.app\/archeonimaux\/#website","url":"https:\/\/archeolab.app\/archeonimaux\/","name":"Arch\u00e9onimaux","description":"Pour tout savoir sur nos amies les b\u00eates dans l&#039;Antiquit\u00e9","potentialAction":[{"@type":"SearchAction","target":{"@type":"EntryPoint","urlTemplate":"https:\/\/archeolab.app\/archeonimaux\/?s={search_term_string}"},"query-input":{"@type":"PropertyValueSpecification","valueRequired":true,"valueName":"search_term_string"}}],"inLanguage":"fr-FR"}]}},"_links":{"self":[{"href":"https:\/\/archeolab.app\/archeonimaux\/wp-json\/wp\/v2\/pages\/646","targetHints":{"allow":["GET"]}}],"collection":[{"href":"https:\/\/archeolab.app\/archeonimaux\/wp-json\/wp\/v2\/pages"}],"about":[{"href":"https:\/\/archeolab.app\/archeonimaux\/wp-json\/wp\/v2\/types\/page"}],"author":[{"embeddable":true,"href":"https:\/\/archeolab.app\/archeonimaux\/wp-json\/wp\/v2\/users\/1"}],"replies":[{"embeddable":true,"href":"https:\/\/archeolab.app\/archeonimaux\/wp-json\/wp\/v2\/comments?post=646"}],"version-history":[{"count":1,"href":"https:\/\/archeolab.app\/archeonimaux\/wp-json\/wp\/v2\/pages\/646\/revisions"}],"predecessor-version":[{"id":1581,"href":"https:\/\/archeolab.app\/archeonimaux\/wp-json\/wp\/v2\/pages\/646\/revisions\/1581"}],"up":[{"embeddable":true,"href":"https:\/\/archeolab.app\/archeonimaux\/wp-json\/wp\/v2\/pages\/645"}],"wp:attachment":[{"href":"https:\/\/archeolab.app\/archeonimaux\/wp-json\/wp\/v2\/media?parent=646"}],"curies":[{"name":"wp","href":"https:\/\/api.w.org\/{rel}","templated":true}]}}