{"id":644,"date":"2017-09-04T09:35:49","date_gmt":"2017-09-04T07:35:49","guid":{"rendered":"http:\/\/www.archeoweb.ch\/expo\/archeonimaux\/portraits-danimaux\/le-renard\/"},"modified":"2020-03-26T14:36:45","modified_gmt":"2020-03-26T13:36:45","slug":"le-renard","status":"publish","type":"page","link":"https:\/\/archeolab.app\/archeonimaux\/portraits-danimaux\/le-renard\/","title":{"rendered":"Le renard"},"content":{"rendered":"<p style=\"text-align: justify;\"><strong>Plusieurs esp\u00e8ces de renard sont connues dans le Proche-Orient antique. N\u00e9anmoins un trait les caract\u00e9rise\u00a0: leur ruse s\u00e9ductrice.<\/strong><\/p>\n<figure id=\"attachment_1127\" aria-describedby=\"caption-attachment-1127\" style=\"width: 525px\" class=\"wp-caption aligncenter\"><img loading=\"lazy\" decoding=\"async\" class=\"wp-image-1127 size-large\" src=\"https:\/\/www.archeolab.app\/archeonimaux\/wp-content\/uploads\/sites\/3\/2018\/01\/fig.16-mod-996x1024.jpg\" alt=\"\" width=\"525\" height=\"540\" \/><figcaption id=\"caption-attachment-1127\" class=\"wp-caption-text\">Masque en terre cuite en forme de renard, Chypre, VI<sup>e<\/sup> si\u00e8cle avant J.-C. Metropolitan Museum, inv. 74.51.1761.<\/figcaption><\/figure>\n<p style=\"text-align: justify;\">Les fouilles ont mis au jour des restes de renards, notamment \u00e0 Tell Sheikh Hassan et \u00e0 El Kwom. Le renard appara\u00eet dans des mythes et dans des proverbes m\u00e9sopotamiens. Ainsi, dans le mythe d\u2019Enki et de Ninhursag, le renard est un habile n\u00e9gociateur \u00e0 la redoutable puissance de s\u00e9duction. Ninhursag, d\u00e9esse et \u00e9pouse bafou\u00e9e, a quitt\u00e9 le dieu de la connaissance, Enki. Le chef du panth\u00e9on Enlil, fr\u00e8re d\u2019Enki, est inquiet. Un renard lui propose de ramener Ninhursag, en \u00e9change d\u2019une r\u00e9compense. Alors, nous dit le texte, \u00ab\u00a0le renard oignit d\u2019abord son corps, secoua sa fourrure, mit d\u2019abord du kh\u00f4l autour de ses yeux\u00a0\u00bb, et ainsi par\u00e9 pour affronter Ninhursag, il la s\u00e9duit et la convainc de revenir pr\u00e8s d\u2019Enki.<\/p>\n<p style=\"text-align: justify;\">Il est aussi parfois un peu fanfaron. Ainsi, dans le proverbe du <em>Renard et de sa femme<\/em>, le renard dit \u00e0 sa femme\u00a0:<\/p>\n<p style=\"text-align: justify;\">\u00ab\u00a0Viens, alors croquer Unug (nom de ville) comme nous le ferions de poireaux\u00a0! Allons l\u2019enrouler autour de nos pattes comme des sandales\u00a0!\u00a0\u00bb. Avant qu\u2019ils ne se trouvent \u00e0 quelque distance de la ville, les chiens de la cit\u00e9 commenc\u00e8rent \u00e0 hurler \u00e0 la mort.<\/p>\n<p style=\"text-align: justify;\">Le renard dit\u00a0alors : \u00ab\u00a0Viens, femme, retourne avec moi vers ton terrier\u00a0! Toute sorte de choses mal\u00e9fiques hurlent depuis cette cit\u00e9\u00a0!\u00a0\u00bb.<\/p>\n<p style=\"text-align: justify;\">L\u00e2che et se croyant menac\u00e9 par des d\u00e9mons, il bat rapidement en retraite.<\/p>\n<figure id=\"attachment_1113\" aria-describedby=\"caption-attachment-1113\" style=\"width: 525px\" class=\"wp-caption aligncenter\"><img loading=\"lazy\" decoding=\"async\" class=\"wp-image-1113 size-large\" src=\"https:\/\/www.archeolab.app\/archeonimaux\/wp-content\/uploads\/sites\/3\/2018\/01\/fig.24-mod-1024x672.jpg\" alt=\"\" width=\"525\" height=\"345\" \/><figcaption id=\"caption-attachment-1113\" class=\"wp-caption-text\">Statuette de renard en fa\u00efence, Egypte, Moyen-Empire (XIX<sup>e<\/sup>-XVIII<sup>e<\/sup> si\u00e8cle avant J.-C.). Metropolitan Museum, inv. 08.200.36.<\/figcaption><\/figure>\n<p>\u21d2 <a href=\"https:\/\/www.archeolab.app\/archeonimaux\/portraits-danimaux\/les-equides\/lane\/\">L&rsquo;\u00e2ne<\/a><\/p>\n","protected":false},"excerpt":{"rendered":"<p>Plusieurs esp\u00e8ces de renard sont connues dans le Proche-Orient antique. N\u00e9anmoins un trait les caract\u00e9rise\u00a0: leur ruse s\u00e9ductrice. Les fouilles ont mis au jour des restes de renards, notamment \u00e0 &hellip; <a href=\"https:\/\/archeolab.app\/archeonimaux\/portraits-danimaux\/le-renard\/\" class=\"more-link\">Continuer la lecture de <span class=\"screen-reader-text\">Le renard<\/span><\/a><\/p>\n","protected":false},"author":1,"featured_media":0,"parent":636,"menu_order":3,"comment_status":"closed","ping_status":"closed","template":"","meta":{"_acf_changed":false,"footnotes":""},"class_list":["post-644","page","type-page","status-publish","hentry"],"acf":[],"yoast_head":"<!-- This site is optimized with the Yoast SEO plugin v27.3 - https:\/\/yoast.com\/product\/yoast-seo-wordpress\/ -->\n<title>Le renard - Arch\u00e9onimaux<\/title>\n<meta name=\"robots\" content=\"index, follow, max-snippet:-1, max-image-preview:large, max-video-preview:-1\" \/>\n<link rel=\"canonical\" href=\"https:\/\/archeolab.app\/archeonimaux\/portraits-danimaux\/le-renard\/\" \/>\n<meta property=\"og:locale\" content=\"fr_FR\" \/>\n<meta property=\"og:type\" content=\"article\" \/>\n<meta property=\"og:title\" content=\"Le renard - Arch\u00e9onimaux\" \/>\n<meta property=\"og:description\" content=\"Plusieurs esp\u00e8ces de renard sont connues dans le Proche-Orient antique. N\u00e9anmoins un trait les caract\u00e9rise\u00a0: leur ruse s\u00e9ductrice. Les fouilles ont mis au jour des restes de renards, notamment \u00e0 &hellip; Continuer la lecture de Le renard\" \/>\n<meta property=\"og:url\" content=\"https:\/\/archeolab.app\/archeonimaux\/portraits-danimaux\/le-renard\/\" \/>\n<meta property=\"og:site_name\" content=\"Arch\u00e9onimaux\" \/>\n<meta property=\"article:modified_time\" content=\"2020-03-26T13:36:45+00:00\" \/>\n<meta property=\"og:image\" content=\"https:\/\/www.archeolab.app\/archeonimaux\/wp-content\/uploads\/sites\/3\/2018\/01\/fig.16-mod-996x1024.jpg\" \/>\n<meta name=\"twitter:card\" content=\"summary_large_image\" \/>\n<meta name=\"twitter:label1\" content=\"Dur\u00e9e de lecture estim\u00e9e\" \/>\n\t<meta name=\"twitter:data1\" content=\"2 minutes\" \/>\n<script type=\"application\/ld+json\" class=\"yoast-schema-graph\">{\"@context\":\"https:\\\/\\\/schema.org\",\"@graph\":[{\"@type\":\"WebPage\",\"@id\":\"https:\\\/\\\/archeolab.app\\\/archeonimaux\\\/portraits-danimaux\\\/le-renard\\\/\",\"url\":\"https:\\\/\\\/archeolab.app\\\/archeonimaux\\\/portraits-danimaux\\\/le-renard\\\/\",\"name\":\"Le renard - Arch\u00e9onimaux\",\"isPartOf\":{\"@id\":\"https:\\\/\\\/archeolab.app\\\/archeonimaux\\\/#website\"},\"primaryImageOfPage\":{\"@id\":\"https:\\\/\\\/archeolab.app\\\/archeonimaux\\\/portraits-danimaux\\\/le-renard\\\/#primaryimage\"},\"image\":{\"@id\":\"https:\\\/\\\/archeolab.app\\\/archeonimaux\\\/portraits-danimaux\\\/le-renard\\\/#primaryimage\"},\"thumbnailUrl\":\"https:\\\/\\\/www.archeolab.app\\\/archeonimaux\\\/wp-content\\\/uploads\\\/sites\\\/3\\\/2018\\\/01\\\/fig.16-mod-996x1024.jpg\",\"datePublished\":\"2017-09-04T07:35:49+00:00\",\"dateModified\":\"2020-03-26T13:36:45+00:00\",\"breadcrumb\":{\"@id\":\"https:\\\/\\\/archeolab.app\\\/archeonimaux\\\/portraits-danimaux\\\/le-renard\\\/#breadcrumb\"},\"inLanguage\":\"fr-FR\",\"potentialAction\":[{\"@type\":\"ReadAction\",\"target\":[\"https:\\\/\\\/archeolab.app\\\/archeonimaux\\\/portraits-danimaux\\\/le-renard\\\/\"]}]},{\"@type\":\"ImageObject\",\"inLanguage\":\"fr-FR\",\"@id\":\"https:\\\/\\\/archeolab.app\\\/archeonimaux\\\/portraits-danimaux\\\/le-renard\\\/#primaryimage\",\"url\":\"https:\\\/\\\/www.archeolab.app\\\/archeonimaux\\\/wp-content\\\/uploads\\\/sites\\\/3\\\/2018\\\/01\\\/fig.16-mod-996x1024.jpg\",\"contentUrl\":\"https:\\\/\\\/www.archeolab.app\\\/archeonimaux\\\/wp-content\\\/uploads\\\/sites\\\/3\\\/2018\\\/01\\\/fig.16-mod-996x1024.jpg\"},{\"@type\":\"BreadcrumbList\",\"@id\":\"https:\\\/\\\/archeolab.app\\\/archeonimaux\\\/portraits-danimaux\\\/le-renard\\\/#breadcrumb\",\"itemListElement\":[{\"@type\":\"ListItem\",\"position\":1,\"name\":\"Accueil\",\"item\":\"https:\\\/\\\/archeolab.app\\\/archeonimaux\\\/\"},{\"@type\":\"ListItem\",\"position\":2,\"name\":\"Portraits d\u2019animaux\",\"item\":\"https:\\\/\\\/archeolab.app\\\/archeonimaux\\\/portraits-danimaux\\\/\"},{\"@type\":\"ListItem\",\"position\":3,\"name\":\"Le renard\"}]},{\"@type\":\"WebSite\",\"@id\":\"https:\\\/\\\/archeolab.app\\\/archeonimaux\\\/#website\",\"url\":\"https:\\\/\\\/archeolab.app\\\/archeonimaux\\\/\",\"name\":\"Arch\u00e9onimaux\",\"description\":\"Pour tout savoir sur nos amies les b\u00eates dans l&#039;Antiquit\u00e9\",\"potentialAction\":[{\"@type\":\"SearchAction\",\"target\":{\"@type\":\"EntryPoint\",\"urlTemplate\":\"https:\\\/\\\/archeolab.app\\\/archeonimaux\\\/?s={search_term_string}\"},\"query-input\":{\"@type\":\"PropertyValueSpecification\",\"valueRequired\":true,\"valueName\":\"search_term_string\"}}],\"inLanguage\":\"fr-FR\"}]}<\/script>\n<!-- \/ Yoast SEO plugin. -->","yoast_head_json":{"title":"Le renard - Arch\u00e9onimaux","robots":{"index":"index","follow":"follow","max-snippet":"max-snippet:-1","max-image-preview":"max-image-preview:large","max-video-preview":"max-video-preview:-1"},"canonical":"https:\/\/archeolab.app\/archeonimaux\/portraits-danimaux\/le-renard\/","og_locale":"fr_FR","og_type":"article","og_title":"Le renard - Arch\u00e9onimaux","og_description":"Plusieurs esp\u00e8ces de renard sont connues dans le Proche-Orient antique. N\u00e9anmoins un trait les caract\u00e9rise\u00a0: leur ruse s\u00e9ductrice. Les fouilles ont mis au jour des restes de renards, notamment \u00e0 &hellip; Continuer la lecture de Le renard","og_url":"https:\/\/archeolab.app\/archeonimaux\/portraits-danimaux\/le-renard\/","og_site_name":"Arch\u00e9onimaux","article_modified_time":"2020-03-26T13:36:45+00:00","og_image":[{"url":"https:\/\/www.archeolab.app\/archeonimaux\/wp-content\/uploads\/sites\/3\/2018\/01\/fig.16-mod-996x1024.jpg","type":"","width":"","height":""}],"twitter_card":"summary_large_image","twitter_misc":{"Dur\u00e9e de lecture estim\u00e9e":"2 minutes"},"schema":{"@context":"https:\/\/schema.org","@graph":[{"@type":"WebPage","@id":"https:\/\/archeolab.app\/archeonimaux\/portraits-danimaux\/le-renard\/","url":"https:\/\/archeolab.app\/archeonimaux\/portraits-danimaux\/le-renard\/","name":"Le renard - Arch\u00e9onimaux","isPartOf":{"@id":"https:\/\/archeolab.app\/archeonimaux\/#website"},"primaryImageOfPage":{"@id":"https:\/\/archeolab.app\/archeonimaux\/portraits-danimaux\/le-renard\/#primaryimage"},"image":{"@id":"https:\/\/archeolab.app\/archeonimaux\/portraits-danimaux\/le-renard\/#primaryimage"},"thumbnailUrl":"https:\/\/www.archeolab.app\/archeonimaux\/wp-content\/uploads\/sites\/3\/2018\/01\/fig.16-mod-996x1024.jpg","datePublished":"2017-09-04T07:35:49+00:00","dateModified":"2020-03-26T13:36:45+00:00","breadcrumb":{"@id":"https:\/\/archeolab.app\/archeonimaux\/portraits-danimaux\/le-renard\/#breadcrumb"},"inLanguage":"fr-FR","potentialAction":[{"@type":"ReadAction","target":["https:\/\/archeolab.app\/archeonimaux\/portraits-danimaux\/le-renard\/"]}]},{"@type":"ImageObject","inLanguage":"fr-FR","@id":"https:\/\/archeolab.app\/archeonimaux\/portraits-danimaux\/le-renard\/#primaryimage","url":"https:\/\/www.archeolab.app\/archeonimaux\/wp-content\/uploads\/sites\/3\/2018\/01\/fig.16-mod-996x1024.jpg","contentUrl":"https:\/\/www.archeolab.app\/archeonimaux\/wp-content\/uploads\/sites\/3\/2018\/01\/fig.16-mod-996x1024.jpg"},{"@type":"BreadcrumbList","@id":"https:\/\/archeolab.app\/archeonimaux\/portraits-danimaux\/le-renard\/#breadcrumb","itemListElement":[{"@type":"ListItem","position":1,"name":"Accueil","item":"https:\/\/archeolab.app\/archeonimaux\/"},{"@type":"ListItem","position":2,"name":"Portraits d\u2019animaux","item":"https:\/\/archeolab.app\/archeonimaux\/portraits-danimaux\/"},{"@type":"ListItem","position":3,"name":"Le renard"}]},{"@type":"WebSite","@id":"https:\/\/archeolab.app\/archeonimaux\/#website","url":"https:\/\/archeolab.app\/archeonimaux\/","name":"Arch\u00e9onimaux","description":"Pour tout savoir sur nos amies les b\u00eates dans l&#039;Antiquit\u00e9","potentialAction":[{"@type":"SearchAction","target":{"@type":"EntryPoint","urlTemplate":"https:\/\/archeolab.app\/archeonimaux\/?s={search_term_string}"},"query-input":{"@type":"PropertyValueSpecification","valueRequired":true,"valueName":"search_term_string"}}],"inLanguage":"fr-FR"}]}},"_links":{"self":[{"href":"https:\/\/archeolab.app\/archeonimaux\/wp-json\/wp\/v2\/pages\/644","targetHints":{"allow":["GET"]}}],"collection":[{"href":"https:\/\/archeolab.app\/archeonimaux\/wp-json\/wp\/v2\/pages"}],"about":[{"href":"https:\/\/archeolab.app\/archeonimaux\/wp-json\/wp\/v2\/types\/page"}],"author":[{"embeddable":true,"href":"https:\/\/archeolab.app\/archeonimaux\/wp-json\/wp\/v2\/users\/1"}],"replies":[{"embeddable":true,"href":"https:\/\/archeolab.app\/archeonimaux\/wp-json\/wp\/v2\/comments?post=644"}],"version-history":[{"count":1,"href":"https:\/\/archeolab.app\/archeonimaux\/wp-json\/wp\/v2\/pages\/644\/revisions"}],"predecessor-version":[{"id":1579,"href":"https:\/\/archeolab.app\/archeonimaux\/wp-json\/wp\/v2\/pages\/644\/revisions\/1579"}],"up":[{"embeddable":true,"href":"https:\/\/archeolab.app\/archeonimaux\/wp-json\/wp\/v2\/pages\/636"}],"wp:attachment":[{"href":"https:\/\/archeolab.app\/archeonimaux\/wp-json\/wp\/v2\/media?parent=644"}],"curies":[{"name":"wp","href":"https:\/\/api.w.org\/{rel}","templated":true}]}}