{"id":642,"date":"2017-09-04T09:35:49","date_gmt":"2017-09-04T07:35:49","guid":{"rendered":"http:\/\/www.archeoweb.ch\/expo\/archeonimaux\/portraits-danimaux\/le-chien\/proverbes-mesopotamiens\/"},"modified":"2020-03-30T13:59:52","modified_gmt":"2020-03-30T11:59:52","slug":"proverbes-mesopotamiens","status":"publish","type":"page","link":"https:\/\/archeolab.app\/archeonimaux\/portraits-danimaux\/le-chien\/proverbes-mesopotamiens\/","title":{"rendered":"Proverbes m\u00e9sopotamiens"},"content":{"rendered":"<p style=\"text-align: justify;\"><strong>En M\u00e9sopotamie, les proverbes ne donnent pas toujours le beau r\u00f4le au chien\u00a0: il est b\u00eate et flatteur.<\/strong><\/p>\n<p style=\"text-align: justify;\">\u00ab\u00a0Le chien du potier, quand il s\u2019est mis dans le four, c\u2019est contre le potier qu\u2019il aboie\u00a0\u00bb.<\/p>\n<p style=\"text-align: justify;\">\u00ab Lorsque tu t\u2019es \u00e9chapp\u00e9, tu es un auroch sauvage. Une fois qu\u2019on t\u2019a attrap\u00e9, tu te fais flatteur comme un chien \u00bb.<\/p>\n<p style=\"text-align: justify;\">\u00ab\u00a0Une mangouste, (fuyant) devant un chien, [entra] dans une conduite d\u2019\u00e9gout. Et le chien bondissant, [aboya] \u00e0 l\u2019entr\u00e9e de la conduite. Mais il laissa la mangouste s\u2019\u00e9chapper (de l\u2019autre c\u00f4t\u00e9) de la conduite\u00a0\u00bb.<\/p>\n<p>\u21d2 <a href=\"https:\/\/www.archeolab.app\/archeonimaux\/portraits-danimaux\/le-chat\/\">Le chat<\/a><\/p>\n","protected":false},"excerpt":{"rendered":"<p>En M\u00e9sopotamie, les proverbes ne donnent pas toujours le beau r\u00f4le au chien\u00a0: il est b\u00eate et flatteur. \u00ab\u00a0Le chien du potier, quand il s\u2019est mis dans le four, c\u2019est &hellip; <a href=\"https:\/\/archeolab.app\/archeonimaux\/portraits-danimaux\/le-chien\/proverbes-mesopotamiens\/\" class=\"more-link\">Continuer la lecture de <span class=\"screen-reader-text\">Proverbes m\u00e9sopotamiens<\/span><\/a><\/p>\n","protected":false},"author":1,"featured_media":0,"parent":637,"menu_order":5,"comment_status":"closed","ping_status":"closed","template":"","meta":{"_acf_changed":false,"footnotes":""},"class_list":["post-642","page","type-page","status-publish","hentry"],"acf":[],"yoast_head":"<!-- This site is optimized with the Yoast SEO plugin v27.6 - https:\/\/yoast.com\/product\/yoast-seo-wordpress\/ -->\n<title>Proverbes m\u00e9sopotamiens - Arch\u00e9onimaux<\/title>\n<meta name=\"robots\" content=\"index, follow, max-snippet:-1, max-image-preview:large, max-video-preview:-1\" \/>\n<link rel=\"canonical\" href=\"https:\/\/archeolab.app\/archeonimaux\/portraits-danimaux\/le-chien\/proverbes-mesopotamiens\/\" \/>\n<meta property=\"og:locale\" content=\"fr_FR\" \/>\n<meta property=\"og:type\" content=\"article\" \/>\n<meta property=\"og:title\" content=\"Proverbes m\u00e9sopotamiens - Arch\u00e9onimaux\" \/>\n<meta property=\"og:description\" content=\"En M\u00e9sopotamie, les proverbes ne donnent pas toujours le beau r\u00f4le au chien\u00a0: il est b\u00eate et flatteur. \u00ab\u00a0Le chien du potier, quand il s\u2019est mis dans le four, c\u2019est &hellip; Continuer la lecture de Proverbes m\u00e9sopotamiens\" \/>\n<meta property=\"og:url\" content=\"https:\/\/archeolab.app\/archeonimaux\/portraits-danimaux\/le-chien\/proverbes-mesopotamiens\/\" \/>\n<meta property=\"og:site_name\" content=\"Arch\u00e9onimaux\" \/>\n<meta property=\"article:modified_time\" content=\"2020-03-30T11:59:52+00:00\" \/>\n<meta name=\"twitter:card\" content=\"summary_large_image\" \/>\n<meta name=\"twitter:label1\" content=\"Dur\u00e9e de lecture estim\u00e9e\" \/>\n\t<meta name=\"twitter:data1\" content=\"1 minute\" \/>\n<script type=\"application\/ld+json\" class=\"yoast-schema-graph\">{\"@context\":\"https:\\\/\\\/schema.org\",\"@graph\":[{\"@type\":\"WebPage\",\"@id\":\"https:\\\/\\\/archeolab.app\\\/archeonimaux\\\/portraits-danimaux\\\/le-chien\\\/proverbes-mesopotamiens\\\/\",\"url\":\"https:\\\/\\\/archeolab.app\\\/archeonimaux\\\/portraits-danimaux\\\/le-chien\\\/proverbes-mesopotamiens\\\/\",\"name\":\"Proverbes m\u00e9sopotamiens - Arch\u00e9onimaux\",\"isPartOf\":{\"@id\":\"https:\\\/\\\/archeolab.app\\\/archeonimaux\\\/#website\"},\"datePublished\":\"2017-09-04T07:35:49+00:00\",\"dateModified\":\"2020-03-30T11:59:52+00:00\",\"breadcrumb\":{\"@id\":\"https:\\\/\\\/archeolab.app\\\/archeonimaux\\\/portraits-danimaux\\\/le-chien\\\/proverbes-mesopotamiens\\\/#breadcrumb\"},\"inLanguage\":\"fr-FR\",\"potentialAction\":[{\"@type\":\"ReadAction\",\"target\":[\"https:\\\/\\\/archeolab.app\\\/archeonimaux\\\/portraits-danimaux\\\/le-chien\\\/proverbes-mesopotamiens\\\/\"]}]},{\"@type\":\"BreadcrumbList\",\"@id\":\"https:\\\/\\\/archeolab.app\\\/archeonimaux\\\/portraits-danimaux\\\/le-chien\\\/proverbes-mesopotamiens\\\/#breadcrumb\",\"itemListElement\":[{\"@type\":\"ListItem\",\"position\":1,\"name\":\"Accueil\",\"item\":\"https:\\\/\\\/archeolab.app\\\/archeonimaux\\\/\"},{\"@type\":\"ListItem\",\"position\":2,\"name\":\"Portraits d\u2019animaux\",\"item\":\"https:\\\/\\\/archeolab.app\\\/archeonimaux\\\/portraits-danimaux\\\/\"},{\"@type\":\"ListItem\",\"position\":3,\"name\":\"Le chien\",\"item\":\"https:\\\/\\\/archeolab.app\\\/archeonimaux\\\/portraits-danimaux\\\/le-chien\\\/\"},{\"@type\":\"ListItem\",\"position\":4,\"name\":\"Proverbes m\u00e9sopotamiens\"}]},{\"@type\":\"WebSite\",\"@id\":\"https:\\\/\\\/archeolab.app\\\/archeonimaux\\\/#website\",\"url\":\"https:\\\/\\\/archeolab.app\\\/archeonimaux\\\/\",\"name\":\"Arch\u00e9onimaux\",\"description\":\"Pour tout savoir sur nos amies les b\u00eates dans l&#039;Antiquit\u00e9\",\"potentialAction\":[{\"@type\":\"SearchAction\",\"target\":{\"@type\":\"EntryPoint\",\"urlTemplate\":\"https:\\\/\\\/archeolab.app\\\/archeonimaux\\\/?s={search_term_string}\"},\"query-input\":{\"@type\":\"PropertyValueSpecification\",\"valueRequired\":true,\"valueName\":\"search_term_string\"}}],\"inLanguage\":\"fr-FR\"}]}<\/script>\n<!-- \/ Yoast SEO plugin. -->","yoast_head_json":{"title":"Proverbes m\u00e9sopotamiens - Arch\u00e9onimaux","robots":{"index":"index","follow":"follow","max-snippet":"max-snippet:-1","max-image-preview":"max-image-preview:large","max-video-preview":"max-video-preview:-1"},"canonical":"https:\/\/archeolab.app\/archeonimaux\/portraits-danimaux\/le-chien\/proverbes-mesopotamiens\/","og_locale":"fr_FR","og_type":"article","og_title":"Proverbes m\u00e9sopotamiens - Arch\u00e9onimaux","og_description":"En M\u00e9sopotamie, les proverbes ne donnent pas toujours le beau r\u00f4le au chien\u00a0: il est b\u00eate et flatteur. \u00ab\u00a0Le chien du potier, quand il s\u2019est mis dans le four, c\u2019est &hellip; Continuer la lecture de Proverbes m\u00e9sopotamiens","og_url":"https:\/\/archeolab.app\/archeonimaux\/portraits-danimaux\/le-chien\/proverbes-mesopotamiens\/","og_site_name":"Arch\u00e9onimaux","article_modified_time":"2020-03-30T11:59:52+00:00","twitter_card":"summary_large_image","twitter_misc":{"Dur\u00e9e de lecture estim\u00e9e":"1 minute"},"schema":{"@context":"https:\/\/schema.org","@graph":[{"@type":"WebPage","@id":"https:\/\/archeolab.app\/archeonimaux\/portraits-danimaux\/le-chien\/proverbes-mesopotamiens\/","url":"https:\/\/archeolab.app\/archeonimaux\/portraits-danimaux\/le-chien\/proverbes-mesopotamiens\/","name":"Proverbes m\u00e9sopotamiens - Arch\u00e9onimaux","isPartOf":{"@id":"https:\/\/archeolab.app\/archeonimaux\/#website"},"datePublished":"2017-09-04T07:35:49+00:00","dateModified":"2020-03-30T11:59:52+00:00","breadcrumb":{"@id":"https:\/\/archeolab.app\/archeonimaux\/portraits-danimaux\/le-chien\/proverbes-mesopotamiens\/#breadcrumb"},"inLanguage":"fr-FR","potentialAction":[{"@type":"ReadAction","target":["https:\/\/archeolab.app\/archeonimaux\/portraits-danimaux\/le-chien\/proverbes-mesopotamiens\/"]}]},{"@type":"BreadcrumbList","@id":"https:\/\/archeolab.app\/archeonimaux\/portraits-danimaux\/le-chien\/proverbes-mesopotamiens\/#breadcrumb","itemListElement":[{"@type":"ListItem","position":1,"name":"Accueil","item":"https:\/\/archeolab.app\/archeonimaux\/"},{"@type":"ListItem","position":2,"name":"Portraits d\u2019animaux","item":"https:\/\/archeolab.app\/archeonimaux\/portraits-danimaux\/"},{"@type":"ListItem","position":3,"name":"Le chien","item":"https:\/\/archeolab.app\/archeonimaux\/portraits-danimaux\/le-chien\/"},{"@type":"ListItem","position":4,"name":"Proverbes m\u00e9sopotamiens"}]},{"@type":"WebSite","@id":"https:\/\/archeolab.app\/archeonimaux\/#website","url":"https:\/\/archeolab.app\/archeonimaux\/","name":"Arch\u00e9onimaux","description":"Pour tout savoir sur nos amies les b\u00eates dans l&#039;Antiquit\u00e9","potentialAction":[{"@type":"SearchAction","target":{"@type":"EntryPoint","urlTemplate":"https:\/\/archeolab.app\/archeonimaux\/?s={search_term_string}"},"query-input":{"@type":"PropertyValueSpecification","valueRequired":true,"valueName":"search_term_string"}}],"inLanguage":"fr-FR"}]}},"_links":{"self":[{"href":"https:\/\/archeolab.app\/archeonimaux\/wp-json\/wp\/v2\/pages\/642","targetHints":{"allow":["GET"]}}],"collection":[{"href":"https:\/\/archeolab.app\/archeonimaux\/wp-json\/wp\/v2\/pages"}],"about":[{"href":"https:\/\/archeolab.app\/archeonimaux\/wp-json\/wp\/v2\/types\/page"}],"author":[{"embeddable":true,"href":"https:\/\/archeolab.app\/archeonimaux\/wp-json\/wp\/v2\/users\/1"}],"replies":[{"embeddable":true,"href":"https:\/\/archeolab.app\/archeonimaux\/wp-json\/wp\/v2\/comments?post=642"}],"version-history":[{"count":2,"href":"https:\/\/archeolab.app\/archeonimaux\/wp-json\/wp\/v2\/pages\/642\/revisions"}],"predecessor-version":[{"id":1642,"href":"https:\/\/archeolab.app\/archeonimaux\/wp-json\/wp\/v2\/pages\/642\/revisions\/1642"}],"up":[{"embeddable":true,"href":"https:\/\/archeolab.app\/archeonimaux\/wp-json\/wp\/v2\/pages\/637"}],"wp:attachment":[{"href":"https:\/\/archeolab.app\/archeonimaux\/wp-json\/wp\/v2\/media?parent=642"}],"curies":[{"name":"wp","href":"https:\/\/api.w.org\/{rel}","templated":true}]}}