{"id":640,"date":"2017-09-04T09:35:49","date_gmt":"2017-09-04T07:35:49","guid":{"rendered":"http:\/\/www.archeoweb.ch\/expo\/archeonimaux\/portraits-danimaux\/le-chien\/la-domestication\/"},"modified":"2020-03-30T13:58:06","modified_gmt":"2020-03-30T11:58:06","slug":"la-domestication","status":"publish","type":"page","link":"https:\/\/archeolab.app\/archeonimaux\/portraits-danimaux\/le-chien\/la-domestication\/","title":{"rendered":"La domestication"},"content":{"rendered":"<p style=\"text-align: justify;\"><strong>Un des rares sujets \u00e0 propos desquels les scientifiques s&rsquo;accordent est que le chien a \u00e9t\u00e9 le premier animal domestiqu\u00e9 par l&rsquo;homme. La date exacte de sa domestication est tr\u00e8s difficile \u00e0 \u00e9tablir : des recherches ont lieu en permanence et les nouveaux r\u00e9sultats remettent sans cesse en question les affirmations plus anciennes.<\/strong><\/p>\n<figure id=\"attachment_812\" aria-describedby=\"caption-attachment-812\" style=\"width: 736px\" class=\"wp-caption aligncenter\"><img loading=\"lazy\" decoding=\"async\" class=\"wp-image-812 size-full\" src=\"https:\/\/www.archeolab.app\/archeonimaux\/wp-content\/uploads\/sites\/3\/2017\/09\/fig.3.jpg\" alt=\"\" width=\"736\" height=\"594\" \/><figcaption id=\"caption-attachment-812\" class=\"wp-caption-text\">M\u00e9tamorphose d\u2019Act\u00e9on en cerf d\u00e9vor\u00e9 par ses chiens. Crat\u00e8re attique \u00e0 figures rouges, peintre de Pan, vers 470 avant J.-C., Boston, Museum of Fine Arts.<\/figcaption><\/figure>\n<p style=\"text-align: justify;\">En effet en 2009, un cr\u00e2ne retrouv\u00e9 dans la grotte de Goyet (en Belgique) et dat\u00e9 de 31700 ans a \u00e9t\u00e9 identifi\u00e9, notamment gr\u00e2ce \u00e0 des analyses cr\u00e2niennes, comme \u00e9tant un chien domestiqu\u00e9. Des \u00e9tudes de 2011 et 2013 men\u00e9es sur un cr\u00e2ne du massif de l&rsquo;Alta\u00ef (cha\u00eene de montagne d&rsquo;Asie \u00e9tendue sur la Russie, la Chine, la Mongolie et le Kazakhstan) allaient dans le m\u00eame sens d&rsquo;une domestication du chien dat\u00e9e d&rsquo;il y a environ 30000 ans (pal\u00e9olithique). Mais en 2015, l\u2019\u00e9tude d\u2019un cr\u00e2ne russe vieux d\u2019environ 14000 ans, attribu\u00e9 \u00e0 un loup, suivie de nouvelles recherches sur des cr\u00e2nes anciennement connus, ont chang\u00e9 la donne\u00a0: la domestication du chien ne daterait finalement que du n\u00e9olithique, il y a 10000 ans.<\/p>\n<p style=\"text-align: justify;\">La domestication du chien est d\u00e9licate \u00e0 dater de fa\u00e7on pr\u00e9cise probablement car nous ne devrions pas parler de domestication du chien mais plut\u00f4t de lente transformation du loup en chien ! En effet, \u00e0 partir d&rsquo;une certaine \u00e9poque, les chasseurs ont commenc\u00e9 \u00e0 ramener de la chasse des louveteaux non sevr\u00e9s de meutes de loups et les ont donn\u00e9s \u00e0 leurs femmes\u00a0; celles-ci ont \u00e9lev\u00e9 les louveteaux au sein de la communaut\u00e9 de chasseurs-cueilleurs en les nourrissant au sein. Il ne semble donc pas possible ou en tout cas tr\u00e8s difficile pour les scientifiques d&rsquo;\u00e9tablir une date pr\u00e9cise car ce processus de transformation du loup en chien a d\u00fb s&rsquo;\u00e9tendre sur plusieurs milliers d&rsquo;ann\u00e9es et n&rsquo;a pas constitu\u00e9 un basculement soudain.<\/p>\n<p style=\"text-align: justify;\">Quelle que soit la datation exacte de la domestication du chien, il s&rsquo;agit \u00e9galement de s&rsquo;int\u00e9resser aux raisons de cette domestication : la raison initiale est probablement l&rsquo;utilisation du chien pour la chasse. Et \u00e0 ce titre, la premi\u00e8re attestation de la domestication du chien dans l&rsquo;art se trouverait dans l&rsquo;art pari\u00e9tal. C&rsquo;est dans la grotte de Vieja (Cueva de la Vieja, pr\u00e8s d&rsquo;Alpera, en Espagne) qu&rsquo;ont \u00e9t\u00e9 retrouv\u00e9es sept repr\u00e9sentations de loups ou canid\u00e9s dont une est consid\u00e9r\u00e9e comme un chien domestiqu\u00e9. Celui-ci est en effet repr\u00e9sent\u00e9 chassant un cerf aux c\u00f4t\u00e9s d&rsquo;un homme. Ces peintures murales sont dat\u00e9es d&rsquo;environ 10000 avant J.-C. et constituent pour l&rsquo;instant les plus vieilles repr\u00e9sentations d&rsquo;un chien que l&rsquo;on peut consid\u00e9rer comme domestiqu\u00e9.<\/p>\n<p>\u21d2 <a href=\"https:\/\/archeolab.app\/archeonimaux\/portraits-danimaux\/le-chien\/proverbes-mesopotamiens\/\">Quelques proverbes m\u00e9sopotamiens<\/a><\/p>\n","protected":false},"excerpt":{"rendered":"<p>Un des rares sujets \u00e0 propos desquels les scientifiques s&rsquo;accordent est que le chien a \u00e9t\u00e9 le premier animal domestiqu\u00e9 par l&rsquo;homme. La date exacte de sa domestication est tr\u00e8s &hellip; <a href=\"https:\/\/archeolab.app\/archeonimaux\/portraits-danimaux\/le-chien\/la-domestication\/\" class=\"more-link\">Continuer la lecture de <span class=\"screen-reader-text\">La domestication<\/span><\/a><\/p>\n","protected":false},"author":1,"featured_media":0,"parent":637,"menu_order":3,"comment_status":"closed","ping_status":"closed","template":"","meta":{"_acf_changed":false,"footnotes":""},"class_list":["post-640","page","type-page","status-publish","hentry"],"acf":[],"yoast_head":"<!-- This site is optimized with the Yoast SEO plugin v27.5 - https:\/\/yoast.com\/product\/yoast-seo-wordpress\/ -->\n<title>La domestication - Arch\u00e9onimaux<\/title>\n<meta name=\"robots\" content=\"index, follow, max-snippet:-1, max-image-preview:large, max-video-preview:-1\" \/>\n<link rel=\"canonical\" href=\"https:\/\/archeolab.app\/archeonimaux\/portraits-danimaux\/le-chien\/la-domestication\/\" \/>\n<meta property=\"og:locale\" content=\"fr_FR\" \/>\n<meta property=\"og:type\" content=\"article\" \/>\n<meta property=\"og:title\" content=\"La domestication - Arch\u00e9onimaux\" \/>\n<meta property=\"og:description\" content=\"Un des rares sujets \u00e0 propos desquels les scientifiques s&rsquo;accordent est que le chien a \u00e9t\u00e9 le premier animal domestiqu\u00e9 par l&rsquo;homme. La date exacte de sa domestication est tr\u00e8s &hellip; Continuer la lecture de La domestication\" \/>\n<meta property=\"og:url\" content=\"https:\/\/archeolab.app\/archeonimaux\/portraits-danimaux\/le-chien\/la-domestication\/\" \/>\n<meta property=\"og:site_name\" content=\"Arch\u00e9onimaux\" \/>\n<meta property=\"article:modified_time\" content=\"2020-03-30T11:58:06+00:00\" \/>\n<meta property=\"og:image\" content=\"https:\/\/www.archeolab.app\/archeonimaux\/wp-content\/uploads\/sites\/3\/2017\/09\/fig.3.jpg\" \/>\n<meta name=\"twitter:card\" content=\"summary_large_image\" \/>\n<meta name=\"twitter:label1\" content=\"Dur\u00e9e de lecture estim\u00e9e\" \/>\n\t<meta name=\"twitter:data1\" content=\"2 minutes\" \/>\n<script type=\"application\/ld+json\" class=\"yoast-schema-graph\">{\"@context\":\"https:\\\/\\\/schema.org\",\"@graph\":[{\"@type\":\"WebPage\",\"@id\":\"https:\\\/\\\/archeolab.app\\\/archeonimaux\\\/portraits-danimaux\\\/le-chien\\\/la-domestication\\\/\",\"url\":\"https:\\\/\\\/archeolab.app\\\/archeonimaux\\\/portraits-danimaux\\\/le-chien\\\/la-domestication\\\/\",\"name\":\"La domestication - Arch\u00e9onimaux\",\"isPartOf\":{\"@id\":\"https:\\\/\\\/archeolab.app\\\/archeonimaux\\\/#website\"},\"primaryImageOfPage\":{\"@id\":\"https:\\\/\\\/archeolab.app\\\/archeonimaux\\\/portraits-danimaux\\\/le-chien\\\/la-domestication\\\/#primaryimage\"},\"image\":{\"@id\":\"https:\\\/\\\/archeolab.app\\\/archeonimaux\\\/portraits-danimaux\\\/le-chien\\\/la-domestication\\\/#primaryimage\"},\"thumbnailUrl\":\"https:\\\/\\\/www.archeolab.app\\\/archeonimaux\\\/wp-content\\\/uploads\\\/sites\\\/3\\\/2017\\\/09\\\/fig.3.jpg\",\"datePublished\":\"2017-09-04T07:35:49+00:00\",\"dateModified\":\"2020-03-30T11:58:06+00:00\",\"breadcrumb\":{\"@id\":\"https:\\\/\\\/archeolab.app\\\/archeonimaux\\\/portraits-danimaux\\\/le-chien\\\/la-domestication\\\/#breadcrumb\"},\"inLanguage\":\"fr-FR\",\"potentialAction\":[{\"@type\":\"ReadAction\",\"target\":[\"https:\\\/\\\/archeolab.app\\\/archeonimaux\\\/portraits-danimaux\\\/le-chien\\\/la-domestication\\\/\"]}]},{\"@type\":\"ImageObject\",\"inLanguage\":\"fr-FR\",\"@id\":\"https:\\\/\\\/archeolab.app\\\/archeonimaux\\\/portraits-danimaux\\\/le-chien\\\/la-domestication\\\/#primaryimage\",\"url\":\"https:\\\/\\\/www.archeolab.app\\\/archeonimaux\\\/wp-content\\\/uploads\\\/sites\\\/3\\\/2017\\\/09\\\/fig.3.jpg\",\"contentUrl\":\"https:\\\/\\\/www.archeolab.app\\\/archeonimaux\\\/wp-content\\\/uploads\\\/sites\\\/3\\\/2017\\\/09\\\/fig.3.jpg\"},{\"@type\":\"BreadcrumbList\",\"@id\":\"https:\\\/\\\/archeolab.app\\\/archeonimaux\\\/portraits-danimaux\\\/le-chien\\\/la-domestication\\\/#breadcrumb\",\"itemListElement\":[{\"@type\":\"ListItem\",\"position\":1,\"name\":\"Accueil\",\"item\":\"https:\\\/\\\/archeolab.app\\\/archeonimaux\\\/\"},{\"@type\":\"ListItem\",\"position\":2,\"name\":\"Portraits d\u2019animaux\",\"item\":\"https:\\\/\\\/archeolab.app\\\/archeonimaux\\\/portraits-danimaux\\\/\"},{\"@type\":\"ListItem\",\"position\":3,\"name\":\"Le chien\",\"item\":\"https:\\\/\\\/archeolab.app\\\/archeonimaux\\\/portraits-danimaux\\\/le-chien\\\/\"},{\"@type\":\"ListItem\",\"position\":4,\"name\":\"La domestication\"}]},{\"@type\":\"WebSite\",\"@id\":\"https:\\\/\\\/archeolab.app\\\/archeonimaux\\\/#website\",\"url\":\"https:\\\/\\\/archeolab.app\\\/archeonimaux\\\/\",\"name\":\"Arch\u00e9onimaux\",\"description\":\"Pour tout savoir sur nos amies les b\u00eates dans l&#039;Antiquit\u00e9\",\"potentialAction\":[{\"@type\":\"SearchAction\",\"target\":{\"@type\":\"EntryPoint\",\"urlTemplate\":\"https:\\\/\\\/archeolab.app\\\/archeonimaux\\\/?s={search_term_string}\"},\"query-input\":{\"@type\":\"PropertyValueSpecification\",\"valueRequired\":true,\"valueName\":\"search_term_string\"}}],\"inLanguage\":\"fr-FR\"}]}<\/script>\n<!-- \/ Yoast SEO plugin. -->","yoast_head_json":{"title":"La domestication - Arch\u00e9onimaux","robots":{"index":"index","follow":"follow","max-snippet":"max-snippet:-1","max-image-preview":"max-image-preview:large","max-video-preview":"max-video-preview:-1"},"canonical":"https:\/\/archeolab.app\/archeonimaux\/portraits-danimaux\/le-chien\/la-domestication\/","og_locale":"fr_FR","og_type":"article","og_title":"La domestication - Arch\u00e9onimaux","og_description":"Un des rares sujets \u00e0 propos desquels les scientifiques s&rsquo;accordent est que le chien a \u00e9t\u00e9 le premier animal domestiqu\u00e9 par l&rsquo;homme. La date exacte de sa domestication est tr\u00e8s &hellip; Continuer la lecture de La domestication","og_url":"https:\/\/archeolab.app\/archeonimaux\/portraits-danimaux\/le-chien\/la-domestication\/","og_site_name":"Arch\u00e9onimaux","article_modified_time":"2020-03-30T11:58:06+00:00","og_image":[{"url":"https:\/\/www.archeolab.app\/archeonimaux\/wp-content\/uploads\/sites\/3\/2017\/09\/fig.3.jpg","type":"","width":"","height":""}],"twitter_card":"summary_large_image","twitter_misc":{"Dur\u00e9e de lecture estim\u00e9e":"2 minutes"},"schema":{"@context":"https:\/\/schema.org","@graph":[{"@type":"WebPage","@id":"https:\/\/archeolab.app\/archeonimaux\/portraits-danimaux\/le-chien\/la-domestication\/","url":"https:\/\/archeolab.app\/archeonimaux\/portraits-danimaux\/le-chien\/la-domestication\/","name":"La domestication - Arch\u00e9onimaux","isPartOf":{"@id":"https:\/\/archeolab.app\/archeonimaux\/#website"},"primaryImageOfPage":{"@id":"https:\/\/archeolab.app\/archeonimaux\/portraits-danimaux\/le-chien\/la-domestication\/#primaryimage"},"image":{"@id":"https:\/\/archeolab.app\/archeonimaux\/portraits-danimaux\/le-chien\/la-domestication\/#primaryimage"},"thumbnailUrl":"https:\/\/www.archeolab.app\/archeonimaux\/wp-content\/uploads\/sites\/3\/2017\/09\/fig.3.jpg","datePublished":"2017-09-04T07:35:49+00:00","dateModified":"2020-03-30T11:58:06+00:00","breadcrumb":{"@id":"https:\/\/archeolab.app\/archeonimaux\/portraits-danimaux\/le-chien\/la-domestication\/#breadcrumb"},"inLanguage":"fr-FR","potentialAction":[{"@type":"ReadAction","target":["https:\/\/archeolab.app\/archeonimaux\/portraits-danimaux\/le-chien\/la-domestication\/"]}]},{"@type":"ImageObject","inLanguage":"fr-FR","@id":"https:\/\/archeolab.app\/archeonimaux\/portraits-danimaux\/le-chien\/la-domestication\/#primaryimage","url":"https:\/\/www.archeolab.app\/archeonimaux\/wp-content\/uploads\/sites\/3\/2017\/09\/fig.3.jpg","contentUrl":"https:\/\/www.archeolab.app\/archeonimaux\/wp-content\/uploads\/sites\/3\/2017\/09\/fig.3.jpg"},{"@type":"BreadcrumbList","@id":"https:\/\/archeolab.app\/archeonimaux\/portraits-danimaux\/le-chien\/la-domestication\/#breadcrumb","itemListElement":[{"@type":"ListItem","position":1,"name":"Accueil","item":"https:\/\/archeolab.app\/archeonimaux\/"},{"@type":"ListItem","position":2,"name":"Portraits d\u2019animaux","item":"https:\/\/archeolab.app\/archeonimaux\/portraits-danimaux\/"},{"@type":"ListItem","position":3,"name":"Le chien","item":"https:\/\/archeolab.app\/archeonimaux\/portraits-danimaux\/le-chien\/"},{"@type":"ListItem","position":4,"name":"La domestication"}]},{"@type":"WebSite","@id":"https:\/\/archeolab.app\/archeonimaux\/#website","url":"https:\/\/archeolab.app\/archeonimaux\/","name":"Arch\u00e9onimaux","description":"Pour tout savoir sur nos amies les b\u00eates dans l&#039;Antiquit\u00e9","potentialAction":[{"@type":"SearchAction","target":{"@type":"EntryPoint","urlTemplate":"https:\/\/archeolab.app\/archeonimaux\/?s={search_term_string}"},"query-input":{"@type":"PropertyValueSpecification","valueRequired":true,"valueName":"search_term_string"}}],"inLanguage":"fr-FR"}]}},"_links":{"self":[{"href":"https:\/\/archeolab.app\/archeonimaux\/wp-json\/wp\/v2\/pages\/640","targetHints":{"allow":["GET"]}}],"collection":[{"href":"https:\/\/archeolab.app\/archeonimaux\/wp-json\/wp\/v2\/pages"}],"about":[{"href":"https:\/\/archeolab.app\/archeonimaux\/wp-json\/wp\/v2\/types\/page"}],"author":[{"embeddable":true,"href":"https:\/\/archeolab.app\/archeonimaux\/wp-json\/wp\/v2\/users\/1"}],"replies":[{"embeddable":true,"href":"https:\/\/archeolab.app\/archeonimaux\/wp-json\/wp\/v2\/comments?post=640"}],"version-history":[{"count":2,"href":"https:\/\/archeolab.app\/archeonimaux\/wp-json\/wp\/v2\/pages\/640\/revisions"}],"predecessor-version":[{"id":1641,"href":"https:\/\/archeolab.app\/archeonimaux\/wp-json\/wp\/v2\/pages\/640\/revisions\/1641"}],"up":[{"embeddable":true,"href":"https:\/\/archeolab.app\/archeonimaux\/wp-json\/wp\/v2\/pages\/637"}],"wp:attachment":[{"href":"https:\/\/archeolab.app\/archeonimaux\/wp-json\/wp\/v2\/media?parent=640"}],"curies":[{"name":"wp","href":"https:\/\/api.w.org\/{rel}","templated":true}]}}