{"id":639,"date":"2017-09-04T09:35:49","date_gmt":"2017-09-04T07:35:49","guid":{"rendered":"http:\/\/www.archeoweb.ch\/expo\/archeonimaux\/portraits-danimaux\/le-chien\/du-loup-au-chien\/"},"modified":"2020-03-30T13:54:38","modified_gmt":"2020-03-30T11:54:38","slug":"du-loup-au-chien","status":"publish","type":"page","link":"https:\/\/archeolab.app\/archeonimaux\/portraits-danimaux\/le-chien\/du-loup-au-chien\/","title":{"rendered":"Du loup au chien"},"content":{"rendered":"<p style=\"text-align: justify;\"><strong>La transformation du loup en chien est processus complexe qui s\u2019est \u00e9tal\u00e9 sur plusieurs milliers d\u2019ann\u00e9es.<\/strong><\/p>\n<p style=\"text-align: justify;\">En 2015, la d\u00e9couverte en Russie et l\u2019\u00e9tude d\u2019un cr\u00e2ne attribu\u00e9 \u00e0 un loup ont permis de dater la domestication effective du chien du N\u00e9olithique, m\u00eame si des attestations ponctuelles laissent penser que le processus avait commenc\u00e9 bien avant, d\u00e8s le Pal\u00e9olithique.<\/p>\n<figure id=\"attachment_813\" aria-describedby=\"caption-attachment-813\" style=\"width: 525px\" class=\"wp-caption aligncenter\"><img loading=\"lazy\" decoding=\"async\" class=\"wp-image-813 size-large\" src=\"https:\/\/www.archeolab.app\/archeonimaux\/wp-content\/uploads\/sites\/3\/2017\/09\/fig.4-1024x985.jpg\" alt=\"\" width=\"525\" height=\"505\" \/><figcaption id=\"caption-attachment-813\" class=\"wp-caption-text\">Louve romaine allaitant les jumeaux Romulus et R\u00e9mus). D\u00e9tail d\u2019une mosa\u00efque, Aldborough, IV<sup>e<\/sup> si\u00e8cle apr\u00e8s J.-C., Mus\u00e9e de Leeds.<\/figcaption><\/figure>\n<p style=\"text-align: justify;\">Les chasseurs ramenant de la chasse des louveteaux non sevr\u00e9s, leurs femmes\u00a0les ont \u00e9lev\u00e9s en les nourrissant au sein. Cette transformation du loup en chien se fit au terme d\u2019un processus long, qui a d\u00fb s&rsquo;\u00e9tendre sur plusieurs milliers d&rsquo;ann\u00e9es.<\/p>\n<p style=\"text-align: justify;\">La raison principale de cette domestication est probablement l\u2019utilisation du chien pour la chasse. C&rsquo;est dans la grotte de Vieja (Cueva de la Vieja, pr\u00e8s d&rsquo;Alpera, en Espagne) qu&rsquo;ont \u00e9t\u00e9 retrouv\u00e9es sept repr\u00e9sentations de loups ou de canid\u00e9s, dont l\u2019une est consid\u00e9r\u00e9e comme celle d\u2019un chien domestiqu\u00e9. Celui-ci est en effet repr\u00e9sent\u00e9 chassant un cerf aux c\u00f4t\u00e9s d&rsquo;un homme. Ces peintures murales, dat\u00e9es d&rsquo;environ 10000 avant J.-C., constituent actuellement les plus anciennes repr\u00e9sentations de chien.<\/p>\n<p style=\"text-align: justify;\">N\u00e9anmoins, la lign\u00e9e qui a donn\u00e9 les chiens actuels n&rsquo;a pas encore \u00e9t\u00e9 clairement identifi\u00e9e. Le cas des \u00ab\u00a0chiots de Toumat\u00a0\u00bb est tr\u00e8s int\u00e9ressant\u00a0: deux chiots dat\u00e9s d&rsquo;environ 12500 ans ont en effet \u00e9t\u00e9 retrouv\u00e9s intacts, gel\u00e9s dans le permafrost sib\u00e9rien.<\/p>\n<p style=\"text-align: justify;\">Les corps des deux chiots ont \u00e9t\u00e9 mis au jour \u00e0 proximit\u00e9 d&rsquo;os de mammouths coup\u00e9s et br\u00fbl\u00e9s attestant une pr\u00e9sence humaine : ceci signifie que ces chiots \u00e9taient probablement domestiqu\u00e9s. Ils pourraient \u00eatre de la lign\u00e9e des anciens loups, qui a abouti aux lign\u00e9es actuelles de chien.<\/p>\n<p>\u21d2 <a href=\"https:\/\/www.archeolab.app\/archeonimaux\/portraits-danimaux\/le-chien\/la-domestication\/\">La domestication<\/a><\/p>\n","protected":false},"excerpt":{"rendered":"<p>La transformation du loup en chien est processus complexe qui s\u2019est \u00e9tal\u00e9 sur plusieurs milliers d\u2019ann\u00e9es. En 2015, la d\u00e9couverte en Russie et l\u2019\u00e9tude d\u2019un cr\u00e2ne attribu\u00e9 \u00e0 un loup &hellip; <a href=\"https:\/\/archeolab.app\/archeonimaux\/portraits-danimaux\/le-chien\/du-loup-au-chien\/\" class=\"more-link\">Continuer la lecture de <span class=\"screen-reader-text\">Du loup au chien<\/span><\/a><\/p>\n","protected":false},"author":1,"featured_media":0,"parent":637,"menu_order":2,"comment_status":"closed","ping_status":"closed","template":"","meta":{"_acf_changed":false,"footnotes":""},"class_list":["post-639","page","type-page","status-publish","hentry"],"acf":[],"yoast_head":"<!-- This site is optimized with the Yoast SEO plugin v27.5 - https:\/\/yoast.com\/product\/yoast-seo-wordpress\/ -->\n<title>Du loup au chien - Arch\u00e9onimaux<\/title>\n<meta name=\"robots\" content=\"index, follow, max-snippet:-1, max-image-preview:large, max-video-preview:-1\" \/>\n<link rel=\"canonical\" href=\"https:\/\/archeolab.app\/archeonimaux\/portraits-danimaux\/le-chien\/du-loup-au-chien\/\" \/>\n<meta property=\"og:locale\" content=\"fr_FR\" \/>\n<meta property=\"og:type\" content=\"article\" \/>\n<meta property=\"og:title\" content=\"Du loup au chien - Arch\u00e9onimaux\" \/>\n<meta property=\"og:description\" content=\"La transformation du loup en chien est processus complexe qui s\u2019est \u00e9tal\u00e9 sur plusieurs milliers d\u2019ann\u00e9es. En 2015, la d\u00e9couverte en Russie et l\u2019\u00e9tude d\u2019un cr\u00e2ne attribu\u00e9 \u00e0 un loup &hellip; Continuer la lecture de Du loup au chien\" \/>\n<meta property=\"og:url\" content=\"https:\/\/archeolab.app\/archeonimaux\/portraits-danimaux\/le-chien\/du-loup-au-chien\/\" \/>\n<meta property=\"og:site_name\" content=\"Arch\u00e9onimaux\" \/>\n<meta property=\"article:modified_time\" content=\"2020-03-30T11:54:38+00:00\" \/>\n<meta property=\"og:image\" content=\"https:\/\/www.archeolab.app\/archeonimaux\/wp-content\/uploads\/sites\/3\/2017\/09\/fig.4-1024x985.jpg\" \/>\n<meta name=\"twitter:card\" content=\"summary_large_image\" \/>\n<meta name=\"twitter:label1\" content=\"Dur\u00e9e de lecture estim\u00e9e\" \/>\n\t<meta name=\"twitter:data1\" content=\"2 minutes\" \/>\n<script type=\"application\/ld+json\" class=\"yoast-schema-graph\">{\"@context\":\"https:\\\/\\\/schema.org\",\"@graph\":[{\"@type\":\"WebPage\",\"@id\":\"https:\\\/\\\/archeolab.app\\\/archeonimaux\\\/portraits-danimaux\\\/le-chien\\\/du-loup-au-chien\\\/\",\"url\":\"https:\\\/\\\/archeolab.app\\\/archeonimaux\\\/portraits-danimaux\\\/le-chien\\\/du-loup-au-chien\\\/\",\"name\":\"Du loup au chien - Arch\u00e9onimaux\",\"isPartOf\":{\"@id\":\"https:\\\/\\\/archeolab.app\\\/archeonimaux\\\/#website\"},\"primaryImageOfPage\":{\"@id\":\"https:\\\/\\\/archeolab.app\\\/archeonimaux\\\/portraits-danimaux\\\/le-chien\\\/du-loup-au-chien\\\/#primaryimage\"},\"image\":{\"@id\":\"https:\\\/\\\/archeolab.app\\\/archeonimaux\\\/portraits-danimaux\\\/le-chien\\\/du-loup-au-chien\\\/#primaryimage\"},\"thumbnailUrl\":\"https:\\\/\\\/www.archeolab.app\\\/archeonimaux\\\/wp-content\\\/uploads\\\/sites\\\/3\\\/2017\\\/09\\\/fig.4-1024x985.jpg\",\"datePublished\":\"2017-09-04T07:35:49+00:00\",\"dateModified\":\"2020-03-30T11:54:38+00:00\",\"breadcrumb\":{\"@id\":\"https:\\\/\\\/archeolab.app\\\/archeonimaux\\\/portraits-danimaux\\\/le-chien\\\/du-loup-au-chien\\\/#breadcrumb\"},\"inLanguage\":\"fr-FR\",\"potentialAction\":[{\"@type\":\"ReadAction\",\"target\":[\"https:\\\/\\\/archeolab.app\\\/archeonimaux\\\/portraits-danimaux\\\/le-chien\\\/du-loup-au-chien\\\/\"]}]},{\"@type\":\"ImageObject\",\"inLanguage\":\"fr-FR\",\"@id\":\"https:\\\/\\\/archeolab.app\\\/archeonimaux\\\/portraits-danimaux\\\/le-chien\\\/du-loup-au-chien\\\/#primaryimage\",\"url\":\"https:\\\/\\\/www.archeolab.app\\\/archeonimaux\\\/wp-content\\\/uploads\\\/sites\\\/3\\\/2017\\\/09\\\/fig.4-1024x985.jpg\",\"contentUrl\":\"https:\\\/\\\/www.archeolab.app\\\/archeonimaux\\\/wp-content\\\/uploads\\\/sites\\\/3\\\/2017\\\/09\\\/fig.4-1024x985.jpg\"},{\"@type\":\"BreadcrumbList\",\"@id\":\"https:\\\/\\\/archeolab.app\\\/archeonimaux\\\/portraits-danimaux\\\/le-chien\\\/du-loup-au-chien\\\/#breadcrumb\",\"itemListElement\":[{\"@type\":\"ListItem\",\"position\":1,\"name\":\"Accueil\",\"item\":\"https:\\\/\\\/archeolab.app\\\/archeonimaux\\\/\"},{\"@type\":\"ListItem\",\"position\":2,\"name\":\"Portraits d\u2019animaux\",\"item\":\"https:\\\/\\\/archeolab.app\\\/archeonimaux\\\/portraits-danimaux\\\/\"},{\"@type\":\"ListItem\",\"position\":3,\"name\":\"Le chien\",\"item\":\"https:\\\/\\\/archeolab.app\\\/archeonimaux\\\/portraits-danimaux\\\/le-chien\\\/\"},{\"@type\":\"ListItem\",\"position\":4,\"name\":\"Du loup au chien\"}]},{\"@type\":\"WebSite\",\"@id\":\"https:\\\/\\\/archeolab.app\\\/archeonimaux\\\/#website\",\"url\":\"https:\\\/\\\/archeolab.app\\\/archeonimaux\\\/\",\"name\":\"Arch\u00e9onimaux\",\"description\":\"Pour tout savoir sur nos amies les b\u00eates dans l&#039;Antiquit\u00e9\",\"potentialAction\":[{\"@type\":\"SearchAction\",\"target\":{\"@type\":\"EntryPoint\",\"urlTemplate\":\"https:\\\/\\\/archeolab.app\\\/archeonimaux\\\/?s={search_term_string}\"},\"query-input\":{\"@type\":\"PropertyValueSpecification\",\"valueRequired\":true,\"valueName\":\"search_term_string\"}}],\"inLanguage\":\"fr-FR\"}]}<\/script>\n<!-- \/ Yoast SEO plugin. -->","yoast_head_json":{"title":"Du loup au chien - Arch\u00e9onimaux","robots":{"index":"index","follow":"follow","max-snippet":"max-snippet:-1","max-image-preview":"max-image-preview:large","max-video-preview":"max-video-preview:-1"},"canonical":"https:\/\/archeolab.app\/archeonimaux\/portraits-danimaux\/le-chien\/du-loup-au-chien\/","og_locale":"fr_FR","og_type":"article","og_title":"Du loup au chien - Arch\u00e9onimaux","og_description":"La transformation du loup en chien est processus complexe qui s\u2019est \u00e9tal\u00e9 sur plusieurs milliers d\u2019ann\u00e9es. En 2015, la d\u00e9couverte en Russie et l\u2019\u00e9tude d\u2019un cr\u00e2ne attribu\u00e9 \u00e0 un loup &hellip; Continuer la lecture de Du loup au chien","og_url":"https:\/\/archeolab.app\/archeonimaux\/portraits-danimaux\/le-chien\/du-loup-au-chien\/","og_site_name":"Arch\u00e9onimaux","article_modified_time":"2020-03-30T11:54:38+00:00","og_image":[{"url":"https:\/\/www.archeolab.app\/archeonimaux\/wp-content\/uploads\/sites\/3\/2017\/09\/fig.4-1024x985.jpg","type":"","width":"","height":""}],"twitter_card":"summary_large_image","twitter_misc":{"Dur\u00e9e de lecture estim\u00e9e":"2 minutes"},"schema":{"@context":"https:\/\/schema.org","@graph":[{"@type":"WebPage","@id":"https:\/\/archeolab.app\/archeonimaux\/portraits-danimaux\/le-chien\/du-loup-au-chien\/","url":"https:\/\/archeolab.app\/archeonimaux\/portraits-danimaux\/le-chien\/du-loup-au-chien\/","name":"Du loup au chien - Arch\u00e9onimaux","isPartOf":{"@id":"https:\/\/archeolab.app\/archeonimaux\/#website"},"primaryImageOfPage":{"@id":"https:\/\/archeolab.app\/archeonimaux\/portraits-danimaux\/le-chien\/du-loup-au-chien\/#primaryimage"},"image":{"@id":"https:\/\/archeolab.app\/archeonimaux\/portraits-danimaux\/le-chien\/du-loup-au-chien\/#primaryimage"},"thumbnailUrl":"https:\/\/www.archeolab.app\/archeonimaux\/wp-content\/uploads\/sites\/3\/2017\/09\/fig.4-1024x985.jpg","datePublished":"2017-09-04T07:35:49+00:00","dateModified":"2020-03-30T11:54:38+00:00","breadcrumb":{"@id":"https:\/\/archeolab.app\/archeonimaux\/portraits-danimaux\/le-chien\/du-loup-au-chien\/#breadcrumb"},"inLanguage":"fr-FR","potentialAction":[{"@type":"ReadAction","target":["https:\/\/archeolab.app\/archeonimaux\/portraits-danimaux\/le-chien\/du-loup-au-chien\/"]}]},{"@type":"ImageObject","inLanguage":"fr-FR","@id":"https:\/\/archeolab.app\/archeonimaux\/portraits-danimaux\/le-chien\/du-loup-au-chien\/#primaryimage","url":"https:\/\/www.archeolab.app\/archeonimaux\/wp-content\/uploads\/sites\/3\/2017\/09\/fig.4-1024x985.jpg","contentUrl":"https:\/\/www.archeolab.app\/archeonimaux\/wp-content\/uploads\/sites\/3\/2017\/09\/fig.4-1024x985.jpg"},{"@type":"BreadcrumbList","@id":"https:\/\/archeolab.app\/archeonimaux\/portraits-danimaux\/le-chien\/du-loup-au-chien\/#breadcrumb","itemListElement":[{"@type":"ListItem","position":1,"name":"Accueil","item":"https:\/\/archeolab.app\/archeonimaux\/"},{"@type":"ListItem","position":2,"name":"Portraits d\u2019animaux","item":"https:\/\/archeolab.app\/archeonimaux\/portraits-danimaux\/"},{"@type":"ListItem","position":3,"name":"Le chien","item":"https:\/\/archeolab.app\/archeonimaux\/portraits-danimaux\/le-chien\/"},{"@type":"ListItem","position":4,"name":"Du loup au chien"}]},{"@type":"WebSite","@id":"https:\/\/archeolab.app\/archeonimaux\/#website","url":"https:\/\/archeolab.app\/archeonimaux\/","name":"Arch\u00e9onimaux","description":"Pour tout savoir sur nos amies les b\u00eates dans l&#039;Antiquit\u00e9","potentialAction":[{"@type":"SearchAction","target":{"@type":"EntryPoint","urlTemplate":"https:\/\/archeolab.app\/archeonimaux\/?s={search_term_string}"},"query-input":{"@type":"PropertyValueSpecification","valueRequired":true,"valueName":"search_term_string"}}],"inLanguage":"fr-FR"}]}},"_links":{"self":[{"href":"https:\/\/archeolab.app\/archeonimaux\/wp-json\/wp\/v2\/pages\/639","targetHints":{"allow":["GET"]}}],"collection":[{"href":"https:\/\/archeolab.app\/archeonimaux\/wp-json\/wp\/v2\/pages"}],"about":[{"href":"https:\/\/archeolab.app\/archeonimaux\/wp-json\/wp\/v2\/types\/page"}],"author":[{"embeddable":true,"href":"https:\/\/archeolab.app\/archeonimaux\/wp-json\/wp\/v2\/users\/1"}],"replies":[{"embeddable":true,"href":"https:\/\/archeolab.app\/archeonimaux\/wp-json\/wp\/v2\/comments?post=639"}],"version-history":[{"count":3,"href":"https:\/\/archeolab.app\/archeonimaux\/wp-json\/wp\/v2\/pages\/639\/revisions"}],"predecessor-version":[{"id":1640,"href":"https:\/\/archeolab.app\/archeonimaux\/wp-json\/wp\/v2\/pages\/639\/revisions\/1640"}],"up":[{"embeddable":true,"href":"https:\/\/archeolab.app\/archeonimaux\/wp-json\/wp\/v2\/pages\/637"}],"wp:attachment":[{"href":"https:\/\/archeolab.app\/archeonimaux\/wp-json\/wp\/v2\/media?parent=639"}],"curies":[{"name":"wp","href":"https:\/\/api.w.org\/{rel}","templated":true}]}}