{"id":638,"date":"2017-09-04T09:35:49","date_gmt":"2017-09-04T07:35:49","guid":{"rendered":"http:\/\/www.archeoweb.ch\/expo\/archeonimaux\/portraits-danimaux\/le-chien\/la-perception-du-chien-chez-les-anciens\/"},"modified":"2020-03-30T13:49:35","modified_gmt":"2020-03-30T11:49:35","slug":"la-perception-du-chien-chez-les-anciens","status":"publish","type":"page","link":"https:\/\/archeolab.app\/archeonimaux\/portraits-danimaux\/le-chien\/la-perception-du-chien-chez-les-anciens\/","title":{"rendered":"La perception du chien chez les Anciens"},"content":{"rendered":"<p style=\"text-align: justify;\"><strong>Le chien chez les Gr\u00e9co-Romains<\/strong><\/p>\n<p style=\"text-align: justify;\">Le chien \u00e9tait, dans l\u2019Antiquit\u00e9 d\u00e9j\u00e0, ador\u00e9 voire adul\u00e9 par certains. Il existe tout d&rsquo;abord de nombreux t\u00e9moignages de la domestication du chien dans la litt\u00e9rature gr\u00e9co-romaine, \u00e0 commencer par Argos, le chien d\u2019Ulysse, qui est le seul \u00e0 reconna\u00eetre son ma\u00eetre \u00e0 son retour de Troie. Hom\u00e8re utilise l\u2019expression \u00ab c\u0153ur qui aboie comme une chienne dont on aurait attaqu\u00e9 les petits \u00bb pour d\u00e9crire le c\u0153ur d\u2019Ulysse : la chienne est ici l\u2019image de l&rsquo;amour maternel. Le chien est aussi un excellent gardien : dans sa R\u00e9publique, Platon en fait le gardien de la cit\u00e9. Ambroise de Milan nous rapporte par ailleurs, sur le ton de la moquerie, que des ma\u00eetres s\u2019appliquaient \u00e0 dresser des g\u00e9n\u00e9alogies de leurs chiens et f\u00eataient leurs anniversaires. Certaines personnes enterraient \u00e9galement leurs chiens, voire se faisaient enterrer avec eux\u2026<\/p>\n<p style=\"text-align: justify;\">Par ailleurs, comme au Proche-Orient, le chien \u00e9tait per\u00e7u n\u00e9gativement en raison de son manque d\u2019hygi\u00e8ne. On le soup\u00e7onnait aussi de transmettre la rage. Dans l\u2019Iliade, \u00ab chien \u00bb est une insulte employ\u00e9e par Achille \u00e0 l&rsquo;adresse d\u2019Hector.<\/p>\n<figure id=\"attachment_826\" aria-describedby=\"caption-attachment-826\" style=\"width: 750px\" class=\"wp-caption alignnone\"><img loading=\"lazy\" decoding=\"async\" class=\"wp-image-826 size-full\" src=\"https:\/\/www.archeolab.app\/archeonimaux\/wp-content\/uploads\/sites\/3\/2017\/09\/Fig.17jpg.jpg\" alt=\"\" width=\"750\" height=\"500\" \/><figcaption id=\"caption-attachment-826\" class=\"wp-caption-text\">Chien, animal familier, proche de l\u2019homme. Emblema de mosa\u00efque, II<sup>e<\/sup> si\u00e8cle avant J.-C., Alexandrie.<\/figcaption><\/figure>\n<p style=\"text-align: justify;\"><strong>Le chien au Proche-Orient\u00a0<\/strong><\/p>\n<p style=\"text-align: justify;\">Bien qu\u2019il rende des services aux hommes en tant que gardien et qu\u2019il soit l\u2019incarnation de la fid\u00e9lit\u00e9, la perception que les Orientaux avaient du chien reste globalement n\u00e9gative.<\/p>\n<p style=\"text-align: justify;\">Une inscription de Sennach\u00e9rib comm\u00e9morant la reconstruction de l\u2019Ehursagkurkura d\u2019Assur montre bien quel \u00e9tait le r\u00f4le du chien\u00a0: \u00ab\u00a0\u00c0 droite et \u00e0 gauche de la porte, un chien furieux et un homme-scorpion supportaient le syst\u00e8me de fermeture\u00a0\u00bb. C\u2019est donc un gardien qui d\u00e9fend le territoire qui lui est assign\u00e9 ou le troupeau des pr\u00e9dateurs potentiels.<\/p>\n<p style=\"text-align: justify;\">On loue aussi sa fid\u00e9lit\u00e9. C\u2019est dans ce sens qu\u2019il faut comprendre l\u2019expression \u00ab\u00a0Je suis un chien du prince h\u00e9ritier, qui (me tiens) sur le seuil de ta maison\u00a0\u00bb ou la d\u00e9claration des habitants de Kissik, qui \u00a0n\u2019h\u00e9sitent pas \u00e0 se proclamer \u00ab\u00a0les chiens du roi\u00a0\u00bb, Assurbanipal.<\/p>\n<figure id=\"attachment_1126\" aria-describedby=\"caption-attachment-1126\" style=\"width: 525px\" class=\"wp-caption aligncenter\"><img loading=\"lazy\" decoding=\"async\" class=\"wp-image-1126 size-large\" src=\"https:\/\/www.archeolab.app\/archeonimaux\/wp-content\/uploads\/sites\/3\/2018\/01\/Fig.14-mod-819x1024.jpg\" alt=\"\" width=\"525\" height=\"656\" \/><figcaption id=\"caption-attachment-1126\" class=\"wp-caption-text\">Chien \u00ab gardien \u00bb au Proche-Orient. Mastiff en terre cuite, civilisation kassite, milieu du II<sup>e<\/sup> mill\u00e9naire avant J.-C., Metropolitan Museum, inv. 1989.233.<\/figcaption><\/figure>\n<p style=\"text-align: justify;\">Cette fid\u00e9lit\u00e9 se double parfois d\u2019une connotation de flatterie, comme dans une lettre adress\u00e9e \u00e0 un certain Tutu\u00a0: \u00ab\u00a0Ayant saisi comme un courtisan le bord de ton v\u00eatement, je gambade derri\u00e8re toi comme un chiot, \u00f4 Tutu\u00a0!\u00a0\u00bb<\/p>\n<p style=\"text-align: justify;\">Malgr\u00e9 cela, le chien avait la r\u00e9putation de se complaire dans la salet\u00e9 et de d\u00e9vorer les cadavres. \u00ab\u00a0\u00catre livr\u00e9 aux chiens\u00a0\u00bb\u00a0est une impr\u00e9cation qu\u2019on trouve r\u00e9guli\u00e8rement dans les textes babyloniens \u00e0 l\u2019adresse des ennemis.<\/p>\n<p style=\"text-align: justify;\">L\u2019expression \u00ab\u00a0traiter comme un chien\u00a0\u00bb est d\u00e9j\u00e0 bien connue\u2026 signe qu\u2019on ne leur r\u00e9servait pas que de bons traitements.<\/p>\n<p>\u21d2 <a href=\"https:\/\/archeolab.app\/archeonimaux\/aux-origines-du-chien\/\">Aux origines du chien<\/a><\/p>\n","protected":false},"excerpt":{"rendered":"<p>Le chien chez les Gr\u00e9co-Romains Le chien \u00e9tait, dans l\u2019Antiquit\u00e9 d\u00e9j\u00e0, ador\u00e9 voire adul\u00e9 par certains. Il existe tout d&rsquo;abord de nombreux t\u00e9moignages de la domestication du chien dans la &hellip; <a href=\"https:\/\/archeolab.app\/archeonimaux\/portraits-danimaux\/le-chien\/la-perception-du-chien-chez-les-anciens\/\" class=\"more-link\">Continuer la lecture de <span class=\"screen-reader-text\">La perception du chien chez les Anciens<\/span><\/a><\/p>\n","protected":false},"author":1,"featured_media":0,"parent":637,"menu_order":1,"comment_status":"closed","ping_status":"closed","template":"","meta":{"_acf_changed":false,"footnotes":""},"class_list":["post-638","page","type-page","status-publish","hentry"],"acf":[],"yoast_head":"<!-- This site is optimized with the Yoast SEO plugin v27.5 - https:\/\/yoast.com\/product\/yoast-seo-wordpress\/ -->\n<title>La perception du chien chez les Anciens - Arch\u00e9onimaux<\/title>\n<meta name=\"robots\" content=\"index, follow, max-snippet:-1, max-image-preview:large, max-video-preview:-1\" \/>\n<link rel=\"canonical\" href=\"https:\/\/archeolab.app\/archeonimaux\/portraits-danimaux\/le-chien\/la-perception-du-chien-chez-les-anciens\/\" \/>\n<meta property=\"og:locale\" content=\"fr_FR\" \/>\n<meta property=\"og:type\" content=\"article\" \/>\n<meta property=\"og:title\" content=\"La perception du chien chez les Anciens - Arch\u00e9onimaux\" \/>\n<meta property=\"og:description\" content=\"Le chien chez les Gr\u00e9co-Romains Le chien \u00e9tait, dans l\u2019Antiquit\u00e9 d\u00e9j\u00e0, ador\u00e9 voire adul\u00e9 par certains. Il existe tout d&rsquo;abord de nombreux t\u00e9moignages de la domestication du chien dans la &hellip; Continuer la lecture de La perception du chien chez les Anciens\" \/>\n<meta property=\"og:url\" content=\"https:\/\/archeolab.app\/archeonimaux\/portraits-danimaux\/le-chien\/la-perception-du-chien-chez-les-anciens\/\" \/>\n<meta property=\"og:site_name\" content=\"Arch\u00e9onimaux\" \/>\n<meta property=\"article:modified_time\" content=\"2020-03-30T11:49:35+00:00\" \/>\n<meta property=\"og:image\" content=\"https:\/\/www.archeolab.app\/archeonimaux\/wp-content\/uploads\/sites\/3\/2017\/09\/Fig.17jpg.jpg\" \/>\n<meta name=\"twitter:card\" content=\"summary_large_image\" \/>\n<meta name=\"twitter:label1\" content=\"Dur\u00e9e de lecture estim\u00e9e\" \/>\n\t<meta name=\"twitter:data1\" content=\"3 minutes\" \/>\n<script type=\"application\/ld+json\" class=\"yoast-schema-graph\">{\"@context\":\"https:\\\/\\\/schema.org\",\"@graph\":[{\"@type\":\"WebPage\",\"@id\":\"https:\\\/\\\/archeolab.app\\\/archeonimaux\\\/portraits-danimaux\\\/le-chien\\\/la-perception-du-chien-chez-les-anciens\\\/\",\"url\":\"https:\\\/\\\/archeolab.app\\\/archeonimaux\\\/portraits-danimaux\\\/le-chien\\\/la-perception-du-chien-chez-les-anciens\\\/\",\"name\":\"La perception du chien chez les Anciens - Arch\u00e9onimaux\",\"isPartOf\":{\"@id\":\"https:\\\/\\\/archeolab.app\\\/archeonimaux\\\/#website\"},\"primaryImageOfPage\":{\"@id\":\"https:\\\/\\\/archeolab.app\\\/archeonimaux\\\/portraits-danimaux\\\/le-chien\\\/la-perception-du-chien-chez-les-anciens\\\/#primaryimage\"},\"image\":{\"@id\":\"https:\\\/\\\/archeolab.app\\\/archeonimaux\\\/portraits-danimaux\\\/le-chien\\\/la-perception-du-chien-chez-les-anciens\\\/#primaryimage\"},\"thumbnailUrl\":\"https:\\\/\\\/www.archeolab.app\\\/archeonimaux\\\/wp-content\\\/uploads\\\/sites\\\/3\\\/2017\\\/09\\\/Fig.17jpg.jpg\",\"datePublished\":\"2017-09-04T07:35:49+00:00\",\"dateModified\":\"2020-03-30T11:49:35+00:00\",\"breadcrumb\":{\"@id\":\"https:\\\/\\\/archeolab.app\\\/archeonimaux\\\/portraits-danimaux\\\/le-chien\\\/la-perception-du-chien-chez-les-anciens\\\/#breadcrumb\"},\"inLanguage\":\"fr-FR\",\"potentialAction\":[{\"@type\":\"ReadAction\",\"target\":[\"https:\\\/\\\/archeolab.app\\\/archeonimaux\\\/portraits-danimaux\\\/le-chien\\\/la-perception-du-chien-chez-les-anciens\\\/\"]}]},{\"@type\":\"ImageObject\",\"inLanguage\":\"fr-FR\",\"@id\":\"https:\\\/\\\/archeolab.app\\\/archeonimaux\\\/portraits-danimaux\\\/le-chien\\\/la-perception-du-chien-chez-les-anciens\\\/#primaryimage\",\"url\":\"https:\\\/\\\/www.archeolab.app\\\/archeonimaux\\\/wp-content\\\/uploads\\\/sites\\\/3\\\/2017\\\/09\\\/Fig.17jpg.jpg\",\"contentUrl\":\"https:\\\/\\\/www.archeolab.app\\\/archeonimaux\\\/wp-content\\\/uploads\\\/sites\\\/3\\\/2017\\\/09\\\/Fig.17jpg.jpg\"},{\"@type\":\"BreadcrumbList\",\"@id\":\"https:\\\/\\\/archeolab.app\\\/archeonimaux\\\/portraits-danimaux\\\/le-chien\\\/la-perception-du-chien-chez-les-anciens\\\/#breadcrumb\",\"itemListElement\":[{\"@type\":\"ListItem\",\"position\":1,\"name\":\"Accueil\",\"item\":\"https:\\\/\\\/archeolab.app\\\/archeonimaux\\\/\"},{\"@type\":\"ListItem\",\"position\":2,\"name\":\"Portraits d\u2019animaux\",\"item\":\"https:\\\/\\\/archeolab.app\\\/archeonimaux\\\/portraits-danimaux\\\/\"},{\"@type\":\"ListItem\",\"position\":3,\"name\":\"Le chien\",\"item\":\"https:\\\/\\\/archeolab.app\\\/archeonimaux\\\/portraits-danimaux\\\/le-chien\\\/\"},{\"@type\":\"ListItem\",\"position\":4,\"name\":\"La perception du chien chez les Anciens\"}]},{\"@type\":\"WebSite\",\"@id\":\"https:\\\/\\\/archeolab.app\\\/archeonimaux\\\/#website\",\"url\":\"https:\\\/\\\/archeolab.app\\\/archeonimaux\\\/\",\"name\":\"Arch\u00e9onimaux\",\"description\":\"Pour tout savoir sur nos amies les b\u00eates dans l&#039;Antiquit\u00e9\",\"potentialAction\":[{\"@type\":\"SearchAction\",\"target\":{\"@type\":\"EntryPoint\",\"urlTemplate\":\"https:\\\/\\\/archeolab.app\\\/archeonimaux\\\/?s={search_term_string}\"},\"query-input\":{\"@type\":\"PropertyValueSpecification\",\"valueRequired\":true,\"valueName\":\"search_term_string\"}}],\"inLanguage\":\"fr-FR\"}]}<\/script>\n<!-- \/ Yoast SEO plugin. -->","yoast_head_json":{"title":"La perception du chien chez les Anciens - Arch\u00e9onimaux","robots":{"index":"index","follow":"follow","max-snippet":"max-snippet:-1","max-image-preview":"max-image-preview:large","max-video-preview":"max-video-preview:-1"},"canonical":"https:\/\/archeolab.app\/archeonimaux\/portraits-danimaux\/le-chien\/la-perception-du-chien-chez-les-anciens\/","og_locale":"fr_FR","og_type":"article","og_title":"La perception du chien chez les Anciens - Arch\u00e9onimaux","og_description":"Le chien chez les Gr\u00e9co-Romains Le chien \u00e9tait, dans l\u2019Antiquit\u00e9 d\u00e9j\u00e0, ador\u00e9 voire adul\u00e9 par certains. Il existe tout d&rsquo;abord de nombreux t\u00e9moignages de la domestication du chien dans la &hellip; Continuer la lecture de La perception du chien chez les Anciens","og_url":"https:\/\/archeolab.app\/archeonimaux\/portraits-danimaux\/le-chien\/la-perception-du-chien-chez-les-anciens\/","og_site_name":"Arch\u00e9onimaux","article_modified_time":"2020-03-30T11:49:35+00:00","og_image":[{"url":"https:\/\/www.archeolab.app\/archeonimaux\/wp-content\/uploads\/sites\/3\/2017\/09\/Fig.17jpg.jpg","type":"","width":"","height":""}],"twitter_card":"summary_large_image","twitter_misc":{"Dur\u00e9e de lecture estim\u00e9e":"3 minutes"},"schema":{"@context":"https:\/\/schema.org","@graph":[{"@type":"WebPage","@id":"https:\/\/archeolab.app\/archeonimaux\/portraits-danimaux\/le-chien\/la-perception-du-chien-chez-les-anciens\/","url":"https:\/\/archeolab.app\/archeonimaux\/portraits-danimaux\/le-chien\/la-perception-du-chien-chez-les-anciens\/","name":"La perception du chien chez les Anciens - Arch\u00e9onimaux","isPartOf":{"@id":"https:\/\/archeolab.app\/archeonimaux\/#website"},"primaryImageOfPage":{"@id":"https:\/\/archeolab.app\/archeonimaux\/portraits-danimaux\/le-chien\/la-perception-du-chien-chez-les-anciens\/#primaryimage"},"image":{"@id":"https:\/\/archeolab.app\/archeonimaux\/portraits-danimaux\/le-chien\/la-perception-du-chien-chez-les-anciens\/#primaryimage"},"thumbnailUrl":"https:\/\/www.archeolab.app\/archeonimaux\/wp-content\/uploads\/sites\/3\/2017\/09\/Fig.17jpg.jpg","datePublished":"2017-09-04T07:35:49+00:00","dateModified":"2020-03-30T11:49:35+00:00","breadcrumb":{"@id":"https:\/\/archeolab.app\/archeonimaux\/portraits-danimaux\/le-chien\/la-perception-du-chien-chez-les-anciens\/#breadcrumb"},"inLanguage":"fr-FR","potentialAction":[{"@type":"ReadAction","target":["https:\/\/archeolab.app\/archeonimaux\/portraits-danimaux\/le-chien\/la-perception-du-chien-chez-les-anciens\/"]}]},{"@type":"ImageObject","inLanguage":"fr-FR","@id":"https:\/\/archeolab.app\/archeonimaux\/portraits-danimaux\/le-chien\/la-perception-du-chien-chez-les-anciens\/#primaryimage","url":"https:\/\/www.archeolab.app\/archeonimaux\/wp-content\/uploads\/sites\/3\/2017\/09\/Fig.17jpg.jpg","contentUrl":"https:\/\/www.archeolab.app\/archeonimaux\/wp-content\/uploads\/sites\/3\/2017\/09\/Fig.17jpg.jpg"},{"@type":"BreadcrumbList","@id":"https:\/\/archeolab.app\/archeonimaux\/portraits-danimaux\/le-chien\/la-perception-du-chien-chez-les-anciens\/#breadcrumb","itemListElement":[{"@type":"ListItem","position":1,"name":"Accueil","item":"https:\/\/archeolab.app\/archeonimaux\/"},{"@type":"ListItem","position":2,"name":"Portraits d\u2019animaux","item":"https:\/\/archeolab.app\/archeonimaux\/portraits-danimaux\/"},{"@type":"ListItem","position":3,"name":"Le chien","item":"https:\/\/archeolab.app\/archeonimaux\/portraits-danimaux\/le-chien\/"},{"@type":"ListItem","position":4,"name":"La perception du chien chez les Anciens"}]},{"@type":"WebSite","@id":"https:\/\/archeolab.app\/archeonimaux\/#website","url":"https:\/\/archeolab.app\/archeonimaux\/","name":"Arch\u00e9onimaux","description":"Pour tout savoir sur nos amies les b\u00eates dans l&#039;Antiquit\u00e9","potentialAction":[{"@type":"SearchAction","target":{"@type":"EntryPoint","urlTemplate":"https:\/\/archeolab.app\/archeonimaux\/?s={search_term_string}"},"query-input":{"@type":"PropertyValueSpecification","valueRequired":true,"valueName":"search_term_string"}}],"inLanguage":"fr-FR"}]}},"_links":{"self":[{"href":"https:\/\/archeolab.app\/archeonimaux\/wp-json\/wp\/v2\/pages\/638","targetHints":{"allow":["GET"]}}],"collection":[{"href":"https:\/\/archeolab.app\/archeonimaux\/wp-json\/wp\/v2\/pages"}],"about":[{"href":"https:\/\/archeolab.app\/archeonimaux\/wp-json\/wp\/v2\/types\/page"}],"author":[{"embeddable":true,"href":"https:\/\/archeolab.app\/archeonimaux\/wp-json\/wp\/v2\/users\/1"}],"replies":[{"embeddable":true,"href":"https:\/\/archeolab.app\/archeonimaux\/wp-json\/wp\/v2\/comments?post=638"}],"version-history":[{"count":3,"href":"https:\/\/archeolab.app\/archeonimaux\/wp-json\/wp\/v2\/pages\/638\/revisions"}],"predecessor-version":[{"id":1638,"href":"https:\/\/archeolab.app\/archeonimaux\/wp-json\/wp\/v2\/pages\/638\/revisions\/1638"}],"up":[{"embeddable":true,"href":"https:\/\/archeolab.app\/archeonimaux\/wp-json\/wp\/v2\/pages\/637"}],"wp:attachment":[{"href":"https:\/\/archeolab.app\/archeonimaux\/wp-json\/wp\/v2\/media?parent=638"}],"curies":[{"name":"wp","href":"https:\/\/api.w.org\/{rel}","templated":true}]}}