{"id":635,"date":"2017-09-04T09:35:49","date_gmt":"2017-09-04T07:35:49","guid":{"rendered":"http:\/\/www.archeoweb.ch\/expo\/archeonimaux\/legypte\/les-connaissances-zoologiques-des-egyptiens\/"},"modified":"2020-03-30T13:33:46","modified_gmt":"2020-03-30T11:33:46","slug":"les-connaissances-zoologiques-des-egyptiens","status":"publish","type":"page","link":"https:\/\/archeolab.app\/archeonimaux\/legypte\/les-connaissances-zoologiques-des-egyptiens\/","title":{"rendered":"Les connaissances zoologiques des \u00c9gyptiens"},"content":{"rendered":"<p style=\"text-align: justify;\"><strong>L\u2019observation des comportements des animaux au fil du temps a men\u00e9 les th\u00e9ologiens de l\u2019\u00c9gypte antique \u00e0 associer tr\u00e8s pr\u00e9cisement certaines esp\u00e8ces animales \u00e0 des divinit\u00e9s sp\u00e9cifiques de leur panth\u00e9on.<\/strong><\/p>\n<p style=\"text-align: justify;\">C\u2019est pour cela que les animaux sont les hypostases, \u2013 ou formes alternatives par lesquelles les dieux peuvent se manifester \u2013, de nombreuses divinit\u00e9s \u00e9gyptiennes.<\/p>\n<p style=\"text-align: justify;\">Ces associations se sont faites par rapprochement entre des caract\u00e9ristiques observ\u00e9es chez les animaux et les pouvoirs attribu\u00e9s \u00e0 chaque divinit\u00e9 : les \u00c9gyptiens ont par exemple associ\u00e9 le bousier \u00e0 la course quotidienne du soleil dans le ciel, imaginant que ce dernier \u00e9tait pouss\u00e9 par un bousier invisible. Ces associations d\u2019animaux \u00e0 des divinit\u00e9s affectaient \u00e9galement la couleur de repr\u00e9sentation des animaux, qui n\u2019est bien souvent pas la couleur naturelle des animaux.<\/p>\n<p style=\"text-align: justify;\">Cette indiff\u00e9rence pour la v\u00e9ritable couleur des animaux \u00e9tait volontaire car le mat\u00e9riau et la couleur du mat\u00e9riau utilis\u00e9s pour les repr\u00e9sentations des divinit\u00e9s avaient un sens symbolique. Celui-ci faisait r\u00e9f\u00e9rence au pouvoir pr\u00e9sum\u00e9 des animaux incarnant ces divinit\u00e9s : l\u2019exemple le plus simple \u00e9tant l\u2019utilisation d\u2019une pierre rouge comme la cornaline pour la repr\u00e9sentation de l\u2019hypostase d\u2019une divinit\u00e9 solaire.<\/p>\n<p style=\"text-align: justify;\">De ce point de vue, les \u00c9gyptiens anciens auraient de tout c\u0153ur embrass\u00e9 les initiatives contemporaines visant \u00e0 prot\u00e9ger les \u00e9cosyst\u00e8mes en danger ainsi que le d\u00e9licat \u00e9quilibre de la faune et de la flore composant ces \u00e9cosyst\u00e8mes.<\/p>\n<p>\u21d2 <a href=\"https:\/\/archeolab.app\/archeonimaux\/le-monde-greco-romain\/les-sources\/\">Le monde gr\u00e9co-romain<\/a><\/p>\n","protected":false},"excerpt":{"rendered":"<p>L\u2019observation des comportements des animaux au fil du temps a men\u00e9 les th\u00e9ologiens de l\u2019\u00c9gypte antique \u00e0 associer tr\u00e8s pr\u00e9cisement certaines esp\u00e8ces animales \u00e0 des divinit\u00e9s sp\u00e9cifiques de leur panth\u00e9on. &hellip; <a href=\"https:\/\/archeolab.app\/archeonimaux\/legypte\/les-connaissances-zoologiques-des-egyptiens\/\" class=\"more-link\">Continuer la lecture de <span class=\"screen-reader-text\">Les connaissances zoologiques des \u00c9gyptiens<\/span><\/a><\/p>\n","protected":false},"author":1,"featured_media":0,"parent":632,"menu_order":0,"comment_status":"closed","ping_status":"closed","template":"","meta":{"_acf_changed":false,"footnotes":""},"class_list":["post-635","page","type-page","status-publish","hentry"],"acf":[],"yoast_head":"<!-- This site is optimized with the Yoast SEO plugin v27.5 - https:\/\/yoast.com\/product\/yoast-seo-wordpress\/ -->\n<title>Les connaissances zoologiques des \u00c9gyptiens - Arch\u00e9onimaux<\/title>\n<meta name=\"robots\" content=\"index, follow, max-snippet:-1, max-image-preview:large, max-video-preview:-1\" \/>\n<link rel=\"canonical\" href=\"https:\/\/archeolab.app\/archeonimaux\/legypte\/les-connaissances-zoologiques-des-egyptiens\/\" \/>\n<meta property=\"og:locale\" content=\"fr_FR\" \/>\n<meta property=\"og:type\" content=\"article\" \/>\n<meta property=\"og:title\" content=\"Les connaissances zoologiques des \u00c9gyptiens - Arch\u00e9onimaux\" \/>\n<meta property=\"og:description\" content=\"L\u2019observation des comportements des animaux au fil du temps a men\u00e9 les th\u00e9ologiens de l\u2019\u00c9gypte antique \u00e0 associer tr\u00e8s pr\u00e9cisement certaines esp\u00e8ces animales \u00e0 des divinit\u00e9s sp\u00e9cifiques de leur panth\u00e9on. &hellip; Continuer la lecture de Les connaissances zoologiques des \u00c9gyptiens\" \/>\n<meta property=\"og:url\" content=\"https:\/\/archeolab.app\/archeonimaux\/legypte\/les-connaissances-zoologiques-des-egyptiens\/\" \/>\n<meta property=\"og:site_name\" content=\"Arch\u00e9onimaux\" \/>\n<meta property=\"article:modified_time\" content=\"2020-03-30T11:33:46+00:00\" \/>\n<meta name=\"twitter:card\" content=\"summary_large_image\" \/>\n<meta name=\"twitter:label1\" content=\"Dur\u00e9e de lecture estim\u00e9e\" \/>\n\t<meta name=\"twitter:data1\" content=\"1 minute\" \/>\n<script type=\"application\/ld+json\" class=\"yoast-schema-graph\">{\"@context\":\"https:\\\/\\\/schema.org\",\"@graph\":[{\"@type\":\"WebPage\",\"@id\":\"https:\\\/\\\/archeolab.app\\\/archeonimaux\\\/legypte\\\/les-connaissances-zoologiques-des-egyptiens\\\/\",\"url\":\"https:\\\/\\\/archeolab.app\\\/archeonimaux\\\/legypte\\\/les-connaissances-zoologiques-des-egyptiens\\\/\",\"name\":\"Les connaissances zoologiques des \u00c9gyptiens - Arch\u00e9onimaux\",\"isPartOf\":{\"@id\":\"https:\\\/\\\/archeolab.app\\\/archeonimaux\\\/#website\"},\"datePublished\":\"2017-09-04T07:35:49+00:00\",\"dateModified\":\"2020-03-30T11:33:46+00:00\",\"breadcrumb\":{\"@id\":\"https:\\\/\\\/archeolab.app\\\/archeonimaux\\\/legypte\\\/les-connaissances-zoologiques-des-egyptiens\\\/#breadcrumb\"},\"inLanguage\":\"fr-FR\",\"potentialAction\":[{\"@type\":\"ReadAction\",\"target\":[\"https:\\\/\\\/archeolab.app\\\/archeonimaux\\\/legypte\\\/les-connaissances-zoologiques-des-egyptiens\\\/\"]}]},{\"@type\":\"BreadcrumbList\",\"@id\":\"https:\\\/\\\/archeolab.app\\\/archeonimaux\\\/legypte\\\/les-connaissances-zoologiques-des-egyptiens\\\/#breadcrumb\",\"itemListElement\":[{\"@type\":\"ListItem\",\"position\":1,\"name\":\"Accueil\",\"item\":\"https:\\\/\\\/archeolab.app\\\/archeonimaux\\\/\"},{\"@type\":\"ListItem\",\"position\":2,\"name\":\"L\u2019\u00c9gypte\",\"item\":\"https:\\\/\\\/archeolab.app\\\/archeonimaux\\\/legypte\\\/\"},{\"@type\":\"ListItem\",\"position\":3,\"name\":\"Les connaissances zoologiques des \u00c9gyptiens\"}]},{\"@type\":\"WebSite\",\"@id\":\"https:\\\/\\\/archeolab.app\\\/archeonimaux\\\/#website\",\"url\":\"https:\\\/\\\/archeolab.app\\\/archeonimaux\\\/\",\"name\":\"Arch\u00e9onimaux\",\"description\":\"Pour tout savoir sur nos amies les b\u00eates dans l&#039;Antiquit\u00e9\",\"potentialAction\":[{\"@type\":\"SearchAction\",\"target\":{\"@type\":\"EntryPoint\",\"urlTemplate\":\"https:\\\/\\\/archeolab.app\\\/archeonimaux\\\/?s={search_term_string}\"},\"query-input\":{\"@type\":\"PropertyValueSpecification\",\"valueRequired\":true,\"valueName\":\"search_term_string\"}}],\"inLanguage\":\"fr-FR\"}]}<\/script>\n<!-- \/ Yoast SEO plugin. -->","yoast_head_json":{"title":"Les connaissances zoologiques des \u00c9gyptiens - Arch\u00e9onimaux","robots":{"index":"index","follow":"follow","max-snippet":"max-snippet:-1","max-image-preview":"max-image-preview:large","max-video-preview":"max-video-preview:-1"},"canonical":"https:\/\/archeolab.app\/archeonimaux\/legypte\/les-connaissances-zoologiques-des-egyptiens\/","og_locale":"fr_FR","og_type":"article","og_title":"Les connaissances zoologiques des \u00c9gyptiens - Arch\u00e9onimaux","og_description":"L\u2019observation des comportements des animaux au fil du temps a men\u00e9 les th\u00e9ologiens de l\u2019\u00c9gypte antique \u00e0 associer tr\u00e8s pr\u00e9cisement certaines esp\u00e8ces animales \u00e0 des divinit\u00e9s sp\u00e9cifiques de leur panth\u00e9on. &hellip; Continuer la lecture de Les connaissances zoologiques des \u00c9gyptiens","og_url":"https:\/\/archeolab.app\/archeonimaux\/legypte\/les-connaissances-zoologiques-des-egyptiens\/","og_site_name":"Arch\u00e9onimaux","article_modified_time":"2020-03-30T11:33:46+00:00","twitter_card":"summary_large_image","twitter_misc":{"Dur\u00e9e de lecture estim\u00e9e":"1 minute"},"schema":{"@context":"https:\/\/schema.org","@graph":[{"@type":"WebPage","@id":"https:\/\/archeolab.app\/archeonimaux\/legypte\/les-connaissances-zoologiques-des-egyptiens\/","url":"https:\/\/archeolab.app\/archeonimaux\/legypte\/les-connaissances-zoologiques-des-egyptiens\/","name":"Les connaissances zoologiques des \u00c9gyptiens - Arch\u00e9onimaux","isPartOf":{"@id":"https:\/\/archeolab.app\/archeonimaux\/#website"},"datePublished":"2017-09-04T07:35:49+00:00","dateModified":"2020-03-30T11:33:46+00:00","breadcrumb":{"@id":"https:\/\/archeolab.app\/archeonimaux\/legypte\/les-connaissances-zoologiques-des-egyptiens\/#breadcrumb"},"inLanguage":"fr-FR","potentialAction":[{"@type":"ReadAction","target":["https:\/\/archeolab.app\/archeonimaux\/legypte\/les-connaissances-zoologiques-des-egyptiens\/"]}]},{"@type":"BreadcrumbList","@id":"https:\/\/archeolab.app\/archeonimaux\/legypte\/les-connaissances-zoologiques-des-egyptiens\/#breadcrumb","itemListElement":[{"@type":"ListItem","position":1,"name":"Accueil","item":"https:\/\/archeolab.app\/archeonimaux\/"},{"@type":"ListItem","position":2,"name":"L\u2019\u00c9gypte","item":"https:\/\/archeolab.app\/archeonimaux\/legypte\/"},{"@type":"ListItem","position":3,"name":"Les connaissances zoologiques des \u00c9gyptiens"}]},{"@type":"WebSite","@id":"https:\/\/archeolab.app\/archeonimaux\/#website","url":"https:\/\/archeolab.app\/archeonimaux\/","name":"Arch\u00e9onimaux","description":"Pour tout savoir sur nos amies les b\u00eates dans l&#039;Antiquit\u00e9","potentialAction":[{"@type":"SearchAction","target":{"@type":"EntryPoint","urlTemplate":"https:\/\/archeolab.app\/archeonimaux\/?s={search_term_string}"},"query-input":{"@type":"PropertyValueSpecification","valueRequired":true,"valueName":"search_term_string"}}],"inLanguage":"fr-FR"}]}},"_links":{"self":[{"href":"https:\/\/archeolab.app\/archeonimaux\/wp-json\/wp\/v2\/pages\/635","targetHints":{"allow":["GET"]}}],"collection":[{"href":"https:\/\/archeolab.app\/archeonimaux\/wp-json\/wp\/v2\/pages"}],"about":[{"href":"https:\/\/archeolab.app\/archeonimaux\/wp-json\/wp\/v2\/types\/page"}],"author":[{"embeddable":true,"href":"https:\/\/archeolab.app\/archeonimaux\/wp-json\/wp\/v2\/users\/1"}],"replies":[{"embeddable":true,"href":"https:\/\/archeolab.app\/archeonimaux\/wp-json\/wp\/v2\/comments?post=635"}],"version-history":[{"count":4,"href":"https:\/\/archeolab.app\/archeonimaux\/wp-json\/wp\/v2\/pages\/635\/revisions"}],"predecessor-version":[{"id":1631,"href":"https:\/\/archeolab.app\/archeonimaux\/wp-json\/wp\/v2\/pages\/635\/revisions\/1631"}],"up":[{"embeddable":true,"href":"https:\/\/archeolab.app\/archeonimaux\/wp-json\/wp\/v2\/pages\/632"}],"wp:attachment":[{"href":"https:\/\/archeolab.app\/archeonimaux\/wp-json\/wp\/v2\/media?parent=635"}],"curies":[{"name":"wp","href":"https:\/\/api.w.org\/{rel}","templated":true}]}}