{"id":631,"date":"2017-09-04T09:35:49","date_gmt":"2017-09-04T07:35:49","guid":{"rendered":"http:\/\/www.archeoweb.ch\/expo\/archeonimaux\/le-monde-greco-romain\/sentiment-dempathie\/"},"modified":"2020-03-30T13:46:10","modified_gmt":"2020-03-30T11:46:10","slug":"sentiment-dempathie","status":"publish","type":"page","link":"https:\/\/archeolab.app\/archeonimaux\/le-monde-greco-romain\/sentiment-dempathie\/","title":{"rendered":"Sentiment d\u2019empathie"},"content":{"rendered":"<p style=\"text-align: justify;\"><strong>D\u00e8s l\u2019Antiquit\u00e9, nombreux sont les t\u00e9moignages de toutes sortes qui montrent que si les animaux \u00e9taient des b\u00eates de somme, leurs propri\u00e9taires n\u2019en \u00e9prouvaient pas moins pour eux des sentiments de sollicitude et veillaient \u00e0 leur bien-\u00eatre.<\/strong><\/p>\n<p style=\"text-align: justify;\">En M\u00e9diterran\u00e9e, certains petits propri\u00e9taires vivaient dans des conditions difficiles. Leurs animaux n\u2019\u00e9chappaient pas \u00e0 ces difficult\u00e9s\u00a0: le manque de nourriture et les maladies diverses \u00e9taient leur lot quotidien. Certaines lettres conserv\u00e9es sur papyrus, trouv\u00e9es en \u00c9gypte et datant d\u2019une p\u00e9riode comprise entre le IVe si\u00e8cle avant J.-C. et le IIIe si\u00e8cle apr\u00e8s J.-C. t\u00e9moignent des pr\u00e9occupations quotidiennes des propri\u00e9taires, lorsqu\u2019ils \u00e9taient loin de chez eux et avaient confi\u00e9 leurs animaux \u00e0 des tiers.<\/p>\n<p style=\"text-align: justify;\">Ainsi, certains propri\u00e9taires encouragent-ils leur femme ou leur m\u00e9tayer \u00e0 ne pas exiger trop d\u2019une b\u00eate fourbue\u00a0: \u00ab\u00a0Quant aux b\u0153ufs, ne les n\u00e9glige pas et ne les accable pas de travail, car tu sais, toi aussi, qu\u2019ils sont mal nourris\u00a0\u00bb.<\/p>\n<p style=\"text-align: justify;\">Ou bien, dans une lettre Lucius Bell\u00e9nus G\u00e9mellus (Ier si\u00e8cle de notre \u00e8re), sermonne-t-il son neveu qu\u2019il tient pour responsable de la mort de ses petits cochons : \u00ab\u00a0Lucius Bellenus Gemellus \u00e0 son cher Epagathos, salut. Je te bl\u00e2me grandement\u00a0: tu as fait p\u00e9rir deux porcelets en les fatiguant \u00e0 les faire trotter, alors que tu avais au village dix b\u00eates de somme capables de travailler. H\u00e9raclidas, l\u2019\u00e2nier, a fait cette accusation, en disant que c\u2019est toi qui lui avais dit de conduire les cochons \u00e0 pied\u00a0\u00bb.<\/p>\n<p style=\"text-align: justify;\">Autre expression d\u2019une forme d\u2019empathie, ce post-scriptum d\u2019une lettre d\u2019un petit gar\u00e7on \u00e0 son p\u00e8re\u00a0: \u00ab\u00a0N\u2019oubliez pas nos colombes\u00a0\u00bb\u00a0: dans sa simplicit\u00e9, ce petit rappel\u00a0en dit long sur les liens d\u2019affection qui l\u2019unissent \u00e0 ses oiseaux familiers.<\/p>\n<figure id=\"attachment_1118\" aria-describedby=\"caption-attachment-1118\" style=\"width: 525px\" class=\"wp-caption aligncenter\"><img loading=\"lazy\" decoding=\"async\" class=\"wp-image-1118 size-large\" src=\"https:\/\/www.archeolab.app\/archeonimaux\/wp-content\/uploads\/sites\/3\/2018\/01\/fig.32-mod-613x1024.jpg\" alt=\"\" width=\"525\" height=\"877\" \/><figcaption id=\"caption-attachment-1118\" class=\"wp-caption-text\">Lien humains \/ oiseaux (colombes). St\u00e8le fun\u00e9raire d\u2019une petite fille, marbre, milieu du IVe si\u00e8cle avant J.-C., Metropolitan Museum, inv. 27.45<\/figcaption><\/figure>\n<p style=\"text-align: justify;\">Cette sollicitude s\u2019exprime aussi dans les pri\u00e8res d\u2019appel de la sollicitude divine sur les animaux, qui se manifestent au travers des ex-votos animaliers qui \u00e9taient offerts dans les sanctuaires.<\/p>\n<pre style=\"text-align: justify;\">Traductions des lettres\u00a0: Cl. Gorteman, \u00ab\u00a0Sollicitude et amour pour les animaux dans l\u2019\u00c9gypte gr\u00e9co-romaine\u00a0\u00bb, ChrE 32 (1957), p. 101-120.<\/pre>\n<p>\u21d2 <a href=\"https:\/\/www.archeolab.app\/archeonimaux\/le-monde-greco-romain\/le-bon-pasteur\/\">Le bon pasteur<\/a><\/p>\n","protected":false},"excerpt":{"rendered":"<p>D\u00e8s l\u2019Antiquit\u00e9, nombreux sont les t\u00e9moignages de toutes sortes qui montrent que si les animaux \u00e9taient des b\u00eates de somme, leurs propri\u00e9taires n\u2019en \u00e9prouvaient pas moins pour eux des sentiments &hellip; <a href=\"https:\/\/archeolab.app\/archeonimaux\/le-monde-greco-romain\/sentiment-dempathie\/\" class=\"more-link\">Continuer la lecture de <span class=\"screen-reader-text\">Sentiment d\u2019empathie<\/span><\/a><\/p>\n","protected":false},"author":1,"featured_media":0,"parent":626,"menu_order":5,"comment_status":"closed","ping_status":"closed","template":"","meta":{"_acf_changed":false,"footnotes":""},"class_list":["post-631","page","type-page","status-publish","hentry"],"acf":[],"yoast_head":"<!-- This site is optimized with the Yoast SEO plugin v27.5 - https:\/\/yoast.com\/product\/yoast-seo-wordpress\/ -->\n<title>Sentiment d\u2019empathie - Arch\u00e9onimaux<\/title>\n<meta name=\"robots\" content=\"index, follow, max-snippet:-1, max-image-preview:large, max-video-preview:-1\" \/>\n<link rel=\"canonical\" href=\"https:\/\/archeolab.app\/archeonimaux\/le-monde-greco-romain\/sentiment-dempathie\/\" \/>\n<meta property=\"og:locale\" content=\"fr_FR\" \/>\n<meta property=\"og:type\" content=\"article\" \/>\n<meta property=\"og:title\" content=\"Sentiment d\u2019empathie - Arch\u00e9onimaux\" \/>\n<meta property=\"og:description\" content=\"D\u00e8s l\u2019Antiquit\u00e9, nombreux sont les t\u00e9moignages de toutes sortes qui montrent que si les animaux \u00e9taient des b\u00eates de somme, leurs propri\u00e9taires n\u2019en \u00e9prouvaient pas moins pour eux des sentiments &hellip; Continuer la lecture de Sentiment d\u2019empathie\" \/>\n<meta property=\"og:url\" content=\"https:\/\/archeolab.app\/archeonimaux\/le-monde-greco-romain\/sentiment-dempathie\/\" \/>\n<meta property=\"og:site_name\" content=\"Arch\u00e9onimaux\" \/>\n<meta property=\"article:modified_time\" content=\"2020-03-30T11:46:10+00:00\" \/>\n<meta property=\"og:image\" content=\"https:\/\/www.archeolab.app\/archeonimaux\/wp-content\/uploads\/sites\/3\/2018\/01\/fig.32-mod-613x1024.jpg\" \/>\n<meta name=\"twitter:card\" content=\"summary_large_image\" \/>\n<meta name=\"twitter:label1\" content=\"Dur\u00e9e de lecture estim\u00e9e\" \/>\n\t<meta name=\"twitter:data1\" content=\"2 minutes\" \/>\n<script type=\"application\/ld+json\" class=\"yoast-schema-graph\">{\"@context\":\"https:\\\/\\\/schema.org\",\"@graph\":[{\"@type\":\"WebPage\",\"@id\":\"https:\\\/\\\/archeolab.app\\\/archeonimaux\\\/le-monde-greco-romain\\\/sentiment-dempathie\\\/\",\"url\":\"https:\\\/\\\/archeolab.app\\\/archeonimaux\\\/le-monde-greco-romain\\\/sentiment-dempathie\\\/\",\"name\":\"Sentiment d\u2019empathie - Arch\u00e9onimaux\",\"isPartOf\":{\"@id\":\"https:\\\/\\\/archeolab.app\\\/archeonimaux\\\/#website\"},\"primaryImageOfPage\":{\"@id\":\"https:\\\/\\\/archeolab.app\\\/archeonimaux\\\/le-monde-greco-romain\\\/sentiment-dempathie\\\/#primaryimage\"},\"image\":{\"@id\":\"https:\\\/\\\/archeolab.app\\\/archeonimaux\\\/le-monde-greco-romain\\\/sentiment-dempathie\\\/#primaryimage\"},\"thumbnailUrl\":\"https:\\\/\\\/www.archeolab.app\\\/archeonimaux\\\/wp-content\\\/uploads\\\/sites\\\/3\\\/2018\\\/01\\\/fig.32-mod-613x1024.jpg\",\"datePublished\":\"2017-09-04T07:35:49+00:00\",\"dateModified\":\"2020-03-30T11:46:10+00:00\",\"breadcrumb\":{\"@id\":\"https:\\\/\\\/archeolab.app\\\/archeonimaux\\\/le-monde-greco-romain\\\/sentiment-dempathie\\\/#breadcrumb\"},\"inLanguage\":\"fr-FR\",\"potentialAction\":[{\"@type\":\"ReadAction\",\"target\":[\"https:\\\/\\\/archeolab.app\\\/archeonimaux\\\/le-monde-greco-romain\\\/sentiment-dempathie\\\/\"]}]},{\"@type\":\"ImageObject\",\"inLanguage\":\"fr-FR\",\"@id\":\"https:\\\/\\\/archeolab.app\\\/archeonimaux\\\/le-monde-greco-romain\\\/sentiment-dempathie\\\/#primaryimage\",\"url\":\"https:\\\/\\\/www.archeolab.app\\\/archeonimaux\\\/wp-content\\\/uploads\\\/sites\\\/3\\\/2018\\\/01\\\/fig.32-mod-613x1024.jpg\",\"contentUrl\":\"https:\\\/\\\/www.archeolab.app\\\/archeonimaux\\\/wp-content\\\/uploads\\\/sites\\\/3\\\/2018\\\/01\\\/fig.32-mod-613x1024.jpg\"},{\"@type\":\"BreadcrumbList\",\"@id\":\"https:\\\/\\\/archeolab.app\\\/archeonimaux\\\/le-monde-greco-romain\\\/sentiment-dempathie\\\/#breadcrumb\",\"itemListElement\":[{\"@type\":\"ListItem\",\"position\":1,\"name\":\"Accueil\",\"item\":\"https:\\\/\\\/archeolab.app\\\/archeonimaux\\\/\"},{\"@type\":\"ListItem\",\"position\":2,\"name\":\"Le monde gr\u00e9co-romain\",\"item\":\"https:\\\/\\\/archeolab.app\\\/archeonimaux\\\/le-monde-greco-romain\\\/\"},{\"@type\":\"ListItem\",\"position\":3,\"name\":\"Sentiment d\u2019empathie\"}]},{\"@type\":\"WebSite\",\"@id\":\"https:\\\/\\\/archeolab.app\\\/archeonimaux\\\/#website\",\"url\":\"https:\\\/\\\/archeolab.app\\\/archeonimaux\\\/\",\"name\":\"Arch\u00e9onimaux\",\"description\":\"Pour tout savoir sur nos amies les b\u00eates dans l&#039;Antiquit\u00e9\",\"potentialAction\":[{\"@type\":\"SearchAction\",\"target\":{\"@type\":\"EntryPoint\",\"urlTemplate\":\"https:\\\/\\\/archeolab.app\\\/archeonimaux\\\/?s={search_term_string}\"},\"query-input\":{\"@type\":\"PropertyValueSpecification\",\"valueRequired\":true,\"valueName\":\"search_term_string\"}}],\"inLanguage\":\"fr-FR\"}]}<\/script>\n<!-- \/ Yoast SEO plugin. -->","yoast_head_json":{"title":"Sentiment d\u2019empathie - Arch\u00e9onimaux","robots":{"index":"index","follow":"follow","max-snippet":"max-snippet:-1","max-image-preview":"max-image-preview:large","max-video-preview":"max-video-preview:-1"},"canonical":"https:\/\/archeolab.app\/archeonimaux\/le-monde-greco-romain\/sentiment-dempathie\/","og_locale":"fr_FR","og_type":"article","og_title":"Sentiment d\u2019empathie - Arch\u00e9onimaux","og_description":"D\u00e8s l\u2019Antiquit\u00e9, nombreux sont les t\u00e9moignages de toutes sortes qui montrent que si les animaux \u00e9taient des b\u00eates de somme, leurs propri\u00e9taires n\u2019en \u00e9prouvaient pas moins pour eux des sentiments &hellip; Continuer la lecture de Sentiment d\u2019empathie","og_url":"https:\/\/archeolab.app\/archeonimaux\/le-monde-greco-romain\/sentiment-dempathie\/","og_site_name":"Arch\u00e9onimaux","article_modified_time":"2020-03-30T11:46:10+00:00","og_image":[{"url":"https:\/\/www.archeolab.app\/archeonimaux\/wp-content\/uploads\/sites\/3\/2018\/01\/fig.32-mod-613x1024.jpg","type":"","width":"","height":""}],"twitter_card":"summary_large_image","twitter_misc":{"Dur\u00e9e de lecture estim\u00e9e":"2 minutes"},"schema":{"@context":"https:\/\/schema.org","@graph":[{"@type":"WebPage","@id":"https:\/\/archeolab.app\/archeonimaux\/le-monde-greco-romain\/sentiment-dempathie\/","url":"https:\/\/archeolab.app\/archeonimaux\/le-monde-greco-romain\/sentiment-dempathie\/","name":"Sentiment d\u2019empathie - Arch\u00e9onimaux","isPartOf":{"@id":"https:\/\/archeolab.app\/archeonimaux\/#website"},"primaryImageOfPage":{"@id":"https:\/\/archeolab.app\/archeonimaux\/le-monde-greco-romain\/sentiment-dempathie\/#primaryimage"},"image":{"@id":"https:\/\/archeolab.app\/archeonimaux\/le-monde-greco-romain\/sentiment-dempathie\/#primaryimage"},"thumbnailUrl":"https:\/\/www.archeolab.app\/archeonimaux\/wp-content\/uploads\/sites\/3\/2018\/01\/fig.32-mod-613x1024.jpg","datePublished":"2017-09-04T07:35:49+00:00","dateModified":"2020-03-30T11:46:10+00:00","breadcrumb":{"@id":"https:\/\/archeolab.app\/archeonimaux\/le-monde-greco-romain\/sentiment-dempathie\/#breadcrumb"},"inLanguage":"fr-FR","potentialAction":[{"@type":"ReadAction","target":["https:\/\/archeolab.app\/archeonimaux\/le-monde-greco-romain\/sentiment-dempathie\/"]}]},{"@type":"ImageObject","inLanguage":"fr-FR","@id":"https:\/\/archeolab.app\/archeonimaux\/le-monde-greco-romain\/sentiment-dempathie\/#primaryimage","url":"https:\/\/www.archeolab.app\/archeonimaux\/wp-content\/uploads\/sites\/3\/2018\/01\/fig.32-mod-613x1024.jpg","contentUrl":"https:\/\/www.archeolab.app\/archeonimaux\/wp-content\/uploads\/sites\/3\/2018\/01\/fig.32-mod-613x1024.jpg"},{"@type":"BreadcrumbList","@id":"https:\/\/archeolab.app\/archeonimaux\/le-monde-greco-romain\/sentiment-dempathie\/#breadcrumb","itemListElement":[{"@type":"ListItem","position":1,"name":"Accueil","item":"https:\/\/archeolab.app\/archeonimaux\/"},{"@type":"ListItem","position":2,"name":"Le monde gr\u00e9co-romain","item":"https:\/\/archeolab.app\/archeonimaux\/le-monde-greco-romain\/"},{"@type":"ListItem","position":3,"name":"Sentiment d\u2019empathie"}]},{"@type":"WebSite","@id":"https:\/\/archeolab.app\/archeonimaux\/#website","url":"https:\/\/archeolab.app\/archeonimaux\/","name":"Arch\u00e9onimaux","description":"Pour tout savoir sur nos amies les b\u00eates dans l&#039;Antiquit\u00e9","potentialAction":[{"@type":"SearchAction","target":{"@type":"EntryPoint","urlTemplate":"https:\/\/archeolab.app\/archeonimaux\/?s={search_term_string}"},"query-input":{"@type":"PropertyValueSpecification","valueRequired":true,"valueName":"search_term_string"}}],"inLanguage":"fr-FR"}]}},"_links":{"self":[{"href":"https:\/\/archeolab.app\/archeonimaux\/wp-json\/wp\/v2\/pages\/631","targetHints":{"allow":["GET"]}}],"collection":[{"href":"https:\/\/archeolab.app\/archeonimaux\/wp-json\/wp\/v2\/pages"}],"about":[{"href":"https:\/\/archeolab.app\/archeonimaux\/wp-json\/wp\/v2\/types\/page"}],"author":[{"embeddable":true,"href":"https:\/\/archeolab.app\/archeonimaux\/wp-json\/wp\/v2\/users\/1"}],"replies":[{"embeddable":true,"href":"https:\/\/archeolab.app\/archeonimaux\/wp-json\/wp\/v2\/comments?post=631"}],"version-history":[{"count":2,"href":"https:\/\/archeolab.app\/archeonimaux\/wp-json\/wp\/v2\/pages\/631\/revisions"}],"predecessor-version":[{"id":1637,"href":"https:\/\/archeolab.app\/archeonimaux\/wp-json\/wp\/v2\/pages\/631\/revisions\/1637"}],"up":[{"embeddable":true,"href":"https:\/\/archeolab.app\/archeonimaux\/wp-json\/wp\/v2\/pages\/626"}],"wp:attachment":[{"href":"https:\/\/archeolab.app\/archeonimaux\/wp-json\/wp\/v2\/media?parent=631"}],"curies":[{"name":"wp","href":"https:\/\/api.w.org\/{rel}","templated":true}]}}