{"id":629,"date":"2017-09-04T09:35:49","date_gmt":"2017-09-04T07:35:49","guid":{"rendered":"http:\/\/www.archeoweb.ch\/expo\/archeonimaux\/le-monde-greco-romain\/le-sacrifice\/"},"modified":"2020-03-30T13:39:05","modified_gmt":"2020-03-30T11:39:05","slug":"le-sacrifice","status":"publish","type":"page","link":"https:\/\/archeolab.app\/archeonimaux\/le-monde-greco-romain\/le-sacrifice\/","title":{"rendered":"Le sacrifice"},"content":{"rendered":"<p style=\"text-align: justify;\"><strong>Dans la religion antique, le sacrifice animal \u2013 sanglant \u2013 est un acte fr\u00e9quent. En Gr\u00e8ce, particuli\u00e8rement, la religion s\u2019appuie sur un principe de r\u00e9ciprocit\u00e9 : c\u2019est le <em>do ut des<\/em> (\u00ab\u00a0je donne pour que tu donnes\u00a0\u00bb).<\/strong><\/p>\n<figure id=\"attachment_819\" aria-describedby=\"caption-attachment-819\" style=\"width: 2400px\" class=\"wp-caption aligncenter\"><img loading=\"lazy\" decoding=\"async\" class=\"wp-image-819 size-full\" src=\"https:\/\/www.archeolab.app\/archeonimaux\/wp-content\/uploads\/sites\/3\/2017\/09\/fig.10.jpg\" alt=\"\" width=\"2400\" height=\"351\" \/><figcaption id=\"caption-attachment-819\" class=\"wp-caption-text\">Sacrifice \u00e0 Rome (suovetaurilia) : b\u0153uf, cochon, mouton men\u00e9s vers l\u2019autel. Relief de l\u2019autel de Domitius Ahenobarbus, Rome, II<sup>e<\/sup>\u00a0si\u00e8cle avant J.-C., Louvre, Ma 975.<\/figcaption><\/figure>\n<p style=\"text-align: justify;\">Le sacrifice d\u2019un animal est donc le moyen id\u00e9al de mettre en \u0153uvre cet \u00e9change \u00ab\u00a0th\u00e9\u00e2tralis\u00e9\u00a0\u00bb entre hommes et dieux. On invoque les dieux, on les remercie, on esp\u00e8re d\u2019eux un bienfait, une protection.<\/p>\n<p style=\"text-align: justify;\">Le sacrifice d\u2019un animal est un acte important dans la soci\u00e9t\u00e9 ancienne. Diverses formes de sacrifices sont attest\u00e9es dans la pratique religieuse grecque\u00a0: nous nous int\u00e9resserons ici\u00a0 au type le plus fr\u00e9quent, c\u2019est-\u00e0-dire au sacrifice sanglant (Thusia). Il inclut une mise \u00e0 mort d\u2019un animal domestique, g\u00e9n\u00e9ralement du petit b\u00e9tail (le plus souvent un\u00a0 mouton ou un cochon, beaucoup plus rarement un bovin).<\/p>\n<figure id=\"attachment_1124\" aria-describedby=\"caption-attachment-1124\" style=\"width: 525px\" class=\"wp-caption aligncenter\"><img loading=\"lazy\" decoding=\"async\" class=\"wp-image-1124 size-large\" src=\"https:\/\/www.archeolab.app\/archeonimaux\/wp-content\/uploads\/sites\/3\/2018\/01\/fig.12-mod-1024x797.jpg\" alt=\"\" width=\"525\" height=\"409\" \/><figcaption id=\"caption-attachment-1124\" class=\"wp-caption-text\">Ch\u00e8vre entrav\u00e9e, offerte en sacrifice. Statue votive, marbre, I<sup>er<\/sup>-II<sup>e<\/sup> si\u00e8cle apr\u00e8s J.-C., Metropolitan Museum, inv. 10.151.<\/figcaption><\/figure>\n<p style=\"text-align: justify;\">Les raisons de ces choix sont principalement \u00e9conomiques\u00a0: sacrifier un bovin co\u00fbte cher, et c\u2019est un animal qui peut rendre d\u2019inestimables services (comme le labour). On ne le sacrifice donc que pour les tr\u00e8s grandes occasions, comme les grandes f\u00eates publiques. La plupart du temps, dans le cadre du culte priv\u00e9, mouton ou cochon lui sont pr\u00e9f\u00e9r\u00e9s.<\/p>\n<figure id=\"attachment_830\" aria-describedby=\"caption-attachment-830\" style=\"width: 525px\" class=\"wp-caption aligncenter\"><img loading=\"lazy\" decoding=\"async\" class=\"wp-image-830 size-large\" src=\"https:\/\/www.archeolab.app\/archeonimaux\/wp-content\/uploads\/sites\/3\/2017\/09\/fig.21-1024x533.jpg\" alt=\"\" width=\"525\" height=\"273\" \/><figcaption id=\"caption-attachment-830\" class=\"wp-caption-text\">Sacrifice de taureau \u00e0 Rome \/ rituel. Relief de Pomp\u00e9i, temple de Vespasien, I<sup>er<\/sup> si\u00e8cle apr\u00e8s J.-C.<\/figcaption><\/figure>\n<p style=\"text-align: justify;\">L\u2019animal doit \u00eatre parfait, sans d\u00e9faut\u00a0: sont donc exclus du sacrifice les animaux malades ou \u00e2g\u00e9s. En th\u00e9orie, les animaux m\u00e2les sont vou\u00e9s aux dieux, et les animaux femelles, aux d\u00e9esses. La victime sacrificielle la plus recherch\u00e9e est le jeune mouton, m\u00e2le et adulte.<\/p>\n<p style=\"text-align: justify;\">Un \u00e9l\u00e9ment r\u00e9v\u00e9lateur de la relation homme-animal (et d\u2019une forme de culpabilit\u00e9 ?) est que l\u2019animal doit consentir \u00e0 sa mise \u00e0 mort. Pour ce faire, le pr\u00eatre asperge d\u2019eau et de grains d\u2019orge la t\u00eate de la victime : le mouvement qu\u2019elle fera sera alors interpr\u00e9t\u00e9 comme un signe de consentement. On l\u2019assomme ensuite, puis on l\u2019\u00e9gorge.<\/p>\n<figure id=\"attachment_828\" aria-describedby=\"caption-attachment-828\" style=\"width: 461px\" class=\"wp-caption aligncenter\"><img loading=\"lazy\" decoding=\"async\" class=\"wp-image-828 size-full\" src=\"https:\/\/www.archeolab.app\/archeonimaux\/wp-content\/uploads\/sites\/3\/2017\/09\/fig.19.jpg\" alt=\"\" width=\"461\" height=\"397\" \/><figcaption id=\"caption-attachment-828\" class=\"wp-caption-text\">Rites pr\u00e9liminaires au sacrifice d\u2019Iphig\u00e9nie, qui se transforme en biche, sur un vase \u00e0 figures rouges, V<sup>e<\/sup> si\u00e8cle avant J.-C.<\/figcaption><\/figure>\n<p style=\"text-align: justify;\">Une fois l\u2019animal tu\u00e9, il est d\u00e9coup\u00e9 et ses chairs ainsi que ses entrailles sont r\u00f4ties. Les longs os de cuisses, recouverts de graisse, seront br\u00fbl\u00e9s sur le feu\u00a0: c\u2019est la part dont devront se contenter les dieux. L\u2019assistance (les pr\u00eatres et les fid\u00e8les) se partagent les viandes. Les pr\u00eatres obtiennent g\u00e9n\u00e9ralement en plus la peau de l\u2019animal.<\/p>\n<figure id=\"attachment_829\" aria-describedby=\"caption-attachment-829\" style=\"width: 525px\" class=\"wp-caption aligncenter\"><img loading=\"lazy\" decoding=\"async\" class=\"wp-image-829 size-large\" src=\"https:\/\/www.archeolab.app\/archeonimaux\/wp-content\/uploads\/sites\/3\/2017\/09\/Fig.20-1024x1019.jpg\" alt=\"\" width=\"525\" height=\"522\" \/><figcaption id=\"caption-attachment-829\" class=\"wp-caption-text\">Sacrifice de sanglier. M\u00e9daillon de coupe attique \u00e0 figures rouges du peintre d\u2019Epidromos, vers 500 avant J.-C., Paris, Mus\u00e9e du Louvre, G112.<\/figcaption><\/figure>\n<p>\u21d2 <a href=\"https:\/\/www.archeolab.app\/archeonimaux\/le-monde-greco-romain\/ex-voto-et-prieres\/\">Ex-voto et pri\u00e8res<\/a><\/p>\n","protected":false},"excerpt":{"rendered":"<p>Dans la religion antique, le sacrifice animal \u2013 sanglant \u2013 est un acte fr\u00e9quent. En Gr\u00e8ce, particuli\u00e8rement, la religion s\u2019appuie sur un principe de r\u00e9ciprocit\u00e9 : c\u2019est le do ut &hellip; <a href=\"https:\/\/archeolab.app\/archeonimaux\/le-monde-greco-romain\/le-sacrifice\/\" class=\"more-link\">Continuer la lecture de <span class=\"screen-reader-text\">Le sacrifice<\/span><\/a><\/p>\n","protected":false},"author":1,"featured_media":0,"parent":626,"menu_order":3,"comment_status":"closed","ping_status":"closed","template":"","meta":{"_acf_changed":false,"footnotes":""},"class_list":["post-629","page","type-page","status-publish","hentry"],"acf":[],"yoast_head":"<!-- This site is optimized with the Yoast SEO plugin v27.5 - https:\/\/yoast.com\/product\/yoast-seo-wordpress\/ -->\n<title>Le sacrifice - Arch\u00e9onimaux<\/title>\n<meta name=\"robots\" content=\"index, follow, max-snippet:-1, max-image-preview:large, max-video-preview:-1\" \/>\n<link rel=\"canonical\" href=\"https:\/\/archeolab.app\/archeonimaux\/le-monde-greco-romain\/le-sacrifice\/\" \/>\n<meta property=\"og:locale\" content=\"fr_FR\" \/>\n<meta property=\"og:type\" content=\"article\" \/>\n<meta property=\"og:title\" content=\"Le sacrifice - Arch\u00e9onimaux\" \/>\n<meta property=\"og:description\" content=\"Dans la religion antique, le sacrifice animal \u2013 sanglant \u2013 est un acte fr\u00e9quent. En Gr\u00e8ce, particuli\u00e8rement, la religion s\u2019appuie sur un principe de r\u00e9ciprocit\u00e9 : c\u2019est le do ut &hellip; Continuer la lecture de Le sacrifice\" \/>\n<meta property=\"og:url\" content=\"https:\/\/archeolab.app\/archeonimaux\/le-monde-greco-romain\/le-sacrifice\/\" \/>\n<meta property=\"og:site_name\" content=\"Arch\u00e9onimaux\" \/>\n<meta property=\"article:modified_time\" content=\"2020-03-30T11:39:05+00:00\" \/>\n<meta property=\"og:image\" content=\"https:\/\/www.archeolab.app\/archeonimaux\/wp-content\/uploads\/sites\/3\/2017\/09\/fig.10.jpg\" \/>\n<meta name=\"twitter:card\" content=\"summary_large_image\" \/>\n<meta name=\"twitter:label1\" content=\"Dur\u00e9e de lecture estim\u00e9e\" \/>\n\t<meta name=\"twitter:data1\" content=\"3 minutes\" \/>\n<script type=\"application\/ld+json\" class=\"yoast-schema-graph\">{\"@context\":\"https:\\\/\\\/schema.org\",\"@graph\":[{\"@type\":\"WebPage\",\"@id\":\"https:\\\/\\\/archeolab.app\\\/archeonimaux\\\/le-monde-greco-romain\\\/le-sacrifice\\\/\",\"url\":\"https:\\\/\\\/archeolab.app\\\/archeonimaux\\\/le-monde-greco-romain\\\/le-sacrifice\\\/\",\"name\":\"Le sacrifice - Arch\u00e9onimaux\",\"isPartOf\":{\"@id\":\"https:\\\/\\\/archeolab.app\\\/archeonimaux\\\/#website\"},\"primaryImageOfPage\":{\"@id\":\"https:\\\/\\\/archeolab.app\\\/archeonimaux\\\/le-monde-greco-romain\\\/le-sacrifice\\\/#primaryimage\"},\"image\":{\"@id\":\"https:\\\/\\\/archeolab.app\\\/archeonimaux\\\/le-monde-greco-romain\\\/le-sacrifice\\\/#primaryimage\"},\"thumbnailUrl\":\"https:\\\/\\\/www.archeolab.app\\\/archeonimaux\\\/wp-content\\\/uploads\\\/sites\\\/3\\\/2017\\\/09\\\/fig.10.jpg\",\"datePublished\":\"2017-09-04T07:35:49+00:00\",\"dateModified\":\"2020-03-30T11:39:05+00:00\",\"breadcrumb\":{\"@id\":\"https:\\\/\\\/archeolab.app\\\/archeonimaux\\\/le-monde-greco-romain\\\/le-sacrifice\\\/#breadcrumb\"},\"inLanguage\":\"fr-FR\",\"potentialAction\":[{\"@type\":\"ReadAction\",\"target\":[\"https:\\\/\\\/archeolab.app\\\/archeonimaux\\\/le-monde-greco-romain\\\/le-sacrifice\\\/\"]}]},{\"@type\":\"ImageObject\",\"inLanguage\":\"fr-FR\",\"@id\":\"https:\\\/\\\/archeolab.app\\\/archeonimaux\\\/le-monde-greco-romain\\\/le-sacrifice\\\/#primaryimage\",\"url\":\"https:\\\/\\\/www.archeolab.app\\\/archeonimaux\\\/wp-content\\\/uploads\\\/sites\\\/3\\\/2017\\\/09\\\/fig.10.jpg\",\"contentUrl\":\"https:\\\/\\\/www.archeolab.app\\\/archeonimaux\\\/wp-content\\\/uploads\\\/sites\\\/3\\\/2017\\\/09\\\/fig.10.jpg\"},{\"@type\":\"BreadcrumbList\",\"@id\":\"https:\\\/\\\/archeolab.app\\\/archeonimaux\\\/le-monde-greco-romain\\\/le-sacrifice\\\/#breadcrumb\",\"itemListElement\":[{\"@type\":\"ListItem\",\"position\":1,\"name\":\"Accueil\",\"item\":\"https:\\\/\\\/archeolab.app\\\/archeonimaux\\\/\"},{\"@type\":\"ListItem\",\"position\":2,\"name\":\"Le monde gr\u00e9co-romain\",\"item\":\"https:\\\/\\\/archeolab.app\\\/archeonimaux\\\/le-monde-greco-romain\\\/\"},{\"@type\":\"ListItem\",\"position\":3,\"name\":\"Le sacrifice\"}]},{\"@type\":\"WebSite\",\"@id\":\"https:\\\/\\\/archeolab.app\\\/archeonimaux\\\/#website\",\"url\":\"https:\\\/\\\/archeolab.app\\\/archeonimaux\\\/\",\"name\":\"Arch\u00e9onimaux\",\"description\":\"Pour tout savoir sur nos amies les b\u00eates dans l&#039;Antiquit\u00e9\",\"potentialAction\":[{\"@type\":\"SearchAction\",\"target\":{\"@type\":\"EntryPoint\",\"urlTemplate\":\"https:\\\/\\\/archeolab.app\\\/archeonimaux\\\/?s={search_term_string}\"},\"query-input\":{\"@type\":\"PropertyValueSpecification\",\"valueRequired\":true,\"valueName\":\"search_term_string\"}}],\"inLanguage\":\"fr-FR\"}]}<\/script>\n<!-- \/ Yoast SEO plugin. -->","yoast_head_json":{"title":"Le sacrifice - Arch\u00e9onimaux","robots":{"index":"index","follow":"follow","max-snippet":"max-snippet:-1","max-image-preview":"max-image-preview:large","max-video-preview":"max-video-preview:-1"},"canonical":"https:\/\/archeolab.app\/archeonimaux\/le-monde-greco-romain\/le-sacrifice\/","og_locale":"fr_FR","og_type":"article","og_title":"Le sacrifice - Arch\u00e9onimaux","og_description":"Dans la religion antique, le sacrifice animal \u2013 sanglant \u2013 est un acte fr\u00e9quent. En Gr\u00e8ce, particuli\u00e8rement, la religion s\u2019appuie sur un principe de r\u00e9ciprocit\u00e9 : c\u2019est le do ut &hellip; Continuer la lecture de Le sacrifice","og_url":"https:\/\/archeolab.app\/archeonimaux\/le-monde-greco-romain\/le-sacrifice\/","og_site_name":"Arch\u00e9onimaux","article_modified_time":"2020-03-30T11:39:05+00:00","og_image":[{"url":"https:\/\/www.archeolab.app\/archeonimaux\/wp-content\/uploads\/sites\/3\/2017\/09\/fig.10.jpg","type":"","width":"","height":""}],"twitter_card":"summary_large_image","twitter_misc":{"Dur\u00e9e de lecture estim\u00e9e":"3 minutes"},"schema":{"@context":"https:\/\/schema.org","@graph":[{"@type":"WebPage","@id":"https:\/\/archeolab.app\/archeonimaux\/le-monde-greco-romain\/le-sacrifice\/","url":"https:\/\/archeolab.app\/archeonimaux\/le-monde-greco-romain\/le-sacrifice\/","name":"Le sacrifice - Arch\u00e9onimaux","isPartOf":{"@id":"https:\/\/archeolab.app\/archeonimaux\/#website"},"primaryImageOfPage":{"@id":"https:\/\/archeolab.app\/archeonimaux\/le-monde-greco-romain\/le-sacrifice\/#primaryimage"},"image":{"@id":"https:\/\/archeolab.app\/archeonimaux\/le-monde-greco-romain\/le-sacrifice\/#primaryimage"},"thumbnailUrl":"https:\/\/www.archeolab.app\/archeonimaux\/wp-content\/uploads\/sites\/3\/2017\/09\/fig.10.jpg","datePublished":"2017-09-04T07:35:49+00:00","dateModified":"2020-03-30T11:39:05+00:00","breadcrumb":{"@id":"https:\/\/archeolab.app\/archeonimaux\/le-monde-greco-romain\/le-sacrifice\/#breadcrumb"},"inLanguage":"fr-FR","potentialAction":[{"@type":"ReadAction","target":["https:\/\/archeolab.app\/archeonimaux\/le-monde-greco-romain\/le-sacrifice\/"]}]},{"@type":"ImageObject","inLanguage":"fr-FR","@id":"https:\/\/archeolab.app\/archeonimaux\/le-monde-greco-romain\/le-sacrifice\/#primaryimage","url":"https:\/\/www.archeolab.app\/archeonimaux\/wp-content\/uploads\/sites\/3\/2017\/09\/fig.10.jpg","contentUrl":"https:\/\/www.archeolab.app\/archeonimaux\/wp-content\/uploads\/sites\/3\/2017\/09\/fig.10.jpg"},{"@type":"BreadcrumbList","@id":"https:\/\/archeolab.app\/archeonimaux\/le-monde-greco-romain\/le-sacrifice\/#breadcrumb","itemListElement":[{"@type":"ListItem","position":1,"name":"Accueil","item":"https:\/\/archeolab.app\/archeonimaux\/"},{"@type":"ListItem","position":2,"name":"Le monde gr\u00e9co-romain","item":"https:\/\/archeolab.app\/archeonimaux\/le-monde-greco-romain\/"},{"@type":"ListItem","position":3,"name":"Le sacrifice"}]},{"@type":"WebSite","@id":"https:\/\/archeolab.app\/archeonimaux\/#website","url":"https:\/\/archeolab.app\/archeonimaux\/","name":"Arch\u00e9onimaux","description":"Pour tout savoir sur nos amies les b\u00eates dans l&#039;Antiquit\u00e9","potentialAction":[{"@type":"SearchAction","target":{"@type":"EntryPoint","urlTemplate":"https:\/\/archeolab.app\/archeonimaux\/?s={search_term_string}"},"query-input":{"@type":"PropertyValueSpecification","valueRequired":true,"valueName":"search_term_string"}}],"inLanguage":"fr-FR"}]}},"_links":{"self":[{"href":"https:\/\/archeolab.app\/archeonimaux\/wp-json\/wp\/v2\/pages\/629","targetHints":{"allow":["GET"]}}],"collection":[{"href":"https:\/\/archeolab.app\/archeonimaux\/wp-json\/wp\/v2\/pages"}],"about":[{"href":"https:\/\/archeolab.app\/archeonimaux\/wp-json\/wp\/v2\/types\/page"}],"author":[{"embeddable":true,"href":"https:\/\/archeolab.app\/archeonimaux\/wp-json\/wp\/v2\/users\/1"}],"replies":[{"embeddable":true,"href":"https:\/\/archeolab.app\/archeonimaux\/wp-json\/wp\/v2\/comments?post=629"}],"version-history":[{"count":3,"href":"https:\/\/archeolab.app\/archeonimaux\/wp-json\/wp\/v2\/pages\/629\/revisions"}],"predecessor-version":[{"id":1634,"href":"https:\/\/archeolab.app\/archeonimaux\/wp-json\/wp\/v2\/pages\/629\/revisions\/1634"}],"up":[{"embeddable":true,"href":"https:\/\/archeolab.app\/archeonimaux\/wp-json\/wp\/v2\/pages\/626"}],"wp:attachment":[{"href":"https:\/\/archeolab.app\/archeonimaux\/wp-json\/wp\/v2\/media?parent=629"}],"curies":[{"name":"wp","href":"https:\/\/api.w.org\/{rel}","templated":true}]}}