{"id":625,"date":"2017-09-04T09:35:49","date_gmt":"2017-09-04T07:35:49","guid":{"rendered":"http:\/\/www.archeoweb.ch\/expo\/archeonimaux\/la-fondation-gandur-pour-lart\/quelques-objets-de-la-collection-serie-de-photos-avec-notices\/"},"modified":"2020-03-30T14:21:14","modified_gmt":"2020-03-30T12:21:14","slug":"quelques-objets-de-la-collection-serie-de-photos-avec-notices","status":"publish","type":"page","link":"https:\/\/archeolab.app\/archeonimaux\/la-fondation-gandur-pour-lart\/quelques-objets-de-la-collection-serie-de-photos-avec-notices\/","title":{"rendered":"Les animaux de la collection"},"content":{"rendered":"<p style=\"text-align: justify;\"><strong>Les collections de la FGA rassemblent un v\u00e9ritable bestiaire de pierre, de bronze et de terre cuite\u00a0!<\/strong><\/p>\n<p style=\"text-align: justify;\">Les repr\u00e9sentations animali\u00e8res constituent un des th\u00e8mes de pr\u00e9dilection des collections de la FGA. Il faut dire que dans l\u2019Antiquit\u00e9, les animaux sont partout, dans la vie quotidienne et dans la vie religieuse : attributs des divinit\u00e9s, victimes destin\u00e9s au sacrifice, offrandes, amulettes, d\u00e9cors divers, tout nous rappelle que les hommes et les animaux vivaient en symbiose.<\/p>\n<p style=\"text-align: justify;\"><img loading=\"lazy\" decoding=\"async\" class=\"aligncenter wp-image-1146 size-large\" src=\"https:\/\/www.archeolab.app\/archeonimaux\/wp-content\/uploads\/sites\/3\/2018\/01\/FGA-ARCH-PO-0130-mod-1007x1024.jpg\" alt=\"\" width=\"525\" height=\"534\" \/><\/p>\n<p style=\"text-align: justify;\">Les mat\u00e9riaux les plus fr\u00e9quemment utilis\u00e9s sont la pierre (calcaire, gr\u00e8s, pierres semi-pr\u00e9cieuses telles que l\u2019am\u00e9thyste, la calc\u00e9doine, le jaspe, la cornaline, \u2026) et le bronze. Le bois, mat\u00e9riau d\u00e9licat qui ne se conserve que dans les milieux secs ou, au contraire, inond\u00e9s, est principalement observable chez les \u00c9gyptiens, il servait \u00e0 la r\u00e9alisation de repr\u00e9sentations d&rsquo;animaux ou de sarcophages pour ceux-ci, comme le petit sarcophage de chat visible dans l&rsquo;exposition <em>Arch\u00e9onimaux <\/em> en 2017.<\/p>\n<p style=\"text-align: justify;\">La terre cuite a servi aux offrandes modestes mais \u00e9galement aux d\u00e9cors architecturaux et, bien s\u00fbr, aux vases peints.<\/p>\n<p>\u21d2 <a href=\"https:\/\/archeolab.app\/archeonimaux\/la-fondation-gandur-pour-lart\/les-animaux-de-la-collection\/\">Les objets de la collection<\/a><\/p>\n","protected":false},"excerpt":{"rendered":"<p>Les collections de la FGA rassemblent un v\u00e9ritable bestiaire de pierre, de bronze et de terre cuite\u00a0! Les repr\u00e9sentations animali\u00e8res constituent un des th\u00e8mes de pr\u00e9dilection des collections de la &hellip; <a href=\"https:\/\/archeolab.app\/archeonimaux\/la-fondation-gandur-pour-lart\/quelques-objets-de-la-collection-serie-de-photos-avec-notices\/\" class=\"more-link\">Continuer la lecture de <span class=\"screen-reader-text\">Les animaux de la collection<\/span><\/a><\/p>\n","protected":false},"author":1,"featured_media":0,"parent":621,"menu_order":2,"comment_status":"closed","ping_status":"closed","template":"","meta":{"_acf_changed":false,"footnotes":""},"class_list":["post-625","page","type-page","status-publish","hentry"],"acf":[],"yoast_head":"<!-- This site is optimized with the Yoast SEO plugin v27.6 - https:\/\/yoast.com\/product\/yoast-seo-wordpress\/ -->\n<title>Les animaux de la collection - Arch\u00e9onimaux<\/title>\n<meta name=\"robots\" content=\"index, follow, max-snippet:-1, max-image-preview:large, max-video-preview:-1\" \/>\n<link rel=\"canonical\" href=\"https:\/\/archeolab.app\/archeonimaux\/la-fondation-gandur-pour-lart\/quelques-objets-de-la-collection-serie-de-photos-avec-notices\/\" \/>\n<meta property=\"og:locale\" content=\"fr_FR\" \/>\n<meta property=\"og:type\" content=\"article\" \/>\n<meta property=\"og:title\" content=\"Les animaux de la collection - Arch\u00e9onimaux\" \/>\n<meta property=\"og:description\" content=\"Les collections de la FGA rassemblent un v\u00e9ritable bestiaire de pierre, de bronze et de terre cuite\u00a0! Les repr\u00e9sentations animali\u00e8res constituent un des th\u00e8mes de pr\u00e9dilection des collections de la &hellip; Continuer la lecture de Les animaux de la collection\" \/>\n<meta property=\"og:url\" content=\"https:\/\/archeolab.app\/archeonimaux\/la-fondation-gandur-pour-lart\/quelques-objets-de-la-collection-serie-de-photos-avec-notices\/\" \/>\n<meta property=\"og:site_name\" content=\"Arch\u00e9onimaux\" \/>\n<meta property=\"article:modified_time\" content=\"2020-03-30T12:21:14+00:00\" \/>\n<meta property=\"og:image\" content=\"https:\/\/www.archeolab.app\/archeonimaux\/wp-content\/uploads\/sites\/3\/2018\/01\/FGA-ARCH-PO-0130-mod-1007x1024.jpg\" \/>\n<meta name=\"twitter:card\" content=\"summary_large_image\" \/>\n<meta name=\"twitter:label1\" content=\"Dur\u00e9e de lecture estim\u00e9e\" \/>\n\t<meta name=\"twitter:data1\" content=\"1 minute\" \/>\n<script type=\"application\/ld+json\" class=\"yoast-schema-graph\">{\"@context\":\"https:\\\/\\\/schema.org\",\"@graph\":[{\"@type\":\"WebPage\",\"@id\":\"https:\\\/\\\/archeolab.app\\\/archeonimaux\\\/la-fondation-gandur-pour-lart\\\/quelques-objets-de-la-collection-serie-de-photos-avec-notices\\\/\",\"url\":\"https:\\\/\\\/archeolab.app\\\/archeonimaux\\\/la-fondation-gandur-pour-lart\\\/quelques-objets-de-la-collection-serie-de-photos-avec-notices\\\/\",\"name\":\"Les animaux de la collection - Arch\u00e9onimaux\",\"isPartOf\":{\"@id\":\"https:\\\/\\\/archeolab.app\\\/archeonimaux\\\/#website\"},\"primaryImageOfPage\":{\"@id\":\"https:\\\/\\\/archeolab.app\\\/archeonimaux\\\/la-fondation-gandur-pour-lart\\\/quelques-objets-de-la-collection-serie-de-photos-avec-notices\\\/#primaryimage\"},\"image\":{\"@id\":\"https:\\\/\\\/archeolab.app\\\/archeonimaux\\\/la-fondation-gandur-pour-lart\\\/quelques-objets-de-la-collection-serie-de-photos-avec-notices\\\/#primaryimage\"},\"thumbnailUrl\":\"https:\\\/\\\/www.archeolab.app\\\/archeonimaux\\\/wp-content\\\/uploads\\\/sites\\\/3\\\/2018\\\/01\\\/FGA-ARCH-PO-0130-mod-1007x1024.jpg\",\"datePublished\":\"2017-09-04T07:35:49+00:00\",\"dateModified\":\"2020-03-30T12:21:14+00:00\",\"breadcrumb\":{\"@id\":\"https:\\\/\\\/archeolab.app\\\/archeonimaux\\\/la-fondation-gandur-pour-lart\\\/quelques-objets-de-la-collection-serie-de-photos-avec-notices\\\/#breadcrumb\"},\"inLanguage\":\"fr-FR\",\"potentialAction\":[{\"@type\":\"ReadAction\",\"target\":[\"https:\\\/\\\/archeolab.app\\\/archeonimaux\\\/la-fondation-gandur-pour-lart\\\/quelques-objets-de-la-collection-serie-de-photos-avec-notices\\\/\"]}]},{\"@type\":\"ImageObject\",\"inLanguage\":\"fr-FR\",\"@id\":\"https:\\\/\\\/archeolab.app\\\/archeonimaux\\\/la-fondation-gandur-pour-lart\\\/quelques-objets-de-la-collection-serie-de-photos-avec-notices\\\/#primaryimage\",\"url\":\"https:\\\/\\\/www.archeolab.app\\\/archeonimaux\\\/wp-content\\\/uploads\\\/sites\\\/3\\\/2018\\\/01\\\/FGA-ARCH-PO-0130-mod-1007x1024.jpg\",\"contentUrl\":\"https:\\\/\\\/www.archeolab.app\\\/archeonimaux\\\/wp-content\\\/uploads\\\/sites\\\/3\\\/2018\\\/01\\\/FGA-ARCH-PO-0130-mod-1007x1024.jpg\"},{\"@type\":\"BreadcrumbList\",\"@id\":\"https:\\\/\\\/archeolab.app\\\/archeonimaux\\\/la-fondation-gandur-pour-lart\\\/quelques-objets-de-la-collection-serie-de-photos-avec-notices\\\/#breadcrumb\",\"itemListElement\":[{\"@type\":\"ListItem\",\"position\":1,\"name\":\"Accueil\",\"item\":\"https:\\\/\\\/archeolab.app\\\/archeonimaux\\\/\"},{\"@type\":\"ListItem\",\"position\":2,\"name\":\"La Fondation Gandur pour l\u2019Art\",\"item\":\"https:\\\/\\\/archeolab.app\\\/archeonimaux\\\/la-fondation-gandur-pour-lart\\\/\"},{\"@type\":\"ListItem\",\"position\":3,\"name\":\"Les animaux de la collection\"}]},{\"@type\":\"WebSite\",\"@id\":\"https:\\\/\\\/archeolab.app\\\/archeonimaux\\\/#website\",\"url\":\"https:\\\/\\\/archeolab.app\\\/archeonimaux\\\/\",\"name\":\"Arch\u00e9onimaux\",\"description\":\"Pour tout savoir sur nos amies les b\u00eates dans l&#039;Antiquit\u00e9\",\"potentialAction\":[{\"@type\":\"SearchAction\",\"target\":{\"@type\":\"EntryPoint\",\"urlTemplate\":\"https:\\\/\\\/archeolab.app\\\/archeonimaux\\\/?s={search_term_string}\"},\"query-input\":{\"@type\":\"PropertyValueSpecification\",\"valueRequired\":true,\"valueName\":\"search_term_string\"}}],\"inLanguage\":\"fr-FR\"}]}<\/script>\n<!-- \/ Yoast SEO plugin. -->","yoast_head_json":{"title":"Les animaux de la collection - Arch\u00e9onimaux","robots":{"index":"index","follow":"follow","max-snippet":"max-snippet:-1","max-image-preview":"max-image-preview:large","max-video-preview":"max-video-preview:-1"},"canonical":"https:\/\/archeolab.app\/archeonimaux\/la-fondation-gandur-pour-lart\/quelques-objets-de-la-collection-serie-de-photos-avec-notices\/","og_locale":"fr_FR","og_type":"article","og_title":"Les animaux de la collection - Arch\u00e9onimaux","og_description":"Les collections de la FGA rassemblent un v\u00e9ritable bestiaire de pierre, de bronze et de terre cuite\u00a0! Les repr\u00e9sentations animali\u00e8res constituent un des th\u00e8mes de pr\u00e9dilection des collections de la &hellip; Continuer la lecture de Les animaux de la collection","og_url":"https:\/\/archeolab.app\/archeonimaux\/la-fondation-gandur-pour-lart\/quelques-objets-de-la-collection-serie-de-photos-avec-notices\/","og_site_name":"Arch\u00e9onimaux","article_modified_time":"2020-03-30T12:21:14+00:00","og_image":[{"url":"https:\/\/www.archeolab.app\/archeonimaux\/wp-content\/uploads\/sites\/3\/2018\/01\/FGA-ARCH-PO-0130-mod-1007x1024.jpg","type":"","width":"","height":""}],"twitter_card":"summary_large_image","twitter_misc":{"Dur\u00e9e de lecture estim\u00e9e":"1 minute"},"schema":{"@context":"https:\/\/schema.org","@graph":[{"@type":"WebPage","@id":"https:\/\/archeolab.app\/archeonimaux\/la-fondation-gandur-pour-lart\/quelques-objets-de-la-collection-serie-de-photos-avec-notices\/","url":"https:\/\/archeolab.app\/archeonimaux\/la-fondation-gandur-pour-lart\/quelques-objets-de-la-collection-serie-de-photos-avec-notices\/","name":"Les animaux de la collection - Arch\u00e9onimaux","isPartOf":{"@id":"https:\/\/archeolab.app\/archeonimaux\/#website"},"primaryImageOfPage":{"@id":"https:\/\/archeolab.app\/archeonimaux\/la-fondation-gandur-pour-lart\/quelques-objets-de-la-collection-serie-de-photos-avec-notices\/#primaryimage"},"image":{"@id":"https:\/\/archeolab.app\/archeonimaux\/la-fondation-gandur-pour-lart\/quelques-objets-de-la-collection-serie-de-photos-avec-notices\/#primaryimage"},"thumbnailUrl":"https:\/\/www.archeolab.app\/archeonimaux\/wp-content\/uploads\/sites\/3\/2018\/01\/FGA-ARCH-PO-0130-mod-1007x1024.jpg","datePublished":"2017-09-04T07:35:49+00:00","dateModified":"2020-03-30T12:21:14+00:00","breadcrumb":{"@id":"https:\/\/archeolab.app\/archeonimaux\/la-fondation-gandur-pour-lart\/quelques-objets-de-la-collection-serie-de-photos-avec-notices\/#breadcrumb"},"inLanguage":"fr-FR","potentialAction":[{"@type":"ReadAction","target":["https:\/\/archeolab.app\/archeonimaux\/la-fondation-gandur-pour-lart\/quelques-objets-de-la-collection-serie-de-photos-avec-notices\/"]}]},{"@type":"ImageObject","inLanguage":"fr-FR","@id":"https:\/\/archeolab.app\/archeonimaux\/la-fondation-gandur-pour-lart\/quelques-objets-de-la-collection-serie-de-photos-avec-notices\/#primaryimage","url":"https:\/\/www.archeolab.app\/archeonimaux\/wp-content\/uploads\/sites\/3\/2018\/01\/FGA-ARCH-PO-0130-mod-1007x1024.jpg","contentUrl":"https:\/\/www.archeolab.app\/archeonimaux\/wp-content\/uploads\/sites\/3\/2018\/01\/FGA-ARCH-PO-0130-mod-1007x1024.jpg"},{"@type":"BreadcrumbList","@id":"https:\/\/archeolab.app\/archeonimaux\/la-fondation-gandur-pour-lart\/quelques-objets-de-la-collection-serie-de-photos-avec-notices\/#breadcrumb","itemListElement":[{"@type":"ListItem","position":1,"name":"Accueil","item":"https:\/\/archeolab.app\/archeonimaux\/"},{"@type":"ListItem","position":2,"name":"La Fondation Gandur pour l\u2019Art","item":"https:\/\/archeolab.app\/archeonimaux\/la-fondation-gandur-pour-lart\/"},{"@type":"ListItem","position":3,"name":"Les animaux de la collection"}]},{"@type":"WebSite","@id":"https:\/\/archeolab.app\/archeonimaux\/#website","url":"https:\/\/archeolab.app\/archeonimaux\/","name":"Arch\u00e9onimaux","description":"Pour tout savoir sur nos amies les b\u00eates dans l&#039;Antiquit\u00e9","potentialAction":[{"@type":"SearchAction","target":{"@type":"EntryPoint","urlTemplate":"https:\/\/archeolab.app\/archeonimaux\/?s={search_term_string}"},"query-input":{"@type":"PropertyValueSpecification","valueRequired":true,"valueName":"search_term_string"}}],"inLanguage":"fr-FR"}]}},"_links":{"self":[{"href":"https:\/\/archeolab.app\/archeonimaux\/wp-json\/wp\/v2\/pages\/625","targetHints":{"allow":["GET"]}}],"collection":[{"href":"https:\/\/archeolab.app\/archeonimaux\/wp-json\/wp\/v2\/pages"}],"about":[{"href":"https:\/\/archeolab.app\/archeonimaux\/wp-json\/wp\/v2\/types\/page"}],"author":[{"embeddable":true,"href":"https:\/\/archeolab.app\/archeonimaux\/wp-json\/wp\/v2\/users\/1"}],"replies":[{"embeddable":true,"href":"https:\/\/archeolab.app\/archeonimaux\/wp-json\/wp\/v2\/comments?post=625"}],"version-history":[{"count":4,"href":"https:\/\/archeolab.app\/archeonimaux\/wp-json\/wp\/v2\/pages\/625\/revisions"}],"predecessor-version":[{"id":1656,"href":"https:\/\/archeolab.app\/archeonimaux\/wp-json\/wp\/v2\/pages\/625\/revisions\/1656"}],"up":[{"embeddable":true,"href":"https:\/\/archeolab.app\/archeonimaux\/wp-json\/wp\/v2\/pages\/621"}],"wp:attachment":[{"href":"https:\/\/archeolab.app\/archeonimaux\/wp-json\/wp\/v2\/media?parent=625"}],"curies":[{"name":"wp","href":"https:\/\/api.w.org\/{rel}","templated":true}]}}