{"id":621,"date":"2017-09-04T09:35:49","date_gmt":"2017-09-04T07:35:49","guid":{"rendered":"http:\/\/www.archeoweb.ch\/expo\/archeonimaux\/la-fondation-gandur-pour-lart\/"},"modified":"2020-03-30T14:13:17","modified_gmt":"2020-03-30T12:13:17","slug":"la-fondation-gandur-pour-lart","status":"publish","type":"page","link":"https:\/\/archeolab.app\/archeonimaux\/la-fondation-gandur-pour-lart\/","title":{"rendered":"La Fondation Gandur pour l\u2019Art"},"content":{"rendered":"<p><a href=\"https:\/\/www.fg-art.org\/\"><img loading=\"lazy\" decoding=\"async\" class=\"aligncenter wp-image-860 size-full\" src=\"https:\/\/www.archeolab.app\/archeonimaux\/wp-content\/uploads\/sites\/3\/2017\/09\/logoFGA.png\" alt=\"\" width=\"270\" height=\"90\" \/><\/a><\/p>\n<p><strong>C&rsquo;est gr\u00e2ce \u00e0 la fondation Gandur que l&rsquo;exposition<\/strong>\u00a0<strong><em>Arch\u00e9onimaux,<\/em> propos\u00e9e par l\u2019Arch\u00e9oLab de Pully du 23 septembre 2017 au 16 d\u00e9cembre 2018, a pu avoir lieu.<\/strong><\/p>\n<ul>\n<li>\n<h6><a href=\"https:\/\/www.archeolab.app\/archeonimaux\/la-fondation-gandur-pour-lart\/quelques-objets-de-la-collection-serie-de-photos-avec-notices\/\">Les animaux de la collection<\/a><\/h6>\n<\/li>\n<li>\n<h6><a href=\"https:\/\/www.archeolab.app\/archeonimaux\/la-fondation-gandur-pour-lart\/les-animaux-de-la-collection\/\">Les objets de l&rsquo;exposition<\/a><\/h6>\n<\/li>\n<li>\n<h6><a href=\"https:\/\/www.archeolab.app\/archeonimaux\/la-fondation-gandur-pour-lart\/ethique-et-politique-dacquisition\/\">\u00c9thique et politique d&rsquo;acquisition<\/a><\/h6>\n<\/li>\n<\/ul>\n","protected":false},"excerpt":{"rendered":"<p>C&rsquo;est gr\u00e2ce \u00e0 la fondation Gandur que l&rsquo;exposition\u00a0Arch\u00e9onimaux, propos\u00e9e par l\u2019Arch\u00e9oLab de Pully du 23 septembre 2017 au 16 d\u00e9cembre 2018, a pu avoir lieu. Les animaux de la collection &hellip; <a href=\"https:\/\/archeolab.app\/archeonimaux\/la-fondation-gandur-pour-lart\/\" class=\"more-link\">Continuer la lecture de <span class=\"screen-reader-text\">La Fondation Gandur pour l\u2019Art<\/span><\/a><\/p>\n","protected":false},"author":1,"featured_media":0,"parent":0,"menu_order":1,"comment_status":"closed","ping_status":"closed","template":"","meta":{"_acf_changed":false,"footnotes":""},"class_list":["post-621","page","type-page","status-publish","hentry"],"acf":[],"yoast_head":"<!-- This site is optimized with the Yoast SEO plugin v27.6 - https:\/\/yoast.com\/product\/yoast-seo-wordpress\/ -->\n<title>La Fondation Gandur pour l\u2019Art - Arch\u00e9onimaux<\/title>\n<meta name=\"robots\" content=\"index, follow, max-snippet:-1, max-image-preview:large, max-video-preview:-1\" \/>\n<link rel=\"canonical\" href=\"https:\/\/archeolab.app\/archeonimaux\/la-fondation-gandur-pour-lart\/\" \/>\n<meta property=\"og:locale\" content=\"fr_FR\" \/>\n<meta property=\"og:type\" content=\"article\" \/>\n<meta property=\"og:title\" content=\"La Fondation Gandur pour l\u2019Art - Arch\u00e9onimaux\" \/>\n<meta property=\"og:description\" content=\"C&rsquo;est gr\u00e2ce \u00e0 la fondation Gandur que l&rsquo;exposition\u00a0Arch\u00e9onimaux, propos\u00e9e par l\u2019Arch\u00e9oLab de Pully du 23 septembre 2017 au 16 d\u00e9cembre 2018, a pu avoir lieu. Les animaux de la collection &hellip; Continuer la lecture de La Fondation Gandur pour l\u2019Art\" \/>\n<meta property=\"og:url\" content=\"https:\/\/archeolab.app\/archeonimaux\/la-fondation-gandur-pour-lart\/\" \/>\n<meta property=\"og:site_name\" content=\"Arch\u00e9onimaux\" \/>\n<meta property=\"article:modified_time\" content=\"2020-03-30T12:13:17+00:00\" \/>\n<meta property=\"og:image\" content=\"https:\/\/www.archeolab.app\/archeonimaux\/wp-content\/uploads\/sites\/3\/2017\/09\/logoFGA.png\" \/>\n<meta name=\"twitter:card\" content=\"summary_large_image\" \/>\n<script type=\"application\/ld+json\" class=\"yoast-schema-graph\">{\"@context\":\"https:\\\/\\\/schema.org\",\"@graph\":[{\"@type\":\"WebPage\",\"@id\":\"https:\\\/\\\/archeolab.app\\\/archeonimaux\\\/la-fondation-gandur-pour-lart\\\/\",\"url\":\"https:\\\/\\\/archeolab.app\\\/archeonimaux\\\/la-fondation-gandur-pour-lart\\\/\",\"name\":\"La Fondation Gandur pour l\u2019Art - Arch\u00e9onimaux\",\"isPartOf\":{\"@id\":\"https:\\\/\\\/archeolab.app\\\/archeonimaux\\\/#website\"},\"primaryImageOfPage\":{\"@id\":\"https:\\\/\\\/archeolab.app\\\/archeonimaux\\\/la-fondation-gandur-pour-lart\\\/#primaryimage\"},\"image\":{\"@id\":\"https:\\\/\\\/archeolab.app\\\/archeonimaux\\\/la-fondation-gandur-pour-lart\\\/#primaryimage\"},\"thumbnailUrl\":\"https:\\\/\\\/www.archeolab.app\\\/archeonimaux\\\/wp-content\\\/uploads\\\/sites\\\/3\\\/2017\\\/09\\\/logoFGA.png\",\"datePublished\":\"2017-09-04T07:35:49+00:00\",\"dateModified\":\"2020-03-30T12:13:17+00:00\",\"breadcrumb\":{\"@id\":\"https:\\\/\\\/archeolab.app\\\/archeonimaux\\\/la-fondation-gandur-pour-lart\\\/#breadcrumb\"},\"inLanguage\":\"fr-FR\",\"potentialAction\":[{\"@type\":\"ReadAction\",\"target\":[\"https:\\\/\\\/archeolab.app\\\/archeonimaux\\\/la-fondation-gandur-pour-lart\\\/\"]}]},{\"@type\":\"ImageObject\",\"inLanguage\":\"fr-FR\",\"@id\":\"https:\\\/\\\/archeolab.app\\\/archeonimaux\\\/la-fondation-gandur-pour-lart\\\/#primaryimage\",\"url\":\"https:\\\/\\\/www.archeolab.app\\\/archeonimaux\\\/wp-content\\\/uploads\\\/sites\\\/3\\\/2017\\\/09\\\/logoFGA.png\",\"contentUrl\":\"https:\\\/\\\/www.archeolab.app\\\/archeonimaux\\\/wp-content\\\/uploads\\\/sites\\\/3\\\/2017\\\/09\\\/logoFGA.png\"},{\"@type\":\"BreadcrumbList\",\"@id\":\"https:\\\/\\\/archeolab.app\\\/archeonimaux\\\/la-fondation-gandur-pour-lart\\\/#breadcrumb\",\"itemListElement\":[{\"@type\":\"ListItem\",\"position\":1,\"name\":\"Accueil\",\"item\":\"https:\\\/\\\/archeolab.app\\\/archeonimaux\\\/\"},{\"@type\":\"ListItem\",\"position\":2,\"name\":\"La Fondation Gandur pour l\u2019Art\"}]},{\"@type\":\"WebSite\",\"@id\":\"https:\\\/\\\/archeolab.app\\\/archeonimaux\\\/#website\",\"url\":\"https:\\\/\\\/archeolab.app\\\/archeonimaux\\\/\",\"name\":\"Arch\u00e9onimaux\",\"description\":\"Pour tout savoir sur nos amies les b\u00eates dans l&#039;Antiquit\u00e9\",\"potentialAction\":[{\"@type\":\"SearchAction\",\"target\":{\"@type\":\"EntryPoint\",\"urlTemplate\":\"https:\\\/\\\/archeolab.app\\\/archeonimaux\\\/?s={search_term_string}\"},\"query-input\":{\"@type\":\"PropertyValueSpecification\",\"valueRequired\":true,\"valueName\":\"search_term_string\"}}],\"inLanguage\":\"fr-FR\"}]}<\/script>\n<!-- \/ Yoast SEO plugin. -->","yoast_head_json":{"title":"La Fondation Gandur pour l\u2019Art - Arch\u00e9onimaux","robots":{"index":"index","follow":"follow","max-snippet":"max-snippet:-1","max-image-preview":"max-image-preview:large","max-video-preview":"max-video-preview:-1"},"canonical":"https:\/\/archeolab.app\/archeonimaux\/la-fondation-gandur-pour-lart\/","og_locale":"fr_FR","og_type":"article","og_title":"La Fondation Gandur pour l\u2019Art - Arch\u00e9onimaux","og_description":"C&rsquo;est gr\u00e2ce \u00e0 la fondation Gandur que l&rsquo;exposition\u00a0Arch\u00e9onimaux, propos\u00e9e par l\u2019Arch\u00e9oLab de Pully du 23 septembre 2017 au 16 d\u00e9cembre 2018, a pu avoir lieu. Les animaux de la collection &hellip; Continuer la lecture de La Fondation Gandur pour l\u2019Art","og_url":"https:\/\/archeolab.app\/archeonimaux\/la-fondation-gandur-pour-lart\/","og_site_name":"Arch\u00e9onimaux","article_modified_time":"2020-03-30T12:13:17+00:00","og_image":[{"url":"https:\/\/www.archeolab.app\/archeonimaux\/wp-content\/uploads\/sites\/3\/2017\/09\/logoFGA.png","type":"","width":"","height":""}],"twitter_card":"summary_large_image","schema":{"@context":"https:\/\/schema.org","@graph":[{"@type":"WebPage","@id":"https:\/\/archeolab.app\/archeonimaux\/la-fondation-gandur-pour-lart\/","url":"https:\/\/archeolab.app\/archeonimaux\/la-fondation-gandur-pour-lart\/","name":"La Fondation Gandur pour l\u2019Art - Arch\u00e9onimaux","isPartOf":{"@id":"https:\/\/archeolab.app\/archeonimaux\/#website"},"primaryImageOfPage":{"@id":"https:\/\/archeolab.app\/archeonimaux\/la-fondation-gandur-pour-lart\/#primaryimage"},"image":{"@id":"https:\/\/archeolab.app\/archeonimaux\/la-fondation-gandur-pour-lart\/#primaryimage"},"thumbnailUrl":"https:\/\/www.archeolab.app\/archeonimaux\/wp-content\/uploads\/sites\/3\/2017\/09\/logoFGA.png","datePublished":"2017-09-04T07:35:49+00:00","dateModified":"2020-03-30T12:13:17+00:00","breadcrumb":{"@id":"https:\/\/archeolab.app\/archeonimaux\/la-fondation-gandur-pour-lart\/#breadcrumb"},"inLanguage":"fr-FR","potentialAction":[{"@type":"ReadAction","target":["https:\/\/archeolab.app\/archeonimaux\/la-fondation-gandur-pour-lart\/"]}]},{"@type":"ImageObject","inLanguage":"fr-FR","@id":"https:\/\/archeolab.app\/archeonimaux\/la-fondation-gandur-pour-lart\/#primaryimage","url":"https:\/\/www.archeolab.app\/archeonimaux\/wp-content\/uploads\/sites\/3\/2017\/09\/logoFGA.png","contentUrl":"https:\/\/www.archeolab.app\/archeonimaux\/wp-content\/uploads\/sites\/3\/2017\/09\/logoFGA.png"},{"@type":"BreadcrumbList","@id":"https:\/\/archeolab.app\/archeonimaux\/la-fondation-gandur-pour-lart\/#breadcrumb","itemListElement":[{"@type":"ListItem","position":1,"name":"Accueil","item":"https:\/\/archeolab.app\/archeonimaux\/"},{"@type":"ListItem","position":2,"name":"La Fondation Gandur pour l\u2019Art"}]},{"@type":"WebSite","@id":"https:\/\/archeolab.app\/archeonimaux\/#website","url":"https:\/\/archeolab.app\/archeonimaux\/","name":"Arch\u00e9onimaux","description":"Pour tout savoir sur nos amies les b\u00eates dans l&#039;Antiquit\u00e9","potentialAction":[{"@type":"SearchAction","target":{"@type":"EntryPoint","urlTemplate":"https:\/\/archeolab.app\/archeonimaux\/?s={search_term_string}"},"query-input":{"@type":"PropertyValueSpecification","valueRequired":true,"valueName":"search_term_string"}}],"inLanguage":"fr-FR"}]}},"_links":{"self":[{"href":"https:\/\/archeolab.app\/archeonimaux\/wp-json\/wp\/v2\/pages\/621","targetHints":{"allow":["GET"]}}],"collection":[{"href":"https:\/\/archeolab.app\/archeonimaux\/wp-json\/wp\/v2\/pages"}],"about":[{"href":"https:\/\/archeolab.app\/archeonimaux\/wp-json\/wp\/v2\/types\/page"}],"author":[{"embeddable":true,"href":"https:\/\/archeolab.app\/archeonimaux\/wp-json\/wp\/v2\/users\/1"}],"replies":[{"embeddable":true,"href":"https:\/\/archeolab.app\/archeonimaux\/wp-json\/wp\/v2\/comments?post=621"}],"version-history":[{"count":4,"href":"https:\/\/archeolab.app\/archeonimaux\/wp-json\/wp\/v2\/pages\/621\/revisions"}],"predecessor-version":[{"id":1649,"href":"https:\/\/archeolab.app\/archeonimaux\/wp-json\/wp\/v2\/pages\/621\/revisions\/1649"}],"wp:attachment":[{"href":"https:\/\/archeolab.app\/archeonimaux\/wp-json\/wp\/v2\/media?parent=621"}],"curies":[{"name":"wp","href":"https:\/\/api.w.org\/{rel}","templated":true}]}}