{"id":1303,"date":"2018-02-07T11:17:11","date_gmt":"2018-02-07T10:17:11","guid":{"rendered":"https:\/\/www.archeoweb.ch\/expo\/?page_id=1303"},"modified":"2018-02-07T11:17:11","modified_gmt":"2018-02-07T10:17:11","slug":"aux-origines-du-chien","status":"publish","type":"page","link":"https:\/\/archeolab.app\/archeonimaux\/aux-origines-du-chien\/","title":{"rendered":"Aux origines du chien"},"content":{"rendered":"<p style=\"text-align: justify\"><strong>De quelle(s) esp\u00e8ce(s) de canid\u00e9s descendent nos chiens actuels ?<\/strong><\/p>\n<p style=\"text-align: justify\">Les diff\u00e9rents candidats en lice sont bien s\u00fbr le loup et d&rsquo;autres esp\u00e8ces du genre <em>canis<\/em> comme le chacal, le lycaon, le coyote, le renard ou encore le dingo. Le loup semble \u00eatre l&rsquo;animal sauvage le plus proche des lign\u00e9es actuelles de chiens. La Fontaine nous disait d\u00e9j\u00e0 que \u00a0\u00ab\u00a0Le chien \u00e9tait un loup rempli d&rsquo;humanit\u00e9\u00a0\u00bb.<\/p>\n<p style=\"text-align: justify\">Des ossements de chiens datant d\u2019environ 15000 ans ont \u00e9t\u00e9 retrouv\u00e9s en Europe, une \u00e9poque \u00e0 laquelle les d\u00e9placements humains \u00e9taient peu importants. Une \u00e9quipe de scientifiques a donc analys\u00e9 une soixantaine d&rsquo;ossements de chiens europ\u00e9ens vieux de 3000 \u00e0 14000 ans, en les comparant aux chiens et loups actuels d\u2019Europe et d\u2019Asie. Ces recherches ont montr\u00e9 qu\u2019il a d\u00fb exister deux foyers contemporains de domestication du chien : l\u2019un en Europe et l&rsquo;autre en Asie.<\/p>\n<p style=\"text-align: justify\">Les arch\u00e9ozoologues pensent que la lign\u00e9e qui a donn\u00e9 les chiens actuels n&rsquo;a pas encore \u00e9t\u00e9 clairement identifi\u00e9e. \u00c0 Toumat, en Sib\u00e9rie, deux chiots dat\u00e9s d&rsquo;environ 12500 ans ont en effet \u00e9t\u00e9 retrouv\u00e9s totalement pr\u00e9serv\u00e9s (fourrure, organes, contenu de l&rsquo;estomac&#8230;) dans le sol gel\u00e9 de la toundra russe. Les corps des deux chiots ont \u00e9t\u00e9 mis au jour \u00e0 proximit\u00e9 d&rsquo;ossements de mammouth coup\u00e9s et br\u00fbl\u00e9s, attestant une pr\u00e9sence humaine : ceci signifie que ces chiots \u00e9taient probablement domestiqu\u00e9s. Les scientifiques pensent qu&rsquo;ils pourraient \u00eatre de la lign\u00e9e des anciens loups qui a abouti aux lign\u00e9es actuelles de chien !<\/p>\n<p>\u21d2 <a href=\"https:\/\/www.archeolab.app\/archeonimaux\/portraits-danimaux\/le-chien\/du-loup-au-chien\/\">Du loup au chien<\/a><\/p>\n","protected":false},"excerpt":{"rendered":"<p>De quelle(s) esp\u00e8ce(s) de canid\u00e9s descendent nos chiens actuels ? Les diff\u00e9rents candidats en lice sont bien s\u00fbr le loup et d&rsquo;autres esp\u00e8ces du genre canis comme le chacal, le &hellip; <a href=\"https:\/\/archeolab.app\/archeonimaux\/aux-origines-du-chien\/\" class=\"more-link\">Continuer la lecture de <span class=\"screen-reader-text\">Aux origines du chien<\/span><\/a><\/p>\n","protected":false},"author":1,"featured_media":0,"parent":0,"menu_order":0,"comment_status":"closed","ping_status":"closed","template":"","meta":{"_acf_changed":false,"footnotes":""},"class_list":["post-1303","page","type-page","status-publish","hentry"],"acf":[],"yoast_head":"<!-- This site is optimized with the Yoast SEO plugin v27.5 - https:\/\/yoast.com\/product\/yoast-seo-wordpress\/ -->\n<title>Aux origines du chien - Arch\u00e9onimaux<\/title>\n<meta name=\"robots\" content=\"index, follow, max-snippet:-1, max-image-preview:large, max-video-preview:-1\" \/>\n<link rel=\"canonical\" href=\"https:\/\/archeolab.app\/archeonimaux\/aux-origines-du-chien\/\" \/>\n<meta property=\"og:locale\" content=\"fr_FR\" \/>\n<meta property=\"og:type\" content=\"article\" \/>\n<meta property=\"og:title\" content=\"Aux origines du chien - Arch\u00e9onimaux\" \/>\n<meta property=\"og:description\" content=\"De quelle(s) esp\u00e8ce(s) de canid\u00e9s descendent nos chiens actuels ? Les diff\u00e9rents candidats en lice sont bien s\u00fbr le loup et d&rsquo;autres esp\u00e8ces du genre canis comme le chacal, le &hellip; Continuer la lecture de Aux origines du chien\" \/>\n<meta property=\"og:url\" content=\"https:\/\/archeolab.app\/archeonimaux\/aux-origines-du-chien\/\" \/>\n<meta property=\"og:site_name\" content=\"Arch\u00e9onimaux\" \/>\n<meta name=\"twitter:card\" content=\"summary_large_image\" \/>\n<meta name=\"twitter:label1\" content=\"Dur\u00e9e de lecture estim\u00e9e\" \/>\n\t<meta name=\"twitter:data1\" content=\"1 minute\" \/>\n<script type=\"application\/ld+json\" class=\"yoast-schema-graph\">{\"@context\":\"https:\\\/\\\/schema.org\",\"@graph\":[{\"@type\":\"WebPage\",\"@id\":\"https:\\\/\\\/archeolab.app\\\/archeonimaux\\\/aux-origines-du-chien\\\/\",\"url\":\"https:\\\/\\\/archeolab.app\\\/archeonimaux\\\/aux-origines-du-chien\\\/\",\"name\":\"Aux origines du chien - Arch\u00e9onimaux\",\"isPartOf\":{\"@id\":\"https:\\\/\\\/archeolab.app\\\/archeonimaux\\\/#website\"},\"datePublished\":\"2018-02-07T10:17:11+00:00\",\"breadcrumb\":{\"@id\":\"https:\\\/\\\/archeolab.app\\\/archeonimaux\\\/aux-origines-du-chien\\\/#breadcrumb\"},\"inLanguage\":\"fr-FR\",\"potentialAction\":[{\"@type\":\"ReadAction\",\"target\":[\"https:\\\/\\\/archeolab.app\\\/archeonimaux\\\/aux-origines-du-chien\\\/\"]}]},{\"@type\":\"BreadcrumbList\",\"@id\":\"https:\\\/\\\/archeolab.app\\\/archeonimaux\\\/aux-origines-du-chien\\\/#breadcrumb\",\"itemListElement\":[{\"@type\":\"ListItem\",\"position\":1,\"name\":\"Accueil\",\"item\":\"https:\\\/\\\/archeolab.app\\\/archeonimaux\\\/\"},{\"@type\":\"ListItem\",\"position\":2,\"name\":\"Aux origines du chien\"}]},{\"@type\":\"WebSite\",\"@id\":\"https:\\\/\\\/archeolab.app\\\/archeonimaux\\\/#website\",\"url\":\"https:\\\/\\\/archeolab.app\\\/archeonimaux\\\/\",\"name\":\"Arch\u00e9onimaux\",\"description\":\"Pour tout savoir sur nos amies les b\u00eates dans l&#039;Antiquit\u00e9\",\"potentialAction\":[{\"@type\":\"SearchAction\",\"target\":{\"@type\":\"EntryPoint\",\"urlTemplate\":\"https:\\\/\\\/archeolab.app\\\/archeonimaux\\\/?s={search_term_string}\"},\"query-input\":{\"@type\":\"PropertyValueSpecification\",\"valueRequired\":true,\"valueName\":\"search_term_string\"}}],\"inLanguage\":\"fr-FR\"}]}<\/script>\n<!-- \/ Yoast SEO plugin. -->","yoast_head_json":{"title":"Aux origines du chien - Arch\u00e9onimaux","robots":{"index":"index","follow":"follow","max-snippet":"max-snippet:-1","max-image-preview":"max-image-preview:large","max-video-preview":"max-video-preview:-1"},"canonical":"https:\/\/archeolab.app\/archeonimaux\/aux-origines-du-chien\/","og_locale":"fr_FR","og_type":"article","og_title":"Aux origines du chien - Arch\u00e9onimaux","og_description":"De quelle(s) esp\u00e8ce(s) de canid\u00e9s descendent nos chiens actuels ? Les diff\u00e9rents candidats en lice sont bien s\u00fbr le loup et d&rsquo;autres esp\u00e8ces du genre canis comme le chacal, le &hellip; Continuer la lecture de Aux origines du chien","og_url":"https:\/\/archeolab.app\/archeonimaux\/aux-origines-du-chien\/","og_site_name":"Arch\u00e9onimaux","twitter_card":"summary_large_image","twitter_misc":{"Dur\u00e9e de lecture estim\u00e9e":"1 minute"},"schema":{"@context":"https:\/\/schema.org","@graph":[{"@type":"WebPage","@id":"https:\/\/archeolab.app\/archeonimaux\/aux-origines-du-chien\/","url":"https:\/\/archeolab.app\/archeonimaux\/aux-origines-du-chien\/","name":"Aux origines du chien - Arch\u00e9onimaux","isPartOf":{"@id":"https:\/\/archeolab.app\/archeonimaux\/#website"},"datePublished":"2018-02-07T10:17:11+00:00","breadcrumb":{"@id":"https:\/\/archeolab.app\/archeonimaux\/aux-origines-du-chien\/#breadcrumb"},"inLanguage":"fr-FR","potentialAction":[{"@type":"ReadAction","target":["https:\/\/archeolab.app\/archeonimaux\/aux-origines-du-chien\/"]}]},{"@type":"BreadcrumbList","@id":"https:\/\/archeolab.app\/archeonimaux\/aux-origines-du-chien\/#breadcrumb","itemListElement":[{"@type":"ListItem","position":1,"name":"Accueil","item":"https:\/\/archeolab.app\/archeonimaux\/"},{"@type":"ListItem","position":2,"name":"Aux origines du chien"}]},{"@type":"WebSite","@id":"https:\/\/archeolab.app\/archeonimaux\/#website","url":"https:\/\/archeolab.app\/archeonimaux\/","name":"Arch\u00e9onimaux","description":"Pour tout savoir sur nos amies les b\u00eates dans l&#039;Antiquit\u00e9","potentialAction":[{"@type":"SearchAction","target":{"@type":"EntryPoint","urlTemplate":"https:\/\/archeolab.app\/archeonimaux\/?s={search_term_string}"},"query-input":{"@type":"PropertyValueSpecification","valueRequired":true,"valueName":"search_term_string"}}],"inLanguage":"fr-FR"}]}},"_links":{"self":[{"href":"https:\/\/archeolab.app\/archeonimaux\/wp-json\/wp\/v2\/pages\/1303","targetHints":{"allow":["GET"]}}],"collection":[{"href":"https:\/\/archeolab.app\/archeonimaux\/wp-json\/wp\/v2\/pages"}],"about":[{"href":"https:\/\/archeolab.app\/archeonimaux\/wp-json\/wp\/v2\/types\/page"}],"author":[{"embeddable":true,"href":"https:\/\/archeolab.app\/archeonimaux\/wp-json\/wp\/v2\/users\/1"}],"replies":[{"embeddable":true,"href":"https:\/\/archeolab.app\/archeonimaux\/wp-json\/wp\/v2\/comments?post=1303"}],"version-history":[{"count":0,"href":"https:\/\/archeolab.app\/archeonimaux\/wp-json\/wp\/v2\/pages\/1303\/revisions"}],"wp:attachment":[{"href":"https:\/\/archeolab.app\/archeonimaux\/wp-json\/wp\/v2\/media?parent=1303"}],"curies":[{"name":"wp","href":"https:\/\/api.w.org\/{rel}","templated":true}]}}