{"id":1290,"date":"2018-02-07T10:50:58","date_gmt":"2018-02-07T09:50:58","guid":{"rendered":"https:\/\/www.archeoweb.ch\/expo\/?page_id=1290"},"modified":"2020-03-30T14:05:32","modified_gmt":"2020-03-30T12:05:32","slug":"le-chacal","status":"publish","type":"page","link":"https:\/\/archeolab.app\/archeonimaux\/le-chacal\/","title":{"rendered":"Le chacal"},"content":{"rendered":"<p style=\"text-align: justify;\">Le mot <em>chacal<\/em> est un nom qui regroupe plusieurs esp\u00e8ces du genre <em>Canis<\/em>, autrement dit les canid\u00e9s, qui comprend aussi les chiens. Le chacal vit principalement au Proche-Orient et en Afrique du nord, m\u00eame si on l\u2019observe aussi parfois en Europe occidentale.<\/p>\n<p style=\"text-align: justify;\">Le chacal est un animal charognard. Dans l\u2019Antiquit\u00e9 \u00e9gyptienne, les chacals vivaient non loin des tombes, dont ils pouvaient d\u00e9terrer les cadavres. Les \u00c9gyptiens, qui pensaient que les chacals prenaient soin des corps enterr\u00e9s, associ\u00e8rent ceux-ci au dieu fun\u00e9raire, Anubis : celui-ci fut alors repr\u00e9sent\u00e9 soit sous la forme d&rsquo;un homme \u00e0 t\u00eate de chacal, soit sous celle d&rsquo;un chacal couch\u00e9 sur ses quatre pattes.<\/p>\n<figure id=\"attachment_1301\" aria-describedby=\"caption-attachment-1301\" style=\"width: 378px\" class=\"wp-caption aligncenter\"><img loading=\"lazy\" decoding=\"async\" class=\"size-full wp-image-1301\" src=\"https:\/\/www.archeolab.app\/archeonimaux\/wp-content\/uploads\/sites\/3\/2018\/02\/Vase-canope-chacal.jpg\" alt=\"\" width=\"378\" height=\"747\" \/><figcaption id=\"caption-attachment-1301\" class=\"wp-caption-text\">Vase canope de Douamoutef avec bouchon en forme de t\u00eate de chacal, collection de la Fondation Gandur pour l&rsquo;Art<\/figcaption><\/figure>\n<p style=\"text-align: justify;\">Le chacal pr\u00eate \u00e9galement ses traits \u00e0 Douamoutef, un des quatre fils d&rsquo;Horus, que l&rsquo;on repr\u00e9sentait traditionnellement sur le bouchon des vases canopes (vases destin\u00e9s \u00e0 recevoir les visc\u00e8res du d\u00e9funt apr\u00e8s l\u2019embaument) ; c\u2019\u00e9tait lui qui \u00e9tait sp\u00e9cialement charg\u00e9 de la protection de l&rsquo;estomac du d\u00e9funt.<\/p>\n<p style=\"text-align: justify;\">Un r\u00f4le de protecteur, donc, pas tr\u00e8s \u00e9loign\u00e9 en fin de compte de celui d\u2019un chien.<\/p>\n<p>\u21d2 <a href=\"https:\/\/www.archeolab.app\/archeonimaux\/portraits-danimaux\/la-cigale\/\">La cigale<\/a><\/p>\n","protected":false},"excerpt":{"rendered":"<p>Le mot chacal est un nom qui regroupe plusieurs esp\u00e8ces du genre Canis, autrement dit les canid\u00e9s, qui comprend aussi les chiens. Le chacal vit principalement au Proche-Orient et en &hellip; <a href=\"https:\/\/archeolab.app\/archeonimaux\/le-chacal\/\" class=\"more-link\">Continuer la lecture de <span class=\"screen-reader-text\">Le chacal<\/span><\/a><\/p>\n","protected":false},"author":1,"featured_media":0,"parent":0,"menu_order":0,"comment_status":"closed","ping_status":"closed","template":"","meta":{"_acf_changed":false,"footnotes":""},"class_list":["post-1290","page","type-page","status-publish","hentry"],"acf":[],"yoast_head":"<!-- This site is optimized with the Yoast SEO plugin v27.5 - https:\/\/yoast.com\/product\/yoast-seo-wordpress\/ -->\n<title>Le chacal - Arch\u00e9onimaux<\/title>\n<meta name=\"robots\" content=\"index, follow, max-snippet:-1, max-image-preview:large, max-video-preview:-1\" \/>\n<link rel=\"canonical\" href=\"https:\/\/archeolab.app\/archeonimaux\/le-chacal\/\" \/>\n<meta property=\"og:locale\" content=\"fr_FR\" \/>\n<meta property=\"og:type\" content=\"article\" \/>\n<meta property=\"og:title\" content=\"Le chacal - Arch\u00e9onimaux\" \/>\n<meta property=\"og:description\" content=\"Le mot chacal est un nom qui regroupe plusieurs esp\u00e8ces du genre Canis, autrement dit les canid\u00e9s, qui comprend aussi les chiens. Le chacal vit principalement au Proche-Orient et en &hellip; Continuer la lecture de Le chacal\" \/>\n<meta property=\"og:url\" content=\"https:\/\/archeolab.app\/archeonimaux\/le-chacal\/\" \/>\n<meta property=\"og:site_name\" content=\"Arch\u00e9onimaux\" \/>\n<meta property=\"article:modified_time\" content=\"2020-03-30T12:05:32+00:00\" \/>\n<meta property=\"og:image\" content=\"https:\/\/www.archeolab.app\/archeonimaux\/wp-content\/uploads\/sites\/3\/2018\/02\/Vase-canope-chacal.jpg\" \/>\n<meta name=\"twitter:card\" content=\"summary_large_image\" \/>\n<meta name=\"twitter:label1\" content=\"Dur\u00e9e de lecture estim\u00e9e\" \/>\n\t<meta name=\"twitter:data1\" content=\"1 minute\" \/>\n<script type=\"application\/ld+json\" class=\"yoast-schema-graph\">{\"@context\":\"https:\\\/\\\/schema.org\",\"@graph\":[{\"@type\":\"WebPage\",\"@id\":\"https:\\\/\\\/archeolab.app\\\/archeonimaux\\\/le-chacal\\\/\",\"url\":\"https:\\\/\\\/archeolab.app\\\/archeonimaux\\\/le-chacal\\\/\",\"name\":\"Le chacal - Arch\u00e9onimaux\",\"isPartOf\":{\"@id\":\"https:\\\/\\\/archeolab.app\\\/archeonimaux\\\/#website\"},\"primaryImageOfPage\":{\"@id\":\"https:\\\/\\\/archeolab.app\\\/archeonimaux\\\/le-chacal\\\/#primaryimage\"},\"image\":{\"@id\":\"https:\\\/\\\/archeolab.app\\\/archeonimaux\\\/le-chacal\\\/#primaryimage\"},\"thumbnailUrl\":\"https:\\\/\\\/www.archeolab.app\\\/archeonimaux\\\/wp-content\\\/uploads\\\/sites\\\/3\\\/2018\\\/02\\\/Vase-canope-chacal.jpg\",\"datePublished\":\"2018-02-07T09:50:58+00:00\",\"dateModified\":\"2020-03-30T12:05:32+00:00\",\"breadcrumb\":{\"@id\":\"https:\\\/\\\/archeolab.app\\\/archeonimaux\\\/le-chacal\\\/#breadcrumb\"},\"inLanguage\":\"fr-FR\",\"potentialAction\":[{\"@type\":\"ReadAction\",\"target\":[\"https:\\\/\\\/archeolab.app\\\/archeonimaux\\\/le-chacal\\\/\"]}]},{\"@type\":\"ImageObject\",\"inLanguage\":\"fr-FR\",\"@id\":\"https:\\\/\\\/archeolab.app\\\/archeonimaux\\\/le-chacal\\\/#primaryimage\",\"url\":\"https:\\\/\\\/www.archeolab.app\\\/archeonimaux\\\/wp-content\\\/uploads\\\/sites\\\/3\\\/2018\\\/02\\\/Vase-canope-chacal.jpg\",\"contentUrl\":\"https:\\\/\\\/www.archeolab.app\\\/archeonimaux\\\/wp-content\\\/uploads\\\/sites\\\/3\\\/2018\\\/02\\\/Vase-canope-chacal.jpg\"},{\"@type\":\"BreadcrumbList\",\"@id\":\"https:\\\/\\\/archeolab.app\\\/archeonimaux\\\/le-chacal\\\/#breadcrumb\",\"itemListElement\":[{\"@type\":\"ListItem\",\"position\":1,\"name\":\"Accueil\",\"item\":\"https:\\\/\\\/archeolab.app\\\/archeonimaux\\\/\"},{\"@type\":\"ListItem\",\"position\":2,\"name\":\"Le chacal\"}]},{\"@type\":\"WebSite\",\"@id\":\"https:\\\/\\\/archeolab.app\\\/archeonimaux\\\/#website\",\"url\":\"https:\\\/\\\/archeolab.app\\\/archeonimaux\\\/\",\"name\":\"Arch\u00e9onimaux\",\"description\":\"Pour tout savoir sur nos amies les b\u00eates dans l&#039;Antiquit\u00e9\",\"potentialAction\":[{\"@type\":\"SearchAction\",\"target\":{\"@type\":\"EntryPoint\",\"urlTemplate\":\"https:\\\/\\\/archeolab.app\\\/archeonimaux\\\/?s={search_term_string}\"},\"query-input\":{\"@type\":\"PropertyValueSpecification\",\"valueRequired\":true,\"valueName\":\"search_term_string\"}}],\"inLanguage\":\"fr-FR\"}]}<\/script>\n<!-- \/ Yoast SEO plugin. -->","yoast_head_json":{"title":"Le chacal - Arch\u00e9onimaux","robots":{"index":"index","follow":"follow","max-snippet":"max-snippet:-1","max-image-preview":"max-image-preview:large","max-video-preview":"max-video-preview:-1"},"canonical":"https:\/\/archeolab.app\/archeonimaux\/le-chacal\/","og_locale":"fr_FR","og_type":"article","og_title":"Le chacal - Arch\u00e9onimaux","og_description":"Le mot chacal est un nom qui regroupe plusieurs esp\u00e8ces du genre Canis, autrement dit les canid\u00e9s, qui comprend aussi les chiens. Le chacal vit principalement au Proche-Orient et en &hellip; Continuer la lecture de Le chacal","og_url":"https:\/\/archeolab.app\/archeonimaux\/le-chacal\/","og_site_name":"Arch\u00e9onimaux","article_modified_time":"2020-03-30T12:05:32+00:00","og_image":[{"url":"https:\/\/www.archeolab.app\/archeonimaux\/wp-content\/uploads\/sites\/3\/2018\/02\/Vase-canope-chacal.jpg","type":"","width":"","height":""}],"twitter_card":"summary_large_image","twitter_misc":{"Dur\u00e9e de lecture estim\u00e9e":"1 minute"},"schema":{"@context":"https:\/\/schema.org","@graph":[{"@type":"WebPage","@id":"https:\/\/archeolab.app\/archeonimaux\/le-chacal\/","url":"https:\/\/archeolab.app\/archeonimaux\/le-chacal\/","name":"Le chacal - Arch\u00e9onimaux","isPartOf":{"@id":"https:\/\/archeolab.app\/archeonimaux\/#website"},"primaryImageOfPage":{"@id":"https:\/\/archeolab.app\/archeonimaux\/le-chacal\/#primaryimage"},"image":{"@id":"https:\/\/archeolab.app\/archeonimaux\/le-chacal\/#primaryimage"},"thumbnailUrl":"https:\/\/www.archeolab.app\/archeonimaux\/wp-content\/uploads\/sites\/3\/2018\/02\/Vase-canope-chacal.jpg","datePublished":"2018-02-07T09:50:58+00:00","dateModified":"2020-03-30T12:05:32+00:00","breadcrumb":{"@id":"https:\/\/archeolab.app\/archeonimaux\/le-chacal\/#breadcrumb"},"inLanguage":"fr-FR","potentialAction":[{"@type":"ReadAction","target":["https:\/\/archeolab.app\/archeonimaux\/le-chacal\/"]}]},{"@type":"ImageObject","inLanguage":"fr-FR","@id":"https:\/\/archeolab.app\/archeonimaux\/le-chacal\/#primaryimage","url":"https:\/\/www.archeolab.app\/archeonimaux\/wp-content\/uploads\/sites\/3\/2018\/02\/Vase-canope-chacal.jpg","contentUrl":"https:\/\/www.archeolab.app\/archeonimaux\/wp-content\/uploads\/sites\/3\/2018\/02\/Vase-canope-chacal.jpg"},{"@type":"BreadcrumbList","@id":"https:\/\/archeolab.app\/archeonimaux\/le-chacal\/#breadcrumb","itemListElement":[{"@type":"ListItem","position":1,"name":"Accueil","item":"https:\/\/archeolab.app\/archeonimaux\/"},{"@type":"ListItem","position":2,"name":"Le chacal"}]},{"@type":"WebSite","@id":"https:\/\/archeolab.app\/archeonimaux\/#website","url":"https:\/\/archeolab.app\/archeonimaux\/","name":"Arch\u00e9onimaux","description":"Pour tout savoir sur nos amies les b\u00eates dans l&#039;Antiquit\u00e9","potentialAction":[{"@type":"SearchAction","target":{"@type":"EntryPoint","urlTemplate":"https:\/\/archeolab.app\/archeonimaux\/?s={search_term_string}"},"query-input":{"@type":"PropertyValueSpecification","valueRequired":true,"valueName":"search_term_string"}}],"inLanguage":"fr-FR"}]}},"_links":{"self":[{"href":"https:\/\/archeolab.app\/archeonimaux\/wp-json\/wp\/v2\/pages\/1290","targetHints":{"allow":["GET"]}}],"collection":[{"href":"https:\/\/archeolab.app\/archeonimaux\/wp-json\/wp\/v2\/pages"}],"about":[{"href":"https:\/\/archeolab.app\/archeonimaux\/wp-json\/wp\/v2\/types\/page"}],"author":[{"embeddable":true,"href":"https:\/\/archeolab.app\/archeonimaux\/wp-json\/wp\/v2\/users\/1"}],"replies":[{"embeddable":true,"href":"https:\/\/archeolab.app\/archeonimaux\/wp-json\/wp\/v2\/comments?post=1290"}],"version-history":[{"count":1,"href":"https:\/\/archeolab.app\/archeonimaux\/wp-json\/wp\/v2\/pages\/1290\/revisions"}],"predecessor-version":[{"id":1644,"href":"https:\/\/archeolab.app\/archeonimaux\/wp-json\/wp\/v2\/pages\/1290\/revisions\/1644"}],"wp:attachment":[{"href":"https:\/\/archeolab.app\/archeonimaux\/wp-json\/wp\/v2\/media?parent=1290"}],"curies":[{"name":"wp","href":"https:\/\/api.w.org\/{rel}","templated":true}]}}